{"id":438,"date":"2025-09-18T01:22:31","date_gmt":"2025-09-18T01:22:31","guid":{"rendered":"https:\/\/www.huashunware.com\/?post_type=product&#038;p=438"},"modified":"2025-09-18T02:23:04","modified_gmt":"2025-09-18T02:23:04","slug":"wholesale-kids-tableware-carrot-design-non-toxic-bpa-free-set","status":"publish","type":"product","link":"https:\/\/www.huashunware.com\/es\/producto\/wholesale-kids-tableware-carrot-design-non-toxic-bpa-free-set\/","title":{"rendered":"Mayorista Vajilla Infantil, Dise\u00f1o Zanahoria Set No T\u00f3xico Sin BPA"},"content":{"rendered":"<div class=\"wp-block-columns is-layout-flex wp-container-core-columns-is-layout-9d6595d7 wp-block-columns-is-layout-flex\">\n<div class=\"wp-block-column is-layout-flow wp-block-column-is-layout-flow\">\n<h2 class=\"wp-block-heading\">Vajilla infantil Caracter\u00edsticas:<\/h2>\n\n\n\n<p><strong>Material seguro para uso alimentario:<\/strong> Silicona alimentaria est\u00e1ndar de EE.UU., no t\u00f3xica y sin BPA. Proporciona una comida segura y saludable para los ni\u00f1os.<\/p>\n\n\n\n<p><strong>Acero inoxidable duradero:<\/strong> Acero inoxidable con acabado de espejo y bordes suaves y redondeados. Suave con la boca de los ni\u00f1os, resistente al \u00f3xido y a los ara\u00f1azos.<\/p>\n\n\n\n<p><strong>Dise\u00f1o de succi\u00f3n fuerte: <\/strong>Fuerte base de succi\u00f3n que se adhiere firmemente a superficies lisas. Antideslizante, antivuelco y antiderrame de comidas.<\/p>\n\n\n\n<p><strong>Bonito dibujo de zanahoria:<\/strong> Los divertidos platos y utensilios con forma de zanahoria atraen la atenci\u00f3n de los ni\u00f1os. Hace que la hora de comer sea agradable y facilita la autoalimentaci\u00f3n.<\/p>\n\n\n\n<p><strong>Bueno para pedidos a granel:<\/strong> La mejor opci\u00f3n para guarder\u00edas, jardines de infancia y tiendas. Opci\u00f3n rentable para la compra al por mayor.<\/p>\n<\/div>\n\n\n\n<div class=\"wp-block-column is-layout-flow wp-block-column-is-layout-flow\">\n<figure class=\"wp-block-image size-full\"><img decoding=\"async\" width=\"3072\" height=\"3072\" src=\"https:\/\/www.huashunware.com\/wp-content\/uploads\/2025\/09\/Wholesale-Kids-Tableware-Carrot-Design-Non-Toxic-BPA-Free-Set1.webp\" alt=\"Mayorista Vajilla Infantil, Dise\u00f1o Zanahoria No T\u00f3xico BPA-Free Set1\" class=\"wp-image-439\" srcset=\"https:\/\/www.huashunware.com\/wp-content\/uploads\/2025\/09\/Wholesale-Kids-Tableware-Carrot-Design-Non-Toxic-BPA-Free-Set1.webp 3072w, https:\/\/www.huashunware.com\/wp-content\/uploads\/2025\/09\/Wholesale-Kids-Tableware-Carrot-Design-Non-Toxic-BPA-Free-Set1-300x300.webp 300w, https:\/\/www.huashunware.com\/wp-content\/uploads\/2025\/09\/Wholesale-Kids-Tableware-Carrot-Design-Non-Toxic-BPA-Free-Set1-150x150.webp 150w, https:\/\/www.huashunware.com\/wp-content\/uploads\/2025\/09\/Wholesale-Kids-Tableware-Carrot-Design-Non-Toxic-BPA-Free-Set1-768x768.webp 768w, https:\/\/www.huashunware.com\/wp-content\/uploads\/2025\/09\/Wholesale-Kids-Tableware-Carrot-Design-Non-Toxic-BPA-Free-Set1-1200x1200.webp 1200w, https:\/\/www.huashunware.com\/wp-content\/uploads\/2025\/09\/Wholesale-Kids-Tableware-Carrot-Design-Non-Toxic-BPA-Free-Set1-600x600.webp 600w, https:\/\/www.huashunware.com\/wp-content\/uploads\/2025\/09\/Wholesale-Kids-Tableware-Carrot-Design-Non-Toxic-BPA-Free-Set1-100x100.webp 100w\" sizes=\"(max-width: 3072px) 100vw, 3072px\" \/><\/figure>\n<\/div>\n<\/div>","protected":false},"excerpt":{"rendered":"<p data-start=\"68\" data-end=\"340\">Vajilla infantil al por mayor con un bonito dise\u00f1o de zanahoria, fabricada con silicona alimentaria est\u00e1ndar de EE.UU., no t\u00f3xica y sin BPA. Cuenta con base de succi\u00f3n fuerte para evitar derrames, perfecto para ni\u00f1os peque\u00f1os, guarder\u00edas y pedidos a granel.<\/p>\n<h2 class=\"brxe-product-title\">Mayorista Vajilla Infantil Atributos:<\/h2>\n<table>\n<thead>\n<tr>\n<th style=\"text-align: center;\">Art\u00edculo<\/th>\n<th style=\"text-align: center;\">Tama\u00f1o (L\u00d7A\u00d7H)<\/th>\n<th style=\"text-align: center;\">Peso<\/th>\n<\/tr>\n<\/thead>\n<tbody>\n<tr>\n<td>Caja<\/td>\n<td>270 \u00d7 155 \u00d7 30 mm<\/td>\n<td>303.5 g<\/td>\n<\/tr>\n<tr>\n<td>Placa<\/td>\n<td>245 \u00d7 128 \u00d7 30 mm<\/td>\n<td>173.4 g<\/td>\n<\/tr>\n<tr>\n<td>Horquilla<\/td>\n<td>112 \u00d7 27 \u00d7 18 mm<\/td>\n<td>28.2 g<\/td>\n<\/tr>\n<tr>\n<td>Cuchara<\/td>\n<td>112 \u00d7 27 \u00d7 18 mm<\/td>\n<td>32.8 g<\/td>\n<\/tr>\n<\/tbody>\n<\/table>\n<p><strong>MOQ: 96 piezas<\/strong><\/p>\n<h2 class=\"brxe-product-title\">Vajilla infantil personalizada:<\/h2>\n<ul>\n<li data-start=\"79\" data-end=\"146\">\n<p data-start=\"81\" data-end=\"146\"><strong data-start=\"81\" data-end=\"92\">Muestra:<\/strong> Muestra gratuita disponible para probar antes de hacer un pedido a granel<\/p>\n<\/li>\n<li data-start=\"147\" data-end=\"224\">\n<p data-start=\"149\" data-end=\"224\"><strong data-start=\"149\" data-end=\"176\">Peque\u00f1os pedidos con logotipo:<\/strong> Se aceptan pedidos de peque\u00f1as cantidades con logotipo personalizado<\/p>\n<\/li>\n<li data-start=\"225\" data-end=\"302\">\n<p data-start=\"227\" data-end=\"302\"><strong data-start=\"227\" data-end=\"245\">Entrega r\u00e1pida:<\/strong> 4 colores en stock, los pedidos se pueden enviar en 7 d\u00edas<\/p>\n<\/li>\n<li data-start=\"303\" data-end=\"415\">\n<p data-start=\"305\" data-end=\"415\"><strong data-start=\"305\" data-end=\"340\">Embalaje y personalizaci\u00f3n del logotipo:<\/strong> Admite logotipo personalizado en el envase; elija caja de PET, caja de PVC o caja de regalo<\/p>\n<\/li>\n<\/ul>","protected":false},"featured_media":439,"comment_status":"closed","ping_status":"closed","template":"","meta":{"_acf_changed":false},"product_brand":[],"product_cat":[19],"product_tag":[],"class_list":{"0":"post-438","1":"product","2":"type-product","3":"status-publish","4":"has-post-thumbnail","6":"product_cat-wholesale-kids-dinnerware","8":"first","9":"instock","10":"shipping-taxable","11":"product-type-simple"},"acf":[],"_links":{"self":[{"href":"https:\/\/www.huashunware.com\/es\/wp-json\/wp\/v2\/product\/438","targetHints":{"allow":["GET"]}}],"collection":[{"href":"https:\/\/www.huashunware.com\/es\/wp-json\/wp\/v2\/product"}],"about":[{"href":"https:\/\/www.huashunware.com\/es\/wp-json\/wp\/v2\/types\/product"}],"replies":[{"embeddable":true,"href":"https:\/\/www.huashunware.com\/es\/wp-json\/wp\/v2\/comments?post=438"}],"wp:featuredmedia":[{"embeddable":true,"href":"https:\/\/www.huashunware.com\/es\/wp-json\/wp\/v2\/media\/439"}],"wp:attachment":[{"href":"https:\/\/www.huashunware.com\/es\/wp-json\/wp\/v2\/media?parent=438"}],"wp:term":[{"taxonomy":"product_brand","embeddable":true,"href":"https:\/\/www.huashunware.com\/es\/wp-json\/wp\/v2\/product_brand?post=438"},{"taxonomy":"product_cat","embeddable":true,"href":"https:\/\/www.huashunware.com\/es\/wp-json\/wp\/v2\/product_cat?post=438"},{"taxonomy":"product_tag","embeddable":true,"href":"https:\/\/www.huashunware.com\/es\/wp-json\/wp\/v2\/product_tag?post=438"}],"curies":[{"name":"wp","href":"https:\/\/api.w.org\/{rel}","templated":true}]}}