{"id":442,"date":"2025-09-18T02:29:50","date_gmt":"2025-09-18T02:29:50","guid":{"rendered":"https:\/\/www.huashunware.com\/?post_type=product&#038;p=442"},"modified":"2025-09-18T02:43:04","modified_gmt":"2025-09-18T02:43:04","slug":"bulk-kid-plate-set-lovely-animal-plate-set-cute-panda-design-for-kids","status":"publish","type":"product","link":"https:\/\/www.huashunware.com\/es\/producto\/bulk-kid-plate-set-lovely-animal-plate-set-cute-panda-design-for-kids\/","title":{"rendered":"Juego de platos infantiles a granel, adorable juego de platos de animales con un bonito dise\u00f1o de panda para ni\u00f1os"},"content":{"rendered":"<div class=\"wp-block-columns is-layout-flex wp-container-core-columns-is-layout-9d6595d7 wp-block-columns-is-layout-flex\">\n<div class=\"wp-block-column is-layout-flow wp-block-column-is-layout-flow\">\n<h2 class=\"wp-block-heading\">Kid Plate Set Caracter\u00edsticas:<\/h2>\n\n\n\n<p><strong>Adorable dise\u00f1o de panda:<\/strong>Presenta un simp\u00e1tico juego de platos con forma de panda que capta al instante la atenci\u00f3n de los ni\u00f1os y hace que la hora de comer sea divertida y atractiva.<\/p>\n\n\n\n<p><strong>Materiales sanos y seguros:<\/strong>Fabricado en silicona alimentaria sin BPA y acero inoxidable con acabado de espejo para garantizar la seguridad y la confianza de los padres.<\/p>\n\n\n\n<p><strong>Dise\u00f1o apto para ni\u00f1os:<\/strong>Los bordes redondeados y las superficies lisas son suaves para las peque\u00f1as manos y bocas, pero duraderos para el uso diario.<\/p>\n\n\n\n<p><strong>Base de succi\u00f3n antideslizante:<\/strong>La base de succi\u00f3n segura mantiene los platos estables, evitando derrames y ahorrando tiempo de limpieza, perfecto para padres ocupados en movimiento.<\/p>\n\n\n\n<p><strong>Ideal para comprar al por mayor:<\/strong>Ideal para guarder\u00edas, jardines de infancia y propietarios de tiendas que deseen comprar vajillas infantiles pr\u00e1cticas y bonitas al por mayor.<\/p>\n<\/div>\n\n\n\n<div class=\"wp-block-column is-layout-flow wp-block-column-is-layout-flow\">\n<figure class=\"wp-block-image size-full\"><img decoding=\"async\" width=\"3072\" height=\"3072\" src=\"https:\/\/www.huashunware.com\/wp-content\/uploads\/2025\/09\/Bulk-Kid-Plate-Set-Lovely-Animal-Plate-Set-Cute-Panda-Design-for-Kids2.webp\" alt=\"Juego de platos infantiles a granel, adorable juego de platos de animales con un bonito dise\u00f1o de panda para ni\u00f1os2\" class=\"wp-image-444\" srcset=\"https:\/\/www.huashunware.com\/wp-content\/uploads\/2025\/09\/Bulk-Kid-Plate-Set-Lovely-Animal-Plate-Set-Cute-Panda-Design-for-Kids2.webp 3072w, https:\/\/www.huashunware.com\/wp-content\/uploads\/2025\/09\/Bulk-Kid-Plate-Set-Lovely-Animal-Plate-Set-Cute-Panda-Design-for-Kids2-300x300.webp 300w, https:\/\/www.huashunware.com\/wp-content\/uploads\/2025\/09\/Bulk-Kid-Plate-Set-Lovely-Animal-Plate-Set-Cute-Panda-Design-for-Kids2-150x150.webp 150w, https:\/\/www.huashunware.com\/wp-content\/uploads\/2025\/09\/Bulk-Kid-Plate-Set-Lovely-Animal-Plate-Set-Cute-Panda-Design-for-Kids2-768x768.webp 768w, https:\/\/www.huashunware.com\/wp-content\/uploads\/2025\/09\/Bulk-Kid-Plate-Set-Lovely-Animal-Plate-Set-Cute-Panda-Design-for-Kids2-1200x1200.webp 1200w, https:\/\/www.huashunware.com\/wp-content\/uploads\/2025\/09\/Bulk-Kid-Plate-Set-Lovely-Animal-Plate-Set-Cute-Panda-Design-for-Kids2-600x600.webp 600w, https:\/\/www.huashunware.com\/wp-content\/uploads\/2025\/09\/Bulk-Kid-Plate-Set-Lovely-Animal-Plate-Set-Cute-Panda-Design-for-Kids2-100x100.webp 100w\" sizes=\"(max-width: 3072px) 100vw, 3072px\" \/><\/figure>\n<\/div>\n<\/div>","protected":false},"excerpt":{"rendered":"<p data-start=\"68\" data-end=\"340\">Juego de platos a granel para ni\u00f1os con adorable dise\u00f1o de panda, fabricados con materiales aptos para uso alimentario y sin BPA para que las comidas sean seguras y divertidas. Perfecto para el uso diario de los ni\u00f1os y la compra al por mayor para escuelas, guarder\u00edas o tiendas.<\/p>\n<h2 class=\"brxe-product-title\">Juego de platos para ni\u00f1os a granel Atributos:<\/h2>\n<table>\n<thead>\n<tr>\n<th style=\"text-align: center;\">Art\u00edculo<\/th>\n<th style=\"text-align: center;\">Tama\u00f1o (L\u00d7A\u00d7H)<\/th>\n<th style=\"text-align: center;\">Peso<\/th>\n<\/tr>\n<\/thead>\n<tbody>\n<tr>\n<td>Caja<\/td>\n<td>225 \u00d7 193 \u00d7 35 mm<\/td>\n<td>369.7 g<\/td>\n<\/tr>\n<tr>\n<td>Placa<\/td>\n<td>183 \u00d7 156 \u00d7 36 mm<\/td>\n<td>213.4 g<\/td>\n<\/tr>\n<tr>\n<td>Horquilla<\/td>\n<td>97 \u00d7 32 \u00d7 30 mm<\/td>\n<td>44.3 g<\/td>\n<\/tr>\n<tr>\n<td>Cuchara<\/td>\n<td>97 \u00d7 32 \u00d7 30 mm<\/td>\n<td>48.7 g<\/td>\n<\/tr>\n<\/tbody>\n<\/table>\n<p><strong>MOQ: 96 piezas<\/strong><\/p>\n<h2 class=\"brxe-product-title\">Juego de platos infantiles personalizados:<\/h2>\n<ul>\n<li data-start=\"81\" data-end=\"148\">\n<p data-start=\"83\" data-end=\"148\"><strong data-start=\"83\" data-end=\"94\">Muestra:<\/strong> Muestra gratuita disponible para probar antes de hacer un pedido a granel<\/p>\n<\/li>\n<li data-start=\"149\" data-end=\"226\">\n<p data-start=\"151\" data-end=\"226\"><strong data-start=\"151\" data-end=\"178\">Peque\u00f1os pedidos con logotipo:<\/strong> Se aceptan pedidos de peque\u00f1as cantidades con logotipo personalizado<\/p>\n<\/li>\n<li data-start=\"227\" data-end=\"311\">\n<p data-start=\"229\" data-end=\"311\"><strong data-start=\"229\" data-end=\"247\">Entrega r\u00e1pida:<\/strong> Art\u00edculos disponibles en stock, los pedidos pueden enviarse en un plazo de 7 d\u00edas<\/p>\n<\/li>\n<li data-start=\"312\" data-end=\"424\">\n<p data-start=\"314\" data-end=\"424\"><strong data-start=\"314\" data-end=\"349\">Embalaje y personalizaci\u00f3n del logotipo:<\/strong> Admite logotipo personalizado en el envase; elija caja de PET, caja de PVC o caja de regalo<\/p>\n<\/li>\n<\/ul>","protected":false},"featured_media":445,"comment_status":"closed","ping_status":"closed","template":"","meta":{"_acf_changed":false},"product_brand":[],"product_cat":[19],"product_tag":[],"class_list":{"0":"post-442","1":"product","2":"type-product","3":"status-publish","4":"has-post-thumbnail","6":"product_cat-wholesale-kids-dinnerware","8":"first","9":"instock","10":"shipping-taxable","11":"product-type-simple"},"acf":[],"_links":{"self":[{"href":"https:\/\/www.huashunware.com\/es\/wp-json\/wp\/v2\/product\/442","targetHints":{"allow":["GET"]}}],"collection":[{"href":"https:\/\/www.huashunware.com\/es\/wp-json\/wp\/v2\/product"}],"about":[{"href":"https:\/\/www.huashunware.com\/es\/wp-json\/wp\/v2\/types\/product"}],"replies":[{"embeddable":true,"href":"https:\/\/www.huashunware.com\/es\/wp-json\/wp\/v2\/comments?post=442"}],"wp:featuredmedia":[{"embeddable":true,"href":"https:\/\/www.huashunware.com\/es\/wp-json\/wp\/v2\/media\/445"}],"wp:attachment":[{"href":"https:\/\/www.huashunware.com\/es\/wp-json\/wp\/v2\/media?parent=442"}],"wp:term":[{"taxonomy":"product_brand","embeddable":true,"href":"https:\/\/www.huashunware.com\/es\/wp-json\/wp\/v2\/product_brand?post=442"},{"taxonomy":"product_cat","embeddable":true,"href":"https:\/\/www.huashunware.com\/es\/wp-json\/wp\/v2\/product_cat?post=442"},{"taxonomy":"product_tag","embeddable":true,"href":"https:\/\/www.huashunware.com\/es\/wp-json\/wp\/v2\/product_tag?post=442"}],"curies":[{"name":"wp","href":"https:\/\/api.w.org\/{rel}","templated":true}]}}