{"id":447,"date":"2025-09-18T03:09:53","date_gmt":"2025-09-18T03:09:53","guid":{"rendered":"https:\/\/www.huashunware.com\/?post_type=product&#038;p=447"},"modified":"2025-09-18T03:40:26","modified_gmt":"2025-09-18T03:40:26","slug":"plastic-food-storage-containers-with-lids-wholesale","status":"publish","type":"product","link":"https:\/\/www.huashunware.com\/es\/producto\/plastic-food-storage-containers-with-lids-wholesale\/","title":{"rendered":"Recipientes de pl\u00e1stico para alimentos con tapa al por mayor"},"content":{"rendered":"<div class=\"wp-block-columns is-layout-flex wp-container-core-columns-is-layout-9d6595d7 wp-block-columns-is-layout-flex\">\n<div class=\"wp-block-column is-layout-flow wp-block-column-is-layout-flow\">\n<h2 class=\"wp-block-heading\">Recipientes de pl\u00e1stico para alimentos con tapa Caracter\u00edsticas:<\/h2>\n\n\n\n<p><strong>Apto para microondas:<\/strong> Fabricados con pl\u00e1stico de alta calidad resistente al calor, los recipientes son ideales para el microondas. Ideales para recalentar r\u00e1pidamente la comida sin preocuparse de que se deforme o derrita.<\/p>\n\n\n\n<p><strong>Cierre herm\u00e9tico: <\/strong>Presenta un resistente dise\u00f1o de cierre de hebilla con un anillo de silicona a\u00f1adido para proporcionar un cierre herm\u00e9tico. Mantiene los alimentos frescos durante m\u00e1s tiempo y los protege de derrames cuando est\u00e1n guardados o en movimiento.<\/p>\n\n\n\n<p><strong>Duradero y reutilizable: <\/strong>Construido con pl\u00e1stico robusto, libre de BPA que resistir\u00e1 el uso normal. A prueba de grietas, dobleces o alabeos, ideal para un uso prolongado.<\/p>\n\n\n\n<p><strong>Dise\u00f1o apilable: <\/strong>Su inteligente dise\u00f1o apilable facilita la organizaci\u00f3n en armarios de cocina, frigor\u00edficos o despensas. Maximiza el espacio de almacenamiento mientras mantiene su cocina ordenada.<\/p>\n\n\n\n<p><strong>Venta al por mayor: <\/strong>Ideal para comprar a granel, catering, restaurantes o minoristas. Proporciona una soluci\u00f3n rentable a las necesidades de almacenamiento de alimentos a granel.<\/p>\n<\/div>\n\n\n\n<div class=\"wp-block-column is-layout-flow wp-block-column-is-layout-flow\">\n<figure class=\"wp-block-image size-full\"><img decoding=\"async\" width=\"3072\" height=\"3072\" src=\"https:\/\/www.huashunware.com\/wp-content\/uploads\/2025\/09\/Plastic-Food-Storage-Containers-with-Lids-Wholesale2.webp\" alt=\"Recipientes de pl\u00e1stico para alimentos con tapa al por mayor2\" class=\"wp-image-449\" srcset=\"https:\/\/www.huashunware.com\/wp-content\/uploads\/2025\/09\/Plastic-Food-Storage-Containers-with-Lids-Wholesale2.webp 3072w, https:\/\/www.huashunware.com\/wp-content\/uploads\/2025\/09\/Plastic-Food-Storage-Containers-with-Lids-Wholesale2-300x300.webp 300w, https:\/\/www.huashunware.com\/wp-content\/uploads\/2025\/09\/Plastic-Food-Storage-Containers-with-Lids-Wholesale2-150x150.webp 150w, https:\/\/www.huashunware.com\/wp-content\/uploads\/2025\/09\/Plastic-Food-Storage-Containers-with-Lids-Wholesale2-768x768.webp 768w, https:\/\/www.huashunware.com\/wp-content\/uploads\/2025\/09\/Plastic-Food-Storage-Containers-with-Lids-Wholesale2-1200x1200.webp 1200w, https:\/\/www.huashunware.com\/wp-content\/uploads\/2025\/09\/Plastic-Food-Storage-Containers-with-Lids-Wholesale2-600x600.webp 600w, https:\/\/www.huashunware.com\/wp-content\/uploads\/2025\/09\/Plastic-Food-Storage-Containers-with-Lids-Wholesale2-100x100.webp 100w\" sizes=\"(max-width: 3072px) 100vw, 3072px\" \/><\/figure>\n<\/div>\n<\/div>","protected":false},"excerpt":{"rendered":"<p data-start=\"68\" data-end=\"340\">Los recipientes de pl\u00e1stico para almacenar alimentos con tapa al por mayor son aptos para microondas, herm\u00e9ticos y est\u00e1n fabricados con pl\u00e1stico duradero sin BPA. Perfectos para mantener los alimentos frescos durante m\u00e1s tiempo, organizar la cocina e ideales para pedidos al por mayor, catering o venta al por menor.<\/p>\n<h2 class=\"brxe-product-title\">Recipientes de Pl\u00e1stico para Conservar Alimentos con Tapa Mayorista Atributos:<\/h2>\n<table>\n<thead>\n<tr>\n<th>Talla<\/th>\n<th>Dimensiones (L \u00d7 A)<\/th>\n<\/tr>\n<\/thead>\n<tbody>\n<tr>\n<td>S<\/td>\n<td>13 \u00d7 7 cm<\/td>\n<\/tr>\n<tr>\n<td>M<\/td>\n<td>15,8 \u00d7 8 cm<\/td>\n<\/tr>\n<tr>\n<td>L<\/td>\n<td>18,7 \u00d7 9,4 cm<\/td>\n<\/tr>\n<\/tbody>\n<\/table>\n<p><strong>MOQ: 40 piezas<\/strong><\/p>\n<h2 class=\"brxe-product-title\">Recipientes de pl\u00e1stico con tapa personalizados:<\/h2>\n<ul>\n<li data-start=\"50\" data-end=\"105\">\n<p data-start=\"52\" data-end=\"105\"><strong data-start=\"52\" data-end=\"63\">Muestra:<\/strong> Muestra gratuita disponible antes del pedido a granel<\/p>\n<\/li>\n<li data-start=\"106\" data-end=\"172\">\n<p data-start=\"108\" data-end=\"172\"><strong data-start=\"108\" data-end=\"126\">Entrega r\u00e1pida:<\/strong> Los art\u00edculos en stock pueden enviarse en un plazo de 7 d\u00edas<\/p>\n<\/li>\n<\/ul>","protected":false},"featured_media":451,"comment_status":"closed","ping_status":"closed","template":"","meta":{"_acf_changed":false},"product_brand":[],"product_cat":[21,25],"product_tag":[],"class_list":{"0":"post-447","1":"product","2":"type-product","3":"status-publish","4":"has-post-thumbnail","6":"product_cat-plastic-household-products-wholesale","7":"product_cat-wholesale-food-storage-containers","9":"first","10":"instock","11":"shipping-taxable","12":"product-type-simple"},"acf":[],"_links":{"self":[{"href":"https:\/\/www.huashunware.com\/es\/wp-json\/wp\/v2\/product\/447","targetHints":{"allow":["GET"]}}],"collection":[{"href":"https:\/\/www.huashunware.com\/es\/wp-json\/wp\/v2\/product"}],"about":[{"href":"https:\/\/www.huashunware.com\/es\/wp-json\/wp\/v2\/types\/product"}],"replies":[{"embeddable":true,"href":"https:\/\/www.huashunware.com\/es\/wp-json\/wp\/v2\/comments?post=447"}],"wp:featuredmedia":[{"embeddable":true,"href":"https:\/\/www.huashunware.com\/es\/wp-json\/wp\/v2\/media\/451"}],"wp:attachment":[{"href":"https:\/\/www.huashunware.com\/es\/wp-json\/wp\/v2\/media?parent=447"}],"wp:term":[{"taxonomy":"product_brand","embeddable":true,"href":"https:\/\/www.huashunware.com\/es\/wp-json\/wp\/v2\/product_brand?post=447"},{"taxonomy":"product_cat","embeddable":true,"href":"https:\/\/www.huashunware.com\/es\/wp-json\/wp\/v2\/product_cat?post=447"},{"taxonomy":"product_tag","embeddable":true,"href":"https:\/\/www.huashunware.com\/es\/wp-json\/wp\/v2\/product_tag?post=447"}],"curies":[{"name":"wp","href":"https:\/\/api.w.org\/{rel}","templated":true}]}}