{"id":453,"date":"2025-09-18T03:41:51","date_gmt":"2025-09-18T03:41:51","guid":{"rendered":"https:\/\/www.huashunware.com\/?post_type=product&#038;p=453"},"modified":"2025-09-18T06:03:02","modified_gmt":"2025-09-18T06:03:02","slug":"bulk-food-storage-containers-with-lids-stackable-design","status":"publish","type":"product","link":"https:\/\/www.huashunware.com\/es\/producto\/bulk-food-storage-containers-with-lids-stackable-design\/","title":{"rendered":"Recipientes de Almacenamiento de Alimentos a Granel con Tapa Dise\u00f1o Apilable"},"content":{"rendered":"<div class=\"wp-block-columns is-layout-flex wp-container-core-columns-is-layout-9d6595d7 wp-block-columns-is-layout-flex\">\n<div class=\"wp-block-column is-layout-flow wp-block-column-is-layout-flow\">\n<h2 class=\"wp-block-heading\">Recipientes de almacenamiento de alimentos con tapa Caracter\u00edsticas:<\/h2>\n\n\n\n<p><strong>Apto para microondas:<\/strong> Fabricados en pl\u00e1stico de primera calidad resistente al calor, son seguros para el microondas. Recaliente los alimentos sin riesgo de deformaci\u00f3n.<\/p>\n\n\n\n<p><strong>Herm\u00e9tico y a prueba de fugas:<\/strong> Equipados con tapas con cierre de hebilla y juntas de silicona para crear un cierre herm\u00e9tico. Mantiene la frescura de los alimentos durante m\u00e1s tiempo y evita derrames durante el transporte o el almacenamiento.<\/p>\n\n\n\n<p><strong>Duradero y reutilizable:<\/strong> Fabricado en pl\u00e1stico resistente, sin BPA, que resiste el uso repetido. Resiste el agrietamiento, la flexi\u00f3n o la deformaci\u00f3n cuando se utiliza durante largos per\u00edodos de tiempo.<\/p>\n\n\n\n<p><strong>Dise\u00f1o apilable:<\/strong> Su genial dise\u00f1o apilable permite guardarlos sin esfuerzo en armarios de cocina, frigor\u00edficos o despensas. Ahorra espacio y mantiene la cocina limpia y organizada.<\/p>\n\n\n\n<p><strong>Venta al por mayor:<\/strong> Ideal para pedidos a granel, restaurantes, empresas de catering o minoristas. Es la soluci\u00f3n m\u00e1s econ\u00f3mica para almacenar alimentos a granel.<\/p>\n<\/div>\n\n\n\n<div class=\"wp-block-column is-layout-flow wp-block-column-is-layout-flow\">\n<figure class=\"wp-block-image size-full\"><img decoding=\"async\" width=\"3072\" height=\"3072\" src=\"https:\/\/www.huashunware.com\/wp-content\/uploads\/2025\/09\/Bulk-Food-Storage-Containers-with-Lids-Stackable-Design3.webp\" alt=\"Recipientes de Almacenamiento de Alimentos a Granel con Tapa Dise\u00f1o Apilable3\" class=\"wp-image-456\" srcset=\"https:\/\/www.huashunware.com\/wp-content\/uploads\/2025\/09\/Bulk-Food-Storage-Containers-with-Lids-Stackable-Design3.webp 3072w, https:\/\/www.huashunware.com\/wp-content\/uploads\/2025\/09\/Bulk-Food-Storage-Containers-with-Lids-Stackable-Design3-300x300.webp 300w, https:\/\/www.huashunware.com\/wp-content\/uploads\/2025\/09\/Bulk-Food-Storage-Containers-with-Lids-Stackable-Design3-150x150.webp 150w, https:\/\/www.huashunware.com\/wp-content\/uploads\/2025\/09\/Bulk-Food-Storage-Containers-with-Lids-Stackable-Design3-768x768.webp 768w, https:\/\/www.huashunware.com\/wp-content\/uploads\/2025\/09\/Bulk-Food-Storage-Containers-with-Lids-Stackable-Design3-1200x1200.webp 1200w, https:\/\/www.huashunware.com\/wp-content\/uploads\/2025\/09\/Bulk-Food-Storage-Containers-with-Lids-Stackable-Design3-600x600.webp 600w, https:\/\/www.huashunware.com\/wp-content\/uploads\/2025\/09\/Bulk-Food-Storage-Containers-with-Lids-Stackable-Design3-100x100.webp 100w\" sizes=\"(max-width: 3072px) 100vw, 3072px\" \/><\/figure>\n<\/div>\n<\/div>","protected":false},"excerpt":{"rendered":"<p data-start=\"68\" data-end=\"340\">Los recipientes con tapa para almacenar alimentos a granel presentan un dise\u00f1o apilable y tapas herm\u00e9ticas con cierre de hebilla y juntas de silicona. Aptos para microondas y duraderos, son perfectos para mantener los alimentos frescos durante m\u00e1s tiempo e ideales para pedidos a granel, catering o venta al por menor.<\/p>\n<h2 class=\"brxe-product-title\">Recipientes de almacenamiento de alimentos a granel con tapa Atributos:<\/h2>\n<table>\n<thead>\n<tr>\n<th style=\"text-align: center;\">Talla<\/th>\n<th style=\"text-align: center;\">Dimensiones (L \u00d7 A \u00d7 A)<\/th>\n<\/tr>\n<\/thead>\n<tbody>\n<tr>\n<td>S<\/td>\n<td>21 \u00d7 15,3 \u00d7 10,2 cm<\/td>\n<\/tr>\n<tr>\n<td>M<\/td>\n<td>25 \u00d7 18,2 \u00d7 11,3 cm<\/td>\n<\/tr>\n<tr>\n<td>L<\/td>\n<td>28,5 \u00d7 21,3 \u00d7 12,6 cm<\/td>\n<\/tr>\n<\/tbody>\n<\/table>\n<p><strong>MOQ: 60 piezas<\/strong><\/p>\n<h2 class=\"brxe-product-title\">Contenedores de almacenamiento de alimentos con tapa:<\/h2>\n<ul>\n<li data-start=\"63\" data-end=\"118\">\n<p data-start=\"65\" data-end=\"118\"><strong data-start=\"65\" data-end=\"76\">Muestra:<\/strong> Muestra gratuita disponible antes del pedido a granel<\/p>\n<\/li>\n<li data-start=\"119\" data-end=\"185\">\n<p data-start=\"121\" data-end=\"185\"><strong data-start=\"121\" data-end=\"139\">Entrega r\u00e1pida:<\/strong> Los art\u00edculos en stock pueden enviarse en un plazo de 7 d\u00edas<\/p>\n<\/li>\n<li data-start=\"186\" data-end=\"255\">\n<p data-start=\"188\" data-end=\"255\"><strong data-start=\"188\" data-end=\"206\">Cierre herm\u00e9tico:<\/strong> El cierre seguro mantiene los alimentos frescos durante m\u00e1s tiempo<\/p>\n<\/li>\n<\/ul>","protected":false},"featured_media":454,"comment_status":"closed","ping_status":"closed","template":"","meta":{"_acf_changed":false},"product_brand":[],"product_cat":[21,25],"product_tag":[],"class_list":{"0":"post-453","1":"product","2":"type-product","3":"status-publish","4":"has-post-thumbnail","6":"product_cat-plastic-household-products-wholesale","7":"product_cat-wholesale-food-storage-containers","9":"first","10":"instock","11":"shipping-taxable","12":"product-type-simple"},"acf":[],"_links":{"self":[{"href":"https:\/\/www.huashunware.com\/es\/wp-json\/wp\/v2\/product\/453","targetHints":{"allow":["GET"]}}],"collection":[{"href":"https:\/\/www.huashunware.com\/es\/wp-json\/wp\/v2\/product"}],"about":[{"href":"https:\/\/www.huashunware.com\/es\/wp-json\/wp\/v2\/types\/product"}],"replies":[{"embeddable":true,"href":"https:\/\/www.huashunware.com\/es\/wp-json\/wp\/v2\/comments?post=453"}],"wp:featuredmedia":[{"embeddable":true,"href":"https:\/\/www.huashunware.com\/es\/wp-json\/wp\/v2\/media\/454"}],"wp:attachment":[{"href":"https:\/\/www.huashunware.com\/es\/wp-json\/wp\/v2\/media?parent=453"}],"wp:term":[{"taxonomy":"product_brand","embeddable":true,"href":"https:\/\/www.huashunware.com\/es\/wp-json\/wp\/v2\/product_brand?post=453"},{"taxonomy":"product_cat","embeddable":true,"href":"https:\/\/www.huashunware.com\/es\/wp-json\/wp\/v2\/product_cat?post=453"},{"taxonomy":"product_tag","embeddable":true,"href":"https:\/\/www.huashunware.com\/es\/wp-json\/wp\/v2\/product_tag?post=453"}],"curies":[{"name":"wp","href":"https:\/\/api.w.org\/{rel}","templated":true}]}}