{"id":459,"date":"2025-09-18T06:27:56","date_gmt":"2025-09-18T06:27:56","guid":{"rendered":"https:\/\/www.huashunware.com\/?post_type=product&#038;p=459"},"modified":"2025-09-18T06:51:27","modified_gmt":"2025-09-18T06:51:27","slug":"wholesale-food-storage-container-with-strainer-for-bulk-orders","status":"publish","type":"product","link":"https:\/\/www.huashunware.com\/es\/producto\/wholesale-food-storage-container-with-strainer-for-bulk-orders\/","title":{"rendered":"Mayorista Recipiente para alimentos con colador para pedidos al por mayor"},"content":{"rendered":"<div class=\"wp-block-columns is-layout-flex wp-container-core-columns-is-layout-9d6595d7 wp-block-columns-is-layout-flex\">\n<div class=\"wp-block-column is-layout-flow wp-block-column-is-layout-flow\">\n<h2 class=\"wp-block-heading\">Recipiente de almacenamiento de alimentos con colador Caracter\u00edsticas:<\/h2>\n\n\n\n<p><strong>Material alimentario: <\/strong>Fabricado con material PP de calidad alimentaria sin BPA, que garantiza la seguridad para el almacenamiento de frutas, verduras y otros alimentos. Adecuado para hogares, restaurantes y catering.<\/p>\n\n\n\n<p><strong>Dise\u00f1o de colador f\u00e1cil: <\/strong>Dise\u00f1ado con una cesta escurridora incorporada, que facilita el lavado y escurrido de verduras y frutas. Pr\u00e1ctico en la preparaci\u00f3n de comidas y garantiza la limpieza y frescura de los alimentos.<\/p>\n\n\n\n<p><strong>Port\u00e1til y f\u00e1cil de mover:<\/strong> Equipada con una robusta asa de transporte para facilitar su desplazamiento, es ideal para picnics al aire libre, acampadas o incluso para usarla en la cocina. Ligera pero lo suficientemente robusta para facilitar su manejo.<\/p>\n\n\n\n<p><strong>Duradero y reutilizable:<\/strong> Fabricado con pl\u00e1stico de alta calidad y resistencia que no se agrieta, dobla ni deforma. Dise\u00f1ado para un uso diario repetido, ideal para cocinas residenciales o restaurantes.<\/p>\n\n\n\n<p><strong>Venta al por mayor y a granel: <\/strong>Perfecto para pedidos al por mayor, restaurantes, empresas de catering o tiendas minoristas. Una opci\u00f3n econ\u00f3mica y pr\u00e1ctica para las necesidades de almacenamiento masivo de alimentos con una calidad superior.<\/p>\n<\/div>\n\n\n\n<div class=\"wp-block-column is-layout-flow wp-block-column-is-layout-flow\">\n<figure class=\"wp-block-image size-full\"><img decoding=\"async\" width=\"3072\" height=\"3072\" src=\"https:\/\/www.huashunware.com\/wp-content\/uploads\/2025\/09\/Bulk-Food-Storage-Containers-with-Lids-Stackable-Design2-1.webp\" alt=\"Recipientes de Almacenamiento de Alimentos a Granel con Tapa Dise\u00f1o Apilable2\" class=\"wp-image-461\" srcset=\"https:\/\/www.huashunware.com\/wp-content\/uploads\/2025\/09\/Bulk-Food-Storage-Containers-with-Lids-Stackable-Design2-1.webp 3072w, https:\/\/www.huashunware.com\/wp-content\/uploads\/2025\/09\/Bulk-Food-Storage-Containers-with-Lids-Stackable-Design2-1-300x300.webp 300w, https:\/\/www.huashunware.com\/wp-content\/uploads\/2025\/09\/Bulk-Food-Storage-Containers-with-Lids-Stackable-Design2-1-150x150.webp 150w, https:\/\/www.huashunware.com\/wp-content\/uploads\/2025\/09\/Bulk-Food-Storage-Containers-with-Lids-Stackable-Design2-1-768x768.webp 768w, https:\/\/www.huashunware.com\/wp-content\/uploads\/2025\/09\/Bulk-Food-Storage-Containers-with-Lids-Stackable-Design2-1-1200x1200.webp 1200w, https:\/\/www.huashunware.com\/wp-content\/uploads\/2025\/09\/Bulk-Food-Storage-Containers-with-Lids-Stackable-Design2-1-600x600.webp 600w, https:\/\/www.huashunware.com\/wp-content\/uploads\/2025\/09\/Bulk-Food-Storage-Containers-with-Lids-Stackable-Design2-1-100x100.webp 100w\" sizes=\"(max-width: 3072px) 100vw, 3072px\" \/><\/figure>\n<\/div>\n<\/div>","protected":false},"excerpt":{"rendered":"<p data-start=\"68\" data-end=\"340\">El recipiente de almacenamiento de alimentos al por mayor con colador cuenta con una cesta de drenaje incorporada y un asa de transporte resistente, lo que facilita el lavado y el transporte de frutas o verduras. Fabricado en PP de calidad alimentaria, es duradero, seguro e ideal para pedidos al por mayor, restaurantes o uso dom\u00e9stico.<\/p>\n<h2 class=\"brxe-product-title\">Mayorista Recipiente para almacenar alimentos con colador Atributos:<\/h2>\n<table>\n<thead>\n<tr>\n<th style=\"text-align: center;\">Talla<\/th>\n<th style=\"text-align: center;\">Dimensiones (L \u00d7 A \u00d7 A)<\/th>\n<\/tr>\n<\/thead>\n<tbody>\n<tr>\n<td>S<\/td>\n<td>21 \u00d7 15,3 \u00d7 10,2 cm<\/td>\n<\/tr>\n<tr>\n<td>M<\/td>\n<td>25 \u00d7 18,2 \u00d7 11,3 cm<\/td>\n<\/tr>\n<tr>\n<td>L<\/td>\n<td>28,5 \u00d7 21,3 \u00d7 12,6 cm<\/td>\n<\/tr>\n<\/tbody>\n<\/table>\n<p><strong>MOQ: 20 piezas<\/strong><\/p>\n<h2 class=\"brxe-product-title\">Recipiente para almacenar alimentos con colador:<\/h2>\n<ul>\n<li data-start=\"63\" data-end=\"118\">\n<p data-start=\"65\" data-end=\"118\"><strong data-start=\"65\" data-end=\"76\">Muestra:<\/strong> Muestra gratuita disponible antes del pedido a granel<\/p>\n<\/li>\n<li data-start=\"119\" data-end=\"185\">\n<p data-start=\"121\" data-end=\"185\"><strong data-start=\"121\" data-end=\"139\">Entrega r\u00e1pida:<\/strong> Los art\u00edculos en stock pueden enviarse en un plazo de 7 d\u00edas<\/p>\n<\/li>\n<li data-start=\"186\" data-end=\"255\">\n<p data-start=\"188\" data-end=\"255\"><strong data-start=\"188\" data-end=\"206\">Cierre herm\u00e9tico:<\/strong> El cierre seguro mantiene los alimentos frescos durante m\u00e1s tiempo<\/p>\n<\/li>\n<\/ul>","protected":false},"featured_media":464,"comment_status":"closed","ping_status":"closed","template":"","meta":{"_acf_changed":false},"product_brand":[],"product_cat":[21,25],"product_tag":[],"class_list":{"0":"post-459","1":"product","2":"type-product","3":"status-publish","4":"has-post-thumbnail","6":"product_cat-plastic-household-products-wholesale","7":"product_cat-wholesale-food-storage-containers","9":"first","10":"instock","11":"shipping-taxable","12":"product-type-simple"},"acf":[],"_links":{"self":[{"href":"https:\/\/www.huashunware.com\/es\/wp-json\/wp\/v2\/product\/459","targetHints":{"allow":["GET"]}}],"collection":[{"href":"https:\/\/www.huashunware.com\/es\/wp-json\/wp\/v2\/product"}],"about":[{"href":"https:\/\/www.huashunware.com\/es\/wp-json\/wp\/v2\/types\/product"}],"replies":[{"embeddable":true,"href":"https:\/\/www.huashunware.com\/es\/wp-json\/wp\/v2\/comments?post=459"}],"wp:featuredmedia":[{"embeddable":true,"href":"https:\/\/www.huashunware.com\/es\/wp-json\/wp\/v2\/media\/464"}],"wp:attachment":[{"href":"https:\/\/www.huashunware.com\/es\/wp-json\/wp\/v2\/media?parent=459"}],"wp:term":[{"taxonomy":"product_brand","embeddable":true,"href":"https:\/\/www.huashunware.com\/es\/wp-json\/wp\/v2\/product_brand?post=459"},{"taxonomy":"product_cat","embeddable":true,"href":"https:\/\/www.huashunware.com\/es\/wp-json\/wp\/v2\/product_cat?post=459"},{"taxonomy":"product_tag","embeddable":true,"href":"https:\/\/www.huashunware.com\/es\/wp-json\/wp\/v2\/product_tag?post=459"}],"curies":[{"name":"wp","href":"https:\/\/api.w.org\/{rel}","templated":true}]}}