{"id":473,"date":"2025-09-18T07:48:24","date_gmt":"2025-09-18T07:48:24","guid":{"rendered":"https:\/\/www.huashunware.com\/?post_type=product&#038;p=473"},"modified":"2025-09-18T07:59:25","modified_gmt":"2025-09-18T07:59:25","slug":"wholesale-flour-sifter-cup-small-size-flour-sieve","status":"publish","type":"product","link":"https:\/\/www.huashunware.com\/es\/producto\/wholesale-flour-sifter-cup-small-size-flour-sieve\/","title":{"rendered":"Mayorista Taza Tamizadora de Harina Tamizadora de Harina de Tama\u00f1o Peque\u00f1o"},"content":{"rendered":"<div class=\"wp-block-columns is-layout-flex wp-container-core-columns-is-layout-9d6595d7 wp-block-columns-is-layout-flex\">\n<div class=\"wp-block-column is-layout-flow wp-block-column-is-layout-flow\">\n<h2 class=\"wp-block-heading\">Vaso tamizador de harina Caracter\u00edsticas:<\/h2>\n\n\n\n<p><strong>Construcci\u00f3n duradera de metal engrosado\uff1a<\/strong> Fabricado en metal reforzado, este tamiz est\u00e1 dise\u00f1ado para ser utilizado d\u00eda tras d\u00eda sin doblarse ni deformarse. Su resistente estructura garantiza su fiabilidad a largo plazo, por lo que es perfecto para los procesos de horneado dom\u00e9sticos m\u00e1s frecuentes.<\/p>\n\n\n\n<p><strong>Acero inoxidable de grado alimentario de alta calidad: <\/strong>Fabricado \u00edntegramente en acero inoxidable apto para uso alimentario, este tamiz evita la contaminaci\u00f3n de sus ingredientes y adem\u00e1s es resistente a la oxidaci\u00f3n. Puede utilizarlo con confianza para todo tipo de harinas y productos secos.<\/p>\n\n\n\n<p><strong>Elegante superficie pulida a espejo<\/strong>El acabado liso y reflectante no solo resulta elegante en cualquier cocina, sino que tambi\u00e9n es f\u00e1cil de limpiar. La harina y la suciedad se eliminan sin esfuerzo, ahorrando tiempo y esfuerzo.<\/p>\n\n\n\n<p><strong>Tama\u00f1o compacto estibable para mayor precisi\u00f3n\uff1a<\/strong>Ideal para peque\u00f1as cantidades, este tamizador le permite medir y tamizar la harina con precisi\u00f3n, logrando siempre resultados de horneado uniformes. Su tama\u00f1o compacto y f\u00e1cil de guardar permite que quepa f\u00e1cilmente en cualquier cocina.<\/p>\n\n\n\n<p><strong>Facilidad de mantenimiento y durabilidad\uff1a<\/strong>Resistente al desgaste y a la corrosi\u00f3n, el tamiz se puede lavar en el lavavajillas y es f\u00e1cil de mantener. Una herramienta fiable que le acompa\u00f1ar\u00e1 durante a\u00f1os sin renunciar a la calidad.<\/p>\n<\/div>\n\n\n\n<div class=\"wp-block-column is-layout-flow wp-block-column-is-layout-flow\">\n<figure class=\"wp-block-image size-full\"><img decoding=\"async\" width=\"870\" height=\"870\" src=\"https:\/\/www.huashunware.com\/wp-content\/uploads\/2025\/09\/Wholesale-Flour-Sifter-Cup-Small-Size-Flour-Sieve2.webp\" alt=\"Mayorista Taza Tamizadora de Harina Tamizadora de Harina de Tama\u00f1o Peque\u00f1o2\" class=\"wp-image-475\" srcset=\"https:\/\/www.huashunware.com\/wp-content\/uploads\/2025\/09\/Wholesale-Flour-Sifter-Cup-Small-Size-Flour-Sieve2.webp 870w, https:\/\/www.huashunware.com\/wp-content\/uploads\/2025\/09\/Wholesale-Flour-Sifter-Cup-Small-Size-Flour-Sieve2-300x300.webp 300w, https:\/\/www.huashunware.com\/wp-content\/uploads\/2025\/09\/Wholesale-Flour-Sifter-Cup-Small-Size-Flour-Sieve2-150x150.webp 150w, https:\/\/www.huashunware.com\/wp-content\/uploads\/2025\/09\/Wholesale-Flour-Sifter-Cup-Small-Size-Flour-Sieve2-768x768.webp 768w, https:\/\/www.huashunware.com\/wp-content\/uploads\/2025\/09\/Wholesale-Flour-Sifter-Cup-Small-Size-Flour-Sieve2-600x600.webp 600w, https:\/\/www.huashunware.com\/wp-content\/uploads\/2025\/09\/Wholesale-Flour-Sifter-Cup-Small-Size-Flour-Sieve2-100x100.webp 100w\" sizes=\"(max-width: 870px) 100vw, 870px\" \/><\/figure>\n<\/div>\n<\/div>","protected":false},"excerpt":{"rendered":"<p data-start=\"68\" data-end=\"340\">Vaso tamizador de harina al por mayor El tamiz de harina de tama\u00f1o peque\u00f1o es un utensilio de cocina compacto, duradero y elegante fabricado en acero inoxidable engrosado apto para uso alimentario. Su superficie pulida espejo asegura una f\u00e1cil limpieza, mientras que el tama\u00f1o peque\u00f1o precisa hace que sea perfecto para hornear en casa y peque\u00f1os lotes de harina.<\/p>\n<h2 class=\"brxe-product-title\">Mayorista Vaso Tamizador de Harina Atributos:<\/h2>\n<table>\n<thead>\n<tr>\n<th style=\"text-align: center;\">Atributo<\/th>\n<th style=\"text-align: center;\">Especificaci\u00f3n<\/th>\n<\/tr>\n<\/thead>\n<tbody>\n<tr>\n<td>Peso<\/td>\n<td>102.5 g<\/td>\n<\/tr>\n<tr>\n<td>Talla<\/td>\n<td>\u00d88 \u00d7 8,9 cm (H)<\/td>\n<\/tr>\n<\/tbody>\n<\/table>\n<p><strong>MOQ: 96 piezas<\/strong><\/p>\n<h2 class=\"brxe-product-title\">Vaso tamizador de harina personalizado:<\/h2>\n<ul>\n<li data-start=\"36\" data-end=\"91\">\n<p data-start=\"38\" data-end=\"91\"><strong data-start=\"38\" data-end=\"49\">Muestra:<\/strong> Muestra gratuita disponible antes del pedido a granel<\/p>\n<\/li>\n<li data-start=\"92\" data-end=\"158\">\n<p data-start=\"94\" data-end=\"158\"><strong data-start=\"94\" data-end=\"112\">Entrega r\u00e1pida:<\/strong> Los art\u00edculos en stock pueden enviarse en un plazo de 7 d\u00edas<\/p>\n<\/li>\n<li data-start=\"159\" data-end=\"274\">\n<p data-start=\"161\" data-end=\"274\"><strong data-start=\"161\" data-end=\"182\">Embalaje personalizado:<\/strong> Admite logotipo personalizado y diferentes opciones de embalaje, como caja de PET, caja de PVC o caja de regalo<\/p>\n<\/li>\n<\/ul>","protected":false},"featured_media":474,"comment_status":"closed","ping_status":"closed","template":"","meta":{"_acf_changed":false},"product_brand":[],"product_cat":[20,23],"product_tag":[],"class_list":{"0":"post-473","1":"product","2":"type-product","3":"status-publish","4":"has-post-thumbnail","6":"product_cat-wholesale-kitchen-utensils","7":"product_cat-wholesale-stainless-steel-flour-sifter","9":"first","10":"instock","11":"shipping-taxable","12":"product-type-simple"},"acf":[],"_links":{"self":[{"href":"https:\/\/www.huashunware.com\/es\/wp-json\/wp\/v2\/product\/473","targetHints":{"allow":["GET"]}}],"collection":[{"href":"https:\/\/www.huashunware.com\/es\/wp-json\/wp\/v2\/product"}],"about":[{"href":"https:\/\/www.huashunware.com\/es\/wp-json\/wp\/v2\/types\/product"}],"replies":[{"embeddable":true,"href":"https:\/\/www.huashunware.com\/es\/wp-json\/wp\/v2\/comments?post=473"}],"wp:featuredmedia":[{"embeddable":true,"href":"https:\/\/www.huashunware.com\/es\/wp-json\/wp\/v2\/media\/474"}],"wp:attachment":[{"href":"https:\/\/www.huashunware.com\/es\/wp-json\/wp\/v2\/media?parent=473"}],"wp:term":[{"taxonomy":"product_brand","embeddable":true,"href":"https:\/\/www.huashunware.com\/es\/wp-json\/wp\/v2\/product_brand?post=473"},{"taxonomy":"product_cat","embeddable":true,"href":"https:\/\/www.huashunware.com\/es\/wp-json\/wp\/v2\/product_cat?post=473"},{"taxonomy":"product_tag","embeddable":true,"href":"https:\/\/www.huashunware.com\/es\/wp-json\/wp\/v2\/product_tag?post=473"}],"curies":[{"name":"wp","href":"https:\/\/api.w.org\/{rel}","templated":true}]}}