{"id":477,"date":"2025-09-18T07:59:37","date_gmt":"2025-09-18T07:59:37","guid":{"rendered":"https:\/\/www.huashunware.com\/?post_type=product&#038;p=477"},"modified":"2025-09-18T08:05:35","modified_gmt":"2025-09-18T08:05:35","slug":"custom-flour-sifter-cup-middle-size-flour-sieve","status":"publish","type":"product","link":"https:\/\/www.huashunware.com\/es\/producto\/custom-flour-sifter-cup-middle-size-flour-sieve\/","title":{"rendered":"Tamiz de harina de tama\u00f1o medio Custom Flour Sifter Cup"},"content":{"rendered":"<div class=\"wp-block-columns is-layout-flex wp-container-core-columns-is-layout-9d6595d7 wp-block-columns-is-layout-flex\">\n<div class=\"wp-block-column is-layout-flow wp-block-column-is-layout-flow\">\n<h2 class=\"wp-block-heading\">Vaso tamizador de harina Caracter\u00edsticas:<\/h2>\n\n\n\n<p><strong>Metal engrosado para una durabilidad duradera\uff1a<\/strong>Especialmente dise\u00f1ado para resistir abolladuras, deformaciones y un manejo brusco, este tamiz no perder\u00e1 su forma ni su funci\u00f3n con el paso del tiempo. Perfecto para hornear en casa y para uso comercial ligero.<\/p>\n\n\n\n<p><strong>Acero inoxidable seguro para uso alimentario\uff1a<\/strong>Cada una de las partes del tamiz est\u00e1 fabricada en acero inoxidable apto para uso alimentario para dejar sus ingredientes libres de g\u00e9rmenes y contaminantes.<\/p>\n\n\n\n<p><strong>Superficie brillante pulida como un espejo\uff1a<\/strong> El acabado liso no s\u00f3lo ofrece un aspecto brillante y profesional, sino que tambi\u00e9n es f\u00e1cil y r\u00e1pido de limpiar y mantener.<\/p>\n\n\n\n<p><strong>Tama\u00f1o mediano para hornear c\u00f3modamente\uff1a<\/strong>El tama\u00f1o justo para todas sus necesidades de horneado, desde pasteles y boller\u00eda hasta magdalenas y pan, con el equilibrio perfecto entre eficacia y precisi\u00f3n.<\/p>\n\n\n\n<p><strong>Tamizado suave y uniforme para obtener resultados fiables\uff1a.<\/strong>Su malla cuidadosamente construida permite que la harina pase a trav\u00e9s de forma fiable, sin grumos, y creando la textura ideal para todas sus recetas.<\/p>\n<\/div>\n\n\n\n<div class=\"wp-block-column is-layout-flow wp-block-column-is-layout-flow\">\n<figure class=\"wp-block-image size-full\"><img decoding=\"async\" width=\"951\" height=\"951\" src=\"https:\/\/www.huashunware.com\/wp-content\/uploads\/2025\/09\/Custom-Flour-Sifter-Cup-Middle-Size-Flour-Sieve2.webp\" alt=\"Tamiz de harina de tama\u00f1o medio Custom Flour Sifter Cup2\" class=\"wp-image-479\" srcset=\"https:\/\/www.huashunware.com\/wp-content\/uploads\/2025\/09\/Custom-Flour-Sifter-Cup-Middle-Size-Flour-Sieve2.webp 951w, https:\/\/www.huashunware.com\/wp-content\/uploads\/2025\/09\/Custom-Flour-Sifter-Cup-Middle-Size-Flour-Sieve2-300x300.webp 300w, https:\/\/www.huashunware.com\/wp-content\/uploads\/2025\/09\/Custom-Flour-Sifter-Cup-Middle-Size-Flour-Sieve2-150x150.webp 150w, https:\/\/www.huashunware.com\/wp-content\/uploads\/2025\/09\/Custom-Flour-Sifter-Cup-Middle-Size-Flour-Sieve2-768x768.webp 768w, https:\/\/www.huashunware.com\/wp-content\/uploads\/2025\/09\/Custom-Flour-Sifter-Cup-Middle-Size-Flour-Sieve2-600x600.webp 600w, https:\/\/www.huashunware.com\/wp-content\/uploads\/2025\/09\/Custom-Flour-Sifter-Cup-Middle-Size-Flour-Sieve2-100x100.webp 100w\" sizes=\"(max-width: 951px) 100vw, 951px\" \/><\/figure>\n<\/div>\n<\/div>","protected":false},"excerpt":{"rendered":"<p data-start=\"2747\" data-end=\"3047\">El tamiz de harina de tama\u00f1o medio Custom flour sifter cup combina durabilidad, higiene y elegancia. Su tama\u00f1o mediano es perfecto para las tareas diarias de panader\u00eda, ya que proporciona una harina suave y uniforme en todo momento. El acero inoxidable engrosado garantiza un rendimiento duradero con un mantenimiento m\u00ednimo.<\/p>\n<h2 class=\"brxe-product-title\">Mayorista Vaso Tamizador de Harina Atributos:<\/h2>\n<table>\n<thead>\n<tr>\n<th style=\"text-align: center;\">Atributo<\/th>\n<th style=\"text-align: center;\">Especificaci\u00f3n<\/th>\n<\/tr>\n<\/thead>\n<tbody>\n<tr>\n<td>Peso<\/td>\n<td>208 g<\/td>\n<\/tr>\n<tr>\n<td>Talla<\/td>\n<td>\u00d89,4 \u00d7 12,8 cm (H)<\/td>\n<\/tr>\n<\/tbody>\n<\/table>\n<p><strong>MOQ: 72 piezas<\/strong><\/p>\n<h2 class=\"brxe-product-title\">Vaso tamizador de harina personalizado:<\/h2>\n<ul>\n<li data-start=\"36\" data-end=\"91\">\n<p data-start=\"38\" data-end=\"91\"><strong data-start=\"38\" data-end=\"49\">Muestra:<\/strong> Muestra gratuita disponible antes del pedido a granel<\/p>\n<\/li>\n<li data-start=\"92\" data-end=\"158\">\n<p data-start=\"94\" data-end=\"158\"><strong data-start=\"94\" data-end=\"112\">Entrega r\u00e1pida:<\/strong> Los art\u00edculos en stock pueden enviarse en un plazo de 7 d\u00edas<\/p>\n<\/li>\n<li data-start=\"159\" data-end=\"274\">\n<p data-start=\"161\" data-end=\"274\"><strong data-start=\"161\" data-end=\"182\">Embalaje personalizado:<\/strong> Admite logotipo personalizado y diferentes opciones de embalaje, como caja de PET, caja de PVC o caja de regalo<\/p>\n<\/li>\n<\/ul>","protected":false},"featured_media":478,"comment_status":"closed","ping_status":"closed","template":"","meta":{"_acf_changed":false},"product_brand":[],"product_cat":[20,23],"product_tag":[],"class_list":{"0":"post-477","1":"product","2":"type-product","3":"status-publish","4":"has-post-thumbnail","6":"product_cat-wholesale-kitchen-utensils","7":"product_cat-wholesale-stainless-steel-flour-sifter","9":"first","10":"instock","11":"shipping-taxable","12":"product-type-simple"},"acf":[],"_links":{"self":[{"href":"https:\/\/www.huashunware.com\/es\/wp-json\/wp\/v2\/product\/477","targetHints":{"allow":["GET"]}}],"collection":[{"href":"https:\/\/www.huashunware.com\/es\/wp-json\/wp\/v2\/product"}],"about":[{"href":"https:\/\/www.huashunware.com\/es\/wp-json\/wp\/v2\/types\/product"}],"replies":[{"embeddable":true,"href":"https:\/\/www.huashunware.com\/es\/wp-json\/wp\/v2\/comments?post=477"}],"wp:featuredmedia":[{"embeddable":true,"href":"https:\/\/www.huashunware.com\/es\/wp-json\/wp\/v2\/media\/478"}],"wp:attachment":[{"href":"https:\/\/www.huashunware.com\/es\/wp-json\/wp\/v2\/media?parent=477"}],"wp:term":[{"taxonomy":"product_brand","embeddable":true,"href":"https:\/\/www.huashunware.com\/es\/wp-json\/wp\/v2\/product_brand?post=477"},{"taxonomy":"product_cat","embeddable":true,"href":"https:\/\/www.huashunware.com\/es\/wp-json\/wp\/v2\/product_cat?post=477"},{"taxonomy":"product_tag","embeddable":true,"href":"https:\/\/www.huashunware.com\/es\/wp-json\/wp\/v2\/product_tag?post=477"}],"curies":[{"name":"wp","href":"https:\/\/api.w.org\/{rel}","templated":true}]}}