{"id":481,"date":"2025-09-18T08:06:12","date_gmt":"2025-09-18T08:06:12","guid":{"rendered":"https:\/\/www.huashunware.com\/?post_type=product&#038;p=481"},"modified":"2025-09-18T08:15:40","modified_gmt":"2025-09-18T08:15:40","slug":"bulk-flour-sieve-cup-large-size-flour-sieve","status":"publish","type":"product","link":"https:\/\/www.huashunware.com\/es\/producto\/bulk-flour-sieve-cup-large-size-flour-sieve\/","title":{"rendered":"Taza tamizadora de harina a granel Tamizadora de harina de gran tama\u00f1o"},"content":{"rendered":"<div class=\"wp-block-columns is-layout-flex wp-container-core-columns-is-layout-9d6595d7 wp-block-columns-is-layout-flex\">\n<div class=\"wp-block-column is-layout-flow wp-block-column-is-layout-flow\">\n<h2 class=\"wp-block-heading\">Vaso tamizador de harina Caracter\u00edsticas:<\/h2>\n\n\n\n<p><strong>Metal extragrueso para uso intensivo:<\/strong>Fabricado con metal grueso y reforzado, este tamiz puede soportar grandes cantidades de harina y un uso intensivo sin doblarse ni romperse. La opci\u00f3n ideal para uso comercial y panaderos caseros serios.<\/p>\n\n\n\n<p><strong>Acero inoxidable de calidad alimentaria:<\/strong>Fabricada con acero inoxidable de primera calidad, es sana, duradera y resistente al \u00f3xido y la corrosi\u00f3n, manteniendo sus ingredientes limpios y sanos.<\/p>\n\n\n\n<p><strong>Acabado profesional pulido a espejo:<\/strong>La superficie lisa y f\u00e1cil de limpiar aporta elegancia a la cocina y permite una limpieza sin esfuerzo en un abrir y cerrar de ojos, lo que supone una gran ayuda durante las ca\u00f3ticas horas de cocci\u00f3n.<\/p>\n\n\n\n<p><strong>Amplio espacio para hornear a granel:<\/strong>Su gran capacidad permite tamizar sin esfuerzo cantidades gigantescas de harina, perfectas para panader\u00edas, restaurantes o comidas familiares. Ahorra esfuerzo y tiempo de preparaci\u00f3n.<\/p>\n\n\n\n<p><strong>Bajo mantenimiento y larga vida \u00fatil\uff1a<\/strong>De larga duraci\u00f3n, resiste el uso intenso y el desgaste constantes y se mantiene pulida a\u00f1o tras a\u00f1o. Una buena opci\u00f3n para el d\u00eda a d\u00eda y para hornear en condiciones duras.<\/p>\n<\/div>\n\n\n\n<div class=\"wp-block-column is-layout-flow wp-block-column-is-layout-flow\">\n<figure class=\"wp-block-image size-full\"><img decoding=\"async\" width=\"816\" height=\"816\" src=\"https:\/\/www.huashunware.com\/wp-content\/uploads\/2025\/09\/Bulk-Flour-Sieve-Cup-Large-Size-Flour-Sieve1-1.webp\" alt=\"Taza tamizadora de harina a granel Tamizadora de harina de gran tama\u00f1o1\" class=\"wp-image-484\" srcset=\"https:\/\/www.huashunware.com\/wp-content\/uploads\/2025\/09\/Bulk-Flour-Sieve-Cup-Large-Size-Flour-Sieve1-1.webp 816w, https:\/\/www.huashunware.com\/wp-content\/uploads\/2025\/09\/Bulk-Flour-Sieve-Cup-Large-Size-Flour-Sieve1-1-300x300.webp 300w, https:\/\/www.huashunware.com\/wp-content\/uploads\/2025\/09\/Bulk-Flour-Sieve-Cup-Large-Size-Flour-Sieve1-1-150x150.webp 150w, https:\/\/www.huashunware.com\/wp-content\/uploads\/2025\/09\/Bulk-Flour-Sieve-Cup-Large-Size-Flour-Sieve1-1-768x768.webp 768w, https:\/\/www.huashunware.com\/wp-content\/uploads\/2025\/09\/Bulk-Flour-Sieve-Cup-Large-Size-Flour-Sieve1-1-600x600.webp 600w, https:\/\/www.huashunware.com\/wp-content\/uploads\/2025\/09\/Bulk-Flour-Sieve-Cup-Large-Size-Flour-Sieve1-1-100x100.webp 100w\" sizes=\"(max-width: 816px) 100vw, 816px\" \/><\/figure>\n<\/div>\n<\/div>","protected":false},"excerpt":{"rendered":"<p data-start=\"2747\" data-end=\"3047\">El vaso tamizador de harina a granel de gran tama\u00f1o es un utensilio de cocina duradero y de gran capacidad fabricado en acero inoxidable extragrueso apto para uso alimentario. Su acabado pulido a espejo garantiza una limpieza f\u00e1cil y un aspecto profesional, por lo que es perfecto para tamizar a granel y obtener resultados de horneado uniformes.<\/p>\n<h2 class=\"brxe-product-title\">Vaso tamizador de harina a granel Atributos:<\/h2>\n<table>\n<thead>\n<tr>\n<th style=\"text-align: center;\">Atributo<\/th>\n<th style=\"text-align: center;\">Especificaci\u00f3n<\/th>\n<\/tr>\n<\/thead>\n<tbody>\n<tr>\n<td>Peso<\/td>\n<td>263.5 g<\/td>\n<\/tr>\n<tr>\n<td>Talla<\/td>\n<td>\u00d811,8 \u00d7 12,8 cm (H)<\/td>\n<\/tr>\n<\/tbody>\n<\/table>\n<p><strong>MOQ:36pcs<\/strong><\/p>\n<h2 class=\"brxe-product-title\">Taza de tamiz de harina personalizada:<\/h2>\n<ul>\n<li data-start=\"36\" data-end=\"91\">\n<p data-start=\"38\" data-end=\"91\"><strong data-start=\"38\" data-end=\"49\">Muestra:<\/strong> Muestra gratuita disponible antes del pedido a granel<\/p>\n<\/li>\n<li data-start=\"92\" data-end=\"158\">\n<p data-start=\"94\" data-end=\"158\"><strong data-start=\"94\" data-end=\"112\">Entrega r\u00e1pida:<\/strong> Los art\u00edculos en stock pueden enviarse en un plazo de 7 d\u00edas<\/p>\n<\/li>\n<li data-start=\"159\" data-end=\"274\">\n<p data-start=\"161\" data-end=\"274\"><strong data-start=\"161\" data-end=\"182\">Embalaje personalizado:<\/strong> Admite logotipo personalizado y diferentes opciones de embalaje, como caja de PET, caja de PVC o caja de regalo<\/p>\n<\/li>\n<\/ul>","protected":false},"featured_media":485,"comment_status":"closed","ping_status":"closed","template":"","meta":{"_acf_changed":false},"product_brand":[],"product_cat":[20,23],"product_tag":[],"class_list":{"0":"post-481","1":"product","2":"type-product","3":"status-publish","4":"has-post-thumbnail","6":"product_cat-wholesale-kitchen-utensils","7":"product_cat-wholesale-stainless-steel-flour-sifter","9":"first","10":"instock","11":"shipping-taxable","12":"product-type-simple"},"acf":[],"_links":{"self":[{"href":"https:\/\/www.huashunware.com\/es\/wp-json\/wp\/v2\/product\/481","targetHints":{"allow":["GET"]}}],"collection":[{"href":"https:\/\/www.huashunware.com\/es\/wp-json\/wp\/v2\/product"}],"about":[{"href":"https:\/\/www.huashunware.com\/es\/wp-json\/wp\/v2\/types\/product"}],"replies":[{"embeddable":true,"href":"https:\/\/www.huashunware.com\/es\/wp-json\/wp\/v2\/comments?post=481"}],"wp:featuredmedia":[{"embeddable":true,"href":"https:\/\/www.huashunware.com\/es\/wp-json\/wp\/v2\/media\/485"}],"wp:attachment":[{"href":"https:\/\/www.huashunware.com\/es\/wp-json\/wp\/v2\/media?parent=481"}],"wp:term":[{"taxonomy":"product_brand","embeddable":true,"href":"https:\/\/www.huashunware.com\/es\/wp-json\/wp\/v2\/product_brand?post=481"},{"taxonomy":"product_cat","embeddable":true,"href":"https:\/\/www.huashunware.com\/es\/wp-json\/wp\/v2\/product_cat?post=481"},{"taxonomy":"product_tag","embeddable":true,"href":"https:\/\/www.huashunware.com\/es\/wp-json\/wp\/v2\/product_tag?post=481"}],"curies":[{"name":"wp","href":"https:\/\/api.w.org\/{rel}","templated":true}]}}