{"id":487,"date":"2025-09-18T08:26:48","date_gmt":"2025-09-18T08:26:48","guid":{"rendered":"https:\/\/www.huashunware.com\/?post_type=product&#038;p=487"},"modified":"2025-09-18T08:34:17","modified_gmt":"2025-09-18T08:34:17","slug":"wholesale-stainless-steel-ice-cube-tray","status":"publish","type":"product","link":"https:\/\/www.huashunware.com\/es\/producto\/wholesale-stainless-steel-ice-cube-tray\/","title":{"rendered":"Mayorista Cubitera de Acero Inoxidable"},"content":{"rendered":"<div class=\"wp-block-columns is-layout-flex wp-container-core-columns-is-layout-9d6595d7 wp-block-columns-is-layout-flex\">\n<div class=\"wp-block-column is-layout-flow wp-block-column-is-layout-flow\">\n<h2 class=\"wp-block-heading\">Cubitera de acero inoxidable Caracter\u00edsticas:<\/h2>\n\n\n\n<p><strong>Construcci\u00f3n duradera de metal engrosado\uff1a<\/strong>Fabricada en acero inoxidable reforzado, esta cubitera no es propensa a doblarse ni deformarse, soportando un uso intensivo en las tareas cotidianas de la cocina.<\/p>\n\n\n\n<p><strong>Acero inoxidable apto para alimentos\uff1a<\/strong>Sin silicona y fabricada en acero inoxidable seguro y no t\u00f3xico, esta bandeja proporciona cubitos de hielo higi\u00e9nicos para bebidas y preparaci\u00f3n de alimentos.<\/p>\n\n\n\n<p><strong>Acabado brillante pulido espejo\uff1a<\/strong>El acabado brillante y liso como un espejo no s\u00f3lo tiene un aspecto extravagante, sino que evita que se peguen, haciendo que los cubos se puedan retirar sin esfuerzo.<\/p>\n\n\n\n<p><strong>Reutilizable y respetuoso con el medio ambiente\uff1a<\/strong>A diferencia de las bandejas de pl\u00e1stico, esta bandeja de acero inoxidable est\u00e1 hecha para ser reutilizada, lo que reduce el desperdicio sin comprometer su durabilidad.<\/p>\n\n\n\n<p><strong>Mantenimiento y limpieza sencillos\uff1a<\/strong>Sin \u00f3xido y apta para el lavavajillas, esta bandeja es f\u00e1cil de limpiar, por lo que su cocina quedar\u00e1 limpia con el m\u00ednimo esfuerzo.<\/p>\n<\/div>\n\n\n\n<div class=\"wp-block-column is-layout-flow wp-block-column-is-layout-flow\">\n<figure class=\"wp-block-image size-full\"><img decoding=\"async\" width=\"2500\" height=\"2500\" src=\"https:\/\/www.huashunware.com\/wp-content\/uploads\/2025\/09\/Wholesale-Stainless-Steel-Ice-Cube-Tray1.webp\" alt=\"Mayorista Cubitera de Acero Inoxidable1\" class=\"wp-image-488\" srcset=\"https:\/\/www.huashunware.com\/wp-content\/uploads\/2025\/09\/Wholesale-Stainless-Steel-Ice-Cube-Tray1.webp 2500w, https:\/\/www.huashunware.com\/wp-content\/uploads\/2025\/09\/Wholesale-Stainless-Steel-Ice-Cube-Tray1-300x300.webp 300w, https:\/\/www.huashunware.com\/wp-content\/uploads\/2025\/09\/Wholesale-Stainless-Steel-Ice-Cube-Tray1-150x150.webp 150w, https:\/\/www.huashunware.com\/wp-content\/uploads\/2025\/09\/Wholesale-Stainless-Steel-Ice-Cube-Tray1-768x768.webp 768w, https:\/\/www.huashunware.com\/wp-content\/uploads\/2025\/09\/Wholesale-Stainless-Steel-Ice-Cube-Tray1-1200x1200.webp 1200w, https:\/\/www.huashunware.com\/wp-content\/uploads\/2025\/09\/Wholesale-Stainless-Steel-Ice-Cube-Tray1-600x600.webp 600w, https:\/\/www.huashunware.com\/wp-content\/uploads\/2025\/09\/Wholesale-Stainless-Steel-Ice-Cube-Tray1-100x100.webp 100w\" sizes=\"(max-width: 2500px) 100vw, 2500px\" \/><\/figure>\n<\/div>\n<\/div>","protected":false},"excerpt":{"rendered":"<p data-start=\"2747\" data-end=\"3047\">La cubitera de acero inoxidable al por mayor est\u00e1 fabricada en acero inoxidable de calidad alimentaria engrosado con una superficie pulida a espejo para una mayor durabilidad y un f\u00e1cil desprendimiento del hielo. Su dise\u00f1o robusto garantiza un uso prolongado, mientras que el material ecol\u00f3gico y f\u00e1cil de limpiar lo convierte en un complemento fiable para cualquier cocina.<\/p>\n<h2 class=\"brxe-product-title\">Mayorista Cubitera de Acero Inoxidable Atributos:<\/h2>\n<table>\n<thead>\n<tr>\n<th style=\"text-align: center;\">Atributo<\/th>\n<th style=\"text-align: center;\">Especificaci\u00f3n<\/th>\n<\/tr>\n<\/thead>\n<tbody>\n<tr>\n<td>Peso<\/td>\n<td>515 g<\/td>\n<\/tr>\n<tr>\n<td>Talla<\/td>\n<td>28 \u00d7 12 \u00d7 4,5 cm (largo \u00d7 ancho \u00d7 alto)<\/td>\n<\/tr>\n<\/tbody>\n<\/table>\n<p><strong>MOQ:24pcs<\/strong><\/p>\n<h2 class=\"brxe-product-title\">Cubitera de acero inoxidable personalizada:<\/h2>\n<ul>\n<li data-start=\"16\" data-end=\"71\">\n<p data-start=\"18\" data-end=\"71\"><strong data-start=\"18\" data-end=\"29\">Muestra:<\/strong> Muestra gratuita disponible antes del pedido a granel<\/p>\n<\/li>\n<li data-start=\"72\" data-end=\"138\">\n<p data-start=\"74\" data-end=\"138\"><strong data-start=\"74\" data-end=\"92\">Entrega r\u00e1pida:<\/strong> Los art\u00edculos en stock pueden enviarse en un plazo de 7 d\u00edas<\/p>\n<\/li>\n<li data-start=\"139\" data-end=\"254\">\n<p data-start=\"141\" data-end=\"254\"><strong data-start=\"141\" data-end=\"162\">Embalaje personalizado:<\/strong> Admite logotipo personalizado y diferentes opciones de embalaje, como caja de PET, caja de PVC o caja de regalo<\/p>\n<\/li>\n<\/ul>","protected":false},"featured_media":489,"comment_status":"closed","ping_status":"closed","template":"","meta":{"_acf_changed":false},"product_brand":[],"product_cat":[20,24],"product_tag":[],"class_list":{"0":"post-487","1":"product","2":"type-product","3":"status-publish","4":"has-post-thumbnail","6":"product_cat-wholesale-kitchen-utensils","7":"product_cat-wholesale-stainless-steel-ice-cube-trays","9":"first","10":"instock","11":"shipping-taxable","12":"product-type-simple"},"acf":[],"_links":{"self":[{"href":"https:\/\/www.huashunware.com\/es\/wp-json\/wp\/v2\/product\/487","targetHints":{"allow":["GET"]}}],"collection":[{"href":"https:\/\/www.huashunware.com\/es\/wp-json\/wp\/v2\/product"}],"about":[{"href":"https:\/\/www.huashunware.com\/es\/wp-json\/wp\/v2\/types\/product"}],"replies":[{"embeddable":true,"href":"https:\/\/www.huashunware.com\/es\/wp-json\/wp\/v2\/comments?post=487"}],"wp:featuredmedia":[{"embeddable":true,"href":"https:\/\/www.huashunware.com\/es\/wp-json\/wp\/v2\/media\/489"}],"wp:attachment":[{"href":"https:\/\/www.huashunware.com\/es\/wp-json\/wp\/v2\/media?parent=487"}],"wp:term":[{"taxonomy":"product_brand","embeddable":true,"href":"https:\/\/www.huashunware.com\/es\/wp-json\/wp\/v2\/product_brand?post=487"},{"taxonomy":"product_cat","embeddable":true,"href":"https:\/\/www.huashunware.com\/es\/wp-json\/wp\/v2\/product_cat?post=487"},{"taxonomy":"product_tag","embeddable":true,"href":"https:\/\/www.huashunware.com\/es\/wp-json\/wp\/v2\/product_tag?post=487"}],"curies":[{"name":"wp","href":"https:\/\/api.w.org\/{rel}","templated":true}]}}