{"id":725,"date":"2025-10-08T07:33:12","date_gmt":"2025-10-08T07:21:49","guid":{"rendered":"https:\/\/www.huashunware.com\/?post_type=product&#038;p=725"},"modified":"2026-02-05T08:35:27","modified_gmt":"2026-02-05T08:35:27","slug":"bulk-plastic-handle-flatware-set","status":"publish","type":"product","link":"https:\/\/www.huashunware.com\/es\/producto\/bulk-plastic-handle-flatware-set\/","title":{"rendered":"Juego de cubiertos con mango de pl\u00e1stico a granel Cubiertos duraderos para el hogar y el restaurante"},"content":{"rendered":"<div class=\"wp-block-columns is-layout-flex wp-container-core-columns-is-layout-9d6595d7 wp-block-columns-is-layout-flex\">\n<div class=\"wp-block-column is-layout-flow wp-block-column-is-layout-flow\">\n<h2 class=\"wp-block-heading\">Juego de cubiertos con mango de pl\u00e1stico a granel Caracter\u00edsticas:<\/h2>\n\n\n\n<p><strong>Construcci\u00f3n de acero inoxidable 18\/0 de primera calidad<\/strong><br>Fabricado en robusto acero inoxidable 18\/0 de alta calidad resistente al \u00f3xido, la corrosi\u00f3n y la decoloraci\u00f3n, este juego de cubiertos cumple la normativa de seguridad alimentaria de la UE y EE.UU., ofreciendo una larga durabilidad y un uso diario seguro.<\/p>\n\n\n\n<p><strong>Acabado pulido espejo refinado<\/strong><br>La superficie lisa y pulida como un espejo y el borde afilado pero seguro de cada pieza proporcionan un brillo lujoso y de alta gama y un aspecto elegante que aporta sofisticaci\u00f3n a cualquier mesa, ya sea para una cena informal o para una cena de gala.<\/p>\n\n\n\n<p><strong>C\u00f3modo mango de pl\u00e1stico<\/strong><br>El mango ergon\u00f3mico de pl\u00e1stico proporciona un agarre firme y antideslizante que resulta c\u00f3modo en la mano, mejorando el placer de cada comida a la vez que aporta un aspecto elegante y contempor\u00e1neo a su mesa.<\/p>\n\n\n\n<p><strong>Pr\u00e1ctico envase listo para la venta<\/strong><br>El envase, cuidadosamente dise\u00f1ado, lleva un asa incorporada que facilita su transporte, exposici\u00f3n y venta en supermercados, o su entrega como regalo listo para usar en la inauguraci\u00f3n de una casa, en vacaciones o en ocasiones especiales.<\/p>\n\n\n\n<p><strong>Vers\u00e1til para uso dom\u00e9stico y comercial<\/strong><br>Perfecta para restaurantes, caterings y comidas familiares cotidianas, esta cuberter\u00eda es a la vez funcional y atractiva, una elecci\u00f3n inteligente y elegante para cualquier servicio de mesa.<\/p>\n<\/div>\n\n\n\n<div class=\"wp-block-column is-layout-flow wp-block-column-is-layout-flow\">\n<figure class=\"wp-block-image size-full\"><img decoding=\"async\" width=\"1536\" height=\"1536\" src=\"https:\/\/www.huashunware.com\/wp-content\/uploads\/2025\/10\/Bulk-Plastic-Handle-Flatware-Set-1.webp\" alt=\"Juego de cubiertos con mango de pl\u00e1stico a granel\" class=\"wp-image-1302\" srcset=\"https:\/\/www.huashunware.com\/wp-content\/uploads\/2025\/10\/Bulk-Plastic-Handle-Flatware-Set-1.webp 1536w, https:\/\/www.huashunware.com\/wp-content\/uploads\/2025\/10\/Bulk-Plastic-Handle-Flatware-Set-1-300x300.webp 300w, https:\/\/www.huashunware.com\/wp-content\/uploads\/2025\/10\/Bulk-Plastic-Handle-Flatware-Set-1-150x150.webp 150w, https:\/\/www.huashunware.com\/wp-content\/uploads\/2025\/10\/Bulk-Plastic-Handle-Flatware-Set-1-768x768.webp 768w, https:\/\/www.huashunware.com\/wp-content\/uploads\/2025\/10\/Bulk-Plastic-Handle-Flatware-Set-1-12x12.webp 12w, https:\/\/www.huashunware.com\/wp-content\/uploads\/2025\/10\/Bulk-Plastic-Handle-Flatware-Set-1-1200x1200.webp 1200w, https:\/\/www.huashunware.com\/wp-content\/uploads\/2025\/10\/Bulk-Plastic-Handle-Flatware-Set-1-600x600.webp 600w, https:\/\/www.huashunware.com\/wp-content\/uploads\/2025\/10\/Bulk-Plastic-Handle-Flatware-Set-1-100x100.webp 100w\" sizes=\"(max-width: 1536px) 100vw, 1536px\" \/><\/figure>\n\n\n\n<figure class=\"wp-block-image size-full\"><img decoding=\"async\" width=\"3072\" height=\"3072\" src=\"https:\/\/www.huashunware.com\/wp-content\/uploads\/2025\/10\/Bulk-Plastic-Handle-Flatware-Set-Durable-Cutlery-for-Home-Restaurant2.webp\" alt=\"Juego de cubiertos con mango de pl\u00e1stico a granel Cubiertos duraderos para el hogar y el restaurante2\" class=\"wp-image-727\" srcset=\"https:\/\/www.huashunware.com\/wp-content\/uploads\/2025\/10\/Bulk-Plastic-Handle-Flatware-Set-Durable-Cutlery-for-Home-Restaurant2.webp 3072w, https:\/\/www.huashunware.com\/wp-content\/uploads\/2025\/10\/Bulk-Plastic-Handle-Flatware-Set-Durable-Cutlery-for-Home-Restaurant2-300x300.webp 300w, https:\/\/www.huashunware.com\/wp-content\/uploads\/2025\/10\/Bulk-Plastic-Handle-Flatware-Set-Durable-Cutlery-for-Home-Restaurant2-150x150.webp 150w, https:\/\/www.huashunware.com\/wp-content\/uploads\/2025\/10\/Bulk-Plastic-Handle-Flatware-Set-Durable-Cutlery-for-Home-Restaurant2-768x768.webp 768w, https:\/\/www.huashunware.com\/wp-content\/uploads\/2025\/10\/Bulk-Plastic-Handle-Flatware-Set-Durable-Cutlery-for-Home-Restaurant2-12x12.webp 12w, https:\/\/www.huashunware.com\/wp-content\/uploads\/2025\/10\/Bulk-Plastic-Handle-Flatware-Set-Durable-Cutlery-for-Home-Restaurant2-1200x1200.webp 1200w, https:\/\/www.huashunware.com\/wp-content\/uploads\/2025\/10\/Bulk-Plastic-Handle-Flatware-Set-Durable-Cutlery-for-Home-Restaurant2-600x600.webp 600w, https:\/\/www.huashunware.com\/wp-content\/uploads\/2025\/10\/Bulk-Plastic-Handle-Flatware-Set-Durable-Cutlery-for-Home-Restaurant2-100x100.webp 100w\" sizes=\"(max-width: 3072px) 100vw, 3072px\" \/><\/figure>\n<\/div>\n<\/div>","protected":false},"excerpt":{"rendered":"<p>El juego de cubiertos con mango de pl\u00e1stico a granel combina la resistencia del acero inoxidable de primera calidad con la comodidad ergon\u00f3mica y el estilo moderno. Pulida a espejo para un brillo refinado, es ideal tanto para la cena diaria como para el uso profesional de catering. Bienvenido a contactarnos\uff01<\/p>\n<h2 class=\"brxe-product-title\">Juego de cubiertos con mango de pl\u00e1stico a granel Atributos:<\/h2>\n<table>\n<thead>\n<tr>\n<th>Art\u00edculo<\/th>\n<th>Peso (g)<\/th>\n<th>Longitud (cm)<\/th>\n<th>Anchura (cm)<\/th>\n<th>Espesor (mm)<\/th>\n<\/tr>\n<\/thead>\n<tbody>\n<tr>\n<td><strong>Cuchillo<\/strong><\/td>\n<td>32<\/td>\n<td>21.5<\/td>\n<td>2.0<\/td>\n<td>2<\/td>\n<\/tr>\n<tr>\n<td><strong>Horquilla<\/strong><\/td>\n<td>30<\/td>\n<td>21.5<\/td>\n<td>2.5<\/td>\n<td>2<\/td>\n<\/tr>\n<tr>\n<td><strong>Cuchara<\/strong><\/td>\n<td>36.5<\/td>\n<td>20.0<\/td>\n<td>4.3<\/td>\n<td>2<\/td>\n<\/tr>\n<tr>\n<td><strong>Cucharilla<\/strong><\/td>\n<td>19<\/td>\n<td>15.6<\/td>\n<td>3.2<\/td>\n<td>2<\/td>\n<\/tr>\n<\/tbody>\n<\/table>\n<h2>Juego de cubiertos con mango de pl\u00e1stico personalizados\uff1a<\/h2>\n<ul>\n<li data-pm-slice=\"1 1 []\"><strong>Muestra gratis: <\/strong>Puede solicitar una muestra gratuita antes de hacer un pedido al por mayor.<\/li>\n<li><strong>Embalaje y personalizaci\u00f3n del logotipo:<\/strong> Podemos incluir un logotipo personalizado en el envase y utilizar distintas opciones de embalaje, como caja de PET, caja de PVC o caja de regalo.<\/li>\n<li><strong>Logotipo en metal y asa:<\/strong> Acepta logotipo l\u00e1ser y logotipo grabado en el metal; acepta logotipo impreso en el asa.<\/li>\n<li><strong>Opciones de acabado y color del asa:<\/strong> Acepte el chapado en oro o cambie el color del asa seg\u00fan sus necesidades<\/li>\n<\/ul>","protected":false},"featured_media":726,"comment_status":"closed","ping_status":"closed","template":"","meta":{"_acf_changed":true},"product_brand":[],"product_cat":[18,26],"product_tag":[],"class_list":{"0":"post-725","1":"product","2":"type-product","3":"status-publish","4":"has-post-thumbnail","6":"product_cat-cutlery-set-wholesale","7":"product_cat-plastic-handle-flatware-set","9":"first","10":"instock","11":"shipping-taxable","12":"product-type-simple"},"acf":[],"_links":{"self":[{"href":"https:\/\/www.huashunware.com\/es\/wp-json\/wp\/v2\/product\/725","targetHints":{"allow":["GET"]}}],"collection":[{"href":"https:\/\/www.huashunware.com\/es\/wp-json\/wp\/v2\/product"}],"about":[{"href":"https:\/\/www.huashunware.com\/es\/wp-json\/wp\/v2\/types\/product"}],"replies":[{"embeddable":true,"href":"https:\/\/www.huashunware.com\/es\/wp-json\/wp\/v2\/comments?post=725"}],"wp:featuredmedia":[{"embeddable":true,"href":"https:\/\/www.huashunware.com\/es\/wp-json\/wp\/v2\/media\/726"}],"wp:attachment":[{"href":"https:\/\/www.huashunware.com\/es\/wp-json\/wp\/v2\/media?parent=725"}],"wp:term":[{"taxonomy":"product_brand","embeddable":true,"href":"https:\/\/www.huashunware.com\/es\/wp-json\/wp\/v2\/product_brand?post=725"},{"taxonomy":"product_cat","embeddable":true,"href":"https:\/\/www.huashunware.com\/es\/wp-json\/wp\/v2\/product_cat?post=725"},{"taxonomy":"product_tag","embeddable":true,"href":"https:\/\/www.huashunware.com\/es\/wp-json\/wp\/v2\/product_tag?post=725"}],"curies":[{"name":"wp","href":"https:\/\/api.w.org\/{rel}","templated":true}]}}