{"id":729,"date":"2025-10-08T08:04:34","date_gmt":"2025-10-08T07:56:31","guid":{"rendered":"https:\/\/www.huashunware.com\/?post_type=product&#038;p=729"},"modified":"2026-02-05T08:41:38","modified_gmt":"2026-02-05T08:41:38","slug":"custom-plastic-handle-flatware-set","status":"publish","type":"product","link":"https:\/\/www.huashunware.com\/es\/producto\/custom-plastic-handle-flatware-set\/","title":{"rendered":"Juego de Cubiertos con Mangos de Pl\u00e1stico Personalizados de Elegante Dise\u00f1o para Comedor Moderno"},"content":{"rendered":"<div class=\"wp-block-columns is-layout-flex wp-container-core-columns-is-layout-9d6595d7 wp-block-columns-is-layout-flex\">\n<div class=\"wp-block-column is-layout-flow wp-block-column-is-layout-flow\">\n<h2 class=\"wp-block-heading\">Juego de Cubiertos con Mango de Pl\u00e1stico Personalizado Caracter\u00edsticas:<\/h2>\n\n\n\n<p><strong>Material de acero inoxidable 18\/0 de primera calidad<\/strong><br>Fabricado en acero inoxidable 18\/0 resistente al \u00f3xido, la corrosi\u00f3n y la decoloraci\u00f3n, cumple plenamente las normas de seguridad alimentaria de la UE y EE.UU. para ofrecer un rendimiento duradero.<\/p>\n\n\n\n<p><strong>Dise\u00f1o moderno y elegante<\/strong><br>Con un aspecto sencillo y elegante, ideal para comedores contempor\u00e1neos, este juego es uno de los productos m\u00e1s vendidos en el mercado de la UE.<\/p>\n\n\n\n<p><strong>C\u00f3modo mango de pl\u00e1stico<\/strong><br>Mango de pl\u00e1stico ergon\u00f3mico de c\u00f3modo agarre, que combina funcionalidad y belleza.<\/p>\n\n\n\n<p><strong>Extremadamente duradero y f\u00e1cil de limpiar<\/strong><br>El acabado de espejo sigue brillando tras los lavados regulares; apto para lavavajillas y a prueba de ara\u00f1azos para un uso diario sencillo.<\/p>\n\n\n\n<p><strong>Perfecto para uso dom\u00e9stico y en restaurantes<\/strong><br>Ideal tanto para comidas familiares como para hosteler\u00eda comercial, combina estilo, longevidad y utilidad para cualquier prop\u00f3sito.<\/p>\n<\/div>\n\n\n\n<div class=\"wp-block-column is-layout-flow wp-block-column-is-layout-flow\">\n<figure class=\"wp-block-image size-full\"><img decoding=\"async\" width=\"1728\" height=\"1728\" src=\"https:\/\/www.huashunware.com\/wp-content\/uploads\/2025\/10\/Custom-Plastic-Handle-Flatware-Set-with-Elegant-Design-for-Modern-Dining-1.webp\" alt=\"Juego de Cubiertos con Mangos de Pl\u00e1stico Personalizados de Elegante Dise\u00f1o para Comedor Moderno\" class=\"wp-image-1304\" srcset=\"https:\/\/www.huashunware.com\/wp-content\/uploads\/2025\/10\/Custom-Plastic-Handle-Flatware-Set-with-Elegant-Design-for-Modern-Dining-1.webp 1728w, https:\/\/www.huashunware.com\/wp-content\/uploads\/2025\/10\/Custom-Plastic-Handle-Flatware-Set-with-Elegant-Design-for-Modern-Dining-1-300x300.webp 300w, https:\/\/www.huashunware.com\/wp-content\/uploads\/2025\/10\/Custom-Plastic-Handle-Flatware-Set-with-Elegant-Design-for-Modern-Dining-1-150x150.webp 150w, https:\/\/www.huashunware.com\/wp-content\/uploads\/2025\/10\/Custom-Plastic-Handle-Flatware-Set-with-Elegant-Design-for-Modern-Dining-1-768x768.webp 768w, https:\/\/www.huashunware.com\/wp-content\/uploads\/2025\/10\/Custom-Plastic-Handle-Flatware-Set-with-Elegant-Design-for-Modern-Dining-1-12x12.webp 12w, https:\/\/www.huashunware.com\/wp-content\/uploads\/2025\/10\/Custom-Plastic-Handle-Flatware-Set-with-Elegant-Design-for-Modern-Dining-1-1200x1200.webp 1200w, https:\/\/www.huashunware.com\/wp-content\/uploads\/2025\/10\/Custom-Plastic-Handle-Flatware-Set-with-Elegant-Design-for-Modern-Dining-1-600x600.webp 600w, https:\/\/www.huashunware.com\/wp-content\/uploads\/2025\/10\/Custom-Plastic-Handle-Flatware-Set-with-Elegant-Design-for-Modern-Dining-1-100x100.webp 100w\" sizes=\"(max-width: 1728px) 100vw, 1728px\" \/><\/figure>\n\n\n\n<figure class=\"wp-block-image size-full\"><img decoding=\"async\" width=\"3072\" height=\"3072\" src=\"https:\/\/www.huashunware.com\/wp-content\/uploads\/2025\/10\/Custom-Plastic-Handle-Flatware-Set-with-Elegant-Design-for-Modern-Dining.webp\" alt=\"Juego de Cubiertos con Mangos de Pl\u00e1stico Personalizados de Elegante Dise\u00f1o para Comedor Moderno\" class=\"wp-image-730\" srcset=\"https:\/\/www.huashunware.com\/wp-content\/uploads\/2025\/10\/Custom-Plastic-Handle-Flatware-Set-with-Elegant-Design-for-Modern-Dining.webp 3072w, https:\/\/www.huashunware.com\/wp-content\/uploads\/2025\/10\/Custom-Plastic-Handle-Flatware-Set-with-Elegant-Design-for-Modern-Dining-300x300.webp 300w, https:\/\/www.huashunware.com\/wp-content\/uploads\/2025\/10\/Custom-Plastic-Handle-Flatware-Set-with-Elegant-Design-for-Modern-Dining-150x150.webp 150w, https:\/\/www.huashunware.com\/wp-content\/uploads\/2025\/10\/Custom-Plastic-Handle-Flatware-Set-with-Elegant-Design-for-Modern-Dining-768x768.webp 768w, https:\/\/www.huashunware.com\/wp-content\/uploads\/2025\/10\/Custom-Plastic-Handle-Flatware-Set-with-Elegant-Design-for-Modern-Dining-12x12.webp 12w, https:\/\/www.huashunware.com\/wp-content\/uploads\/2025\/10\/Custom-Plastic-Handle-Flatware-Set-with-Elegant-Design-for-Modern-Dining-1200x1200.webp 1200w, https:\/\/www.huashunware.com\/wp-content\/uploads\/2025\/10\/Custom-Plastic-Handle-Flatware-Set-with-Elegant-Design-for-Modern-Dining-600x600.webp 600w, https:\/\/www.huashunware.com\/wp-content\/uploads\/2025\/10\/Custom-Plastic-Handle-Flatware-Set-with-Elegant-Design-for-Modern-Dining-100x100.webp 100w\" sizes=\"(max-width: 3072px) 100vw, 3072px\" \/><\/figure>\n<\/div>\n<\/div>","protected":false},"excerpt":{"rendered":"<p>El juego de cubiertos con mango de pl\u00e1stico personalizado y elegante dise\u00f1o para cenas modernas ofrece una refinada combinaci\u00f3n de simplicidad moderna y durabilidad duradera. Fabricado en acero inoxidable 18\/0 de primera calidad con un c\u00f3modo mango de pl\u00e1stico, es una opci\u00f3n elegante y pr\u00e1ctica para la cena diaria o para entornos profesionales. Bienvenido a contactarnos\uff01<\/p>\n<h2 class=\"brxe-product-title\">Juego de Cubiertos con Mango de Pl\u00e1stico Personalizado Atributos:<\/h2>\n<table>\n<thead>\n<tr>\n<th>Utensilio<\/th>\n<th>Peso (g)<\/th>\n<th>Longitud (cm)<\/th>\n<th>Anchura (cm)<\/th>\n<th>Espesor (mm)<\/th>\n<\/tr>\n<\/thead>\n<tbody>\n<tr>\n<td>Cuchillo<\/td>\n<td>38<\/td>\n<td>22.5<\/td>\n<td>1.8<\/td>\n<td>1.8<\/td>\n<\/tr>\n<tr>\n<td>Horquilla<\/td>\n<td>30<\/td>\n<td>21.5<\/td>\n<td>2.5<\/td>\n<td>1.8<\/td>\n<\/tr>\n<tr>\n<td>Cuchara<\/td>\n<td>36.5<\/td>\n<td>20<\/td>\n<td>4.3<\/td>\n<td>1.8<\/td>\n<\/tr>\n<tr>\n<td>Cucharilla<\/td>\n<td>19<\/td>\n<td>15.6<\/td>\n<td>3.2<\/td>\n<td>1.8<\/td>\n<\/tr>\n<\/tbody>\n<\/table>\n<h2>Juego de cubiertos con mango de pl\u00e1stico personalizados\uff1a<\/h2>\n<ul>\n<li data-pm-slice=\"1 1 []\"><strong>Muestra gratis: <\/strong>Puede solicitar una muestra gratuita antes de hacer un pedido al por mayor.<\/li>\n<li><strong>Embalaje y personalizaci\u00f3n del logotipo:<\/strong> Podemos incluir un logotipo personalizado en el envase y utilizar distintas opciones de embalaje, como caja de PET, caja de PVC o caja de regalo.<\/li>\n<li><strong>Logotipo en metal y asa:<\/strong> Acepta logotipo l\u00e1ser y logotipo grabado en el metal; acepta logotipo impreso en el asa.<\/li>\n<li><strong>Opciones de acabado y color del asa:<\/strong> Acepte el chapado en oro o cambie el color del asa seg\u00fan sus necesidades<\/li>\n<\/ul>","protected":false},"featured_media":730,"comment_status":"closed","ping_status":"closed","template":"","meta":{"_acf_changed":true},"product_brand":[],"product_cat":[18,26],"product_tag":[],"class_list":{"0":"post-729","1":"product","2":"type-product","3":"status-publish","4":"has-post-thumbnail","6":"product_cat-cutlery-set-wholesale","7":"product_cat-plastic-handle-flatware-set","9":"first","10":"instock","11":"shipping-taxable","12":"product-type-simple"},"acf":[],"_links":{"self":[{"href":"https:\/\/www.huashunware.com\/es\/wp-json\/wp\/v2\/product\/729","targetHints":{"allow":["GET"]}}],"collection":[{"href":"https:\/\/www.huashunware.com\/es\/wp-json\/wp\/v2\/product"}],"about":[{"href":"https:\/\/www.huashunware.com\/es\/wp-json\/wp\/v2\/types\/product"}],"replies":[{"embeddable":true,"href":"https:\/\/www.huashunware.com\/es\/wp-json\/wp\/v2\/comments?post=729"}],"wp:featuredmedia":[{"embeddable":true,"href":"https:\/\/www.huashunware.com\/es\/wp-json\/wp\/v2\/media\/730"}],"wp:attachment":[{"href":"https:\/\/www.huashunware.com\/es\/wp-json\/wp\/v2\/media?parent=729"}],"wp:term":[{"taxonomy":"product_brand","embeddable":true,"href":"https:\/\/www.huashunware.com\/es\/wp-json\/wp\/v2\/product_brand?post=729"},{"taxonomy":"product_cat","embeddable":true,"href":"https:\/\/www.huashunware.com\/es\/wp-json\/wp\/v2\/product_cat?post=729"},{"taxonomy":"product_tag","embeddable":true,"href":"https:\/\/www.huashunware.com\/es\/wp-json\/wp\/v2\/product_tag?post=729"}],"curies":[{"name":"wp","href":"https:\/\/api.w.org\/{rel}","templated":true}]}}