{"id":734,"date":"2025-10-09T09:09:43","date_gmt":"2025-10-09T09:00:22","guid":{"rendered":"https:\/\/www.huashunware.com\/?post_type=product&#038;p=734"},"modified":"2025-10-09T09:11:01","modified_gmt":"2025-10-09T09:11:01","slug":"wholesale-kids-dinnerware-sets-mushroom-kids-plate-set","status":"publish","type":"product","link":"https:\/\/www.huashunware.com\/es\/producto\/wholesale-kids-dinnerware-sets-mushroom-kids-plate-set\/","title":{"rendered":"Mayorista Vajilla Infantil Set Plato Infantil Champi\u00f1\u00f3n"},"content":{"rendered":"<div class=\"wp-block-columns is-layout-flex wp-container-core-columns-is-layout-9d6595d7 wp-block-columns-is-layout-flex\">\n<div class=\"wp-block-column is-layout-flow wp-block-column-is-layout-flow\">\n<h2 class=\"wp-block-heading\">Vajilla Infantil al por mayor Caracter\u00edsticas:<\/h2>\n\n\n\n<p><strong>Materiales seguros y no t\u00f3xicos:<\/strong> Fabricado con silicona de grado alimentario est\u00e1ndar de EE.UU., 100% sin BPA, no t\u00f3xico y suave para el uso diario de los ni\u00f1os.<\/p>\n\n\n\n<p><strong>Utensilios duraderos de acero inoxidable:<\/strong> El acabado pulido espejo con bordes redondeados garantiza un contacto suave y seguro para las manos y la boca de los ni\u00f1os peque\u00f1os.<\/p>\n\n\n\n<p><strong>Base de succi\u00f3n fuerte:<\/strong> Se fija firmemente a cualquier superficie lisa para evitar resbalones, vuelcos o derrames accidentales durante la comida.<\/p>\n\n\n\n<p><strong>Adorable dise\u00f1o de seta:<\/strong> Su forma de seta simp\u00e1tica y juguetona atrae la atenci\u00f3n de los ni\u00f1os y hace que la autoalimentaci\u00f3n sea divertida y agradable.<\/p>\n\n\n\n<p><strong>F\u00e1cil de limpiar y de larga duraci\u00f3n:<\/strong> Se pueden lavar en el lavavajillas, son resistentes a las manchas y est\u00e1n dise\u00f1ados para el uso diario en hogares, guarder\u00edas o restaurantes.<\/p>\n<\/div>\n\n\n\n<div class=\"wp-block-column is-layout-flow wp-block-column-is-layout-flow\">\n<figure class=\"wp-block-image size-full\"><img decoding=\"async\" width=\"3072\" height=\"3072\" src=\"https:\/\/www.huashunware.com\/wp-content\/uploads\/2025\/10\/Wholesale-Kids-Dinnerware-Sets-Mushroom-Kids-Plate-Set1.webp\" alt=\"Mayorista Vajilla Infantil Set Plato Infantil Champi\u00f1\u00f3n1\" class=\"wp-image-735\" srcset=\"https:\/\/www.huashunware.com\/wp-content\/uploads\/2025\/10\/Wholesale-Kids-Dinnerware-Sets-Mushroom-Kids-Plate-Set1.webp 3072w, https:\/\/www.huashunware.com\/wp-content\/uploads\/2025\/10\/Wholesale-Kids-Dinnerware-Sets-Mushroom-Kids-Plate-Set1-300x300.webp 300w, https:\/\/www.huashunware.com\/wp-content\/uploads\/2025\/10\/Wholesale-Kids-Dinnerware-Sets-Mushroom-Kids-Plate-Set1-150x150.webp 150w, https:\/\/www.huashunware.com\/wp-content\/uploads\/2025\/10\/Wholesale-Kids-Dinnerware-Sets-Mushroom-Kids-Plate-Set1-768x768.webp 768w, https:\/\/www.huashunware.com\/wp-content\/uploads\/2025\/10\/Wholesale-Kids-Dinnerware-Sets-Mushroom-Kids-Plate-Set1-12x12.webp 12w, https:\/\/www.huashunware.com\/wp-content\/uploads\/2025\/10\/Wholesale-Kids-Dinnerware-Sets-Mushroom-Kids-Plate-Set1-1200x1200.webp 1200w, https:\/\/www.huashunware.com\/wp-content\/uploads\/2025\/10\/Wholesale-Kids-Dinnerware-Sets-Mushroom-Kids-Plate-Set1-600x600.webp 600w, https:\/\/www.huashunware.com\/wp-content\/uploads\/2025\/10\/Wholesale-Kids-Dinnerware-Sets-Mushroom-Kids-Plate-Set1-100x100.webp 100w\" sizes=\"(max-width: 3072px) 100vw, 3072px\" \/><\/figure>\n<\/div>\n<\/div>","protected":false},"excerpt":{"rendered":"<p data-start=\"68\" data-end=\"340\">Vajilla infantil al por mayor set de platos de setas para ni\u00f1os es seguro, duradero y divertido para los ni\u00f1os. Fabricado en silicona alimentaria y acero inoxidable, no contiene BPA ni es t\u00f3xico. La fuerte base de succi\u00f3n evita resbalones, y el simp\u00e1tico dise\u00f1o de seta hace que la hora de comer sea agradable.<\/p>\n<h2 class=\"brxe-product-title\">Mayorista Vajilla Infantil Atributos:<\/h2>\n<table>\n<thead>\n<tr>\n<th align=\"left\">Art\u00edculo<\/th>\n<th align=\"left\">Tama\u00f1o (mm)<\/th>\n<th align=\"left\">Peso (g)<\/th>\n<\/tr>\n<\/thead>\n<tbody>\n<tr>\n<td align=\"left\">Caja<\/td>\n<td align=\"left\">230 \u00d7 210 \u00d7 35<\/td>\n<td align=\"left\">390.7<\/td>\n<\/tr>\n<tr>\n<td align=\"left\">Placa<\/td>\n<td align=\"left\">197 \u00d7 183 \u00d7 33<\/td>\n<td align=\"left\">229.4<\/td>\n<\/tr>\n<tr>\n<td align=\"left\">Horquilla<\/td>\n<td align=\"left\">108 \u00d7 36 \u00d7 21<\/td>\n<td align=\"left\">36.4<\/td>\n<\/tr>\n<tr>\n<td align=\"left\">Cuchara<\/td>\n<td align=\"left\">108 \u00d7 36 \u00d7 21<\/td>\n<td align=\"left\">41.2<\/td>\n<\/tr>\n<\/tbody>\n<\/table>\n<p><strong data-start=\"296\" data-end=\"304\">MOQ:<\/strong> 96 piezas<\/p>\n<h2 class=\"brxe-product-title\">Vajillas infantiles personalizadas :<\/h2>\n<ul>\n<li data-start=\"76\" data-end=\"143\">\n<p data-start=\"78\" data-end=\"143\"><strong data-start=\"78\" data-end=\"89\">Muestra:<\/strong> Muestra gratuita disponible para probar antes de hacer un pedido a granel<\/p>\n<\/li>\n<li data-start=\"144\" data-end=\"221\">\n<p data-start=\"146\" data-end=\"221\"><strong data-start=\"146\" data-end=\"173\">Peque\u00f1os pedidos con logotipo:<\/strong> Se aceptan pedidos de peque\u00f1as cantidades con logotipo personalizado<\/p>\n<\/li>\n<li data-start=\"222\" data-end=\"288\">\n<p data-start=\"224\" data-end=\"288\"><strong data-start=\"224\" data-end=\"242\">Entrega r\u00e1pida:<\/strong> Los art\u00edculos en stock pueden enviarse en un plazo de 7 d\u00edas<\/p>\n<\/li>\n<li data-start=\"289\" data-end=\"401\">\n<p data-start=\"291\" data-end=\"401\"><strong data-start=\"291\" data-end=\"326\">Embalaje y personalizaci\u00f3n del logotipo:<\/strong> Admite logotipo personalizado en el envase; elija caja de PET, caja de PVC o caja de regalo<\/p>\n<\/li>\n<\/ul>","protected":false},"featured_media":737,"comment_status":"closed","ping_status":"closed","template":"","meta":{"_acf_changed":false},"product_brand":[],"product_cat":[19],"product_tag":[],"class_list":{"0":"post-734","1":"product","2":"type-product","3":"status-publish","4":"has-post-thumbnail","6":"product_cat-wholesale-kids-dinnerware","8":"first","9":"instock","10":"shipping-taxable","11":"product-type-simple"},"acf":[],"_links":{"self":[{"href":"https:\/\/www.huashunware.com\/es\/wp-json\/wp\/v2\/product\/734","targetHints":{"allow":["GET"]}}],"collection":[{"href":"https:\/\/www.huashunware.com\/es\/wp-json\/wp\/v2\/product"}],"about":[{"href":"https:\/\/www.huashunware.com\/es\/wp-json\/wp\/v2\/types\/product"}],"replies":[{"embeddable":true,"href":"https:\/\/www.huashunware.com\/es\/wp-json\/wp\/v2\/comments?post=734"}],"wp:featuredmedia":[{"embeddable":true,"href":"https:\/\/www.huashunware.com\/es\/wp-json\/wp\/v2\/media\/737"}],"wp:attachment":[{"href":"https:\/\/www.huashunware.com\/es\/wp-json\/wp\/v2\/media?parent=734"}],"wp:term":[{"taxonomy":"product_brand","embeddable":true,"href":"https:\/\/www.huashunware.com\/es\/wp-json\/wp\/v2\/product_brand?post=734"},{"taxonomy":"product_cat","embeddable":true,"href":"https:\/\/www.huashunware.com\/es\/wp-json\/wp\/v2\/product_cat?post=734"},{"taxonomy":"product_tag","embeddable":true,"href":"https:\/\/www.huashunware.com\/es\/wp-json\/wp\/v2\/product_tag?post=734"}],"curies":[{"name":"wp","href":"https:\/\/api.w.org\/{rel}","templated":true}]}}