{"id":741,"date":"2025-10-09T09:22:10","date_gmt":"2025-10-09T09:13:34","guid":{"rendered":"https:\/\/www.huashunware.com\/?post_type=product&#038;p=741"},"modified":"2025-10-09T09:22:57","modified_gmt":"2025-10-09T09:22:57","slug":"bulk-kids-tableware-with-cute-penguin-design","status":"publish","type":"product","link":"https:\/\/www.huashunware.com\/es\/producto\/bulk-kids-tableware-with-cute-penguin-design\/","title":{"rendered":"Vajilla infantil a granel con simp\u00e1tico dise\u00f1o de ping\u00fcino"},"content":{"rendered":"<div class=\"wp-block-columns is-layout-flex wp-container-core-columns-is-layout-9d6595d7 wp-block-columns-is-layout-flex\">\n<div class=\"wp-block-column is-layout-flow wp-block-column-is-layout-flow\">\n<h2 class=\"wp-block-heading\">Vajilla infantil a granel Caracter\u00edsticas:<\/h2>\n\n\n\n<p><strong>Silicona de calidad alimentaria:<\/strong> Fabricado con silicona sin BPA, suave, inodora y respetuosa con las manos y bocas de los m\u00e1s peque\u00f1os.<\/p>\n\n\n\n<p><strong>Acero inoxidable apto para ni\u00f1os:<\/strong> Cuenta con utensilios de acero inoxidable pulido y liso dise\u00f1ados para una autoalimentaci\u00f3n segura y un f\u00e1cil agarre.<\/p>\n\n\n\n<p><strong>Base de succi\u00f3n Stay-Put:<\/strong> Un potente fondo de succi\u00f3n mantiene el plato firme sobre cualquier superficie plana, reduciendo los derrames y el desorden a la hora de comer.<\/p>\n\n\n\n<p><strong>Aspecto de ping\u00fcino juguet\u00f3n:<\/strong> La llamativa forma de ping\u00fcino convierte la comida en una experiencia divertida y atractiva para los ni\u00f1os.<\/p>\n\n\n\n<p><strong>Pr\u00e1ctico y duradero:<\/strong> Ligero, duradero y apto para lavavajillas para una limpieza r\u00e1pida, perfecto para familias, centros preescolares y restaurantes.<\/p>\n<\/div>\n\n\n\n<div class=\"wp-block-column is-layout-flow wp-block-column-is-layout-flow\">\n<figure class=\"wp-block-image size-full\"><img decoding=\"async\" width=\"3072\" height=\"3072\" src=\"https:\/\/www.huashunware.com\/wp-content\/uploads\/2025\/10\/Bulk-Kids-Tableware-with-Cute-Penguin-Design2.webp\" alt=\"Vajilla infantil a granel con simp\u00e1tico dise\u00f1o de ping\u00fcino2\" class=\"wp-image-743\" srcset=\"https:\/\/www.huashunware.com\/wp-content\/uploads\/2025\/10\/Bulk-Kids-Tableware-with-Cute-Penguin-Design2.webp 3072w, https:\/\/www.huashunware.com\/wp-content\/uploads\/2025\/10\/Bulk-Kids-Tableware-with-Cute-Penguin-Design2-300x300.webp 300w, https:\/\/www.huashunware.com\/wp-content\/uploads\/2025\/10\/Bulk-Kids-Tableware-with-Cute-Penguin-Design2-150x150.webp 150w, https:\/\/www.huashunware.com\/wp-content\/uploads\/2025\/10\/Bulk-Kids-Tableware-with-Cute-Penguin-Design2-768x768.webp 768w, https:\/\/www.huashunware.com\/wp-content\/uploads\/2025\/10\/Bulk-Kids-Tableware-with-Cute-Penguin-Design2-12x12.webp 12w, https:\/\/www.huashunware.com\/wp-content\/uploads\/2025\/10\/Bulk-Kids-Tableware-with-Cute-Penguin-Design2-1200x1200.webp 1200w, https:\/\/www.huashunware.com\/wp-content\/uploads\/2025\/10\/Bulk-Kids-Tableware-with-Cute-Penguin-Design2-600x600.webp 600w, https:\/\/www.huashunware.com\/wp-content\/uploads\/2025\/10\/Bulk-Kids-Tableware-with-Cute-Penguin-Design2-100x100.webp 100w\" sizes=\"(max-width: 3072px) 100vw, 3072px\" \/><\/figure>\n<\/div>\n<\/div>","protected":false},"excerpt":{"rendered":"<p data-start=\"68\" data-end=\"340\">La vajilla infantil a granel con el simp\u00e1tico dise\u00f1o de un ping\u00fcino es segura, no contiene BPA ni es t\u00f3xica. La base de succi\u00f3n fuerte evita derrames, y el dise\u00f1o lindo del ping\u00fcino hace la hora de comer la diversi\u00f3n-ideal para las escuelas, los restaurantes, o las \u00f3rdenes a granel.<\/p>\n<h2 class=\"brxe-product-title\">Mayorista Vajilla Infantil Atributos:<\/h2>\n<table>\n<thead>\n<tr>\n<th align=\"left\">Art\u00edculo<\/th>\n<th align=\"left\">Tama\u00f1o (mm)<\/th>\n<th align=\"left\">Peso (g)<\/th>\n<\/tr>\n<\/thead>\n<tbody>\n<tr>\n<td align=\"left\">Caja<\/td>\n<td align=\"left\">228 \u00d7 192 \u00d7 35<\/td>\n<td align=\"left\">349<\/td>\n<\/tr>\n<tr>\n<td align=\"left\">Placa<\/td>\n<td align=\"left\">200 \u00d7 165 \u00d7 28<\/td>\n<td align=\"left\">194<\/td>\n<\/tr>\n<tr>\n<td align=\"left\">Horquilla<\/td>\n<td align=\"left\">99 \u00d7 38 \u00d7 22<\/td>\n<td align=\"left\">36.2<\/td>\n<\/tr>\n<tr>\n<td align=\"left\">Cuchara<\/td>\n<td align=\"left\">99 \u00d7 38 \u00d7 22<\/td>\n<td align=\"left\">39.3<\/td>\n<\/tr>\n<\/tbody>\n<\/table>\n<p><strong data-start=\"296\" data-end=\"304\">MOQ:<\/strong> 96 piezas<\/p>\n<h2 class=\"brxe-product-title\">Vajillas infantiles personalizadas :<\/h2>\n<ul>\n<li data-start=\"76\" data-end=\"143\">\n<p data-start=\"78\" data-end=\"143\"><strong data-start=\"78\" data-end=\"89\">Muestra:<\/strong> Muestra gratuita disponible para probar antes de hacer un pedido a granel<\/p>\n<\/li>\n<li data-start=\"144\" data-end=\"221\">\n<p data-start=\"146\" data-end=\"221\"><strong data-start=\"146\" data-end=\"173\">Peque\u00f1os pedidos con logotipo:<\/strong> Se aceptan pedidos de peque\u00f1as cantidades con logotipo personalizado<\/p>\n<\/li>\n<li data-start=\"222\" data-end=\"288\">\n<p data-start=\"224\" data-end=\"288\"><strong data-start=\"224\" data-end=\"242\">Entrega r\u00e1pida:<\/strong> Los art\u00edculos en stock pueden enviarse en un plazo de 7 d\u00edas<\/p>\n<\/li>\n<li data-start=\"289\" data-end=\"401\">\n<p data-start=\"291\" data-end=\"401\"><strong data-start=\"291\" data-end=\"326\">Embalaje y personalizaci\u00f3n del logotipo:<\/strong> Admite logotipo personalizado en el envase; elija caja de PET, caja de PVC o caja de regalo<\/p>\n<\/li>\n<\/ul>","protected":false},"featured_media":742,"comment_status":"closed","ping_status":"closed","template":"","meta":{"_acf_changed":false},"product_brand":[],"product_cat":[19],"product_tag":[],"class_list":{"0":"post-741","1":"product","2":"type-product","3":"status-publish","4":"has-post-thumbnail","6":"product_cat-wholesale-kids-dinnerware","8":"first","9":"instock","10":"shipping-taxable","11":"product-type-simple"},"acf":[],"_links":{"self":[{"href":"https:\/\/www.huashunware.com\/es\/wp-json\/wp\/v2\/product\/741","targetHints":{"allow":["GET"]}}],"collection":[{"href":"https:\/\/www.huashunware.com\/es\/wp-json\/wp\/v2\/product"}],"about":[{"href":"https:\/\/www.huashunware.com\/es\/wp-json\/wp\/v2\/types\/product"}],"replies":[{"embeddable":true,"href":"https:\/\/www.huashunware.com\/es\/wp-json\/wp\/v2\/comments?post=741"}],"wp:featuredmedia":[{"embeddable":true,"href":"https:\/\/www.huashunware.com\/es\/wp-json\/wp\/v2\/media\/742"}],"wp:attachment":[{"href":"https:\/\/www.huashunware.com\/es\/wp-json\/wp\/v2\/media?parent=741"}],"wp:term":[{"taxonomy":"product_brand","embeddable":true,"href":"https:\/\/www.huashunware.com\/es\/wp-json\/wp\/v2\/product_brand?post=741"},{"taxonomy":"product_cat","embeddable":true,"href":"https:\/\/www.huashunware.com\/es\/wp-json\/wp\/v2\/product_cat?post=741"},{"taxonomy":"product_tag","embeddable":true,"href":"https:\/\/www.huashunware.com\/es\/wp-json\/wp\/v2\/product_tag?post=741"}],"curies":[{"name":"wp","href":"https:\/\/api.w.org\/{rel}","templated":true}]}}