{"id":752,"date":"2025-10-15T06:59:00","date_gmt":"2025-10-15T06:48:16","guid":{"rendered":"https:\/\/www.huashunware.com\/?post_type=product&#038;p=752"},"modified":"2026-02-05T02:39:06","modified_gmt":"2026-02-05T02:39:06","slug":"wholesale-stainless-steel-flatware-sets-with-clip-handle","status":"publish","type":"product","link":"https:\/\/www.huashunware.com\/es\/producto\/wholesale-stainless-steel-flatware-sets-with-clip-handle\/","title":{"rendered":"Mayorista Cubiertos de Acero Inoxidable con Mango de Clip"},"content":{"rendered":"<div class=\"wp-block-columns is-layout-flex wp-container-core-columns-is-layout-9d6595d7 wp-block-columns-is-layout-flex\">\n<div class=\"wp-block-column is-layout-flow wp-block-column-is-layout-flow\">\n<h2 class=\"wp-block-heading\">Venta al por mayor juegos de cubiertos de acero inoxidable Caracter\u00edsticas:<\/h2>\n\n\n\n<p><strong>Innovador dise\u00f1o de orificio para colgar<\/strong> Cuenta con un funcional orificio para colgar en el extremo de cada asa, perfecto para el almacenamiento organizado, el secado r\u00e1pido y la exposici\u00f3n creativa en tiendas.<\/p>\n\n\n\n<p><strong>Acabado vibrante de alto brillo<\/strong> Las asas est\u00e1n acabadas con un revestimiento brillante de primera calidad que proporciona una superficie lisa y resistente a las manchas y una est\u00e9tica moderna y pulida.<\/p>\n\n\n\n<p><strong>Acero inoxidable 18\/0 Precisi\u00f3n<\/strong> Fabricado con acero inoxidable 18\/0 de alta calidad, el juego es resistente a la oxidaci\u00f3n, duradero y mantiene un brillo de espejo.<\/p>\n\n\n\n<p><strong>Caja de regalo de 24 piezas lista para la estanter\u00eda<\/strong> Se presenta en un estuche profesional \"Set 24 Pezzi\", dise\u00f1ado espec\u00edficamente para las cadenas de distribuci\u00f3n europeas y los requisitos de exposici\u00f3n de los supermercados.<\/p>\n\n\n\n<p><strong>Ergonom\u00eda Comfort-Grip<\/strong> La forma ligera y aerodin\u00e1mica del mango est\u00e1 dise\u00f1ada para ofrecer una sensaci\u00f3n equilibrada, por lo que resulta ideal tanto para las comidas familiares cotidianas como para los servicios de catering.<\/p>\n\n\n\n<p><strong>Soluciones OEM\/ODM directas de f\u00e1brica<\/strong> Los colores de las asas y las opciones de marca grabadas con l\u00e1ser son totalmente personalizables, lo que le permite adaptar los juegos a las tendencias de su mercado local.<\/p>\n<\/div>\n\n\n\n<div class=\"wp-block-column is-vertically-aligned-center is-layout-flow wp-block-column-is-layout-flow\">\n<figure class=\"wp-block-image size-full is-resized\"><img decoding=\"async\" width=\"3686\" height=\"3686\" src=\"https:\/\/www.huashunware.com\/wp-content\/uploads\/2025\/10\/Wholesale-Stainless-Steel-Flatware-Sets-with-Clip-Handle-1.webp\" alt=\"Mayorista Cubiertos de Acero Inoxidable con Mango de Clip\" class=\"wp-image-1291\" style=\"width:261px;height:auto\" srcset=\"https:\/\/www.huashunware.com\/wp-content\/uploads\/2025\/10\/Wholesale-Stainless-Steel-Flatware-Sets-with-Clip-Handle-1.webp 3686w, https:\/\/www.huashunware.com\/wp-content\/uploads\/2025\/10\/Wholesale-Stainless-Steel-Flatware-Sets-with-Clip-Handle-1-300x300.webp 300w, https:\/\/www.huashunware.com\/wp-content\/uploads\/2025\/10\/Wholesale-Stainless-Steel-Flatware-Sets-with-Clip-Handle-1-150x150.webp 150w, https:\/\/www.huashunware.com\/wp-content\/uploads\/2025\/10\/Wholesale-Stainless-Steel-Flatware-Sets-with-Clip-Handle-1-768x768.webp 768w, https:\/\/www.huashunware.com\/wp-content\/uploads\/2025\/10\/Wholesale-Stainless-Steel-Flatware-Sets-with-Clip-Handle-1-12x12.webp 12w, https:\/\/www.huashunware.com\/wp-content\/uploads\/2025\/10\/Wholesale-Stainless-Steel-Flatware-Sets-with-Clip-Handle-1-1200x1200.webp 1200w, https:\/\/www.huashunware.com\/wp-content\/uploads\/2025\/10\/Wholesale-Stainless-Steel-Flatware-Sets-with-Clip-Handle-1-600x600.webp 600w, https:\/\/www.huashunware.com\/wp-content\/uploads\/2025\/10\/Wholesale-Stainless-Steel-Flatware-Sets-with-Clip-Handle-1-100x100.webp 100w\" sizes=\"(max-width: 3686px) 100vw, 3686px\" \/><\/figure>\n\n\n\n<figure class=\"wp-block-image size-full is-resized\"><img decoding=\"async\" width=\"3072\" height=\"3072\" src=\"https:\/\/www.huashunware.com\/wp-content\/uploads\/2025\/10\/Wholesale-Stainless-Steel-Flatware-Sets-with-Clip-Handle1.webp\" alt=\"Mayorista Cubiertos de Acero Inoxidable con Mango de Clip1\" class=\"wp-image-753\" style=\"width:264px;height:auto\" srcset=\"https:\/\/www.huashunware.com\/wp-content\/uploads\/2025\/10\/Wholesale-Stainless-Steel-Flatware-Sets-with-Clip-Handle1.webp 3072w, https:\/\/www.huashunware.com\/wp-content\/uploads\/2025\/10\/Wholesale-Stainless-Steel-Flatware-Sets-with-Clip-Handle1-300x300.webp 300w, https:\/\/www.huashunware.com\/wp-content\/uploads\/2025\/10\/Wholesale-Stainless-Steel-Flatware-Sets-with-Clip-Handle1-150x150.webp 150w, https:\/\/www.huashunware.com\/wp-content\/uploads\/2025\/10\/Wholesale-Stainless-Steel-Flatware-Sets-with-Clip-Handle1-768x768.webp 768w, https:\/\/www.huashunware.com\/wp-content\/uploads\/2025\/10\/Wholesale-Stainless-Steel-Flatware-Sets-with-Clip-Handle1-12x12.webp 12w, https:\/\/www.huashunware.com\/wp-content\/uploads\/2025\/10\/Wholesale-Stainless-Steel-Flatware-Sets-with-Clip-Handle1-1200x1200.webp 1200w, https:\/\/www.huashunware.com\/wp-content\/uploads\/2025\/10\/Wholesale-Stainless-Steel-Flatware-Sets-with-Clip-Handle1-600x600.webp 600w, https:\/\/www.huashunware.com\/wp-content\/uploads\/2025\/10\/Wholesale-Stainless-Steel-Flatware-Sets-with-Clip-Handle1-100x100.webp 100w\" sizes=\"(max-width: 3072px) 100vw, 3072px\" \/><\/figure>\n<\/div>\n<\/div>","protected":false},"excerpt":{"rendered":"<p>Los juegos de cubiertos de acero inoxidable al por mayor con mango de clip combinan dise\u00f1o atemporal, calidad superior y flexibilidad. Perfecto para ventas en l\u00ednea y locales, este elegante juego ofrece durabilidad y estilo duraderos.<\/p>\n<h2 class=\"brxe-product-title\">Mayorista Cubiertos de Acero Inoxidable Atributos:<\/h2>\n<table>\n<thead>\n<tr>\n<th>Art\u00edculo<\/th>\n<th>Peso<\/th>\n<th>Tama\u00f1o (cm) (L \u00d7 A)<\/th>\n<th>Espesor<\/th>\n<\/tr>\n<\/thead>\n<tbody>\n<tr>\n<td>Cuchillo<\/td>\n<td>27 g<\/td>\n<td>22 \u00d7 1.4<\/td>\n<td>2 mm<\/td>\n<\/tr>\n<tr>\n<td>Horquilla<\/td>\n<td>30 g<\/td>\n<td>21.5 \u00d7 2.5<\/td>\n<td>2 mm<\/td>\n<\/tr>\n<tr>\n<td>Cuchara<\/td>\n<td>36.5 g<\/td>\n<td>20.5 \u00d7 4.6<\/td>\n<td>2 mm<\/td>\n<\/tr>\n<tr>\n<td>Cucharilla<\/td>\n<td>19 g<\/td>\n<td>14.5 \u00d7 3.2<\/td>\n<td>2 mm<\/td>\n<\/tr>\n<\/tbody>\n<\/table>\n<h2>Juegos de cubiertos de acero inoxidable personalizados\uff1a<\/h2>\n<ul>\n<li data-start=\"43\" data-end=\"121\"><strong data-start=\"43\" data-end=\"59\">Muestra gratis:<\/strong> Puede solicitar una muestra gratuita antes de hacer un pedido al por mayor.<\/li>\n<li data-start=\"123\" data-end=\"277\"><strong data-start=\"123\" data-end=\"158\">Embalaje y personalizaci\u00f3n del logotipo:<\/strong> Admitimos logotipos personalizados en el envase y ofrecemos distintas opciones de embalaje, como caja de PET, caja de PVC o caja de regalo.<\/li>\n<li data-start=\"279\" data-end=\"386\"><strong data-start=\"279\" data-end=\"306\">Logotipo en metal y asa:<\/strong> Se aceptan logotipos grabados con l\u00e1ser o en el metal, y logotipos impresos en el asa.<\/li>\n<li data-start=\"388\" data-end=\"485\"><strong data-start=\"388\" data-end=\"422\">Opciones de acabado y color del asa:<\/strong> Aceptamos chapado en oro o colores de asa personalizados seg\u00fan se requiera.<\/li>\n<\/ul>","protected":false},"featured_media":754,"comment_status":"closed","ping_status":"closed","template":"","meta":{"_acf_changed":false},"product_brand":[],"product_cat":[18,26],"product_tag":[],"class_list":{"0":"post-752","1":"product","2":"type-product","3":"status-publish","4":"has-post-thumbnail","6":"product_cat-cutlery-set-wholesale","7":"product_cat-plastic-handle-flatware-set","9":"first","10":"instock","11":"shipping-taxable","12":"product-type-simple"},"acf":[],"_links":{"self":[{"href":"https:\/\/www.huashunware.com\/es\/wp-json\/wp\/v2\/product\/752","targetHints":{"allow":["GET"]}}],"collection":[{"href":"https:\/\/www.huashunware.com\/es\/wp-json\/wp\/v2\/product"}],"about":[{"href":"https:\/\/www.huashunware.com\/es\/wp-json\/wp\/v2\/types\/product"}],"replies":[{"embeddable":true,"href":"https:\/\/www.huashunware.com\/es\/wp-json\/wp\/v2\/comments?post=752"}],"wp:featuredmedia":[{"embeddable":true,"href":"https:\/\/www.huashunware.com\/es\/wp-json\/wp\/v2\/media\/754"}],"wp:attachment":[{"href":"https:\/\/www.huashunware.com\/es\/wp-json\/wp\/v2\/media?parent=752"}],"wp:term":[{"taxonomy":"product_brand","embeddable":true,"href":"https:\/\/www.huashunware.com\/es\/wp-json\/wp\/v2\/product_brand?post=752"},{"taxonomy":"product_cat","embeddable":true,"href":"https:\/\/www.huashunware.com\/es\/wp-json\/wp\/v2\/product_cat?post=752"},{"taxonomy":"product_tag","embeddable":true,"href":"https:\/\/www.huashunware.com\/es\/wp-json\/wp\/v2\/product_tag?post=752"}],"curies":[{"name":"wp","href":"https:\/\/api.w.org\/{rel}","templated":true}]}}