{"id":758,"date":"2025-10-15T07:32:00","date_gmt":"2025-10-15T07:20:48","guid":{"rendered":"https:\/\/www.huashunware.com\/?post_type=product&#038;p=758"},"modified":"2026-02-05T02:25:12","modified_gmt":"2026-02-05T02:25:12","slug":"wholesale-18-10-cutlery-set-stainless-steel-factory-price","status":"publish","type":"product","link":"https:\/\/www.huashunware.com\/es\/producto\/wholesale-18-10-cutlery-set-stainless-steel-factory-price\/","title":{"rendered":"Mayorista 18\/0 Cubiertos Acero Inoxidable Precio de F\u00e1brica"},"content":{"rendered":"<div class=\"wp-block-columns is-layout-flex wp-container-core-columns-is-layout-9d6595d7 wp-block-columns-is-layout-flex\">\n<div class=\"wp-block-column is-layout-flow wp-block-column-is-layout-flow\">\n<h2 class=\"wp-block-heading\">Juego de cubiertos 18\/0 al por mayor Caracter\u00edsticas:<\/h2>\n\n\n\n<p><strong>Consistencia de acero industrial 18\/0<\/strong> Fabricados en acero inoxidable 18\/0 de primera calidad con un grosor y un peso estrictamente controlados (por ejemplo, la cuchara de mesa tiene 2,0 mm\/26 g), lo que garantiza una calidad uniforme en todos los env\u00edos a granel.<\/p>\n\n\n\n<p><strong>Elegante est\u00e9tica mate \"Soft-Touch<\/strong> Los tiradores presentan un sofisticado acabado p\u00farpura mate, que ofrece un aspecto contempor\u00e1neo de \"tacto suave\" que eleva la cuberter\u00eda est\u00e1ndar a una colecci\u00f3n de dise\u00f1o de alta gama.<\/p>\n\n\n\n<p><strong>P\u00faas y cuchillas espejadas de precisi\u00f3n<\/strong> M\u00e1s all\u00e1 de un simple brillo, nuestros cabezales pulidos a espejo presentan p\u00faas de tenedor meticulosamente redondeadas y filos de cuchillo afilados y dentados para un rendimiento de nivel profesional.<\/p>\n\n\n\n<p><strong>Caja compacta \"Display-Ready\" de 24 piezas<\/strong> Dise\u00f1ada para ofrecer la m\u00e1xima eficacia en el lineal, la caja de 24 unidades cuenta con una ventana de visualizaci\u00f3n extragrande que permite que el acabado de primera calidad del producto se venda por s\u00ed solo.<\/p>\n\n\n\n<p><strong>Encolado de asas resistente al calor<\/strong> Nuestro proceso de uni\u00f3n especializado garantiza que las asas de color permanezcan s\u00f3lidas como una roca y resistentes a la decoloraci\u00f3n, incluso cuando se someten al vapor a alta temperatura de los lavavajillas comerciales.<\/p>\n\n\n\n<p><strong>Capacidad OEM de f\u00e1brica a escala completa<\/strong> Aproveche las l\u00edneas de producci\u00f3n de Huashun para una personalizaci\u00f3n total: desde el grabado por l\u00e1ser de su logotipo en el acero 18\/0 hasta la creaci\u00f3n de colores de mango a medida para promociones de temporada.<\/p>\n<\/div>\n\n\n\n<div class=\"wp-block-column is-vertically-aligned-center is-layout-flow wp-block-column-is-layout-flow\">\n<figure class=\"wp-block-image size-full is-resized\"><img decoding=\"async\" width=\"3686\" height=\"3686\" src=\"https:\/\/www.huashunware.com\/wp-content\/uploads\/2025\/10\/Wholesale-180-Cutlery-Set-Stainless-Steel-Factory-Price-1.webp\" alt=\"Mayorista 18:0 Cubiertos Acero Inoxidable Precio de F\u00e1brica\" class=\"wp-image-1288\" style=\"width:261px;height:auto\" srcset=\"https:\/\/www.huashunware.com\/wp-content\/uploads\/2025\/10\/Wholesale-180-Cutlery-Set-Stainless-Steel-Factory-Price-1.webp 3686w, https:\/\/www.huashunware.com\/wp-content\/uploads\/2025\/10\/Wholesale-180-Cutlery-Set-Stainless-Steel-Factory-Price-1-300x300.webp 300w, https:\/\/www.huashunware.com\/wp-content\/uploads\/2025\/10\/Wholesale-180-Cutlery-Set-Stainless-Steel-Factory-Price-1-150x150.webp 150w, https:\/\/www.huashunware.com\/wp-content\/uploads\/2025\/10\/Wholesale-180-Cutlery-Set-Stainless-Steel-Factory-Price-1-768x768.webp 768w, https:\/\/www.huashunware.com\/wp-content\/uploads\/2025\/10\/Wholesale-180-Cutlery-Set-Stainless-Steel-Factory-Price-1-12x12.webp 12w, https:\/\/www.huashunware.com\/wp-content\/uploads\/2025\/10\/Wholesale-180-Cutlery-Set-Stainless-Steel-Factory-Price-1-1200x1200.webp 1200w, https:\/\/www.huashunware.com\/wp-content\/uploads\/2025\/10\/Wholesale-180-Cutlery-Set-Stainless-Steel-Factory-Price-1-600x600.webp 600w, https:\/\/www.huashunware.com\/wp-content\/uploads\/2025\/10\/Wholesale-180-Cutlery-Set-Stainless-Steel-Factory-Price-1-100x100.webp 100w\" sizes=\"(max-width: 3686px) 100vw, 3686px\" \/><\/figure>\n\n\n\n<figure class=\"wp-block-image size-full is-resized\"><img decoding=\"async\" width=\"3072\" height=\"3072\" src=\"https:\/\/www.huashunware.com\/wp-content\/uploads\/2025\/10\/Wholesale-1810-Cutlery-Set3.webp\" alt=\"Juego de cubiertos 18\/0 al por mayor3\" class=\"wp-image-761\" style=\"width:264px;height:auto\" srcset=\"https:\/\/www.huashunware.com\/wp-content\/uploads\/2025\/10\/Wholesale-1810-Cutlery-Set3.webp 3072w, https:\/\/www.huashunware.com\/wp-content\/uploads\/2025\/10\/Wholesale-1810-Cutlery-Set3-300x300.webp 300w, https:\/\/www.huashunware.com\/wp-content\/uploads\/2025\/10\/Wholesale-1810-Cutlery-Set3-150x150.webp 150w, https:\/\/www.huashunware.com\/wp-content\/uploads\/2025\/10\/Wholesale-1810-Cutlery-Set3-768x768.webp 768w, https:\/\/www.huashunware.com\/wp-content\/uploads\/2025\/10\/Wholesale-1810-Cutlery-Set3-12x12.webp 12w, https:\/\/www.huashunware.com\/wp-content\/uploads\/2025\/10\/Wholesale-1810-Cutlery-Set3-1200x1200.webp 1200w, https:\/\/www.huashunware.com\/wp-content\/uploads\/2025\/10\/Wholesale-1810-Cutlery-Set3-600x600.webp 600w, https:\/\/www.huashunware.com\/wp-content\/uploads\/2025\/10\/Wholesale-1810-Cutlery-Set3-100x100.webp 100w\" sizes=\"(max-width: 3072px) 100vw, 3072px\" \/><\/figure>\n<\/div>\n<\/div>\n\n\n\n<p><\/p>","protected":false},"excerpt":{"rendered":"<p>Mayorista 18\/0 cubiertos de acero inoxidable precio de f\u00e1brica ofrece una calidad duradera, dise\u00f1o elegante, y el valor inmejorable. Con un mango c\u00f3modo, amplio y construcci\u00f3n de acero inoxidable de primera calidad, es perfecto para cualquier entorno de comedor.<\/p>\n<h2>Mayorista Juego de cubiertos 18\/0 Atributos:<\/h2>\n<table>\n<thead>\n<tr>\n<th>Art\u00edculo<\/th>\n<th>Peso<\/th>\n<th>Tama\u00f1o (cm) (L \u00d7 A)<\/th>\n<th>Espesor<\/th>\n<\/tr>\n<\/thead>\n<tbody>\n<tr>\n<td>Cuchillo<\/td>\n<td>25.5 g<\/td>\n<td>22 \u00d7 1.7<\/td>\n<td>2 mm<\/td>\n<\/tr>\n<tr>\n<td>Horquilla<\/td>\n<td>26.5 g<\/td>\n<td>19.5 \u00d7 2.4<\/td>\n<td>2 mm<\/td>\n<\/tr>\n<tr>\n<td>Cuchara<\/td>\n<td>35 g<\/td>\n<td>20 \u00d7 4<\/td>\n<td>2 mm<\/td>\n<\/tr>\n<tr>\n<td>Cucharilla<\/td>\n<td>-<\/td>\n<td>14 \u00d7 2.3<\/td>\n<td>2 mm<\/td>\n<\/tr>\n<\/tbody>\n<\/table>\n<h2>Juego de cubiertos personalizados 18\/0\uff1a<\/h2>\n<ul>\n<li data-start=\"43\" data-end=\"121\"><strong data-start=\"43\" data-end=\"59\">Muestra gratis:<\/strong> Puede disponer de una muestra gratuita antes de hacer un pedido al por mayor.<\/li>\n<li data-start=\"123\" data-end=\"277\"><strong data-start=\"123\" data-end=\"158\">Embalaje y personalizaci\u00f3n del logotipo:<\/strong> Admitimos logotipos personalizados en el envase y ofrecemos distintas opciones de embalaje, como caja de PET, caja de PVC o caja de regalo.<\/li>\n<li data-start=\"279\" data-end=\"386\"><strong data-start=\"279\" data-end=\"306\">Logotipo en metal y asa:<\/strong> Se aceptan logotipos grabados con l\u00e1ser o en el metal, y logotipos impresos en el asa.<\/li>\n<li data-start=\"388\" data-end=\"485\"><strong data-start=\"388\" data-end=\"422\">Opciones de acabado y color del asa:<\/strong> Aceptamos chapado en oro o colores de asa personalizados seg\u00fan se requiera.<\/li>\n<\/ul>","protected":false},"featured_media":759,"comment_status":"closed","ping_status":"closed","template":"","meta":{"_acf_changed":true},"product_brand":[],"product_cat":[18,26],"product_tag":[],"class_list":{"0":"post-758","1":"product","2":"type-product","3":"status-publish","4":"has-post-thumbnail","6":"product_cat-cutlery-set-wholesale","7":"product_cat-plastic-handle-flatware-set","9":"first","10":"instock","11":"shipping-taxable","12":"product-type-simple"},"acf":[],"_links":{"self":[{"href":"https:\/\/www.huashunware.com\/es\/wp-json\/wp\/v2\/product\/758","targetHints":{"allow":["GET"]}}],"collection":[{"href":"https:\/\/www.huashunware.com\/es\/wp-json\/wp\/v2\/product"}],"about":[{"href":"https:\/\/www.huashunware.com\/es\/wp-json\/wp\/v2\/types\/product"}],"replies":[{"embeddable":true,"href":"https:\/\/www.huashunware.com\/es\/wp-json\/wp\/v2\/comments?post=758"}],"wp:featuredmedia":[{"embeddable":true,"href":"https:\/\/www.huashunware.com\/es\/wp-json\/wp\/v2\/media\/759"}],"wp:attachment":[{"href":"https:\/\/www.huashunware.com\/es\/wp-json\/wp\/v2\/media?parent=758"}],"wp:term":[{"taxonomy":"product_brand","embeddable":true,"href":"https:\/\/www.huashunware.com\/es\/wp-json\/wp\/v2\/product_brand?post=758"},{"taxonomy":"product_cat","embeddable":true,"href":"https:\/\/www.huashunware.com\/es\/wp-json\/wp\/v2\/product_cat?post=758"},{"taxonomy":"product_tag","embeddable":true,"href":"https:\/\/www.huashunware.com\/es\/wp-json\/wp\/v2\/product_tag?post=758"}],"curies":[{"name":"wp","href":"https:\/\/api.w.org\/{rel}","templated":true}]}}