{"id":766,"date":"2025-10-15T08:24:54","date_gmt":"2025-10-15T08:14:16","guid":{"rendered":"https:\/\/www.huashunware.com\/?post_type=product&#038;p=766"},"modified":"2026-02-05T02:13:42","modified_gmt":"2026-02-05T02:13:42","slug":"wholesale-cutlery-set-stainless-steel-portuguese-flatware","status":"publish","type":"product","link":"https:\/\/www.huashunware.com\/es\/producto\/wholesale-cutlery-set-stainless-steel-portuguese-flatware\/","title":{"rendered":"Mayorista Juego De Cubiertos Fabricante | Huashun 24pc Cubiertos"},"content":{"rendered":"<div class=\"wp-block-columns is-layout-flex wp-container-core-columns-is-layout-9d6595d7 wp-block-columns-is-layout-flex\">\n<div class=\"wp-block-column is-layout-flow wp-block-column-is-layout-flow\">\n<h2 class=\"wp-block-heading\">Juego de cubiertos al por mayor Caracter\u00edsticas:<\/h2>\n\n\n\n<p><strong>Acero inoxidable 18\/0 de primera calidad<\/strong> Fabricados en acero inoxidable 18\/0 de alta calidad, estos cubiertos son resistentes al \u00f3xido, duraderos y cumplen las normas internacionales de seguridad alimentaria.<\/p>\n\n\n\n<p><strong>Tiradores personalizados modernos mate<\/strong> presentan un elegante acabado mate en vivos colores (como el p\u00farpura elegante que se muestra), proporcionando un agarre c\u00f3modo y antideslizante tanto para uso dom\u00e9stico como comercial.<\/p>\n\n\n\n<p><strong>Pulido espejo de alto brillo<\/strong> Los cabezales est\u00e1n pulidos con precisi\u00f3n hasta conseguir un brillante acabado de espejo, lo que garantiza unos bordes suaves y redondeados para una experiencia gastron\u00f3mica segura y de lujo.<\/p>\n\n\n\n<p><strong>Caja de regalo de 24 unidades lista para la venta<\/strong> Cada <strong>Juego de cubiertos al por mayor<\/strong> se presenta en una caja expositora profesional de 24 piezas, optimizada para que resulte atractiva en los estantes y f\u00e1cil de transportar.<\/p>\n\n\n\n<p><strong>Duradero y apto para lavavajillas<\/strong> Dise\u00f1adas para soportar un uso diario intenso, las asas permanecen seguras y el acabado se mantiene pulido incluso despu\u00e9s de lavarlas a m\u00e1quina a alta temperatura.<\/p>\n\n\n\n<p><strong>Soluciones completas de OEM y personalizaci\u00f3n<\/strong> Admitimos colores Pantone personalizados, logotipos grabados con l\u00e1ser y envases a medida para ayudarle a crear una marca \u00fanica en su mercado local.<\/p>\n<\/div>\n\n\n\n<div class=\"wp-block-column is-vertically-aligned-center is-layout-flow wp-block-column-is-layout-flow\">\n<figure class=\"wp-block-image size-full is-resized\"><img decoding=\"async\" width=\"1536\" height=\"1536\" src=\"https:\/\/www.huashunware.com\/wp-content\/uploads\/2025\/10\/Wholesale-Cutlery-Set-Stainless-Steel-Gold-Cutlery-Wholesale1.webp\" alt=\"Mayorista Juego de Cubiertos de Acero Inoxidable Cubiertos de Oro al por mayor1\" class=\"wp-image-1212\" style=\"width:261px;height:auto\" srcset=\"https:\/\/www.huashunware.com\/wp-content\/uploads\/2025\/10\/Wholesale-Cutlery-Set-Stainless-Steel-Gold-Cutlery-Wholesale1.webp 1536w, https:\/\/www.huashunware.com\/wp-content\/uploads\/2025\/10\/Wholesale-Cutlery-Set-Stainless-Steel-Gold-Cutlery-Wholesale1-300x300.webp 300w, https:\/\/www.huashunware.com\/wp-content\/uploads\/2025\/10\/Wholesale-Cutlery-Set-Stainless-Steel-Gold-Cutlery-Wholesale1-150x150.webp 150w, https:\/\/www.huashunware.com\/wp-content\/uploads\/2025\/10\/Wholesale-Cutlery-Set-Stainless-Steel-Gold-Cutlery-Wholesale1-768x768.webp 768w, https:\/\/www.huashunware.com\/wp-content\/uploads\/2025\/10\/Wholesale-Cutlery-Set-Stainless-Steel-Gold-Cutlery-Wholesale1-12x12.webp 12w, https:\/\/www.huashunware.com\/wp-content\/uploads\/2025\/10\/Wholesale-Cutlery-Set-Stainless-Steel-Gold-Cutlery-Wholesale1-1200x1200.webp 1200w, https:\/\/www.huashunware.com\/wp-content\/uploads\/2025\/10\/Wholesale-Cutlery-Set-Stainless-Steel-Gold-Cutlery-Wholesale1-600x600.webp 600w, https:\/\/www.huashunware.com\/wp-content\/uploads\/2025\/10\/Wholesale-Cutlery-Set-Stainless-Steel-Gold-Cutlery-Wholesale1-100x100.webp 100w\" sizes=\"(max-width: 1536px) 100vw, 1536px\" \/><\/figure>\n\n\n\n<figure class=\"wp-block-image size-full is-resized\"><img decoding=\"async\" width=\"3072\" height=\"3072\" src=\"https:\/\/www.huashunware.com\/wp-content\/uploads\/2025\/10\/Wholesale-Cutlery-Set-Stainless-Steel-Portuguese-Flatware2.webp\" alt=\"Mayorista Juego de Cubiertos Acero Inoxidable Cubiertos Portugueses2\" class=\"wp-image-768\" style=\"width:264px;height:auto\" srcset=\"https:\/\/www.huashunware.com\/wp-content\/uploads\/2025\/10\/Wholesale-Cutlery-Set-Stainless-Steel-Portuguese-Flatware2.webp 3072w, https:\/\/www.huashunware.com\/wp-content\/uploads\/2025\/10\/Wholesale-Cutlery-Set-Stainless-Steel-Portuguese-Flatware2-300x300.webp 300w, https:\/\/www.huashunware.com\/wp-content\/uploads\/2025\/10\/Wholesale-Cutlery-Set-Stainless-Steel-Portuguese-Flatware2-150x150.webp 150w, https:\/\/www.huashunware.com\/wp-content\/uploads\/2025\/10\/Wholesale-Cutlery-Set-Stainless-Steel-Portuguese-Flatware2-768x768.webp 768w, https:\/\/www.huashunware.com\/wp-content\/uploads\/2025\/10\/Wholesale-Cutlery-Set-Stainless-Steel-Portuguese-Flatware2-12x12.webp 12w, https:\/\/www.huashunware.com\/wp-content\/uploads\/2025\/10\/Wholesale-Cutlery-Set-Stainless-Steel-Portuguese-Flatware2-1200x1200.webp 1200w, https:\/\/www.huashunware.com\/wp-content\/uploads\/2025\/10\/Wholesale-Cutlery-Set-Stainless-Steel-Portuguese-Flatware2-600x600.webp 600w, https:\/\/www.huashunware.com\/wp-content\/uploads\/2025\/10\/Wholesale-Cutlery-Set-Stainless-Steel-Portuguese-Flatware2-100x100.webp 100w\" sizes=\"(max-width: 3072px) 100vw, 3072px\" \/><\/figure>\n<\/div>\n<\/div>","protected":false},"excerpt":{"rendered":"<p>Juego de cubiertos al por mayor de acero inoxidable Los cubiertos portugueses presentan un dise\u00f1o atemporal que ha sido uno de los favoritos del mercado durante m\u00e1s de cinco a\u00f1os. Hecho a mano de acero inoxidable duradero con un acabado pulido, ofrece elegancia, comodidad y calidad duradera - una excelente opci\u00f3n para la distribuci\u00f3n al por mayor o al por menor.<\/p>\n<h2>Juego de cubiertos al por mayor Atributos:<\/h2>\n<table>\n<thead>\n<tr>\n<th>Art\u00edculo<\/th>\n<th>Peso<\/th>\n<th>Tama\u00f1o (cm) (L \u00d7 A)<\/th>\n<\/tr>\n<\/thead>\n<tbody>\n<tr>\n<td>Cuchillo<\/td>\n<td>40 g<\/td>\n<td>22 \u00d7 1.5<\/td>\n<\/tr>\n<tr>\n<td>Cuchara<\/td>\n<td>44 g<\/td>\n<td>21 \u00d7 5<\/td>\n<\/tr>\n<tr>\n<td>Horquilla<\/td>\n<td>32 g<\/td>\n<td>21.5 \u00d7 2.6<\/td>\n<\/tr>\n<tr>\n<td>Cucharilla<\/td>\n<td>15 g<\/td>\n<td>13 \u00d7 3<\/td>\n<\/tr>\n<\/tbody>\n<\/table>\n<h2>Juego de cubiertos personalizados\uff1a<\/h2>\n<ul>\n<li><strong data-start=\"40\" data-end=\"56\">Muestra gratis:<\/strong> Puede disponer de una muestra gratuita.<\/li>\n<li><strong data-start=\"91\" data-end=\"126\">Embalaje y personalizaci\u00f3n del logotipo:<\/strong> Admitimos logotipos personalizados en el envase y ofrecemos distintas opciones de embalaje, como una caja de PET, una caja de PVC o una caja de regalo.<\/li>\n<li><strong data-start=\"246\" data-end=\"266\" data-is-only-node=\"\">Logotipo en el producto:<\/strong> Se aceptan logotipos grabados o con l\u00e1ser.<\/li>\n<\/ul>","protected":false},"featured_media":881,"comment_status":"closed","ping_status":"closed","template":"","meta":{"_acf_changed":true},"product_brand":[],"product_cat":[18,27],"product_tag":[],"class_list":{"0":"post-766","1":"product","2":"type-product","3":"status-publish","4":"has-post-thumbnail","6":"product_cat-cutlery-set-wholesale","7":"product_cat-stainless-steel-flatware-set","9":"first","10":"instock","11":"shipping-taxable","12":"product-type-simple"},"acf":[],"_links":{"self":[{"href":"https:\/\/www.huashunware.com\/es\/wp-json\/wp\/v2\/product\/766","targetHints":{"allow":["GET"]}}],"collection":[{"href":"https:\/\/www.huashunware.com\/es\/wp-json\/wp\/v2\/product"}],"about":[{"href":"https:\/\/www.huashunware.com\/es\/wp-json\/wp\/v2\/types\/product"}],"replies":[{"embeddable":true,"href":"https:\/\/www.huashunware.com\/es\/wp-json\/wp\/v2\/comments?post=766"}],"wp:featuredmedia":[{"embeddable":true,"href":"https:\/\/www.huashunware.com\/es\/wp-json\/wp\/v2\/media\/881"}],"wp:attachment":[{"href":"https:\/\/www.huashunware.com\/es\/wp-json\/wp\/v2\/media?parent=766"}],"wp:term":[{"taxonomy":"product_brand","embeddable":true,"href":"https:\/\/www.huashunware.com\/es\/wp-json\/wp\/v2\/product_brand?post=766"},{"taxonomy":"product_cat","embeddable":true,"href":"https:\/\/www.huashunware.com\/es\/wp-json\/wp\/v2\/product_cat?post=766"},{"taxonomy":"product_tag","embeddable":true,"href":"https:\/\/www.huashunware.com\/es\/wp-json\/wp\/v2\/product_tag?post=766"}],"curies":[{"name":"wp","href":"https:\/\/api.w.org\/{rel}","templated":true}]}}