{"id":771,"date":"2025-10-15T09:06:35","date_gmt":"2025-10-15T08:55:11","guid":{"rendered":"https:\/\/www.huashunware.com\/?post_type=product&#038;p=771"},"modified":"2026-02-04T02:39:57","modified_gmt":"2026-02-04T02:39:57","slug":"wholesale-quality-flatware-wooden-grain-flatware-set-custom","status":"publish","type":"product","link":"https:\/\/www.huashunware.com\/es\/producto\/wholesale-quality-flatware-wooden-grain-flatware-set-custom\/","title":{"rendered":"Mayorista de Cubiertos de Calidad, Cubiertos de Madera de Grano Juego Personalizado"},"content":{"rendered":"<div class=\"wp-block-columns is-layout-flex wp-container-core-columns-is-layout-9d6595d7 wp-block-columns-is-layout-flex\">\n<div class=\"wp-block-column is-layout-flow wp-block-column-is-layout-flow\">\n<h2 class=\"wp-block-heading\">Cubiertos de calidad al por mayor Caracter\u00edsticas:<\/h2>\n\n\n\n<p><strong>Construcci\u00f3n de acero inoxidable refinado<\/strong> Fabricado en acero inoxidable de primera calidad, este juego ofrece una combinaci\u00f3n perfecta de solidez y resistencia a la oxidaci\u00f3n, ideal para aplicaciones dom\u00e9sticas y comerciales.<\/p>\n\n\n\n<p><strong>Tiradores personalizados modernos mate<\/strong> presentan un elegante acabado mate en vibrantes colores personalizados con un tacto c\u00f3modo y suave, que a\u00f1ade sofisticaci\u00f3n a cualquier mesa.<\/p>\n\n\n\n<p><strong>Superficie pulida a espejo de alto brillo<\/strong> Los cabezales est\u00e1n pulidos con precisi\u00f3n hasta conseguir un brillante acabado de espejo, lo que garantiza unos bordes de seguridad redondeados y una experiencia gastron\u00f3mica de lujo.<\/p>\n\n\n\n<p><strong>Duradero y apto para lavavajillas comercial<\/strong> Dise\u00f1ados para soportar un uso diario intenso, nuestros cubiertos mantienen el color vibrante de sus mangos y un brillo pulido incluso despu\u00e9s de lavarlos a m\u00e1quina.<\/p>\n\n\n\n<p><strong>Soluciones completas de OEM y marca<\/strong> Ofrecemos un servicio integral de personalizaci\u00f3n, que incluye logotipos grabados con l\u00e1ser, colores Pantone personalizados para las asas y embalajes a medida para realzar su marca.<\/p>\n<\/div>\n\n\n\n<div class=\"wp-block-column is-layout-flow wp-block-column-is-layout-flow\">\n<figure class=\"wp-block-image size-full\"><img decoding=\"async\" width=\"3686\" height=\"3686\" src=\"https:\/\/www.huashunware.com\/wp-content\/uploads\/2025\/10\/Wholesale-Quality-Flatware-Wooden-Grain-Flatware-Set-Custom-1.webp\" alt=\"Mayorista de Cubiertos de Calidad, Cubiertos de Madera de Grano Juego Personalizado\" class=\"wp-image-1280\" srcset=\"https:\/\/www.huashunware.com\/wp-content\/uploads\/2025\/10\/Wholesale-Quality-Flatware-Wooden-Grain-Flatware-Set-Custom-1.webp 3686w, https:\/\/www.huashunware.com\/wp-content\/uploads\/2025\/10\/Wholesale-Quality-Flatware-Wooden-Grain-Flatware-Set-Custom-1-300x300.webp 300w, https:\/\/www.huashunware.com\/wp-content\/uploads\/2025\/10\/Wholesale-Quality-Flatware-Wooden-Grain-Flatware-Set-Custom-1-150x150.webp 150w, https:\/\/www.huashunware.com\/wp-content\/uploads\/2025\/10\/Wholesale-Quality-Flatware-Wooden-Grain-Flatware-Set-Custom-1-768x768.webp 768w, https:\/\/www.huashunware.com\/wp-content\/uploads\/2025\/10\/Wholesale-Quality-Flatware-Wooden-Grain-Flatware-Set-Custom-1-12x12.webp 12w, https:\/\/www.huashunware.com\/wp-content\/uploads\/2025\/10\/Wholesale-Quality-Flatware-Wooden-Grain-Flatware-Set-Custom-1-1200x1200.webp 1200w, https:\/\/www.huashunware.com\/wp-content\/uploads\/2025\/10\/Wholesale-Quality-Flatware-Wooden-Grain-Flatware-Set-Custom-1-600x600.webp 600w, https:\/\/www.huashunware.com\/wp-content\/uploads\/2025\/10\/Wholesale-Quality-Flatware-Wooden-Grain-Flatware-Set-Custom-1-100x100.webp 100w\" sizes=\"(max-width: 3686px) 100vw, 3686px\" \/><\/figure>\n\n\n\n<figure class=\"wp-block-image size-full\"><img decoding=\"async\" width=\"3072\" height=\"3072\" src=\"https:\/\/www.huashunware.com\/wp-content\/uploads\/2025\/10\/Wholesale-Quality-Flatware-Wooden-Grain-Flatware-Set-Custom4.webp\" alt=\"Cubiertos de calidad al por mayor, cubiertos de madera de grano Set Custom4\" class=\"wp-image-775\" srcset=\"https:\/\/www.huashunware.com\/wp-content\/uploads\/2025\/10\/Wholesale-Quality-Flatware-Wooden-Grain-Flatware-Set-Custom4.webp 3072w, https:\/\/www.huashunware.com\/wp-content\/uploads\/2025\/10\/Wholesale-Quality-Flatware-Wooden-Grain-Flatware-Set-Custom4-300x300.webp 300w, https:\/\/www.huashunware.com\/wp-content\/uploads\/2025\/10\/Wholesale-Quality-Flatware-Wooden-Grain-Flatware-Set-Custom4-150x150.webp 150w, https:\/\/www.huashunware.com\/wp-content\/uploads\/2025\/10\/Wholesale-Quality-Flatware-Wooden-Grain-Flatware-Set-Custom4-768x768.webp 768w, https:\/\/www.huashunware.com\/wp-content\/uploads\/2025\/10\/Wholesale-Quality-Flatware-Wooden-Grain-Flatware-Set-Custom4-12x12.webp 12w, https:\/\/www.huashunware.com\/wp-content\/uploads\/2025\/10\/Wholesale-Quality-Flatware-Wooden-Grain-Flatware-Set-Custom4-1200x1200.webp 1200w, https:\/\/www.huashunware.com\/wp-content\/uploads\/2025\/10\/Wholesale-Quality-Flatware-Wooden-Grain-Flatware-Set-Custom4-600x600.webp 600w, https:\/\/www.huashunware.com\/wp-content\/uploads\/2025\/10\/Wholesale-Quality-Flatware-Wooden-Grain-Flatware-Set-Custom4-100x100.webp 100w\" sizes=\"(max-width: 3072px) 100vw, 3072px\" \/><\/figure>\n<\/div>\n<\/div>","protected":false},"excerpt":{"rendered":"<p>Cubiertos de calidad al por mayor, juego de cubiertos de madera de grano personalizado - Elegante, duradero y c\u00f3modo, este juego de cubiertos de madera de grano combina la elegancia con la practicidad para comer todos los d\u00edas.<\/p>\n<h2>Cubiertos de calidad al por mayor Atributos:<\/h2>\n<table>\n<thead>\n<tr>\n<th>Art\u00edculo<\/th>\n<th>Peso<\/th>\n<th>Longitud (cm)<\/th>\n<th>Anchura (cm)<\/th>\n<th>Espesor (mm)<\/th>\n<\/tr>\n<\/thead>\n<tbody>\n<tr>\n<td>Cuchillo<\/td>\n<td>36 g<\/td>\n<td>22<\/td>\n<td>1.7<\/td>\n<td>1.5<\/td>\n<\/tr>\n<tr>\n<td>Horquilla<\/td>\n<td>33 g<\/td>\n<td>20.5<\/td>\n<td>2.4<\/td>\n<td>1.5<\/td>\n<\/tr>\n<tr>\n<td>Cuchara<\/td>\n<td>39 g<\/td>\n<td>20.5<\/td>\n<td>4<\/td>\n<td>1.5<\/td>\n<\/tr>\n<tr>\n<td>Cucharilla<\/td>\n<td>32.5 g<\/td>\n<td>16<\/td>\n<td>3<\/td>\n<td>1.5<\/td>\n<\/tr>\n<\/tbody>\n<\/table>\n<h2>Cubiertos personalizados \uff1a<\/h2>\n<ul>\n<li><strong data-start=\"30\" data-end=\"46\">Muestra gratis:<\/strong> Si lo desea, puede obtener una muestra gratuita.<\/li>\n<li><strong data-start=\"81\" data-end=\"116\">Embalaje y personalizaci\u00f3n del logotipo:<\/strong> Admitimos logotipos personalizados en el envase y ofrecemos distintas opciones de embalaje, como caja de PET, caja de PVC o caja de regalo.<\/li>\n<li><strong data-start=\"238\" data-end=\"258\" data-is-only-node=\"\">Logotipo en el producto:<\/strong> Se aceptan logotipos grabados con l\u00e1ser o en metal y logotipos impresos en el asa.<\/li>\n<li><strong data-start=\"334\" data-end=\"368\">Opciones de acabado y color del asa:<\/strong> Aceptamos chapado en oro o colores de asa personalizados.<\/li>\n<\/ul>","protected":false},"featured_media":776,"comment_status":"closed","ping_status":"closed","template":"","meta":{"_acf_changed":false},"product_brand":[],"product_cat":[18,26],"product_tag":[],"class_list":{"0":"post-771","1":"product","2":"type-product","3":"status-publish","4":"has-post-thumbnail","6":"product_cat-cutlery-set-wholesale","7":"product_cat-plastic-handle-flatware-set","9":"first","10":"instock","11":"shipping-taxable","12":"product-type-simple"},"acf":[],"_links":{"self":[{"href":"https:\/\/www.huashunware.com\/es\/wp-json\/wp\/v2\/product\/771","targetHints":{"allow":["GET"]}}],"collection":[{"href":"https:\/\/www.huashunware.com\/es\/wp-json\/wp\/v2\/product"}],"about":[{"href":"https:\/\/www.huashunware.com\/es\/wp-json\/wp\/v2\/types\/product"}],"replies":[{"embeddable":true,"href":"https:\/\/www.huashunware.com\/es\/wp-json\/wp\/v2\/comments?post=771"}],"wp:featuredmedia":[{"embeddable":true,"href":"https:\/\/www.huashunware.com\/es\/wp-json\/wp\/v2\/media\/776"}],"wp:attachment":[{"href":"https:\/\/www.huashunware.com\/es\/wp-json\/wp\/v2\/media?parent=771"}],"wp:term":[{"taxonomy":"product_brand","embeddable":true,"href":"https:\/\/www.huashunware.com\/es\/wp-json\/wp\/v2\/product_brand?post=771"},{"taxonomy":"product_cat","embeddable":true,"href":"https:\/\/www.huashunware.com\/es\/wp-json\/wp\/v2\/product_cat?post=771"},{"taxonomy":"product_tag","embeddable":true,"href":"https:\/\/www.huashunware.com\/es\/wp-json\/wp\/v2\/product_tag?post=771"}],"curies":[{"name":"wp","href":"https:\/\/api.w.org\/{rel}","templated":true}]}}