{"id":778,"date":"2025-10-15T09:22:33","date_gmt":"2025-10-15T09:22:33","guid":{"rendered":"https:\/\/www.huashunware.com\/?post_type=product&#038;p=778"},"modified":"2026-02-04T02:24:12","modified_gmt":"2026-02-04T02:24:12","slug":"custom-quality-flatware-durable-wooden-grain-flatware-set-in-bulk","status":"publish","type":"product","link":"https:\/\/www.huashunware.com\/es\/producto\/custom-quality-flatware-durable-wooden-grain-flatware-set-in-bulk\/","title":{"rendered":"Cubiertos de calidad a medida, juego de cubiertos duraderos de grano de madera a granel"},"content":{"rendered":"<div class=\"wp-block-columns is-layout-flex wp-container-core-columns-is-layout-9d6595d7 wp-block-columns-is-layout-flex\">\n<div class=\"wp-block-column is-layout-flow wp-block-column-is-layout-flow\">\n<h2 class=\"wp-block-heading\">Cubiertos de calidad personalizada Caracter\u00edsticas:<\/h2>\n\n\n\n<p><strong>Construcci\u00f3n de acero inoxidable de alta calidad<\/strong> Fabricado en acero inoxidable 18\/0 de primera calidad, este juego ofrece una combinaci\u00f3n perfecta de solidez, resistencia a la oxidaci\u00f3n y una refinada experiencia culinaria.<\/p>\n\n\n\n<p><strong>Acabados de asas mates y brillantes personalizados<\/strong> Disponibles en una variedad de colores personalizados con un sofisticado acabado mate, estas asas ergon\u00f3micas proporcionan un agarre c\u00f3modo y antideslizante.<\/p>\n\n\n\n<p><strong>Acabado profesional pulido a espejo<\/strong> Los cabezales presentan un pulido reflectante de alto brillo con bordes redondeados, lo que garantiza la seguridad y un aspecto exclusivo para cualquier mesa.<\/p>\n\n\n\n<p><strong>Embalaje a medida para minoristas de 24 piezas<\/strong> Se presenta en una elegante caja expositora de gran ventana (24 unidades), dise\u00f1ada para minimizar el volumen de env\u00edo y maximizar el atractivo en las estanter\u00edas.<\/p>\n\n\n\n<p><strong>Duradero y apto para lavavajillas comercial<\/strong> Dise\u00f1ados para soportar un uso diario intenso, nuestros cubiertos conservan el color vivo del mango y el acabado pulido incluso despu\u00e9s de lavarlos a m\u00e1quina.<\/p>\n\n\n\n<p><strong>Soluciones completas de marca y OEM<\/strong> Desde logotipos grabados con l\u00e1ser en metal hasta asas y cajas impresas a medida, ofrecemos soluciones integrales para elevar su marca.<\/p>\n<\/div>\n\n\n\n<div class=\"wp-block-column is-vertically-aligned-center is-layout-flow wp-block-column-is-layout-flow\">\n<figure class=\"wp-block-image size-full\"><img decoding=\"async\" width=\"3072\" height=\"3072\" src=\"https:\/\/www.huashunware.com\/wp-content\/uploads\/2025\/10\/Custom-Quality-Flatware-Durable-Wooden-Grain-Flatware-Set-in-Bulk6.webp\" alt=\"Cubiertos de Calidad Personalizados, Juego de Cubiertos Duraderos de Grano de Madera a Granel6\" class=\"wp-image-784\" srcset=\"https:\/\/www.huashunware.com\/wp-content\/uploads\/2025\/10\/Custom-Quality-Flatware-Durable-Wooden-Grain-Flatware-Set-in-Bulk6.webp 3072w, https:\/\/www.huashunware.com\/wp-content\/uploads\/2025\/10\/Custom-Quality-Flatware-Durable-Wooden-Grain-Flatware-Set-in-Bulk6-300x300.webp 300w, https:\/\/www.huashunware.com\/wp-content\/uploads\/2025\/10\/Custom-Quality-Flatware-Durable-Wooden-Grain-Flatware-Set-in-Bulk6-150x150.webp 150w, https:\/\/www.huashunware.com\/wp-content\/uploads\/2025\/10\/Custom-Quality-Flatware-Durable-Wooden-Grain-Flatware-Set-in-Bulk6-768x768.webp 768w, https:\/\/www.huashunware.com\/wp-content\/uploads\/2025\/10\/Custom-Quality-Flatware-Durable-Wooden-Grain-Flatware-Set-in-Bulk6-12x12.webp 12w, https:\/\/www.huashunware.com\/wp-content\/uploads\/2025\/10\/Custom-Quality-Flatware-Durable-Wooden-Grain-Flatware-Set-in-Bulk6-1200x1200.webp 1200w, https:\/\/www.huashunware.com\/wp-content\/uploads\/2025\/10\/Custom-Quality-Flatware-Durable-Wooden-Grain-Flatware-Set-in-Bulk6-600x600.webp 600w, https:\/\/www.huashunware.com\/wp-content\/uploads\/2025\/10\/Custom-Quality-Flatware-Durable-Wooden-Grain-Flatware-Set-in-Bulk6-100x100.webp 100w\" sizes=\"(max-width: 3072px) 100vw, 3072px\" \/><\/figure>\n\n\n\n<figure class=\"wp-block-image size-full\"><img decoding=\"async\" width=\"3072\" height=\"3072\" src=\"https:\/\/www.huashunware.com\/wp-content\/uploads\/2025\/10\/Custom-Quality-Flatware-Durable-Wooden-Grain-Flatware-Set-in-Bulk-1.webp\" alt=\"Cubiertos de calidad a medida, juego de cubiertos duraderos de grano de madera a granel\" class=\"wp-image-1195\" srcset=\"https:\/\/www.huashunware.com\/wp-content\/uploads\/2025\/10\/Custom-Quality-Flatware-Durable-Wooden-Grain-Flatware-Set-in-Bulk-1.webp 3072w, https:\/\/www.huashunware.com\/wp-content\/uploads\/2025\/10\/Custom-Quality-Flatware-Durable-Wooden-Grain-Flatware-Set-in-Bulk-1-300x300.webp 300w, https:\/\/www.huashunware.com\/wp-content\/uploads\/2025\/10\/Custom-Quality-Flatware-Durable-Wooden-Grain-Flatware-Set-in-Bulk-1-150x150.webp 150w, https:\/\/www.huashunware.com\/wp-content\/uploads\/2025\/10\/Custom-Quality-Flatware-Durable-Wooden-Grain-Flatware-Set-in-Bulk-1-768x768.webp 768w, https:\/\/www.huashunware.com\/wp-content\/uploads\/2025\/10\/Custom-Quality-Flatware-Durable-Wooden-Grain-Flatware-Set-in-Bulk-1-12x12.webp 12w, https:\/\/www.huashunware.com\/wp-content\/uploads\/2025\/10\/Custom-Quality-Flatware-Durable-Wooden-Grain-Flatware-Set-in-Bulk-1-1200x1200.webp 1200w, https:\/\/www.huashunware.com\/wp-content\/uploads\/2025\/10\/Custom-Quality-Flatware-Durable-Wooden-Grain-Flatware-Set-in-Bulk-1-600x600.webp 600w, https:\/\/www.huashunware.com\/wp-content\/uploads\/2025\/10\/Custom-Quality-Flatware-Durable-Wooden-Grain-Flatware-Set-in-Bulk-1-100x100.webp 100w\" sizes=\"(max-width: 3072px) 100vw, 3072px\" \/><\/figure>\n<\/div>\n<\/div>","protected":false},"excerpt":{"rendered":"<p data-start=\"1174\" data-end=\"1465\">Cubiertos de calidad a medida, juego de cubiertos duraderos de madera veteada al por mayor - Este juego de cubiertos combina la elegancia cl\u00e1sica con un dise\u00f1o pr\u00e1ctico. Con asas anchas y c\u00f3modas con un acabado de grano de madera duradera, que ofrece estilo, comodidad y rendimiento de larga duraci\u00f3n para comer todos los d\u00edas.<\/p>\n<h2>Cubiertos de calidad personalizada Atributos:<\/h2>\n<table>\n<thead>\n<tr>\n<th>Art\u00edculo<\/th>\n<th>Peso<\/th>\n<th>Longitud (cm)<\/th>\n<th>Anchura (cm)<\/th>\n<th>Espesor (mm)<\/th>\n<\/tr>\n<\/thead>\n<tbody>\n<tr>\n<td>Cuchillo<\/td>\n<td>29 g<\/td>\n<td>21<\/td>\n<td>1.7<\/td>\n<td>1.5<\/td>\n<\/tr>\n<tr>\n<td>Horquilla<\/td>\n<td>25.3 g<\/td>\n<td>19<\/td>\n<td>2.4<\/td>\n<td>1.5<\/td>\n<\/tr>\n<tr>\n<td>Cuchara<\/td>\n<td>34.5 g<\/td>\n<td>18.5<\/td>\n<td>3.5<\/td>\n<td>1.5<\/td>\n<\/tr>\n<tr>\n<td>Cucharilla<\/td>\n<td>24.7 g<\/td>\n<td>15<\/td>\n<td>3.2<\/td>\n<td>1.5<\/td>\n<\/tr>\n<\/tbody>\n<\/table>\n<h2>Cubiertos personalizados \uff1a<\/h2>\n<ul>\n<li><strong data-start=\"33\" data-end=\"49\">Muestra gratis:<\/strong> Si lo desea, puede obtener una muestra gratuita.<\/li>\n<li><strong data-start=\"84\" data-end=\"119\">Embalaje y personalizaci\u00f3n del logotipo:<\/strong> Admitimos logotipos personalizados en el envase y ofrecemos varias opciones de envasado, como cajas de PET, cajas de PVC y cajas de regalo.<\/li>\n<li><strong data-start=\"241\" data-end=\"266\" data-is-only-node=\"\">Opciones de color del asa:<\/strong> Aceptamos la personalizaci\u00f3n del color, con 6-8 colores disponibles en stock.<\/li>\n<\/ul>","protected":false},"featured_media":780,"comment_status":"closed","ping_status":"closed","template":"","meta":{"_acf_changed":false},"product_brand":[],"product_cat":[18,26],"product_tag":[],"class_list":{"0":"post-778","1":"product","2":"type-product","3":"status-publish","4":"has-post-thumbnail","6":"product_cat-cutlery-set-wholesale","7":"product_cat-plastic-handle-flatware-set","9":"first","10":"instock","11":"shipping-taxable","12":"product-type-simple"},"acf":[],"_links":{"self":[{"href":"https:\/\/www.huashunware.com\/es\/wp-json\/wp\/v2\/product\/778","targetHints":{"allow":["GET"]}}],"collection":[{"href":"https:\/\/www.huashunware.com\/es\/wp-json\/wp\/v2\/product"}],"about":[{"href":"https:\/\/www.huashunware.com\/es\/wp-json\/wp\/v2\/types\/product"}],"replies":[{"embeddable":true,"href":"https:\/\/www.huashunware.com\/es\/wp-json\/wp\/v2\/comments?post=778"}],"wp:featuredmedia":[{"embeddable":true,"href":"https:\/\/www.huashunware.com\/es\/wp-json\/wp\/v2\/media\/780"}],"wp:attachment":[{"href":"https:\/\/www.huashunware.com\/es\/wp-json\/wp\/v2\/media?parent=778"}],"wp:term":[{"taxonomy":"product_brand","embeddable":true,"href":"https:\/\/www.huashunware.com\/es\/wp-json\/wp\/v2\/product_brand?post=778"},{"taxonomy":"product_cat","embeddable":true,"href":"https:\/\/www.huashunware.com\/es\/wp-json\/wp\/v2\/product_cat?post=778"},{"taxonomy":"product_tag","embeddable":true,"href":"https:\/\/www.huashunware.com\/es\/wp-json\/wp\/v2\/product_tag?post=778"}],"curies":[{"name":"wp","href":"https:\/\/api.w.org\/{rel}","templated":true}]}}