{"id":807,"date":"2025-10-18T07:37:59","date_gmt":"2025-10-18T07:30:46","guid":{"rendered":"https:\/\/www.huashunware.com\/?post_type=product&#038;p=807"},"modified":"2025-10-18T07:38:31","modified_gmt":"2025-10-18T07:38:31","slug":"custom-kid-plate-set-with-cute-frog-design","status":"publish","type":"product","link":"https:\/\/www.huashunware.com\/es\/producto\/custom-kid-plate-set-with-cute-frog-design\/","title":{"rendered":"Juego de platos personalizados para ni\u00f1os con un simp\u00e1tico dise\u00f1o de rana"},"content":{"rendered":"<div class=\"wp-block-columns is-layout-flex wp-container-core-columns-is-layout-9d6595d7 wp-block-columns-is-layout-flex\">\n<div class=\"wp-block-column is-layout-flow wp-block-column-is-layout-flow\">\n<h2 class=\"wp-block-heading\">Kid Plate Set Caracter\u00edsticas:<\/h2>\n\n\n\n<p><strong>Seguro y no t\u00f3xico: <\/strong>Fabricado en silicona alimentaria est\u00e1ndar de EE.UU., 100% sin BPA y no t\u00f3xico, para una experiencia segura a la hora de comer para los ni\u00f1os. Suave para la piel sensible y completamente libre de productos qu\u00edmicos t\u00f3xicos para la tranquilidad de los padres.<\/p>\n\n\n\n<p><strong>Utensilios lisos de acero inoxidable:<\/strong> Acero inoxidable con acabado de espejo y bordes redondeados: duraderos, resistentes al \u00f3xido y suaves para las bocas de los m\u00e1s peque\u00f1os. Dise\u00f1ados para el uso diario, estos utensilios combinan seguridad con un brillo duradero.<\/p>\n\n\n\n<p><strong>Base de succi\u00f3n fuerte: <\/strong>La potente succi\u00f3n mantiene el plato sobre superficies lisas, resistiendo resbalones, vuelcos y derrames. Ayuda a los ni\u00f1os peque\u00f1os a dominar la autoalimentaci\u00f3n y a mantener las mesas limpias y ordenadas.<\/p>\n\n\n\n<p><strong>Adorable dise\u00f1o de rana:<\/strong> El simp\u00e1tico dise\u00f1o de la rana a\u00f1ade diversi\u00f3n a la hora de comer y anima a los ni\u00f1os a alimentarse por s\u00ed mismos. El dise\u00f1o brillante y atractivo estimula la curiosidad y ayuda a desarrollar h\u00e1bitos alimentarios saludables.<\/p>\n\n\n\n<p><strong>F\u00e1cil de limpiar: <\/strong>Apta para lavavajillas y de r\u00e1pido aclarado, lo que permite a los padres limpiar con facilidad y sin estr\u00e9s. La suave superficie de silicona hace que los alimentos sean antiadherentes, lo que facilita la limpieza despu\u00e9s de cada comida.<\/p>\n<\/div>\n\n\n\n<div class=\"wp-block-column is-layout-flow wp-block-column-is-layout-flow\">\n<figure class=\"wp-block-image size-full\"><img decoding=\"async\" width=\"3072\" height=\"3072\" src=\"https:\/\/www.huashunware.com\/wp-content\/uploads\/2025\/10\/Custom-Kid-Plate-Set2.webp\" alt=\"Juego de platos personalizados para ni\u00f1os2\" class=\"wp-image-809\" srcset=\"https:\/\/www.huashunware.com\/wp-content\/uploads\/2025\/10\/Custom-Kid-Plate-Set2.webp 3072w, https:\/\/www.huashunware.com\/wp-content\/uploads\/2025\/10\/Custom-Kid-Plate-Set2-300x300.webp 300w, https:\/\/www.huashunware.com\/wp-content\/uploads\/2025\/10\/Custom-Kid-Plate-Set2-150x150.webp 150w, https:\/\/www.huashunware.com\/wp-content\/uploads\/2025\/10\/Custom-Kid-Plate-Set2-768x768.webp 768w, https:\/\/www.huashunware.com\/wp-content\/uploads\/2025\/10\/Custom-Kid-Plate-Set2-12x12.webp 12w, https:\/\/www.huashunware.com\/wp-content\/uploads\/2025\/10\/Custom-Kid-Plate-Set2-1200x1200.webp 1200w, https:\/\/www.huashunware.com\/wp-content\/uploads\/2025\/10\/Custom-Kid-Plate-Set2-600x600.webp 600w, https:\/\/www.huashunware.com\/wp-content\/uploads\/2025\/10\/Custom-Kid-Plate-Set2-100x100.webp 100w\" sizes=\"(max-width: 3072px) 100vw, 3072px\" \/><\/figure>\n<\/div>\n<\/div>\n\n\n\n<p><\/p>","protected":false},"excerpt":{"rendered":"<p data-start=\"68\" data-end=\"340\">El juego de platos personalizados para ni\u00f1os con el simp\u00e1tico dise\u00f1o de una rana hace que la hora de comer sea divertida, segura y f\u00e1cil. Fabricado en silicona alimentaria y acero inoxidable, no contiene BPA, es duradero y respetuoso con los ni\u00f1os. La fuerte base de succi\u00f3n mantiene el plato firme, mientras que el simp\u00e1tico dise\u00f1o de la rana fomenta la autoalimentaci\u00f3n. F\u00e1cil de limpiar y perfecto para el uso familiar diario.<\/p>\n<h2 class=\"brxe-product-title\">Atributos del juego de platos infantiles personalizados:<\/h2>\n<table>\n<thead>\n<tr>\n<th>Art\u00edculo<\/th>\n<th>Tama\u00f1o (L\u00d7A\u00d7H)<\/th>\n<th>Peso<\/th>\n<\/tr>\n<\/thead>\n<tbody>\n<tr>\n<td><strong>Caja<\/strong><\/td>\n<td>225 \u00d7 192 \u00d7 35 mm<\/td>\n<td>369.4 g<\/td>\n<\/tr>\n<tr>\n<td><strong>Placa<\/strong><\/td>\n<td>195 \u00d7 155 \u00d7 33 mm<\/td>\n<td>230 g<\/td>\n<\/tr>\n<tr>\n<td><strong>Horquilla<\/strong><\/td>\n<td>95 \u00d7 37 \u00d7 22 mm<\/td>\n<td>34.8 g<\/td>\n<\/tr>\n<tr>\n<td><strong>Cuchara<\/strong><\/td>\n<td>95 \u00d7 37 \u00d7 22 mm<\/td>\n<td>38.3 g<\/td>\n<\/tr>\n<\/tbody>\n<\/table>\n<p><strong>MOQ: 96 piezas<\/strong><\/p>\n<h2 class=\"brxe-product-title\">Juego de platos infantiles personalizados:<\/h2>\n<ul>\n<li data-start=\"79\" data-end=\"146\">\n<p data-start=\"81\" data-end=\"146\"><strong data-start=\"81\" data-end=\"92\">Muestra:<\/strong> Muestra gratuita disponible para probar antes de hacer un pedido a granel<\/p>\n<\/li>\n<li data-start=\"147\" data-end=\"224\">\n<p data-start=\"149\" data-end=\"224\"><strong data-start=\"149\" data-end=\"176\">Peque\u00f1os pedidos con logotipo:<\/strong> Se aceptan pedidos de peque\u00f1as cantidades con logotipo personalizado<\/p>\n<\/li>\n<li data-start=\"225\" data-end=\"302\">\n<p data-start=\"227\" data-end=\"302\"><strong data-start=\"227\" data-end=\"245\">Entrega r\u00e1pida:<\/strong> 4 colores en stock, los pedidos se pueden enviar en 7 d\u00edas<\/p>\n<\/li>\n<li data-start=\"303\" data-end=\"415\">\n<p data-start=\"305\" data-end=\"415\"><strong data-start=\"305\" data-end=\"340\">Embalaje y personalizaci\u00f3n del logotipo:<\/strong> Admite logotipo personalizado en el envase; elija caja de PET, caja de PVC o caja de regalo<\/p>\n<\/li>\n<\/ul>","protected":false},"featured_media":810,"comment_status":"closed","ping_status":"closed","template":"","meta":{"_acf_changed":false},"product_brand":[],"product_cat":[19],"product_tag":[],"class_list":{"0":"post-807","1":"product","2":"type-product","3":"status-publish","4":"has-post-thumbnail","6":"product_cat-wholesale-kids-dinnerware","8":"first","9":"instock","10":"shipping-taxable","11":"product-type-simple"},"acf":[],"_links":{"self":[{"href":"https:\/\/www.huashunware.com\/es\/wp-json\/wp\/v2\/product\/807","targetHints":{"allow":["GET"]}}],"collection":[{"href":"https:\/\/www.huashunware.com\/es\/wp-json\/wp\/v2\/product"}],"about":[{"href":"https:\/\/www.huashunware.com\/es\/wp-json\/wp\/v2\/types\/product"}],"replies":[{"embeddable":true,"href":"https:\/\/www.huashunware.com\/es\/wp-json\/wp\/v2\/comments?post=807"}],"wp:featuredmedia":[{"embeddable":true,"href":"https:\/\/www.huashunware.com\/es\/wp-json\/wp\/v2\/media\/810"}],"wp:attachment":[{"href":"https:\/\/www.huashunware.com\/es\/wp-json\/wp\/v2\/media?parent=807"}],"wp:term":[{"taxonomy":"product_brand","embeddable":true,"href":"https:\/\/www.huashunware.com\/es\/wp-json\/wp\/v2\/product_brand?post=807"},{"taxonomy":"product_cat","embeddable":true,"href":"https:\/\/www.huashunware.com\/es\/wp-json\/wp\/v2\/product_cat?post=807"},{"taxonomy":"product_tag","embeddable":true,"href":"https:\/\/www.huashunware.com\/es\/wp-json\/wp\/v2\/product_tag?post=807"}],"curies":[{"name":"wp","href":"https:\/\/api.w.org\/{rel}","templated":true}]}}