{"id":813,"date":"2025-10-18T07:53:10","date_gmt":"2025-10-18T07:47:08","guid":{"rendered":"https:\/\/www.huashunware.com\/?post_type=product&#038;p=813"},"modified":"2025-10-18T07:53:59","modified_gmt":"2025-10-18T07:53:59","slug":"custom-kids-tableware-christmas-cap-plate-set","status":"publish","type":"product","link":"https:\/\/www.huashunware.com\/es\/producto\/custom-kids-tableware-christmas-cap-plate-set\/","title":{"rendered":"Vajilla infantil personalizada Juego de platos con gorro de Navidad"},"content":{"rendered":"<div class=\"wp-block-columns is-layout-flex wp-container-core-columns-is-layout-9d6595d7 wp-block-columns-is-layout-flex\">\n<div class=\"wp-block-column is-layout-flow wp-block-column-is-layout-flow\">\n<h2 class=\"wp-block-heading\">Vajilla infantil personalizada Caracter\u00edsticas:<\/h2>\n\n\n\n<p><strong>Materiales seguros y no t\u00f3xicos:<\/strong> Fabricado con silicona alimentaria de calidad superior, 100% sin BPA y no t\u00f3xica. Garantiza que cada comida sea segura, saludable y sin preocupaciones para los m\u00e1s peque\u00f1os.<\/p>\n\n\n\n<p><strong>Utensilios lisos de acero inoxidable:<\/strong> Fabricado con acero inoxidable pulido a espejo y bordes redondeados para mayor seguridad. Duraderos, resistentes al \u00f3xido y suaves con las bocas peque\u00f1as, perfectos para el uso diario.<\/p>\n\n\n\n<p><strong>Base de succi\u00f3n fuerte:<\/strong> El potente dise\u00f1o de succi\u00f3n se adhiere firmemente a superficies lisas para evitar resbalones, vuelcos y derrames. Mantiene el orden a la hora de comer y ayuda a los ni\u00f1os a confiar en s\u00ed mismos.<\/p>\n\n\n\n<p><strong>Adorable dise\u00f1o de gorro de Navidad:<\/strong> La divertida forma de gorro navide\u00f1o a\u00f1ade un toque festivo a cada comida. Su aspecto alegre y divertido atrae la atenci\u00f3n de los ni\u00f1os y hace que comer sea m\u00e1s agradable.<\/p>\n\n\n\n<p><strong>F\u00e1cil de limpiar y de larga duraci\u00f3n:<\/strong> La silicona y el acero inoxidable aptos para el lavavajillas permiten una limpieza r\u00e1pida y sin esfuerzo. Dise\u00f1ados para durar en el uso diario y ser brillantes y seguros.<\/p>\n<\/div>\n\n\n\n<div class=\"wp-block-column is-layout-flow wp-block-column-is-layout-flow\">\n<figure class=\"wp-block-image size-full\"><img decoding=\"async\" width=\"3072\" height=\"3072\" src=\"https:\/\/www.huashunware.com\/wp-content\/uploads\/2025\/10\/Custom-Kids-Tableware3.webp\" alt=\"Vajilla infantil personalizada3\" class=\"wp-image-816\" srcset=\"https:\/\/www.huashunware.com\/wp-content\/uploads\/2025\/10\/Custom-Kids-Tableware3.webp 3072w, https:\/\/www.huashunware.com\/wp-content\/uploads\/2025\/10\/Custom-Kids-Tableware3-300x300.webp 300w, https:\/\/www.huashunware.com\/wp-content\/uploads\/2025\/10\/Custom-Kids-Tableware3-150x150.webp 150w, https:\/\/www.huashunware.com\/wp-content\/uploads\/2025\/10\/Custom-Kids-Tableware3-768x768.webp 768w, https:\/\/www.huashunware.com\/wp-content\/uploads\/2025\/10\/Custom-Kids-Tableware3-12x12.webp 12w, https:\/\/www.huashunware.com\/wp-content\/uploads\/2025\/10\/Custom-Kids-Tableware3-1200x1200.webp 1200w, https:\/\/www.huashunware.com\/wp-content\/uploads\/2025\/10\/Custom-Kids-Tableware3-600x600.webp 600w, https:\/\/www.huashunware.com\/wp-content\/uploads\/2025\/10\/Custom-Kids-Tableware3-100x100.webp 100w\" sizes=\"(max-width: 3072px) 100vw, 3072px\" \/><\/figure>\n<\/div>\n<\/div>\n\n\n\n<p><\/p>","protected":false},"excerpt":{"rendered":"<p data-start=\"68\" data-end=\"340\">La vajilla infantil personalizada Christmas cap plate Set aporta diversi\u00f3n festiva y seguridad a las comidas de los ni\u00f1os. Fabricado en silicona alimentaria sin BPA con una fuerte base de succi\u00f3n, se mantiene firme y es f\u00e1cil de limpiar. El simp\u00e1tico dise\u00f1o del gorro de Navidad encanta a los ni\u00f1os y alegra la hora de comer durante toda la temporada.<\/p>\n<h2 class=\"brxe-product-title\">Vajilla infantil personalizada Atributos:<\/h2>\n<table>\n<thead>\n<tr>\n<th>Art\u00edculo<\/th>\n<th>Tama\u00f1o (L\u00d7A\u00d7H)<\/th>\n<th>Peso<\/th>\n<\/tr>\n<\/thead>\n<tbody>\n<tr>\n<td><strong>Caja<\/strong><\/td>\n<td>230 \u00d7 210 \u00d7 35 mm<\/td>\n<td>378.1 g<\/td>\n<\/tr>\n<tr>\n<td><strong>Placa<\/strong><\/td>\n<td>200 \u00d7 180 \u00d7 33 mm<\/td>\n<td>221 g<\/td>\n<\/tr>\n<tr>\n<td><strong>Horquilla<\/strong><\/td>\n<td>104 \u00d7 30 \u00d7 24 mm<\/td>\n<td>34.8 g<\/td>\n<\/tr>\n<tr>\n<td><strong>Cuchara<\/strong><\/td>\n<td>104 \u00d7 30 \u00d7 24 mm<\/td>\n<td>39.4 g<\/td>\n<\/tr>\n<\/tbody>\n<\/table>\n<p><strong>MOQ: 96 piezas<\/strong><\/p>\n<h2 class=\"brxe-product-title\">Vajilla infantil personalizada :<\/h2>\n<ul>\n<li data-start=\"79\" data-end=\"146\">\n<p data-start=\"81\" data-end=\"146\"><strong data-start=\"81\" data-end=\"92\">Muestra:<\/strong> Muestra gratuita disponible para probar antes de hacer un pedido a granel<\/p>\n<\/li>\n<li data-start=\"147\" data-end=\"224\">\n<p data-start=\"149\" data-end=\"224\"><strong data-start=\"149\" data-end=\"176\">Peque\u00f1os pedidos con logotipo:<\/strong> Se aceptan pedidos de peque\u00f1as cantidades con logotipo personalizado<\/p>\n<\/li>\n<li data-start=\"225\" data-end=\"302\">\n<p data-start=\"227\" data-end=\"302\"><strong data-start=\"227\" data-end=\"245\">Entrega r\u00e1pida:<\/strong> 4 colores en stock, los pedidos se pueden enviar en 7 d\u00edas<\/p>\n<\/li>\n<li data-start=\"303\" data-end=\"415\">\n<p data-start=\"305\" data-end=\"415\"><strong data-start=\"305\" data-end=\"340\">Embalaje y personalizaci\u00f3n del logotipo:<\/strong> Admite logotipo personalizado en el envase; elija caja de PET, caja de PVC o caja de regalo<\/p>\n<\/li>\n<\/ul>","protected":false},"featured_media":814,"comment_status":"closed","ping_status":"closed","template":"","meta":{"_acf_changed":false},"product_brand":[],"product_cat":[19],"product_tag":[],"class_list":{"0":"post-813","1":"product","2":"type-product","3":"status-publish","4":"has-post-thumbnail","6":"product_cat-wholesale-kids-dinnerware","8":"first","9":"instock","10":"shipping-taxable","11":"product-type-simple"},"acf":[],"_links":{"self":[{"href":"https:\/\/www.huashunware.com\/es\/wp-json\/wp\/v2\/product\/813","targetHints":{"allow":["GET"]}}],"collection":[{"href":"https:\/\/www.huashunware.com\/es\/wp-json\/wp\/v2\/product"}],"about":[{"href":"https:\/\/www.huashunware.com\/es\/wp-json\/wp\/v2\/types\/product"}],"replies":[{"embeddable":true,"href":"https:\/\/www.huashunware.com\/es\/wp-json\/wp\/v2\/comments?post=813"}],"wp:featuredmedia":[{"embeddable":true,"href":"https:\/\/www.huashunware.com\/es\/wp-json\/wp\/v2\/media\/814"}],"wp:attachment":[{"href":"https:\/\/www.huashunware.com\/es\/wp-json\/wp\/v2\/media?parent=813"}],"wp:term":[{"taxonomy":"product_brand","embeddable":true,"href":"https:\/\/www.huashunware.com\/es\/wp-json\/wp\/v2\/product_brand?post=813"},{"taxonomy":"product_cat","embeddable":true,"href":"https:\/\/www.huashunware.com\/es\/wp-json\/wp\/v2\/product_cat?post=813"},{"taxonomy":"product_tag","embeddable":true,"href":"https:\/\/www.huashunware.com\/es\/wp-json\/wp\/v2\/product_tag?post=813"}],"curies":[{"name":"wp","href":"https:\/\/api.w.org\/{rel}","templated":true}]}}