{"id":819,"date":"2025-10-18T08:35:12","date_gmt":"2025-10-18T08:18:47","guid":{"rendered":"https:\/\/www.huashunware.com\/?post_type=product&#038;p=819"},"modified":"2025-10-18T08:36:03","modified_gmt":"2025-10-18T08:36:03","slug":"custom-kids-dinnerware-sets-yellow-duck-plate-set","status":"publish","type":"product","link":"https:\/\/www.huashunware.com\/es\/producto\/custom-kids-dinnerware-sets-yellow-duck-plate-set\/","title":{"rendered":"Vajilla Infantil Personalizada Plato Pato Amarillo"},"content":{"rendered":"<div class=\"wp-block-columns is-layout-flex wp-container-core-columns-is-layout-9d6595d7 wp-block-columns-is-layout-flex\">\n<div class=\"wp-block-column is-layout-flow wp-block-column-is-layout-flow\">\n<h2 class=\"wp-block-heading\">Vajilla Infantil Personalizada Caracter\u00edsticas:<\/h2>\n\n\n\n<p><strong>Materiales seguros y adaptados a los ni\u00f1os:<\/strong> Fabricado en silicona alimentaria estadounidense de alta calidad, completamente libre de BPA y no t\u00f3xica, garantiza un cuidado delicado de las peque\u00f1as bocas en cada comida.<\/p>\n\n\n\n<p><strong>Utensilios duraderos de acero inoxidable:<\/strong> Los utensilios de acero inoxidable pulido a espejo con bordes redondeados proporcionan un uso duradero y evitan ara\u00f1azos o cortes accidentales.<\/p>\n\n\n\n<p><strong>Dise\u00f1o de succi\u00f3n sin suciedad:<\/strong> La fuerte base de succi\u00f3n mantiene los platos firmemente en su sitio en mesas o tronas, ayudando a los ni\u00f1os a comer de forma independiente y reduciendo los derrames.<\/p>\n\n\n\n<p><strong>Divertido tema del pato amarillo:<\/strong> El brillante y alegre dise\u00f1o de los patos hace que la hora de la comida sea atractiva y entretenida, inspirando a los ni\u00f1os a disfrutar de su comida y a crear h\u00e1bitos alimentarios positivos.<\/p>\n\n\n\n<p><strong>C\u00f3modo y f\u00e1cil de mantener:<\/strong> Apto para lavavajillas y f\u00e1cil de enjuagar, este juego de platos ahorra tiempo de limpieza a los padres sin dejar de ser resistente e higi\u00e9nico.<\/p>\n<\/div>\n\n\n\n<div class=\"wp-block-column is-layout-flow wp-block-column-is-layout-flow\">\n<figure class=\"wp-block-image size-full\"><img decoding=\"async\" width=\"3072\" height=\"3072\" src=\"https:\/\/www.huashunware.com\/wp-content\/uploads\/2025\/10\/Custom-Kids-Dinnerware-Sets4.webp\" alt=\"Vajillas infantiles personalizadas4\" class=\"wp-image-823\" srcset=\"https:\/\/www.huashunware.com\/wp-content\/uploads\/2025\/10\/Custom-Kids-Dinnerware-Sets4.webp 3072w, https:\/\/www.huashunware.com\/wp-content\/uploads\/2025\/10\/Custom-Kids-Dinnerware-Sets4-300x300.webp 300w, https:\/\/www.huashunware.com\/wp-content\/uploads\/2025\/10\/Custom-Kids-Dinnerware-Sets4-150x150.webp 150w, https:\/\/www.huashunware.com\/wp-content\/uploads\/2025\/10\/Custom-Kids-Dinnerware-Sets4-768x768.webp 768w, https:\/\/www.huashunware.com\/wp-content\/uploads\/2025\/10\/Custom-Kids-Dinnerware-Sets4-12x12.webp 12w, https:\/\/www.huashunware.com\/wp-content\/uploads\/2025\/10\/Custom-Kids-Dinnerware-Sets4-1200x1200.webp 1200w, https:\/\/www.huashunware.com\/wp-content\/uploads\/2025\/10\/Custom-Kids-Dinnerware-Sets4-600x600.webp 600w, https:\/\/www.huashunware.com\/wp-content\/uploads\/2025\/10\/Custom-Kids-Dinnerware-Sets4-100x100.webp 100w\" sizes=\"(max-width: 3072px) 100vw, 3072px\" \/><\/figure>\n<\/div>\n<\/div>\n\n\n\n<p><\/p>","protected":false},"excerpt":{"rendered":"<p data-start=\"68\" data-end=\"340\">Las vajillas infantiles personalizadas hacen que la hora de comer sea divertida, segura y f\u00e1cil. Fabricada en silicona alimentaria sin BPA y con utensilios de acero inoxidable, es duradera y a prueba de derrames. El alegre dise\u00f1o de pato amarillo mantiene a los ni\u00f1os ocupados, perfecto para el uso diario en casa o fuera de ella.<\/p>\n<h2 class=\"brxe-product-title\">Vajillas infantiles personalizadas Atributos:<\/h2>\n<table>\n<thead>\n<tr>\n<th>Art\u00edculo<\/th>\n<th>Tama\u00f1o (L\u00d7A\u00d7H)<\/th>\n<th>Peso<\/th>\n<\/tr>\n<\/thead>\n<tbody>\n<tr>\n<td><strong>Caja<\/strong><\/td>\n<td>230 \u00d7 210 \u00d7 35 mm<\/td>\n<td>405.6 g<\/td>\n<\/tr>\n<tr>\n<td><strong>Placa<\/strong><\/td>\n<td>197 \u00d7 175 \u00d7 33 mm<\/td>\n<td>242.5 g<\/td>\n<\/tr>\n<tr>\n<td><strong>Horquilla<\/strong><\/td>\n<td>95 \u00d7 40 \u00d7 20 mm<\/td>\n<td>35.6 g<\/td>\n<\/tr>\n<tr>\n<td><strong>Cuchara<\/strong><\/td>\n<td>95 \u00d7 40 \u00d7 20 mm<\/td>\n<td>39.1 g<\/td>\n<\/tr>\n<\/tbody>\n<\/table>\n<p><strong>MOQ: 96 piezas<\/strong><\/p>\n<h2 class=\"brxe-product-title\">Vajillas infantiles personalizadas:<\/h2>\n<ul>\n<li data-start=\"79\" data-end=\"146\">\n<p data-start=\"81\" data-end=\"146\"><strong data-start=\"81\" data-end=\"92\">Muestra:<\/strong> Muestra gratuita disponible para probar antes de hacer un pedido a granel<\/p>\n<\/li>\n<li data-start=\"147\" data-end=\"224\">\n<p data-start=\"149\" data-end=\"224\"><strong data-start=\"149\" data-end=\"176\">Peque\u00f1os pedidos con logotipo:<\/strong> Aceptar pedidos de peque\u00f1as cantidades con un logotipo personalizado<\/p>\n<\/li>\n<li data-start=\"225\" data-end=\"302\">\n<p data-start=\"227\" data-end=\"302\"><strong data-start=\"227\" data-end=\"245\">Entrega r\u00e1pida:<\/strong> 4 colores en stock, los pedidos se pueden enviar en 7 d\u00edas<\/p>\n<\/li>\n<li data-start=\"303\" data-end=\"415\">\n<p data-start=\"305\" data-end=\"415\"><strong data-start=\"305\" data-end=\"340\">Embalaje y personalizaci\u00f3n del logotipo:<\/strong> Admite logotipo personalizado en el envase; elija caja de PET, caja de PVC o caja de regalo<\/p>\n<\/li>\n<\/ul>","protected":false},"featured_media":820,"comment_status":"closed","ping_status":"closed","template":"","meta":{"_acf_changed":false},"product_brand":[],"product_cat":[19],"product_tag":[],"class_list":{"0":"post-819","1":"product","2":"type-product","3":"status-publish","4":"has-post-thumbnail","6":"product_cat-wholesale-kids-dinnerware","8":"first","9":"instock","10":"shipping-taxable","11":"product-type-simple"},"acf":[],"_links":{"self":[{"href":"https:\/\/www.huashunware.com\/es\/wp-json\/wp\/v2\/product\/819","targetHints":{"allow":["GET"]}}],"collection":[{"href":"https:\/\/www.huashunware.com\/es\/wp-json\/wp\/v2\/product"}],"about":[{"href":"https:\/\/www.huashunware.com\/es\/wp-json\/wp\/v2\/types\/product"}],"replies":[{"embeddable":true,"href":"https:\/\/www.huashunware.com\/es\/wp-json\/wp\/v2\/comments?post=819"}],"wp:featuredmedia":[{"embeddable":true,"href":"https:\/\/www.huashunware.com\/es\/wp-json\/wp\/v2\/media\/820"}],"wp:attachment":[{"href":"https:\/\/www.huashunware.com\/es\/wp-json\/wp\/v2\/media?parent=819"}],"wp:term":[{"taxonomy":"product_brand","embeddable":true,"href":"https:\/\/www.huashunware.com\/es\/wp-json\/wp\/v2\/product_brand?post=819"},{"taxonomy":"product_cat","embeddable":true,"href":"https:\/\/www.huashunware.com\/es\/wp-json\/wp\/v2\/product_cat?post=819"},{"taxonomy":"product_tag","embeddable":true,"href":"https:\/\/www.huashunware.com\/es\/wp-json\/wp\/v2\/product_tag?post=819"}],"curies":[{"name":"wp","href":"https:\/\/api.w.org\/{rel}","templated":true}]}}