{"id":825,"date":"2025-10-18T08:51:58","date_gmt":"2025-10-18T08:42:04","guid":{"rendered":"https:\/\/www.huashunware.com\/?post_type=product&#038;p=825"},"modified":"2025-10-18T09:06:56","modified_gmt":"2025-10-18T09:06:56","slug":"wholesale-kids-non-toxic-dinnerware-with-corn-design","status":"publish","type":"product","link":"https:\/\/www.huashunware.com\/es\/producto\/wholesale-kids-non-toxic-dinnerware-with-corn-design\/","title":{"rendered":"Mayorista Vajilla Infantil No T\u00f3xica con Dise\u00f1o de Ma\u00edz"},"content":{"rendered":"<div class=\"wp-block-columns is-layout-flex wp-container-core-columns-is-layout-9d6595d7 wp-block-columns-is-layout-flex\">\n<div class=\"wp-block-column is-layout-flow wp-block-column-is-layout-flow\">\n<h2 class=\"wp-block-heading\">Mayorista Vajilla Infantil No T\u00f3xica Caracter\u00edsticas:<\/h2>\n\n\n\n<p><strong>Materiales seguros y no t\u00f3xicos:<\/strong> Fabricado con silicona alimentaria est\u00e1ndar de EE.UU., 100% sin BPA y no t\u00f3xico, lo que garantiza una experiencia saludable y segura a la hora de comer para los ni\u00f1os.<\/p>\n\n\n\n<p><strong>Utensilios duraderos de acero inoxidable:<\/strong> El acero inoxidable pulido a espejo con bordes redondeados y lisos proporciona un uso duradero y protege las peque\u00f1as bocas de ara\u00f1azos.<\/p>\n\n\n\n<p><strong>Base de succi\u00f3n fuerte:<\/strong> El innovador dise\u00f1o de succi\u00f3n se adhiere firmemente a superficies lisas, evitando resbalones, vuelcos y derrames durante la comida.<\/p>\n\n\n\n<p><strong>Dise\u00f1o de ma\u00edz divertido:<\/strong> El alegre plato en forma de ma\u00edz a\u00f1ade un toque de diversi\u00f3n a la comida, animando a los ni\u00f1os a disfrutar de sus comidas y a desarrollar h\u00e1bitos alimentarios saludables.<\/p>\n\n\n\n<p><strong>F\u00e1cil de limpiar y de larga duraci\u00f3n:<\/strong> Los materiales aptos para el lavavajillas facilitan la limpieza, y su construcci\u00f3n de alta calidad garantiza su durabilidad en el uso diario.<\/p>\n<\/div>\n\n\n\n<div class=\"wp-block-column is-layout-flow wp-block-column-is-layout-flow\">\n<figure class=\"wp-block-image size-full\"><img decoding=\"async\" width=\"3072\" height=\"3072\" src=\"https:\/\/www.huashunware.com\/wp-content\/uploads\/2025\/10\/Wholesale-Kids-Non-Toxic-Dinnerware3.webp\" alt=\"Mayorista Vajilla Infantil No T\u00f3xica3\" class=\"wp-image-828\" srcset=\"https:\/\/www.huashunware.com\/wp-content\/uploads\/2025\/10\/Wholesale-Kids-Non-Toxic-Dinnerware3.webp 3072w, https:\/\/www.huashunware.com\/wp-content\/uploads\/2025\/10\/Wholesale-Kids-Non-Toxic-Dinnerware3-300x300.webp 300w, https:\/\/www.huashunware.com\/wp-content\/uploads\/2025\/10\/Wholesale-Kids-Non-Toxic-Dinnerware3-150x150.webp 150w, https:\/\/www.huashunware.com\/wp-content\/uploads\/2025\/10\/Wholesale-Kids-Non-Toxic-Dinnerware3-768x768.webp 768w, https:\/\/www.huashunware.com\/wp-content\/uploads\/2025\/10\/Wholesale-Kids-Non-Toxic-Dinnerware3-12x12.webp 12w, https:\/\/www.huashunware.com\/wp-content\/uploads\/2025\/10\/Wholesale-Kids-Non-Toxic-Dinnerware3-1200x1200.webp 1200w, https:\/\/www.huashunware.com\/wp-content\/uploads\/2025\/10\/Wholesale-Kids-Non-Toxic-Dinnerware3-600x600.webp 600w, https:\/\/www.huashunware.com\/wp-content\/uploads\/2025\/10\/Wholesale-Kids-Non-Toxic-Dinnerware3-100x100.webp 100w\" sizes=\"(max-width: 3072px) 100vw, 3072px\" \/><\/figure>\n<\/div>\n<\/div>","protected":false},"excerpt":{"rendered":"<p data-start=\"68\" data-end=\"340\">La vajilla no t\u00f3xica para ni\u00f1os al por mayor con dise\u00f1o de ma\u00edz hace que la hora de comer sea segura, divertida y f\u00e1cil. Fabricada en silicona alimentaria sin BPA y con utensilios de acero inoxidable, es duradera y a prueba de derrames. El alegre dise\u00f1o de ma\u00edz mantiene a los ni\u00f1os ocupados y felices mientras comen.<\/p>\n<h2 class=\"brxe-product-title\">Mayorista Vajilla Infantil No Toxica Atributos:<\/h2>\n<table>\n<thead>\n<tr>\n<th>Art\u00edculo<\/th>\n<th>Tama\u00f1o (L\u00d7A\u00d7H)<\/th>\n<th>Peso<\/th>\n<\/tr>\n<\/thead>\n<tbody>\n<tr>\n<td><strong>Caja<\/strong><\/td>\n<td>270 \u00d7 180 \u00d7 35 mm<\/td>\n<td>395.4 g<\/td>\n<\/tr>\n<tr>\n<td><strong>Placa<\/strong><\/td>\n<td>248 \u00d7 161 \u00d7 33 mm<\/td>\n<td>239 g<\/td>\n<\/tr>\n<tr>\n<td><strong>Horquilla<\/strong><\/td>\n<td>116 \u00d7 38 \u00d7 19 mm<\/td>\n<td>35.3 g<\/td>\n<\/tr>\n<tr>\n<td><strong>Cuchara<\/strong><\/td>\n<td>116 \u00d7 38 \u00d7 19 mm<\/td>\n<td>39 g<\/td>\n<\/tr>\n<\/tbody>\n<\/table>\n<p><strong>MOQ: 96 piezas<\/strong><\/p>\n<h2 class=\"brxe-product-title\">Vajillas personalizadas para ni\u00f1os no t\u00f3xicas:<\/h2>\n<ul>\n<li data-start=\"79\" data-end=\"146\">\n<p data-start=\"81\" data-end=\"146\"><strong data-start=\"81\" data-end=\"92\">Muestra:<\/strong> Muestra gratuita disponible para probar antes de hacer un pedido a granel<\/p>\n<\/li>\n<li data-start=\"147\" data-end=\"224\">\n<p data-start=\"149\" data-end=\"224\"><strong data-start=\"149\" data-end=\"176\">Peque\u00f1os pedidos con logotipo:<\/strong> Aceptar pedidos de peque\u00f1as cantidades con un logotipo personalizado<\/p>\n<\/li>\n<li data-start=\"225\" data-end=\"302\">\n<p data-start=\"227\" data-end=\"302\"><strong data-start=\"227\" data-end=\"245\">Entrega r\u00e1pida:<\/strong> 4 colores en stock, los pedidos se pueden enviar en 7 d\u00edas<\/p>\n<\/li>\n<li data-start=\"303\" data-end=\"415\">\n<p data-start=\"305\" data-end=\"415\"><strong data-start=\"305\" data-end=\"340\">Embalaje y personalizaci\u00f3n del logotipo:<\/strong> Admite logotipo personalizado en el envase; elija caja de PET, caja de PVC o caja de regalo<\/p>\n<\/li>\n<\/ul>","protected":false},"featured_media":826,"comment_status":"closed","ping_status":"closed","template":"","meta":{"_acf_changed":false},"product_brand":[],"product_cat":[19],"product_tag":[],"class_list":{"0":"post-825","1":"product","2":"type-product","3":"status-publish","4":"has-post-thumbnail","6":"product_cat-wholesale-kids-dinnerware","8":"first","9":"instock","10":"shipping-taxable","11":"product-type-simple"},"acf":[],"_links":{"self":[{"href":"https:\/\/www.huashunware.com\/es\/wp-json\/wp\/v2\/product\/825","targetHints":{"allow":["GET"]}}],"collection":[{"href":"https:\/\/www.huashunware.com\/es\/wp-json\/wp\/v2\/product"}],"about":[{"href":"https:\/\/www.huashunware.com\/es\/wp-json\/wp\/v2\/types\/product"}],"replies":[{"embeddable":true,"href":"https:\/\/www.huashunware.com\/es\/wp-json\/wp\/v2\/comments?post=825"}],"wp:featuredmedia":[{"embeddable":true,"href":"https:\/\/www.huashunware.com\/es\/wp-json\/wp\/v2\/media\/826"}],"wp:attachment":[{"href":"https:\/\/www.huashunware.com\/es\/wp-json\/wp\/v2\/media?parent=825"}],"wp:term":[{"taxonomy":"product_brand","embeddable":true,"href":"https:\/\/www.huashunware.com\/es\/wp-json\/wp\/v2\/product_brand?post=825"},{"taxonomy":"product_cat","embeddable":true,"href":"https:\/\/www.huashunware.com\/es\/wp-json\/wp\/v2\/product_cat?post=825"},{"taxonomy":"product_tag","embeddable":true,"href":"https:\/\/www.huashunware.com\/es\/wp-json\/wp\/v2\/product_tag?post=825"}],"curies":[{"name":"wp","href":"https:\/\/api.w.org\/{rel}","templated":true}]}}