{"id":831,"date":"2025-10-18T09:03:23","date_gmt":"2025-10-18T08:54:57","guid":{"rendered":"https:\/\/www.huashunware.com\/?post_type=product&#038;p=831"},"modified":"2025-10-18T09:05:21","modified_gmt":"2025-10-18T09:05:21","slug":"bulk-kids-non-toxic-dinnerware-strawberry-kids-plate-set","status":"publish","type":"product","link":"https:\/\/www.huashunware.com\/es\/producto\/bulk-kids-non-toxic-dinnerware-strawberry-kids-plate-set\/","title":{"rendered":"Vajilla infantil no t\u00f3xica a granel Strawberry Kids Plate Set"},"content":{"rendered":"<div class=\"wp-block-columns is-layout-flex wp-container-core-columns-is-layout-9d6595d7 wp-block-columns-is-layout-flex\">\n<div class=\"wp-block-column is-layout-flow wp-block-column-is-layout-flow\">\n<h2 class=\"wp-block-heading\">Vajilla no t\u00f3xica para ni\u00f1os a granel Caracter\u00edsticas:<\/h2>\n\n\n\n<p><strong>Materiales sanos y no t\u00f3xicos:<\/strong> Fabricado en silicona alimentaria de alta calidad, sin BPA ni sustancias t\u00f3xicas, para que los ni\u00f1os coman sano y salvo todos los d\u00edas.<\/p>\n\n\n\n<p><strong>Utensilios redondeados de acero inoxidable:<\/strong> Los utensilios de acero inoxidable pulido presentan bordes suaves y redondeados para un uso cuidadoso, evitando cortes a la vez que son duraderos para un uso prolongado.<\/p>\n\n\n\n<p><strong>Asegure la base de la placa de succi\u00f3n:<\/strong> La fuerte ventosa sujeta firmemente el plato en mesas o tronas, reduciendo el desorden y ayudando a los ni\u00f1os a comer solos con confianza.<\/p>\n\n\n\n<p><strong>Delicioso dise\u00f1o de fresas:<\/strong> El plato con forma de fresa vibrante y los detalles l\u00fadicos hacen que la hora de comer sea emocionante, animando a los ni\u00f1os a disfrutar de h\u00e1bitos alimentarios saludables.<\/p>\n\n\n\n<p><strong>F\u00e1cil mantenimiento y longevidad:<\/strong> Los materiales aptos para el lavavajillas y resistentes a las manchas hacen que la limpieza sea r\u00e1pida y sencilla, mientras que su robusta construcci\u00f3n garantiza un uso duradero.<\/p>\n<\/div>\n\n\n\n<div class=\"wp-block-column is-layout-flow wp-block-column-is-layout-flow\">\n<figure class=\"wp-block-image size-full\"><img decoding=\"async\" width=\"3072\" height=\"3072\" src=\"https:\/\/www.huashunware.com\/wp-content\/uploads\/2025\/10\/Bulk-Kids-Non-Toxic-Dinnerware4.webp\" alt=\"Vajilla infantil no t\u00f3xica a granel4\" class=\"wp-image-835\" srcset=\"https:\/\/www.huashunware.com\/wp-content\/uploads\/2025\/10\/Bulk-Kids-Non-Toxic-Dinnerware4.webp 3072w, https:\/\/www.huashunware.com\/wp-content\/uploads\/2025\/10\/Bulk-Kids-Non-Toxic-Dinnerware4-300x300.webp 300w, https:\/\/www.huashunware.com\/wp-content\/uploads\/2025\/10\/Bulk-Kids-Non-Toxic-Dinnerware4-150x150.webp 150w, https:\/\/www.huashunware.com\/wp-content\/uploads\/2025\/10\/Bulk-Kids-Non-Toxic-Dinnerware4-768x768.webp 768w, https:\/\/www.huashunware.com\/wp-content\/uploads\/2025\/10\/Bulk-Kids-Non-Toxic-Dinnerware4-12x12.webp 12w, https:\/\/www.huashunware.com\/wp-content\/uploads\/2025\/10\/Bulk-Kids-Non-Toxic-Dinnerware4-1200x1200.webp 1200w, https:\/\/www.huashunware.com\/wp-content\/uploads\/2025\/10\/Bulk-Kids-Non-Toxic-Dinnerware4-600x600.webp 600w, https:\/\/www.huashunware.com\/wp-content\/uploads\/2025\/10\/Bulk-Kids-Non-Toxic-Dinnerware4-100x100.webp 100w\" sizes=\"(max-width: 3072px) 100vw, 3072px\" \/><\/figure>\n<\/div>\n<\/div>","protected":false},"excerpt":{"rendered":"<p data-start=\"68\" data-end=\"340\">La vajilla no t\u00f3xica para ni\u00f1os a granel juego de platos de fresa para ni\u00f1os hace que la hora de comer sea segura, divertida y f\u00e1cil. Fabricado con silicona sin BPA y utensilios de acero inoxidable, es duradero y a prueba de derrames. El bonito dise\u00f1o de fresas mantiene a los ni\u00f1os entretenidos mientras comen.<\/p>\n<h2 class=\"brxe-product-title\">Mayorista Vajilla Infantil No Toxica Atributos:<\/h2>\n<table>\n<thead>\n<tr>\n<th>Art\u00edculo<\/th>\n<th>Tama\u00f1o (L\u00d7A\u00d7H)<\/th>\n<th>Peso<\/th>\n<\/tr>\n<\/thead>\n<tbody>\n<tr>\n<td><strong>Caja<\/strong><\/td>\n<td>230 \u00d7 210 \u00d7 35 mm<\/td>\n<td>413.9 g<\/td>\n<\/tr>\n<tr>\n<td><strong>Placa<\/strong><\/td>\n<td>200 \u00d7 180 \u00d7 33 mm<\/td>\n<td>258.3 g<\/td>\n<\/tr>\n<tr>\n<td><strong>Horquilla<\/strong><\/td>\n<td>103 \u00d7 35 \u00d7 21 mm<\/td>\n<td>35.2 g<\/td>\n<\/tr>\n<tr>\n<td><strong>Cuchara<\/strong><\/td>\n<td>103 \u00d7 35 \u00d7 21 mm<\/td>\n<td>37.4 g<\/td>\n<\/tr>\n<\/tbody>\n<\/table>\n<p><strong>MOQ: 96 piezas<\/strong><\/p>\n<h2 class=\"brxe-product-title\">Vajillas personalizadas para ni\u00f1os no t\u00f3xicas:<\/h2>\n<ul>\n<li data-start=\"79\" data-end=\"146\">\n<p data-start=\"81\" data-end=\"146\"><strong data-start=\"81\" data-end=\"92\">Muestra:<\/strong> Muestra gratuita disponible para probar antes de hacer un pedido a granel<\/p>\n<\/li>\n<li data-start=\"147\" data-end=\"224\">\n<p data-start=\"149\" data-end=\"224\"><strong data-start=\"149\" data-end=\"176\">Peque\u00f1os pedidos con logotipo:<\/strong> Aceptar pedidos de peque\u00f1as cantidades con un logotipo personalizado<\/p>\n<\/li>\n<li data-start=\"225\" data-end=\"302\">\n<p data-start=\"227\" data-end=\"302\"><strong data-start=\"227\" data-end=\"245\">Entrega r\u00e1pida:<\/strong> 4 colores en stock, los pedidos se pueden enviar en 7 d\u00edas<\/p>\n<\/li>\n<li data-start=\"303\" data-end=\"415\">\n<p data-start=\"305\" data-end=\"415\"><strong data-start=\"305\" data-end=\"340\">Embalaje y personalizaci\u00f3n del logotipo:<\/strong> Admite logotipo personalizado en el envase; elija caja de PET, caja de PVC o caja de regalo<\/p>\n<\/li>\n<\/ul>","protected":false},"featured_media":833,"comment_status":"closed","ping_status":"closed","template":"","meta":{"_acf_changed":false},"product_brand":[],"product_cat":[19],"product_tag":[],"class_list":{"0":"post-831","1":"product","2":"type-product","3":"status-publish","4":"has-post-thumbnail","6":"product_cat-wholesale-kids-dinnerware","8":"first","9":"instock","10":"shipping-taxable","11":"product-type-simple"},"acf":[],"_links":{"self":[{"href":"https:\/\/www.huashunware.com\/es\/wp-json\/wp\/v2\/product\/831","targetHints":{"allow":["GET"]}}],"collection":[{"href":"https:\/\/www.huashunware.com\/es\/wp-json\/wp\/v2\/product"}],"about":[{"href":"https:\/\/www.huashunware.com\/es\/wp-json\/wp\/v2\/types\/product"}],"replies":[{"embeddable":true,"href":"https:\/\/www.huashunware.com\/es\/wp-json\/wp\/v2\/comments?post=831"}],"wp:featuredmedia":[{"embeddable":true,"href":"https:\/\/www.huashunware.com\/es\/wp-json\/wp\/v2\/media\/833"}],"wp:attachment":[{"href":"https:\/\/www.huashunware.com\/es\/wp-json\/wp\/v2\/media?parent=831"}],"wp:term":[{"taxonomy":"product_brand","embeddable":true,"href":"https:\/\/www.huashunware.com\/es\/wp-json\/wp\/v2\/product_brand?post=831"},{"taxonomy":"product_cat","embeddable":true,"href":"https:\/\/www.huashunware.com\/es\/wp-json\/wp\/v2\/product_cat?post=831"},{"taxonomy":"product_tag","embeddable":true,"href":"https:\/\/www.huashunware.com\/es\/wp-json\/wp\/v2\/product_tag?post=831"}],"curies":[{"name":"wp","href":"https:\/\/api.w.org\/{rel}","templated":true}]}}