{"id":838,"date":"2025-10-22T02:22:02","date_gmt":"2025-10-22T02:05:39","guid":{"rendered":"https:\/\/www.huashunware.com\/?post_type=product&#038;p=838"},"modified":"2026-02-04T02:02:50","modified_gmt":"2026-02-04T02:02:50","slug":"bulk-stainless-flatware-black-handle-flatware-set-supply","status":"publish","type":"product","link":"https:\/\/www.huashunware.com\/es\/producto\/bulk-stainless-flatware-black-handle-flatware-set-supply\/","title":{"rendered":"Cubiertos de acero inoxidable al por mayor | Huashun Cutlery Factory"},"content":{"rendered":"<div class=\"wp-block-columns is-layout-flex wp-container-core-columns-is-layout-9d6595d7 wp-block-columns-is-layout-flex\">\n<div class=\"wp-block-column is-layout-flow wp-block-column-is-layout-flow\">\n<h2 class=\"wp-block-heading\">Cubiertos inoxidables a granel Caracter\u00edsticas:<\/h2>\n\n\n\n<ol start=\"1\" class=\"wp-block-list\">\n<li><strong>Construcci\u00f3n de acero inoxidable 18\/0 de primera calidad<\/strong> Fabricada en acero inoxidable 18\/0 de alta calidad, esta cuberter\u00eda ofrece una fuerza superior, resistencia a la corrosi\u00f3n y un pulido espejo duradero.<\/li>\n\n\n\n<li><strong>Asas ergon\u00f3micas cl\u00e1sicas con triple remache<\/strong> presentan un dise\u00f1o atemporal de triple remache para una m\u00e1xima durabilidad y un agarre equilibrado y antideslizante que garantiza la comodidad durante un uso prolongado.<\/li>\n\n\n\n<li><strong>Personalizaci\u00f3n multicolor vibrante<\/strong> Nuestras asas utilizan una avanzada tecnolog\u00eda de transferencia t\u00e9rmica para ofrecer varios colores (como el azul intenso o el negro cl\u00e1sico) que no se descascarillan ni desti\u00f1en con el tiempo.<\/li>\n\n\n\n<li><strong>Caja expositora de 24 piezas preparada para la venta al por menor<\/strong> Se presenta en una caja de regalo profesional de 24 piezas (24 Couverts) con ventana visual y asa de transporte, perfecta para los lineales de los supermercados europeos.<\/li>\n\n\n\n<li><strong>De bajo mantenimiento y apto para lavavajillas, dise\u00f1ado para uso de alta frecuencia<\/strong>Este set conserva su brillo y forma incluso despu\u00e9s de varios lavados a m\u00e1quina, lo que supone una soluci\u00f3n econ\u00f3mica.<\/li>\n\n\n\n<li><strong>Soluciones OEM\/ODM flexibles a granel<\/strong> Huashun admite logotipos personalizados, envases a medida y texturas de asas espec\u00edficas para ayudar a los minoristas y compradores de hosteler\u00eda de todo el mundo a crear sus marcas.<\/li>\n<\/ol>\n<\/div>\n\n\n\n<div class=\"wp-block-column is-vertically-aligned-center is-layout-flow wp-block-column-is-layout-flow\">\n<figure class=\"wp-block-image size-full\"><img decoding=\"async\" width=\"800\" height=\"800\" src=\"https:\/\/www.huashunware.com\/wp-content\/uploads\/2025\/10\/Bulk-Stainless-Flatware3.webp\" alt=\"Cubiertos inoxidables a granel3\" class=\"wp-image-841\" srcset=\"https:\/\/www.huashunware.com\/wp-content\/uploads\/2025\/10\/Bulk-Stainless-Flatware3.webp 800w, https:\/\/www.huashunware.com\/wp-content\/uploads\/2025\/10\/Bulk-Stainless-Flatware3-300x300.webp 300w, https:\/\/www.huashunware.com\/wp-content\/uploads\/2025\/10\/Bulk-Stainless-Flatware3-150x150.webp 150w, https:\/\/www.huashunware.com\/wp-content\/uploads\/2025\/10\/Bulk-Stainless-Flatware3-768x768.webp 768w, https:\/\/www.huashunware.com\/wp-content\/uploads\/2025\/10\/Bulk-Stainless-Flatware3-12x12.webp 12w, https:\/\/www.huashunware.com\/wp-content\/uploads\/2025\/10\/Bulk-Stainless-Flatware3-600x600.webp 600w, https:\/\/www.huashunware.com\/wp-content\/uploads\/2025\/10\/Bulk-Stainless-Flatware3-100x100.webp 100w\" sizes=\"(max-width: 800px) 100vw, 800px\" \/><\/figure>\n\n\n\n<figure class=\"wp-block-image size-full\"><img decoding=\"async\" width=\"1728\" height=\"1728\" src=\"https:\/\/www.huashunware.com\/wp-content\/uploads\/2025\/10\/Bulk-Stainless-Flatware-Black-Handle-Flatware-Set-Supply-1.webp\" alt=\"Cubiertos de Acero Inoxidable a Granel Juego de Cubiertos con Mango Negro Suministro\" class=\"wp-image-1275\" srcset=\"https:\/\/www.huashunware.com\/wp-content\/uploads\/2025\/10\/Bulk-Stainless-Flatware-Black-Handle-Flatware-Set-Supply-1.webp 1728w, https:\/\/www.huashunware.com\/wp-content\/uploads\/2025\/10\/Bulk-Stainless-Flatware-Black-Handle-Flatware-Set-Supply-1-300x300.webp 300w, https:\/\/www.huashunware.com\/wp-content\/uploads\/2025\/10\/Bulk-Stainless-Flatware-Black-Handle-Flatware-Set-Supply-1-150x150.webp 150w, https:\/\/www.huashunware.com\/wp-content\/uploads\/2025\/10\/Bulk-Stainless-Flatware-Black-Handle-Flatware-Set-Supply-1-768x768.webp 768w, https:\/\/www.huashunware.com\/wp-content\/uploads\/2025\/10\/Bulk-Stainless-Flatware-Black-Handle-Flatware-Set-Supply-1-12x12.webp 12w, https:\/\/www.huashunware.com\/wp-content\/uploads\/2025\/10\/Bulk-Stainless-Flatware-Black-Handle-Flatware-Set-Supply-1-1200x1200.webp 1200w, https:\/\/www.huashunware.com\/wp-content\/uploads\/2025\/10\/Bulk-Stainless-Flatware-Black-Handle-Flatware-Set-Supply-1-600x600.webp 600w, https:\/\/www.huashunware.com\/wp-content\/uploads\/2025\/10\/Bulk-Stainless-Flatware-Black-Handle-Flatware-Set-Supply-1-100x100.webp 100w\" sizes=\"(max-width: 1728px) 100vw, 1728px\" \/><\/figure>\n<\/div>\n<\/div>","protected":false},"excerpt":{"rendered":"<p data-start=\"1174\" data-end=\"1465\">La cuberter\u00eda inoxidable a granel con mango negro combina un dise\u00f1o moderno con una calidad duradera. Con acero inoxidable duradero y mangos negros impresos con calor, ofrece comodidad, estilo y versatilidad para hogares, restaurantes y minoristas por igual.<\/p>\n<h2>Cubiertos inoxidables a granel Atributos:<\/h2>\n<table>\n<thead>\n<tr>\n<th>Art\u00edculo<\/th>\n<th>Peso (g)<\/th>\n<th>Longitud (cm)<\/th>\n<th>Anchura (cm)<\/th>\n<th>Espesor (mm)<\/th>\n<\/tr>\n<\/thead>\n<tbody>\n<tr>\n<td>Cuchillo<\/td>\n<td>30.5<\/td>\n<td>21.0<\/td>\n<td>1.7<\/td>\n<td>1.5<\/td>\n<\/tr>\n<tr>\n<td>Horquilla<\/td>\n<td>27.3<\/td>\n<td>19.5<\/td>\n<td>2.4<\/td>\n<td>1.5<\/td>\n<\/tr>\n<tr>\n<td>Cuchara<\/td>\n<td>36.0<\/td>\n<td>19.0<\/td>\n<td>3.6<\/td>\n<td>1.5<\/td>\n<\/tr>\n<tr>\n<td>Cucharilla<\/td>\n<td>26.0<\/td>\n<td>16.5<\/td>\n<td>3.3<\/td>\n<td>1.5<\/td>\n<\/tr>\n<\/tbody>\n<\/table>\n<h2>Cubiertos de acero inoxidable personalizados\uff1a<\/h2>\n<ul>\n<li>Muestra gratuita: Puede haber disponible una muestra gratuita.<\/li>\n<li>Embalaje y personalizaci\u00f3n del logotipo: Admitimos logotipos personalizados en el envase y ofrecemos varias opciones de envasado, como cajas de PET, cajas de PVC y cajas de regalo.<\/li>\n<li>Opciones de color del asa: Se acepta la personalizaci\u00f3n del color del asa, con 6-8 colores disponibles en stock.<\/li>\n<\/ul>","protected":false},"featured_media":841,"comment_status":"closed","ping_status":"closed","template":"","meta":{"_acf_changed":false},"product_brand":[],"product_cat":[18,26],"product_tag":[],"class_list":{"0":"post-838","1":"product","2":"type-product","3":"status-publish","4":"has-post-thumbnail","6":"product_cat-cutlery-set-wholesale","7":"product_cat-plastic-handle-flatware-set","9":"first","10":"instock","11":"shipping-taxable","12":"product-type-simple"},"acf":[],"_links":{"self":[{"href":"https:\/\/www.huashunware.com\/es\/wp-json\/wp\/v2\/product\/838","targetHints":{"allow":["GET"]}}],"collection":[{"href":"https:\/\/www.huashunware.com\/es\/wp-json\/wp\/v2\/product"}],"about":[{"href":"https:\/\/www.huashunware.com\/es\/wp-json\/wp\/v2\/types\/product"}],"replies":[{"embeddable":true,"href":"https:\/\/www.huashunware.com\/es\/wp-json\/wp\/v2\/comments?post=838"}],"wp:featuredmedia":[{"embeddable":true,"href":"https:\/\/www.huashunware.com\/es\/wp-json\/wp\/v2\/media\/841"}],"wp:attachment":[{"href":"https:\/\/www.huashunware.com\/es\/wp-json\/wp\/v2\/media?parent=838"}],"wp:term":[{"taxonomy":"product_brand","embeddable":true,"href":"https:\/\/www.huashunware.com\/es\/wp-json\/wp\/v2\/product_brand?post=838"},{"taxonomy":"product_cat","embeddable":true,"href":"https:\/\/www.huashunware.com\/es\/wp-json\/wp\/v2\/product_cat?post=838"},{"taxonomy":"product_tag","embeddable":true,"href":"https:\/\/www.huashunware.com\/es\/wp-json\/wp\/v2\/product_tag?post=838"}],"curies":[{"name":"wp","href":"https:\/\/api.w.org\/{rel}","templated":true}]}}