{"id":844,"date":"2025-10-22T02:42:30","date_gmt":"2025-10-22T02:28:04","guid":{"rendered":"https:\/\/www.huashunware.com\/?post_type=product&#038;p=844"},"modified":"2026-02-04T01:50:48","modified_gmt":"2026-02-04T01:50:48","slug":"bulk-stainless-steel-flatware-color-handle-flatware-wholesale","status":"publish","type":"product","link":"https:\/\/www.huashunware.com\/es\/producto\/bulk-stainless-steel-flatware-color-handle-flatware-wholesale\/","title":{"rendered":"Cubiertos de Acero Inoxidable a Granel Cubiertos con Mango de Color al por Mayor"},"content":{"rendered":"<div class=\"wp-block-columns is-layout-flex wp-container-core-columns-is-layout-9d6595d7 wp-block-columns-is-layout-flex\">\n<div class=\"wp-block-column is-layout-flow wp-block-column-is-layout-flow\">\n<h2 class=\"wp-block-heading\">Cubiertos de acero inoxidable a granel Caracter\u00edsticas:<\/h2>\n\n\n\n<p><strong>Artesan\u00eda superior en acero inoxidable<\/strong> Fabricada en acero inoxidable 18\/0 de alta calidad, cada pieza equilibra resistencia y brillo, manteni\u00e9ndose resistente a la oxidaci\u00f3n incluso despu\u00e9s de a\u00f1os de uso diario.<\/p>\n\n\n\n<p><strong>Asas de colores vivos y elegantes<\/strong> Presenta un llamativo mango rojo de alto brillo con una forma ergon\u00f3mica contempor\u00e1nea, dise\u00f1ada para combinar con cualquier ambiente gastron\u00f3mico, desde comidas familiares hasta restaurantes de lujo.<\/p>\n\n\n\n<p><strong>Acabado pulido espejo de alta calidad<\/strong> Los cabezales met\u00e1licos est\u00e1n pulidos con precisi\u00f3n hasta conseguir un acabado de espejo de alto brillo, lo que garantiza unos bordes lisos y una experiencia culinaria refinada y profesional.<\/p>\n\n\n\n<p><strong>Embalaje transparente \u00fanico para regalo<\/strong> Se presenta en una llamativa caja transparente preparada para la venta al por menor con asa de transporte, lo que la convierte en una opci\u00f3n de gran visibilidad para supermercados y promociones de regalos premium.<\/p>\n\n\n\n<p><strong>Suministros fiables a granel y al por mayor<\/strong> Como fabricante directo, <strong>Huashun<\/strong> ofrece calidad constante y entrega r\u00e1pida para pedidos de gran volumen, destinados a minoristas y hosteleros de todo el mundo.<\/p>\n\n\n\n<p><strong>Personalizaci\u00f3n completa de la marca y el logotipo<\/strong> Mejore su presencia en el mercado con nuestras flexibles soluciones OEM, que incluyen colores de asas personalizados, impresi\u00f3n de logotipos y dise\u00f1os de envases a medida.<\/p>\n<\/div>\n\n\n\n<div class=\"wp-block-column is-vertically-aligned-center is-layout-flow wp-block-column-is-layout-flow\">\n<figure class=\"wp-block-image size-full\"><img decoding=\"async\" width=\"800\" height=\"800\" src=\"https:\/\/www.huashunware.com\/wp-content\/uploads\/2025\/10\/Bulk-Stainless-Steel-Flatware2.webp\" alt=\"Cubiertos de acero inoxidable a granel2\" class=\"wp-image-850\" srcset=\"https:\/\/www.huashunware.com\/wp-content\/uploads\/2025\/10\/Bulk-Stainless-Steel-Flatware2.webp 800w, https:\/\/www.huashunware.com\/wp-content\/uploads\/2025\/10\/Bulk-Stainless-Steel-Flatware2-300x300.webp 300w, https:\/\/www.huashunware.com\/wp-content\/uploads\/2025\/10\/Bulk-Stainless-Steel-Flatware2-150x150.webp 150w, https:\/\/www.huashunware.com\/wp-content\/uploads\/2025\/10\/Bulk-Stainless-Steel-Flatware2-768x768.webp 768w, https:\/\/www.huashunware.com\/wp-content\/uploads\/2025\/10\/Bulk-Stainless-Steel-Flatware2-12x12.webp 12w, https:\/\/www.huashunware.com\/wp-content\/uploads\/2025\/10\/Bulk-Stainless-Steel-Flatware2-600x600.webp 600w, https:\/\/www.huashunware.com\/wp-content\/uploads\/2025\/10\/Bulk-Stainless-Steel-Flatware2-100x100.webp 100w\" sizes=\"(max-width: 800px) 100vw, 800px\" \/><\/figure>\n\n\n\n<figure class=\"wp-block-image size-full\"><img decoding=\"async\" width=\"2500\" height=\"2500\" src=\"https:\/\/www.huashunware.com\/wp-content\/uploads\/2025\/10\/Bulk-Stainless-Steel-Flatware-Color-Handle-Flatware-Wholesale-1.webp\" alt=\"Cubiertos de Acero Inoxidable a Granel Cubiertos con Mango de Color al por Mayor\" class=\"wp-image-1271\" srcset=\"https:\/\/www.huashunware.com\/wp-content\/uploads\/2025\/10\/Bulk-Stainless-Steel-Flatware-Color-Handle-Flatware-Wholesale-1.webp 2500w, https:\/\/www.huashunware.com\/wp-content\/uploads\/2025\/10\/Bulk-Stainless-Steel-Flatware-Color-Handle-Flatware-Wholesale-1-300x300.webp 300w, https:\/\/www.huashunware.com\/wp-content\/uploads\/2025\/10\/Bulk-Stainless-Steel-Flatware-Color-Handle-Flatware-Wholesale-1-150x150.webp 150w, https:\/\/www.huashunware.com\/wp-content\/uploads\/2025\/10\/Bulk-Stainless-Steel-Flatware-Color-Handle-Flatware-Wholesale-1-768x768.webp 768w, https:\/\/www.huashunware.com\/wp-content\/uploads\/2025\/10\/Bulk-Stainless-Steel-Flatware-Color-Handle-Flatware-Wholesale-1-12x12.webp 12w, https:\/\/www.huashunware.com\/wp-content\/uploads\/2025\/10\/Bulk-Stainless-Steel-Flatware-Color-Handle-Flatware-Wholesale-1-1200x1200.webp 1200w, https:\/\/www.huashunware.com\/wp-content\/uploads\/2025\/10\/Bulk-Stainless-Steel-Flatware-Color-Handle-Flatware-Wholesale-1-600x600.webp 600w, https:\/\/www.huashunware.com\/wp-content\/uploads\/2025\/10\/Bulk-Stainless-Steel-Flatware-Color-Handle-Flatware-Wholesale-1-100x100.webp 100w\" sizes=\"(max-width: 2500px) 100vw, 2500px\" \/><figcaption class=\"wp-element-caption\"><strong><mark style=\"background-color:rgba(0, 0, 0, 0);color:#dd3737\" class=\"has-inline-color\">Exquisitos envases expositores<\/mark><\/strong><\/figcaption><\/figure>\n<\/div>\n<\/div>\n\n\n\n<p><\/p>","protected":false},"excerpt":{"rendered":"<p data-start=\"1174\" data-end=\"1465\">La venta al por mayor de cubiertos de acero inoxidable con mango de color ofrece cubiertos elegantes y duraderos con mangos de colores y envases personalizables, perfectos para minoristas y empresas de hosteler\u00eda que buscan calidad y flexibilidad de dise\u00f1o.<\/p>\n<h2>Cubiertos de acero inoxidable a granel Atributos:<\/h2>\n<table>\n<thead>\n<tr>\n<th>Art\u00edculo<\/th>\n<th>Peso (g)<\/th>\n<th>Longitud (cm)<\/th>\n<th>Anchura (cm)<\/th>\n<th>Espesor (mm)<\/th>\n<\/tr>\n<\/thead>\n<tbody>\n<tr>\n<td>Cuchillo<\/td>\n<td>30.5<\/td>\n<td>21.0<\/td>\n<td>1.7<\/td>\n<td>1.5<\/td>\n<\/tr>\n<tr>\n<td>Horquilla<\/td>\n<td>22.5<\/td>\n<td>19.5<\/td>\n<td>2.4<\/td>\n<td>1.5<\/td>\n<\/tr>\n<tr>\n<td>Cuchara<\/td>\n<td>36.0<\/td>\n<td>19.0<\/td>\n<td>3.6<\/td>\n<td>1.5<\/td>\n<\/tr>\n<tr>\n<td>Cucharilla<\/td>\n<td>26.0<\/td>\n<td>15.2<\/td>\n<td>3.3<\/td>\n<td>1.5<\/td>\n<\/tr>\n<\/tbody>\n<\/table>\n<h2>Cubiertos de acero inoxidable personalizados\uff1a<\/h2>\n<ul>\n<li>Muestra gratuita: Puede haber disponible una muestra gratuita.<\/li>\n<li>Embalaje y personalizaci\u00f3n del logotipo: Admitimos logotipos personalizados en el envase y ofrecemos varias opciones de envasado, como cajas de PET, cajas de PVC y cajas de regalo.<\/li>\n<li>Opciones de color del asa: Se acepta la personalizaci\u00f3n del color del asa, con 6-8 colores disponibles en stock.<\/li>\n<\/ul>","protected":false},"featured_media":850,"comment_status":"closed","ping_status":"closed","template":"","meta":{"_acf_changed":false},"product_brand":[],"product_cat":[18,26],"product_tag":[],"class_list":{"0":"post-844","1":"product","2":"type-product","3":"status-publish","4":"has-post-thumbnail","6":"product_cat-cutlery-set-wholesale","7":"product_cat-plastic-handle-flatware-set","9":"first","10":"instock","11":"shipping-taxable","12":"product-type-simple"},"acf":[],"_links":{"self":[{"href":"https:\/\/www.huashunware.com\/es\/wp-json\/wp\/v2\/product\/844","targetHints":{"allow":["GET"]}}],"collection":[{"href":"https:\/\/www.huashunware.com\/es\/wp-json\/wp\/v2\/product"}],"about":[{"href":"https:\/\/www.huashunware.com\/es\/wp-json\/wp\/v2\/types\/product"}],"replies":[{"embeddable":true,"href":"https:\/\/www.huashunware.com\/es\/wp-json\/wp\/v2\/comments?post=844"}],"wp:featuredmedia":[{"embeddable":true,"href":"https:\/\/www.huashunware.com\/es\/wp-json\/wp\/v2\/media\/850"}],"wp:attachment":[{"href":"https:\/\/www.huashunware.com\/es\/wp-json\/wp\/v2\/media?parent=844"}],"wp:term":[{"taxonomy":"product_brand","embeddable":true,"href":"https:\/\/www.huashunware.com\/es\/wp-json\/wp\/v2\/product_brand?post=844"},{"taxonomy":"product_cat","embeddable":true,"href":"https:\/\/www.huashunware.com\/es\/wp-json\/wp\/v2\/product_cat?post=844"},{"taxonomy":"product_tag","embeddable":true,"href":"https:\/\/www.huashunware.com\/es\/wp-json\/wp\/v2\/product_tag?post=844"}],"curies":[{"name":"wp","href":"https:\/\/api.w.org\/{rel}","templated":true}]}}