{"id":854,"date":"2025-10-22T06:57:27","date_gmt":"2025-10-22T06:42:00","guid":{"rendered":"https:\/\/www.huashunware.com\/?post_type=product&#038;p=854"},"modified":"2026-02-03T09:53:14","modified_gmt":"2026-02-03T09:53:14","slug":"wholesale-stainless-flatware-round-handle-cutlery","status":"publish","type":"product","link":"https:\/\/www.huashunware.com\/es\/producto\/wholesale-stainless-flatware-round-handle-cutlery\/","title":{"rendered":"Mayorista Cubiertos Inoxidables Mango Redondo Cubiertos"},"content":{"rendered":"<div class=\"wp-block-columns is-layout-flex wp-container-core-columns-is-layout-9d6595d7 wp-block-columns-is-layout-flex\">\n<div class=\"wp-block-column is-layout-flow wp-block-column-is-layout-flow\">\n<h2 class=\"wp-block-heading\">Cubiertos de acero inoxidable al por mayor Caracter\u00edsticas:<\/h2>\n\n\n\n<p><strong>Material de acero inoxidable duradero<\/strong> Fabricados en acero inoxidable de alta calidad, estos cubiertos ofrecen una durabilidad excepcional y un acabado pulido que se mantiene brillante incluso con el uso diario.<\/p>\n\n\n\n<p><strong>Moderno dise\u00f1o de asa redonda:<\/strong> Las suaves y vibrantes asas redondas proporcionan un aspecto minimalista con un c\u00f3modo agarre, perfecto para cenas informales y estilos de vida modernos.<\/p>\n\n\n\n<p><strong>Embalaje port\u00e1til que ahorra espacio<\/strong>\uff1a Se presenta en tubos transparentes compactos y eficientes que reducen los gastos de env\u00edo y hacen que el set sea perfecto para <strong>para llevar o de viaje<\/strong>.<\/p>\n\n\n\n<p><strong>Vibrante paleta de colores personalizada<\/strong>Disponible en una amplia gama de llamativos colores (como el naranja brillante que se muestra), que le permiten adaptarse a su marca o a las tendencias minoristas de temporada.<\/p>\n\n\n\n<p><strong>Impresi\u00f3n de logotipos personalizados<\/strong>\uff1a El envase y las asas est\u00e1n dise\u00f1ados para una f\u00e1cil personalizaci\u00f3n del logotipo, lo que ayuda a las marcas a mejorar la visibilidad para <strong>regalos promocionales<\/strong>.<\/p>\n\n\n\n<p><strong>Precios rentables por volumen<\/strong>Ofrecido a un precio competitivo al por mayor, este set equilibra calidad y asequibilidad, por lo que es ideal para regalos de gran volumen o mercados minoristas de valor.<\/p>\n<\/div>\n\n\n\n<div class=\"wp-block-column is-vertically-aligned-center is-layout-flow wp-block-column-is-layout-flow\">\n<figure class=\"wp-block-image size-full\"><img decoding=\"async\" width=\"800\" height=\"800\" src=\"https:\/\/www.huashunware.com\/wp-content\/uploads\/2025\/10\/Wholesale-Stainless-Flatware1.webp\" alt=\"Venta al por mayor de cubiertos de acero inoxidable1\" class=\"wp-image-855\" srcset=\"https:\/\/www.huashunware.com\/wp-content\/uploads\/2025\/10\/Wholesale-Stainless-Flatware1.webp 800w, https:\/\/www.huashunware.com\/wp-content\/uploads\/2025\/10\/Wholesale-Stainless-Flatware1-300x300.webp 300w, https:\/\/www.huashunware.com\/wp-content\/uploads\/2025\/10\/Wholesale-Stainless-Flatware1-150x150.webp 150w, https:\/\/www.huashunware.com\/wp-content\/uploads\/2025\/10\/Wholesale-Stainless-Flatware1-768x768.webp 768w, https:\/\/www.huashunware.com\/wp-content\/uploads\/2025\/10\/Wholesale-Stainless-Flatware1-12x12.webp 12w, https:\/\/www.huashunware.com\/wp-content\/uploads\/2025\/10\/Wholesale-Stainless-Flatware1-600x600.webp 600w, https:\/\/www.huashunware.com\/wp-content\/uploads\/2025\/10\/Wholesale-Stainless-Flatware1-100x100.webp 100w\" sizes=\"(max-width: 800px) 100vw, 800px\" \/><\/figure>\n\n\n\n<figure class=\"wp-block-image size-full\"><img decoding=\"async\" width=\"3072\" height=\"3072\" src=\"https:\/\/www.huashunware.com\/wp-content\/uploads\/2025\/10\/Wholesale-Stainless-Flatware-Round-Handle-Cutlery-1.webp\" alt=\"Mayorista Cubiertos Inoxidables Mango Redondo Cubiertos\" class=\"wp-image-1200\" srcset=\"https:\/\/www.huashunware.com\/wp-content\/uploads\/2025\/10\/Wholesale-Stainless-Flatware-Round-Handle-Cutlery-1.webp 3072w, https:\/\/www.huashunware.com\/wp-content\/uploads\/2025\/10\/Wholesale-Stainless-Flatware-Round-Handle-Cutlery-1-300x300.webp 300w, https:\/\/www.huashunware.com\/wp-content\/uploads\/2025\/10\/Wholesale-Stainless-Flatware-Round-Handle-Cutlery-1-150x150.webp 150w, https:\/\/www.huashunware.com\/wp-content\/uploads\/2025\/10\/Wholesale-Stainless-Flatware-Round-Handle-Cutlery-1-768x768.webp 768w, https:\/\/www.huashunware.com\/wp-content\/uploads\/2025\/10\/Wholesale-Stainless-Flatware-Round-Handle-Cutlery-1-12x12.webp 12w, https:\/\/www.huashunware.com\/wp-content\/uploads\/2025\/10\/Wholesale-Stainless-Flatware-Round-Handle-Cutlery-1-1200x1200.webp 1200w, https:\/\/www.huashunware.com\/wp-content\/uploads\/2025\/10\/Wholesale-Stainless-Flatware-Round-Handle-Cutlery-1-600x600.webp 600w, https:\/\/www.huashunware.com\/wp-content\/uploads\/2025\/10\/Wholesale-Stainless-Flatware-Round-Handle-Cutlery-1-100x100.webp 100w\" sizes=\"(max-width: 3072px) 100vw, 3072px\" \/><\/figure>\n<\/div>\n<\/div>","protected":false},"excerpt":{"rendered":"<p data-start=\"1174\" data-end=\"1465\">La cuberter\u00eda al por mayor de acero inoxidable con mango redondo ofrece cubiertos de acero inoxidable duraderos con elegantes mangos redondos, envases compactos y logotipos personalizables, perfectos para promociones y ventas al por mayor.<\/p>\n<h2 data-start=\"1174\" data-end=\"1465\">Mayorista Cubiertos Inoxidables Atributos\uff1a<\/h2>\n<table>\n<thead>\n<tr>\n<th>Art\u00edculo<\/th>\n<th>Peso (g)<\/th>\n<th>Longitud (cm)<\/th>\n<th>Anchura (cm)<\/th>\n<th>Espesor (mm)<\/th>\n<\/tr>\n<\/thead>\n<tbody>\n<tr>\n<td>Cuchillo<\/td>\n<td>27.2<\/td>\n<td>21.0<\/td>\n<td>1.7<\/td>\n<td>1.5<\/td>\n<\/tr>\n<tr>\n<td>Horquilla<\/td>\n<td>22.5<\/td>\n<td>19.5<\/td>\n<td>2.4<\/td>\n<td>1.5<\/td>\n<\/tr>\n<tr>\n<td>Cuchara<\/td>\n<td>33.0<\/td>\n<td>18.5<\/td>\n<td>3.8<\/td>\n<td>1.5<\/td>\n<\/tr>\n<tr>\n<td>Cucharilla<\/td>\n<td>26.0<\/td>\n<td>16.0<\/td>\n<td>3.2<\/td>\n<td>1.5<\/td>\n<\/tr>\n<\/tbody>\n<\/table>\n<h2>Cubiertos de acero inoxidable personalizados\uff1a<\/h2>\n<ul>\n<li>Muestra gratuita: Puede haber disponible una muestra gratuita.<\/li>\n<li>Embalaje y personalizaci\u00f3n del logotipo: Admitimos logotipos personalizados en el envase y ofrecemos varias opciones de envasado, como cajas de PET, cajas de PVC y cajas de regalo.<\/li>\n<li>Opciones de color del asa: Se acepta la personalizaci\u00f3n del color del asa, con 6-8 colores disponibles en stock.<\/li>\n<\/ul>","protected":false},"featured_media":855,"comment_status":"closed","ping_status":"closed","template":"","meta":{"_acf_changed":false},"product_brand":[],"product_cat":[18,26],"product_tag":[],"class_list":{"0":"post-854","1":"product","2":"type-product","3":"status-publish","4":"has-post-thumbnail","6":"product_cat-cutlery-set-wholesale","7":"product_cat-plastic-handle-flatware-set","9":"first","10":"instock","11":"shipping-taxable","12":"product-type-simple"},"acf":[],"_links":{"self":[{"href":"https:\/\/www.huashunware.com\/es\/wp-json\/wp\/v2\/product\/854","targetHints":{"allow":["GET"]}}],"collection":[{"href":"https:\/\/www.huashunware.com\/es\/wp-json\/wp\/v2\/product"}],"about":[{"href":"https:\/\/www.huashunware.com\/es\/wp-json\/wp\/v2\/types\/product"}],"replies":[{"embeddable":true,"href":"https:\/\/www.huashunware.com\/es\/wp-json\/wp\/v2\/comments?post=854"}],"wp:featuredmedia":[{"embeddable":true,"href":"https:\/\/www.huashunware.com\/es\/wp-json\/wp\/v2\/media\/855"}],"wp:attachment":[{"href":"https:\/\/www.huashunware.com\/es\/wp-json\/wp\/v2\/media?parent=854"}],"wp:term":[{"taxonomy":"product_brand","embeddable":true,"href":"https:\/\/www.huashunware.com\/es\/wp-json\/wp\/v2\/product_brand?post=854"},{"taxonomy":"product_cat","embeddable":true,"href":"https:\/\/www.huashunware.com\/es\/wp-json\/wp\/v2\/product_cat?post=854"},{"taxonomy":"product_tag","embeddable":true,"href":"https:\/\/www.huashunware.com\/es\/wp-json\/wp\/v2\/product_tag?post=854"}],"curies":[{"name":"wp","href":"https:\/\/api.w.org\/{rel}","templated":true}]}}