{"id":861,"date":"2025-10-22T07:34:36","date_gmt":"2025-10-22T07:14:34","guid":{"rendered":"https:\/\/www.huashunware.com\/?post_type=product&#038;p=861"},"modified":"2026-02-03T09:45:39","modified_gmt":"2026-02-03T09:45:39","slug":"custom-stainless-flatware-with-black-handles","status":"publish","type":"product","link":"https:\/\/www.huashunware.com\/es\/producto\/custom-stainless-flatware-with-black-handles\/","title":{"rendered":"Fabricante de cubiertos de acero inoxidable a medida | Huashun Cutlery"},"content":{"rendered":"<div class=\"wp-block-columns is-layout-flex wp-container-core-columns-is-layout-9d6595d7 wp-block-columns-is-layout-flex\">\n<div class=\"wp-block-column is-layout-flow wp-block-column-is-layout-flow\">\n<h2 class=\"wp-block-heading\">Cubiertos inoxidables personalizados Caracter\u00edsticas:<\/h2>\n\n\n\n<p><strong>Construcci\u00f3n de acero inoxidable refinado<\/strong> Fabricada en acero inoxidable 18\/0 de alta calidad, esta cuberter\u00eda es resistente al \u00f3xido y duradera, lo que garantiza una combinaci\u00f3n perfecta de resistencia y est\u00e9tica.<\/p>\n\n\n\n<p><strong>Asas personalizadas modernas mate:<\/strong> Con un elegante acabado mate y un tacto c\u00f3modo y suave, nuestras asas a\u00f1aden sofisticaci\u00f3n a cualquier mesa y est\u00e1n disponibles en varios colores. <strong>colores personalizados<\/strong>.<\/p>\n\n\n\n<p><strong>Elegante superficie pulida a espejo<\/strong> Los cabezales met\u00e1licos est\u00e1n pulidos con precisi\u00f3n hasta conseguir un acabado de espejo de alto brillo, creando un contraste de primera calidad con los coloridos mangos mate.<\/p>\n\n\n\n<p><strong>Embalaje de regalo premium de 24 piezas<\/strong> Presentado en un elegante <strong>Caja expositora de 24 piezas<\/strong>Este set est\u00e1 perfectamente organizado para la venta al por menor, regalos de empresa o uso dom\u00e9stico de primera calidad.<\/p>\n\n\n\n<p><strong>Personalizaci\u00f3n de marcas y logotipos<\/strong> Ofrecemos soluciones OEM completas, que incluyen <strong>grabado de logotipos personalizados<\/strong> y envases a medida, para que su marca tenga un impacto memorable.<\/p>\n\n\n\n<p><strong>Opci\u00f3n econ\u00f3mica pero de gama alta<\/strong> Huashun ofrece un aspecto de gama alta sin un coste elevado, lo que supone una opci\u00f3n rentable para los pedidos al por mayor y la venta promocional al por menor.<\/p>\n<\/div>\n\n\n\n<div class=\"wp-block-column is-vertically-aligned-center is-layout-flow wp-block-column-is-layout-flow\">\n<figure class=\"wp-block-image size-full\"><img decoding=\"async\" width=\"800\" height=\"800\" src=\"https:\/\/www.huashunware.com\/wp-content\/uploads\/2025\/10\/Custom-Stainless-Flatware1.webp\" alt=\"Cubiertos inoxidables personalizados1\" class=\"wp-image-862\" srcset=\"https:\/\/www.huashunware.com\/wp-content\/uploads\/2025\/10\/Custom-Stainless-Flatware1.webp 800w, https:\/\/www.huashunware.com\/wp-content\/uploads\/2025\/10\/Custom-Stainless-Flatware1-300x300.webp 300w, https:\/\/www.huashunware.com\/wp-content\/uploads\/2025\/10\/Custom-Stainless-Flatware1-150x150.webp 150w, https:\/\/www.huashunware.com\/wp-content\/uploads\/2025\/10\/Custom-Stainless-Flatware1-768x768.webp 768w, https:\/\/www.huashunware.com\/wp-content\/uploads\/2025\/10\/Custom-Stainless-Flatware1-12x12.webp 12w, https:\/\/www.huashunware.com\/wp-content\/uploads\/2025\/10\/Custom-Stainless-Flatware1-600x600.webp 600w, https:\/\/www.huashunware.com\/wp-content\/uploads\/2025\/10\/Custom-Stainless-Flatware1-100x100.webp 100w\" sizes=\"(max-width: 800px) 100vw, 800px\" \/><\/figure>\n\n\n\n<figure class=\"wp-block-image size-full\"><img decoding=\"async\" width=\"3686\" height=\"3686\" src=\"https:\/\/www.huashunware.com\/wp-content\/uploads\/2025\/10\/Custom-Stainless-Flatware-with-Black-Handles-1.webp\" alt=\"Cubiertos inoxidables personalizados con mangos negros\" class=\"wp-image-1264\" srcset=\"https:\/\/www.huashunware.com\/wp-content\/uploads\/2025\/10\/Custom-Stainless-Flatware-with-Black-Handles-1.webp 3686w, https:\/\/www.huashunware.com\/wp-content\/uploads\/2025\/10\/Custom-Stainless-Flatware-with-Black-Handles-1-300x300.webp 300w, https:\/\/www.huashunware.com\/wp-content\/uploads\/2025\/10\/Custom-Stainless-Flatware-with-Black-Handles-1-150x150.webp 150w, https:\/\/www.huashunware.com\/wp-content\/uploads\/2025\/10\/Custom-Stainless-Flatware-with-Black-Handles-1-768x768.webp 768w, https:\/\/www.huashunware.com\/wp-content\/uploads\/2025\/10\/Custom-Stainless-Flatware-with-Black-Handles-1-12x12.webp 12w, https:\/\/www.huashunware.com\/wp-content\/uploads\/2025\/10\/Custom-Stainless-Flatware-with-Black-Handles-1-1200x1200.webp 1200w, https:\/\/www.huashunware.com\/wp-content\/uploads\/2025\/10\/Custom-Stainless-Flatware-with-Black-Handles-1-600x600.webp 600w, https:\/\/www.huashunware.com\/wp-content\/uploads\/2025\/10\/Custom-Stainless-Flatware-with-Black-Handles-1-100x100.webp 100w\" sizes=\"(max-width: 3686px) 100vw, 3686px\" \/><\/figure>\n<\/div>\n<\/div>","protected":false},"excerpt":{"rendered":"<p data-start=\"1174\" data-end=\"1465\">Huashun ofrece cubiertos de acero inoxidable personalizados con mangos mate. Acero 18\/0 duradero, vibrantes colores personalizados y embalaje de regalo. Ideal para marcas corporativas. \u00a1Pida presupuesto!<\/p>\n<h2 data-start=\"1174\" data-end=\"1465\">Cubiertos de acero inoxidable personalizados Atributos\uff1a<\/h2>\n<table>\n<thead>\n<tr>\n<th>Art\u00edculo<\/th>\n<th>Peso (g)<\/th>\n<th>Longitud (cm)<\/th>\n<th>Anchura (cm)<\/th>\n<th>Espesor (mm)<\/th>\n<\/tr>\n<\/thead>\n<tbody>\n<tr>\n<td>Cuchillo<\/td>\n<td>27.5<\/td>\n<td>21.0<\/td>\n<td>1.7<\/td>\n<td>1.5<\/td>\n<\/tr>\n<tr>\n<td>Horquilla<\/td>\n<td>24.0<\/td>\n<td>19.5<\/td>\n<td>2.4<\/td>\n<td>1.5<\/td>\n<\/tr>\n<tr>\n<td>Cuchara<\/td>\n<td>33.0<\/td>\n<td>19.0<\/td>\n<td>3.8<\/td>\n<td>1.5<\/td>\n<\/tr>\n<tr>\n<td>Cucharilla<\/td>\n<td>15.5<\/td>\n<td>15.5<\/td>\n<td>3.3<\/td>\n<td>1.5<\/td>\n<\/tr>\n<\/tbody>\n<\/table>\n<h2>Cubiertos de acero inoxidable personalizados\uff1a<\/h2>\n<ul>\n<li>Muestra gratuita: Puede haber disponible una muestra gratuita.<\/li>\n<li>Embalaje y personalizaci\u00f3n del logotipo: Admitimos logotipos personalizados en el envase y ofrecemos varias opciones de envasado, como cajas de PET, cajas de PVC y cajas de regalo.<\/li>\n<li>Opciones de color del asa: Se acepta la personalizaci\u00f3n del color del asa, con 6-8 colores disponibles en stock.<\/li>\n<\/ul>","protected":false},"featured_media":862,"comment_status":"closed","ping_status":"closed","template":"","meta":{"_acf_changed":false},"product_brand":[],"product_cat":[18,26],"product_tag":[],"class_list":{"0":"post-861","1":"product","2":"type-product","3":"status-publish","4":"has-post-thumbnail","6":"product_cat-cutlery-set-wholesale","7":"product_cat-plastic-handle-flatware-set","9":"first","10":"instock","11":"shipping-taxable","12":"product-type-simple"},"acf":[],"_links":{"self":[{"href":"https:\/\/www.huashunware.com\/es\/wp-json\/wp\/v2\/product\/861","targetHints":{"allow":["GET"]}}],"collection":[{"href":"https:\/\/www.huashunware.com\/es\/wp-json\/wp\/v2\/product"}],"about":[{"href":"https:\/\/www.huashunware.com\/es\/wp-json\/wp\/v2\/types\/product"}],"replies":[{"embeddable":true,"href":"https:\/\/www.huashunware.com\/es\/wp-json\/wp\/v2\/comments?post=861"}],"wp:featuredmedia":[{"embeddable":true,"href":"https:\/\/www.huashunware.com\/es\/wp-json\/wp\/v2\/media\/862"}],"wp:attachment":[{"href":"https:\/\/www.huashunware.com\/es\/wp-json\/wp\/v2\/media?parent=861"}],"wp:term":[{"taxonomy":"product_brand","embeddable":true,"href":"https:\/\/www.huashunware.com\/es\/wp-json\/wp\/v2\/product_brand?post=861"},{"taxonomy":"product_cat","embeddable":true,"href":"https:\/\/www.huashunware.com\/es\/wp-json\/wp\/v2\/product_cat?post=861"},{"taxonomy":"product_tag","embeddable":true,"href":"https:\/\/www.huashunware.com\/es\/wp-json\/wp\/v2\/product_tag?post=861"}],"curies":[{"name":"wp","href":"https:\/\/api.w.org\/{rel}","templated":true}]}}