{"id":867,"date":"2025-10-23T02:31:02","date_gmt":"2025-10-23T01:58:38","guid":{"rendered":"https:\/\/www.huashunware.com\/?post_type=product&#038;p=867"},"modified":"2026-02-03T09:25:34","modified_gmt":"2026-02-03T09:25:34","slug":"wholesale-spoons-and-forks-premium-quality-silverware-sets","status":"publish","type":"product","link":"https:\/\/www.huashunware.com\/es\/producto\/wholesale-spoons-and-forks-premium-quality-silverware-sets\/","title":{"rendered":"Mayorista Cucharas y Tenedores, Juegos de cubiertos de primera calidad"},"content":{"rendered":"<div class=\"wp-block-columns is-layout-flex wp-container-core-columns-is-layout-9d6595d7 wp-block-columns-is-layout-flex\">\n<div class=\"wp-block-column is-layout-flow wp-block-column-is-layout-flow\">\n<h2 class=\"wp-block-heading\">Cucharas y tenedores al por mayor Caracter\u00edsticas:<\/h2>\n\n\n\n<p><strong>Acero inoxidable 18\/0 de primera calidad<\/strong> Fabricadas en acero inoxidable 18\/0 de alta calidad, estas cucharas y tenedores son resistentes a la oxidaci\u00f3n y cumplen todas las normas de la UE. <strong>Normas de seguridad alimentaria de la UE y EE.UU.<\/strong>.<\/p>\n\n\n\n<p><strong>Acabado profesional pulido a espejo<\/strong> Cada pieza presenta un acabado suave y reflectante que a\u00f1ade un toque refinado a cualquier entorno de mesa, desde comidas caseras informales hasta eventos formales de catering.<\/p>\n\n\n\n<p><strong>Empu\u00f1adura ergon\u00f3mica y equilibrada<\/strong> Las asas elegantes y aerodin\u00e1micas est\u00e1n dise\u00f1adas ergon\u00f3micamente para una sensaci\u00f3n c\u00f3moda y equilibrada, haciendo que cada comida sea m\u00e1s agradable y sin esfuerzo.<\/p>\n\n\n\n<p><strong>Construcci\u00f3n duradera de una sola pieza<\/strong> El dise\u00f1o totalmente met\u00e1lico e integrado garantiza la m\u00e1xima durabilidad e higiene, evitando que queden restos de comida y haciendo que el set sea ideal para <strong>uso comercial de alta frecuencia<\/strong>.<\/p>\n\n\n\n<p><strong>100% Apto para lavavajillas<\/strong> Fabricados para resistir la intensa limpieza diaria en entornos industriales, estos utensilios no se empa\u00f1an ni corroen incluso despu\u00e9s de <strong>miles de ciclos de lavado a m\u00e1quina<\/strong>.<\/p>\n\n\n\n<p><strong>Precios competitivos al por mayor<\/strong> Como fabricante directo, <strong>Huashun<\/strong> ofrece precios imbatibles para pedidos al por mayor, y admite logotipos y embalajes personalizados que se adaptan a las necesidades de su empresa.<\/p>\n<\/div>\n\n\n\n<div class=\"wp-block-column is-vertically-aligned-center is-layout-flow wp-block-column-is-layout-flow\">\n<figure class=\"wp-block-image size-full\"><img decoding=\"async\" width=\"3072\" height=\"3072\" src=\"https:\/\/www.huashunware.com\/wp-content\/uploads\/2025\/10\/Wholesale-Spoons-and-Forks.png\" alt=\"Cucharas y tenedores al por mayor\" class=\"wp-image-868\" srcset=\"https:\/\/www.huashunware.com\/wp-content\/uploads\/2025\/10\/Wholesale-Spoons-and-Forks.png 3072w, https:\/\/www.huashunware.com\/wp-content\/uploads\/2025\/10\/Wholesale-Spoons-and-Forks-300x300.png 300w, https:\/\/www.huashunware.com\/wp-content\/uploads\/2025\/10\/Wholesale-Spoons-and-Forks-150x150.png 150w, https:\/\/www.huashunware.com\/wp-content\/uploads\/2025\/10\/Wholesale-Spoons-and-Forks-768x768.png 768w, https:\/\/www.huashunware.com\/wp-content\/uploads\/2025\/10\/Wholesale-Spoons-and-Forks-12x12.png 12w, https:\/\/www.huashunware.com\/wp-content\/uploads\/2025\/10\/Wholesale-Spoons-and-Forks-1200x1200.png 1200w, https:\/\/www.huashunware.com\/wp-content\/uploads\/2025\/10\/Wholesale-Spoons-and-Forks-600x600.png 600w, https:\/\/www.huashunware.com\/wp-content\/uploads\/2025\/10\/Wholesale-Spoons-and-Forks-100x100.png 100w\" sizes=\"(max-width: 3072px) 100vw, 3072px\" \/><\/figure>\n<\/div>\n<\/div>","protected":false},"excerpt":{"rendered":"<p data-start=\"1174\" data-end=\"1465\">Mayorista Cucharas y Tenedores, Juegos de Cubiertos de Primera Calidad. Hecho a mano de acero inoxidable duradero, este elegante conjunto resiste el deslustre y la corrosi\u00f3n, por lo que es perfecto para cualquier ocasi\u00f3n. Ideal tanto para uso dom\u00e9stico y comercial, estos utensilios proporcionan comodidad, estilo y calidad duradera a precios al por mayor inmejorable.<\/p>\n<h2>Cucharas y tenedores personalizados\uff1a<\/h2>\n<ul>\n<li data-start=\"43\" data-end=\"124\">\n<p data-start=\"46\" data-end=\"76\"><strong data-start=\"46\" data-end=\"74\">Disponibilidad de muestras gratuitas\uff1a <\/strong>Ofrecemos muestras gratuitas para su evaluaci\u00f3n.<\/p>\n<\/li>\n<li data-start=\"126\" data-end=\"322\">\n<p data-start=\"129\" data-end=\"165\"><strong data-start=\"129\" data-end=\"163\">Opciones de envasado personalizables\uff1a <\/strong>Admitimos logotipos personalizados en el envase. Puede elegir entre varios estilos de embalaje, como: Caja de PET\\Caja de PVC\\Caja de regalo<\/p>\n<\/li>\n<li data-start=\"126\" data-end=\"322\">\n<p data-start=\"129\" data-end=\"165\"><strong data-start=\"327\" data-end=\"349\">Personalizaci\u00f3n del logotipo:<\/strong>Aceptamos logotipos grabados con l\u00e1ser o tallados en el producto.<\/p>\n<div class=\"text-base my-auto mx-auto pb-10 [--thread-content-margin:--spacing(4)] thread-sm:[--thread-content-margin:--spacing(6)] thread-lg:[--thread-content-margin:--spacing(16)] px-(--thread-content-margin)\">\n<div class=\"[--thread-content-max-width:40rem] thread-lg:[--thread-content-max-width:48rem] mx-auto max-w-(--thread-content-max-width) flex-1 group\/turn-messages focus-visible:outline-hidden relative flex w-full min-w-0 flex-col agent-turn\" tabindex=\"-1\">\n<div class=\"flex max-w-full flex-col grow\">\n<div class=\"min-h-8 text-message relative flex w-full flex-col items-end gap-2 text-start break-words whitespace-normal [.text-message+&amp;]:mt-1\" dir=\"auto\" data-message-author-role=\"assistant\" data-message-id=\"aa2ae332-605b-4306-94e4-23a9dd06bf09\" data-message-model-slug=\"gpt-5-mini\">\n<div class=\"flex w-full flex-col gap-1 empty:hidden first:pt-[1px]\">\n<div class=\"markdown prose dark:prose-invert w-full break-words light markdown-new-styling\">\u00a0<\/div>\n<\/div>\n<\/div>\n<\/div>\n<\/div>\n<\/div>\n<\/li>\n<\/ul>","protected":false},"featured_media":868,"comment_status":"closed","ping_status":"closed","template":"","meta":{"_acf_changed":false},"product_brand":[],"product_cat":[18,27],"product_tag":[],"class_list":{"0":"post-867","1":"product","2":"type-product","3":"status-publish","4":"has-post-thumbnail","6":"product_cat-cutlery-set-wholesale","7":"product_cat-stainless-steel-flatware-set","9":"first","10":"instock","11":"shipping-taxable","12":"product-type-simple"},"acf":[],"_links":{"self":[{"href":"https:\/\/www.huashunware.com\/es\/wp-json\/wp\/v2\/product\/867","targetHints":{"allow":["GET"]}}],"collection":[{"href":"https:\/\/www.huashunware.com\/es\/wp-json\/wp\/v2\/product"}],"about":[{"href":"https:\/\/www.huashunware.com\/es\/wp-json\/wp\/v2\/types\/product"}],"replies":[{"embeddable":true,"href":"https:\/\/www.huashunware.com\/es\/wp-json\/wp\/v2\/comments?post=867"}],"wp:featuredmedia":[{"embeddable":true,"href":"https:\/\/www.huashunware.com\/es\/wp-json\/wp\/v2\/media\/868"}],"wp:attachment":[{"href":"https:\/\/www.huashunware.com\/es\/wp-json\/wp\/v2\/media?parent=867"}],"wp:term":[{"taxonomy":"product_brand","embeddable":true,"href":"https:\/\/www.huashunware.com\/es\/wp-json\/wp\/v2\/product_brand?post=867"},{"taxonomy":"product_cat","embeddable":true,"href":"https:\/\/www.huashunware.com\/es\/wp-json\/wp\/v2\/product_cat?post=867"},{"taxonomy":"product_tag","embeddable":true,"href":"https:\/\/www.huashunware.com\/es\/wp-json\/wp\/v2\/product_tag?post=867"}],"curies":[{"name":"wp","href":"https:\/\/api.w.org\/{rel}","templated":true}]}}