{"id":872,"date":"2025-09-23T06:47:50","date_gmt":"2025-09-23T06:47:50","guid":{"rendered":"https:\/\/www.huashunware.com\/?post_type=product&#038;p=872"},"modified":"2026-02-05T02:58:27","modified_gmt":"2026-02-05T02:58:27","slug":"bulk-commercial-cutlery-with-wide-handle","status":"publish","type":"product","link":"https:\/\/www.huashunware.com\/es\/producto\/bulk-commercial-cutlery-with-wide-handle\/","title":{"rendered":"Cubiertos comerciales a granel con mango ancho"},"content":{"rendered":"<div class=\"wp-block-columns is-layout-flex wp-container-core-columns-is-layout-9d6595d7 wp-block-columns-is-layout-flex\">\n<div class=\"wp-block-column is-layout-flow wp-block-column-is-layout-flow\">\n<h2 class=\"wp-block-heading\">Cuberter\u00eda comercial a granel Caracter\u00edsticas:<\/h2>\n\n\n\n<p><strong>Dise\u00f1o ergon\u00f3mico de asa ancha<\/strong>\uff1a Los cubiertos tienen un mango ancho y ergon\u00f3mico que ofrece un agarre seguro y c\u00f3modo, reduciendo la tensi\u00f3n de la mano durante el uso prolongado en entornos comerciales. Perfectos para comedores muy frecuentados en los que la comodidad y la eficiencia son fundamentales.<\/p>\n\n\n\n<p><strong>Construcci\u00f3n de acero inoxidable de alta calidad<\/strong>Fabricada en acero inoxidable de primera calidad, esta cuberter\u00eda es fuerte y resistente al \u00f3xido, las manchas y la corrosi\u00f3n, lo que garantiza una larga durabilidad incluso con un uso intensivo en cocinas comerciales y restaurantes.<\/p>\n\n\n\n<p><strong>Envasado a granel para grandes vol\u00famenes<\/strong>\uff1a Dise\u00f1ados para negocios con grandes vol\u00famenes de clientes, nuestros paquetes a granel proporcionan suficientes cubiertos para satisfacer las demandas de cafeter\u00edas, servicios de catering y otros establecimientos de gran afluencia, por lo que resultan rentables y eficientes.<\/p>\n\n\n\n<p><strong>F\u00e1cil de limpiar y mantener<\/strong>\uff1a La superficie lisa y pulida de los cubiertos facilita la limpieza, ya sea a mano o en un lavavajillas comercial. Esto garantiza un mantenimiento m\u00ednimo y un alto nivel de higiene para su negocio.<\/p>\n\n\n\n<p><strong>Vers\u00e1til para varios estilos de comedor<\/strong>\uff1aAdecuada para una amplia gama de alimentos y entornos de restauraci\u00f3n, esta cuberter\u00eda es perfecta para su uso tanto en entornos de restauraci\u00f3n informales como formales, ofreciendo una versatilidad que la convierte en un excelente complemento para cualquier servicio de restauraci\u00f3n.<\/p>\n<\/div>\n\n\n\n<div class=\"wp-block-column is-vertically-aligned-center is-layout-flow wp-block-column-is-layout-flow\">\n<figure class=\"wp-block-image size-full\"><img decoding=\"async\" width=\"1536\" height=\"1536\" src=\"https:\/\/www.huashunware.com\/wp-content\/uploads\/2025\/09\/Bulk-Commercial-Cutlery-with-Wide-Handle1.webp\" alt=\"Cubiertos comerciales a granel con mango ancho1\" class=\"wp-image-1210\" srcset=\"https:\/\/www.huashunware.com\/wp-content\/uploads\/2025\/09\/Bulk-Commercial-Cutlery-with-Wide-Handle1.webp 1536w, https:\/\/www.huashunware.com\/wp-content\/uploads\/2025\/09\/Bulk-Commercial-Cutlery-with-Wide-Handle1-300x300.webp 300w, https:\/\/www.huashunware.com\/wp-content\/uploads\/2025\/09\/Bulk-Commercial-Cutlery-with-Wide-Handle1-150x150.webp 150w, https:\/\/www.huashunware.com\/wp-content\/uploads\/2025\/09\/Bulk-Commercial-Cutlery-with-Wide-Handle1-768x768.webp 768w, https:\/\/www.huashunware.com\/wp-content\/uploads\/2025\/09\/Bulk-Commercial-Cutlery-with-Wide-Handle1-12x12.webp 12w, https:\/\/www.huashunware.com\/wp-content\/uploads\/2025\/09\/Bulk-Commercial-Cutlery-with-Wide-Handle1-1200x1200.webp 1200w, https:\/\/www.huashunware.com\/wp-content\/uploads\/2025\/09\/Bulk-Commercial-Cutlery-with-Wide-Handle1-600x600.webp 600w, https:\/\/www.huashunware.com\/wp-content\/uploads\/2025\/09\/Bulk-Commercial-Cutlery-with-Wide-Handle1-100x100.webp 100w\" sizes=\"(max-width: 1536px) 100vw, 1536px\" \/><\/figure>\n\n\n\n<figure class=\"wp-block-image size-full\"><img decoding=\"async\" width=\"3072\" height=\"3072\" src=\"https:\/\/www.huashunware.com\/wp-content\/uploads\/2025\/10\/Bulk-Commercial-Cutlery1.webp\" alt=\"Cubiertos comerciales a granel1\" class=\"wp-image-873\" srcset=\"https:\/\/www.huashunware.com\/wp-content\/uploads\/2025\/10\/Bulk-Commercial-Cutlery1.webp 3072w, https:\/\/www.huashunware.com\/wp-content\/uploads\/2025\/10\/Bulk-Commercial-Cutlery1-300x300.webp 300w, https:\/\/www.huashunware.com\/wp-content\/uploads\/2025\/10\/Bulk-Commercial-Cutlery1-150x150.webp 150w, https:\/\/www.huashunware.com\/wp-content\/uploads\/2025\/10\/Bulk-Commercial-Cutlery1-768x768.webp 768w, https:\/\/www.huashunware.com\/wp-content\/uploads\/2025\/10\/Bulk-Commercial-Cutlery1-12x12.webp 12w, https:\/\/www.huashunware.com\/wp-content\/uploads\/2025\/10\/Bulk-Commercial-Cutlery1-1200x1200.webp 1200w, https:\/\/www.huashunware.com\/wp-content\/uploads\/2025\/10\/Bulk-Commercial-Cutlery1-600x600.webp 600w, https:\/\/www.huashunware.com\/wp-content\/uploads\/2025\/10\/Bulk-Commercial-Cutlery1-100x100.webp 100w\" sizes=\"(max-width: 3072px) 100vw, 3072px\" \/><\/figure>\n<\/div>\n<\/div>","protected":false},"excerpt":{"rendered":"<p data-start=\"1174\" data-end=\"1465\">Nuestra cuberter\u00eda comercial a granel con mango ancho est\u00e1 dise\u00f1ada para entornos de restauraci\u00f3n de gran volumen. Con una duradera estructura de acero inoxidable, ofrece un mango ancho c\u00f3modo y ergon\u00f3mico para facilitar su manejo durante largos turnos. Perfectos para restaurantes, cafeter\u00edas y servicios de catering, estos cubiertos son f\u00e1ciles de limpiar y est\u00e1n dise\u00f1ados para resistir el uso diario.<\/p>\n<h2 data-start=\"1174\" data-end=\"1465\">Atributo de los cubiertos comerciales al por mayor\uff1a.<\/h2>\n<table>\n<thead>\n<tr>\n<th><strong>Art\u00edculo<\/strong><\/th>\n<th><strong>Peso<\/strong><\/th>\n<th><strong>Dimensiones (L x A)<\/strong><\/th>\n<th><strong>Espesor<\/strong><\/th>\n<\/tr>\n<\/thead>\n<tbody>\n<tr>\n<td><strong>Cuchillo de cena<\/strong><\/td>\n<td>72g<\/td>\n<td>23 cm x 2 cm<\/td>\n<td>5 mm<\/td>\n<\/tr>\n<tr>\n<td><strong>Cuchillo filetero<\/strong><\/td>\n<td>69.5g<\/td>\n<td>22,5 cm x 1,8 cm<\/td>\n<td>5 mm<\/td>\n<\/tr>\n<tr>\n<td><strong>Horquilla<\/strong><\/td>\n<td>36.3g<\/td>\n<td>20,5 cm x 2,5 cm<\/td>\n<td>2,2 mm<\/td>\n<\/tr>\n<tr>\n<td><strong>Cuchara<\/strong><\/td>\n<td>48g<\/td>\n<td>20,5 cm x 4,2 cm<\/td>\n<td>2,2 mm<\/td>\n<\/tr>\n<tr>\n<td><strong>Cucharilla<\/strong><\/td>\n<td>21.5g<\/td>\n<td>15 cm x 3 cm<\/td>\n<td>2 mm<\/td>\n<\/tr>\n<\/tbody>\n<\/table>\n<h2>Cuberter\u00eda comercial personalizada\uff1a<\/h2>\n<ul>\n<li data-start=\"43\" data-end=\"124\">\n<p data-start=\"46\" data-end=\"76\"><strong data-start=\"46\" data-end=\"74\">Disponibilidad de muestras gratuitas\uff1a <\/strong>Ofrecemos muestras gratuitas para su evaluaci\u00f3n.<\/p>\n<\/li>\n<li data-start=\"126\" data-end=\"322\">\n<p data-start=\"129\" data-end=\"165\"><strong data-start=\"129\" data-end=\"163\">Opciones de envasado personalizables\uff1a <\/strong>Admitimos logotipos personalizados en el envase. Puede elegir entre varios estilos de embalaje, como: Caja de PETCaja de PVCCaja de regalo<\/p>\n<\/li>\n<li data-start=\"126\" data-end=\"322\">\n<p data-start=\"129\" data-end=\"165\"><strong data-start=\"327\" data-end=\"349\">Personalizaci\u00f3n del logotipo: <\/strong>Aceptamos logotipos grabados con l\u00e1ser o tallados en el producto.<\/p>\n<div class=\"text-base my-auto mx-auto pb-10 [--thread-content-margin:--spacing(4)] thread-sm:[--thread-content-margin:--spacing(6)] thread-lg:[--thread-content-margin:--spacing(16)] px-(--thread-content-margin)\">\n<div class=\"[--thread-content-max-width:40rem] thread-lg:[--thread-content-max-width:48rem] mx-auto max-w-(--thread-content-max-width) flex-1 group\/turn-messages focus-visible:outline-hidden relative flex w-full min-w-0 flex-col agent-turn\" tabindex=\"-1\">\n<div class=\"flex max-w-full flex-col grow\">\n<div class=\"min-h-8 text-message relative flex w-full flex-col items-end gap-2 text-start break-words whitespace-normal [.text-message+&amp;]:mt-1\" dir=\"auto\" data-message-author-role=\"assistant\" data-message-id=\"aa2ae332-605b-4306-94e4-23a9dd06bf09\" data-message-model-slug=\"gpt-5-mini\">\n<div class=\"flex w-full flex-col gap-1 empty:hidden first:pt-[1px]\">\n<div class=\"markdown prose dark:prose-invert w-full break-words light markdown-new-styling\">\u00a0<\/div>\n<\/div>\n<\/div>\n<\/div>\n<\/div>\n<\/div>\n<\/li>\n<\/ul>","protected":false},"featured_media":873,"comment_status":"closed","ping_status":"closed","template":"","meta":{"_acf_changed":false},"product_brand":[],"product_cat":[18,27],"product_tag":[],"class_list":{"0":"post-872","1":"product","2":"type-product","3":"status-publish","4":"has-post-thumbnail","6":"product_cat-cutlery-set-wholesale","7":"product_cat-stainless-steel-flatware-set","9":"first","10":"instock","11":"shipping-taxable","12":"product-type-simple"},"acf":[],"_links":{"self":[{"href":"https:\/\/www.huashunware.com\/es\/wp-json\/wp\/v2\/product\/872","targetHints":{"allow":["GET"]}}],"collection":[{"href":"https:\/\/www.huashunware.com\/es\/wp-json\/wp\/v2\/product"}],"about":[{"href":"https:\/\/www.huashunware.com\/es\/wp-json\/wp\/v2\/types\/product"}],"replies":[{"embeddable":true,"href":"https:\/\/www.huashunware.com\/es\/wp-json\/wp\/v2\/comments?post=872"}],"wp:featuredmedia":[{"embeddable":true,"href":"https:\/\/www.huashunware.com\/es\/wp-json\/wp\/v2\/media\/873"}],"wp:attachment":[{"href":"https:\/\/www.huashunware.com\/es\/wp-json\/wp\/v2\/media?parent=872"}],"wp:term":[{"taxonomy":"product_brand","embeddable":true,"href":"https:\/\/www.huashunware.com\/es\/wp-json\/wp\/v2\/product_brand?post=872"},{"taxonomy":"product_cat","embeddable":true,"href":"https:\/\/www.huashunware.com\/es\/wp-json\/wp\/v2\/product_cat?post=872"},{"taxonomy":"product_tag","embeddable":true,"href":"https:\/\/www.huashunware.com\/es\/wp-json\/wp\/v2\/product_tag?post=872"}],"curies":[{"name":"wp","href":"https:\/\/api.w.org\/{rel}","templated":true}]}}