{"id":876,"date":"2025-09-23T07:36:58","date_gmt":"2025-09-23T07:36:58","guid":{"rendered":"https:\/\/www.huashunware.com\/?post_type=product&#038;p=876"},"modified":"2026-01-26T08:04:55","modified_gmt":"2026-01-26T08:04:55","slug":"factory-direct-bulk-flatware-set-supply","status":"publish","type":"product","link":"https:\/\/www.huashunware.com\/es\/producto\/factory-direct-bulk-flatware-set-supply\/","title":{"rendered":"Suministro directo de f\u00e1brica de juegos de cubiertos a granel"},"content":{"rendered":"<div class=\"wp-block-columns is-layout-flex wp-container-core-columns-is-layout-9d6595d7 wp-block-columns-is-layout-flex\">\n<div class=\"wp-block-column is-layout-flow wp-block-column-is-layout-flow\">\n<h2 class=\"wp-block-heading\">F\u00e1brica directa a granel cubiertos conjunto de suministro Caracter\u00edsticas:<\/h2>\n\n\n\n<p><strong>Precio directo de f\u00e1brica: <\/strong>Compre directamente a la f\u00e1brica a precios inmejorables para pedidos al por mayor y disfrute del mayor valor en cubiertos de calidad.<\/p>\n\n\n\n<p><strong>Artesan\u00eda portuguesa de primera calidad: <\/strong>Fabricados a mano en Portugal, famoso por su tradici\u00f3n en la producci\u00f3n de cubiertos de calidad, para garantizar la elegancia y durabilidad de cada pieza.<\/p>\n\n\n\n<p><strong>Perfecto para compras al por mayor: <\/strong>Ideal para restaurantes, hoteles y empresas de catering que necesitan cuberter\u00edas de alta calidad en grandes cantidades sin renunciar al estilo.<\/p>\n\n\n\n<p><strong>Acero inoxidable de alta calidad: <\/strong>Fabricados en acero inoxidable, los cubiertos son resistentes a la corrosi\u00f3n, las manchas y el \u00f3xido, lo que garantiza un uso prolongado.<\/p>\n\n\n\n<p><strong>Dise\u00f1o aerodin\u00e1mico y moderno:<\/strong>Con un aspecto limpio y aerodin\u00e1mico, la cuberter\u00eda se adapta a muchas configuraciones de mesa, aportando un toque de elegancia a cualquier evento gastron\u00f3mico.<\/p>\n<\/div>\n\n\n\n<div class=\"wp-block-column is-vertically-aligned-center is-layout-flow wp-block-column-is-layout-flow\">\n<figure class=\"wp-block-image size-full\"><img decoding=\"async\" width=\"3072\" height=\"3072\" src=\"https:\/\/www.huashunware.com\/wp-content\/uploads\/2025\/10\/Factory-Direct-Bulk-Flatware-Set-Supply2.webp\" alt=\"Juego de cubiertos a granel directo de f\u00e1brica Supply2\" class=\"wp-image-878\" srcset=\"https:\/\/www.huashunware.com\/wp-content\/uploads\/2025\/10\/Factory-Direct-Bulk-Flatware-Set-Supply2.webp 3072w, https:\/\/www.huashunware.com\/wp-content\/uploads\/2025\/10\/Factory-Direct-Bulk-Flatware-Set-Supply2-300x300.webp 300w, https:\/\/www.huashunware.com\/wp-content\/uploads\/2025\/10\/Factory-Direct-Bulk-Flatware-Set-Supply2-150x150.webp 150w, https:\/\/www.huashunware.com\/wp-content\/uploads\/2025\/10\/Factory-Direct-Bulk-Flatware-Set-Supply2-768x768.webp 768w, https:\/\/www.huashunware.com\/wp-content\/uploads\/2025\/10\/Factory-Direct-Bulk-Flatware-Set-Supply2-12x12.webp 12w, https:\/\/www.huashunware.com\/wp-content\/uploads\/2025\/10\/Factory-Direct-Bulk-Flatware-Set-Supply2-1200x1200.webp 1200w, https:\/\/www.huashunware.com\/wp-content\/uploads\/2025\/10\/Factory-Direct-Bulk-Flatware-Set-Supply2-600x600.webp 600w, https:\/\/www.huashunware.com\/wp-content\/uploads\/2025\/10\/Factory-Direct-Bulk-Flatware-Set-Supply2-100x100.webp 100w\" sizes=\"(max-width: 3072px) 100vw, 3072px\" \/><\/figure>\n<\/div>\n<\/div>","protected":false},"excerpt":{"rendered":"<p data-start=\"1174\" data-end=\"1465\">Nuestro juego de cubiertos a granel directo de f\u00e1brica ofrece una calidad y un valor insuperables para la restauraci\u00f3n a gran escala. Fabricado en Portugal con acero inoxidable de alta calidad, cada pieza combina durabilidad con elegancia atemporal, por lo que es ideal para restaurantes, hoteles y servicios de catering.<\/p>\n<h2>Juego de Cubiertos al por mayor Atributo:<\/h2>\n<table>\n<thead>\n<tr>\n<th><strong>Art\u00edculo<\/strong><\/th>\n<th><strong>Peso<\/strong><\/th>\n<th><strong>Dimensiones (L x A)<\/strong><\/th>\n<\/tr>\n<\/thead>\n<tbody>\n<tr>\n<td><strong>Cuchillo<\/strong><\/td>\n<td>61g<\/td>\n<td>22,5 cm x 1,7 cm<\/td>\n<\/tr>\n<tr>\n<td><strong>Cuchara<\/strong><\/td>\n<td>47.5g<\/td>\n<td>21 cm x 4,5 cm<\/td>\n<\/tr>\n<tr>\n<td><strong>Horquilla<\/strong><\/td>\n<td>39g<\/td>\n<td>21 cm x 2,5 cm<\/td>\n<\/tr>\n<tr>\n<td><strong>Cucharilla<\/strong><\/td>\n<td>23g<\/td>\n<td>15,5 cm x 3 cm<\/td>\n<\/tr>\n<\/tbody>\n<\/table>\n<h2>Juego de cubiertos personalizados\uff1a<\/h2>\n<ul>\n<li data-start=\"43\" data-end=\"124\">\n<p data-start=\"46\" data-end=\"76\"><strong data-start=\"46\" data-end=\"74\">Disponibilidad de muestras gratuitas\uff1a <\/strong>Ofrecemos muestras gratuitas para su evaluaci\u00f3n.<\/p>\n<\/li>\n<li data-start=\"126\" data-end=\"322\">\n<p data-start=\"129\" data-end=\"165\"><strong data-start=\"129\" data-end=\"163\">Opciones de envasado personalizables\uff1a <\/strong>Admitimos logotipos personalizados en el envase. Puede elegir entre varios estilos de embalaje, como: Caja de PETCaja de PVCCaja de regalo<\/p>\n<\/li>\n<li data-start=\"126\" data-end=\"322\">\n<p data-start=\"129\" data-end=\"165\"><strong data-start=\"327\" data-end=\"349\">Personalizaci\u00f3n del logotipo: <\/strong>Aceptamos logotipos grabados con l\u00e1ser o tallados en el producto.<\/p>\n<div class=\"text-base my-auto mx-auto pb-10 [--thread-content-margin:--spacing(4)] thread-sm:[--thread-content-margin:--spacing(6)] thread-lg:[--thread-content-margin:--spacing(16)] px-(--thread-content-margin)\">\n<div class=\"[--thread-content-max-width:40rem] thread-lg:[--thread-content-max-width:48rem] mx-auto max-w-(--thread-content-max-width) flex-1 group\/turn-messages focus-visible:outline-hidden relative flex w-full min-w-0 flex-col agent-turn\" tabindex=\"-1\">\n<div class=\"flex max-w-full flex-col grow\">\n<div class=\"min-h-8 text-message relative flex w-full flex-col items-end gap-2 text-start break-words whitespace-normal [.text-message+&amp;]:mt-1\" dir=\"auto\" data-message-author-role=\"assistant\" data-message-id=\"aa2ae332-605b-4306-94e4-23a9dd06bf09\" data-message-model-slug=\"gpt-5-mini\">\n<div class=\"flex w-full flex-col gap-1 empty:hidden first:pt-[1px]\">\n<div class=\"markdown prose dark:prose-invert w-full break-words light markdown-new-styling\">\u00a0<\/div>\n<\/div>\n<\/div>\n<\/div>\n<\/div>\n<\/div>\n<\/li>\n<\/ul>","protected":false},"featured_media":879,"comment_status":"closed","ping_status":"closed","template":"","meta":{"_acf_changed":false},"product_brand":[],"product_cat":[18,27],"product_tag":[],"class_list":{"0":"post-876","1":"product","2":"type-product","3":"status-publish","4":"has-post-thumbnail","6":"product_cat-cutlery-set-wholesale","7":"product_cat-stainless-steel-flatware-set","9":"first","10":"instock","11":"shipping-taxable","12":"product-type-simple"},"acf":[],"_links":{"self":[{"href":"https:\/\/www.huashunware.com\/es\/wp-json\/wp\/v2\/product\/876","targetHints":{"allow":["GET"]}}],"collection":[{"href":"https:\/\/www.huashunware.com\/es\/wp-json\/wp\/v2\/product"}],"about":[{"href":"https:\/\/www.huashunware.com\/es\/wp-json\/wp\/v2\/types\/product"}],"replies":[{"embeddable":true,"href":"https:\/\/www.huashunware.com\/es\/wp-json\/wp\/v2\/comments?post=876"}],"wp:featuredmedia":[{"embeddable":true,"href":"https:\/\/www.huashunware.com\/es\/wp-json\/wp\/v2\/media\/879"}],"wp:attachment":[{"href":"https:\/\/www.huashunware.com\/es\/wp-json\/wp\/v2\/media?parent=876"}],"wp:term":[{"taxonomy":"product_brand","embeddable":true,"href":"https:\/\/www.huashunware.com\/es\/wp-json\/wp\/v2\/product_brand?post=876"},{"taxonomy":"product_cat","embeddable":true,"href":"https:\/\/www.huashunware.com\/es\/wp-json\/wp\/v2\/product_cat?post=876"},{"taxonomy":"product_tag","embeddable":true,"href":"https:\/\/www.huashunware.com\/es\/wp-json\/wp\/v2\/product_tag?post=876"}],"curies":[{"name":"wp","href":"https:\/\/api.w.org\/{rel}","templated":true}]}}