{"id":880,"date":"2025-09-23T08:25:04","date_gmt":"2025-09-23T08:25:04","guid":{"rendered":"https:\/\/www.huashunware.com\/?post_type=product&#038;p=880"},"modified":"2026-01-26T08:03:43","modified_gmt":"2026-01-26T08:03:43","slug":"factory-direct-supply-flatware-for-wedding","status":"publish","type":"product","link":"https:\/\/www.huashunware.com\/es\/producto\/factory-direct-supply-flatware-for-wedding\/","title":{"rendered":"F\u00e1brica de suministro directo de cubiertos para la boda"},"content":{"rendered":"<div class=\"wp-block-columns is-layout-flex wp-container-core-columns-is-layout-9d6595d7 wp-block-columns-is-layout-flex\">\n<div class=\"wp-block-column is-layout-flow wp-block-column-is-layout-flow\">\n<h2 class=\"wp-block-heading\">F\u00e1brica de suministro directo de cubiertos para la boda Caracter\u00edsticas:<\/h2>\n\n\n\n<p><strong>Elegante dise\u00f1o de bodas\uff1a <\/strong>La cuberter\u00eda presenta un dise\u00f1o cl\u00e1sico y sofisticado que encajar\u00e1 con cualquier tema de boda, a\u00f1adiendo un toque de elegancia a su d\u00eda especial.<\/p>\n\n\n\n<p><strong>Precios directos de f\u00e1brica\uff1a <\/strong>Compre directamente a la f\u00e1brica y disfrute de precios competitivos, perfectos para grandes pedidos sin renunciar a altos niveles de calidad.<\/p>\n\n\n\n<p><strong>Materiales duraderos y de alta calidad\uff1a <\/strong>Fabricados en acero inoxidable de alta calidad, estos cubiertos son fuertes y resistentes al \u00f3xido, por lo que durar\u00e1n mucho despu\u00e9s del d\u00eda de la boda.<\/p>\n\n\n\n<p><strong>Ideal para grandes eventos\uff1a <\/strong>Suministrado a granel, el juego de cubiertos es ideal para bodas, banquetes y otros grandes eventos, con piezas suficientes para servir a sus invitados con eficacia.<\/p>\n\n\n\n<p><strong>F\u00e1cil de limpiar y mantener\uff1a <\/strong>El acabado liso y pulido de la cuberter\u00eda facilita la limpieza, proporcionando una experiencia sin complicaciones antes, durante y despu\u00e9s del evento.<\/p>\n<\/div>\n\n\n\n<div class=\"wp-block-column is-vertically-aligned-center is-layout-flow wp-block-column-is-layout-flow\">\n<figure class=\"wp-block-image size-full\"><img decoding=\"async\" width=\"3072\" height=\"3072\" src=\"https:\/\/www.huashunware.com\/wp-content\/uploads\/2025\/10\/Factory-Direct-Supply-Flatware2.webp\" alt=\"Suministro directo de f\u00e1brica Cubiertos2\" class=\"wp-image-882\" srcset=\"https:\/\/www.huashunware.com\/wp-content\/uploads\/2025\/10\/Factory-Direct-Supply-Flatware2.webp 3072w, https:\/\/www.huashunware.com\/wp-content\/uploads\/2025\/10\/Factory-Direct-Supply-Flatware2-300x300.webp 300w, https:\/\/www.huashunware.com\/wp-content\/uploads\/2025\/10\/Factory-Direct-Supply-Flatware2-150x150.webp 150w, https:\/\/www.huashunware.com\/wp-content\/uploads\/2025\/10\/Factory-Direct-Supply-Flatware2-768x768.webp 768w, https:\/\/www.huashunware.com\/wp-content\/uploads\/2025\/10\/Factory-Direct-Supply-Flatware2-12x12.webp 12w, https:\/\/www.huashunware.com\/wp-content\/uploads\/2025\/10\/Factory-Direct-Supply-Flatware2-1200x1200.webp 1200w, https:\/\/www.huashunware.com\/wp-content\/uploads\/2025\/10\/Factory-Direct-Supply-Flatware2-600x600.webp 600w, https:\/\/www.huashunware.com\/wp-content\/uploads\/2025\/10\/Factory-Direct-Supply-Flatware2-100x100.webp 100w\" sizes=\"(max-width: 3072px) 100vw, 3072px\" \/><\/figure>\n<\/div>\n<\/div>","protected":false},"excerpt":{"rendered":"<p data-start=\"1174\" data-end=\"1465\">Nuestra cuberter\u00eda de suministro directo de f\u00e1brica para bodas ofrece una cuberter\u00eda de acero inoxidable elegante y de alta calidad a precios inmejorables. Perfecta para bodas y grandes eventos, combina durabilidad con un dise\u00f1o atemporal, lo que facilita su limpieza y mantenimiento.<\/p>\n<h2>Cubiertos al por mayor Atributo:<\/h2>\n<table>\n<thead>\n<tr>\n<th><strong>Art\u00edculo<\/strong><\/th>\n<th><strong>Peso<\/strong><\/th>\n<th><strong>Dimensiones (L x A)<\/strong><\/th>\n<\/tr>\n<\/thead>\n<tbody>\n<tr>\n<td><strong>Cuchillo<\/strong><\/td>\n<td>65g<\/td>\n<td>22 cm x 1,6 cm<\/td>\n<\/tr>\n<tr>\n<td><strong>Cuchara<\/strong><\/td>\n<td>37.5g<\/td>\n<td>20,5 cm x 3,7 cm<\/td>\n<\/tr>\n<tr>\n<td><strong>Horquilla<\/strong><\/td>\n<td>28.5g<\/td>\n<td>21 cm x 2,4 cm<\/td>\n<\/tr>\n<tr>\n<td><strong>Cucharilla<\/strong><\/td>\n<td>18g<\/td>\n<td>15,5 cm x 2,8 cm<\/td>\n<\/tr>\n<\/tbody>\n<\/table>\n<h2>Juego de cubiertos personalizados\uff1a<\/h2>\n<ul>\n<li data-start=\"43\" data-end=\"124\">\n<p data-start=\"46\" data-end=\"76\"><strong data-start=\"46\" data-end=\"74\">Disponibilidad de muestras gratuitas\uff1a <\/strong>Ofrecemos muestras gratuitas para su evaluaci\u00f3n.<\/p>\n<\/li>\n<li data-start=\"126\" data-end=\"322\">\n<p data-start=\"129\" data-end=\"165\"><strong data-start=\"129\" data-end=\"163\">Opciones de envasado personalizables\uff1a <\/strong>Admitimos logotipos personalizados en el envase. Puede elegir entre varios estilos de embalaje, como: Caja de PETCaja de PVCCaja de regalo<\/p>\n<\/li>\n<li data-start=\"126\" data-end=\"322\">\n<p data-start=\"129\" data-end=\"165\"><strong data-start=\"327\" data-end=\"349\">Personalizaci\u00f3n del logotipo: <\/strong>Aceptamos logotipos grabados con l\u00e1ser o tallados en el producto.<\/p>\n<div class=\"text-base my-auto mx-auto pb-10 [--thread-content-margin:--spacing(4)] thread-sm:[--thread-content-margin:--spacing(6)] thread-lg:[--thread-content-margin:--spacing(16)] px-(--thread-content-margin)\">\n<div class=\"[--thread-content-max-width:40rem] thread-lg:[--thread-content-max-width:48rem] mx-auto max-w-(--thread-content-max-width) flex-1 group\/turn-messages focus-visible:outline-hidden relative flex w-full min-w-0 flex-col agent-turn\" tabindex=\"-1\">\n<div class=\"flex max-w-full flex-col grow\">\n<div class=\"min-h-8 text-message relative flex w-full flex-col items-end gap-2 text-start break-words whitespace-normal [.text-message+&amp;]:mt-1\" dir=\"auto\" data-message-author-role=\"assistant\" data-message-id=\"aa2ae332-605b-4306-94e4-23a9dd06bf09\" data-message-model-slug=\"gpt-5-mini\">\n<div class=\"flex w-full flex-col gap-1 empty:hidden first:pt-[1px]\">\n<div class=\"markdown prose dark:prose-invert w-full break-words light markdown-new-styling\">\u00a0<\/div>\n<\/div>\n<\/div>\n<\/div>\n<\/div>\n<\/div>\n<\/li>\n<\/ul>","protected":false},"featured_media":881,"comment_status":"closed","ping_status":"closed","template":"","meta":{"_acf_changed":false},"product_brand":[],"product_cat":[18,27],"product_tag":[],"class_list":{"0":"post-880","1":"product","2":"type-product","3":"status-publish","4":"has-post-thumbnail","6":"product_cat-cutlery-set-wholesale","7":"product_cat-stainless-steel-flatware-set","9":"first","10":"instock","11":"shipping-taxable","12":"product-type-simple"},"acf":[],"_links":{"self":[{"href":"https:\/\/www.huashunware.com\/es\/wp-json\/wp\/v2\/product\/880","targetHints":{"allow":["GET"]}}],"collection":[{"href":"https:\/\/www.huashunware.com\/es\/wp-json\/wp\/v2\/product"}],"about":[{"href":"https:\/\/www.huashunware.com\/es\/wp-json\/wp\/v2\/types\/product"}],"replies":[{"embeddable":true,"href":"https:\/\/www.huashunware.com\/es\/wp-json\/wp\/v2\/comments?post=880"}],"wp:featuredmedia":[{"embeddable":true,"href":"https:\/\/www.huashunware.com\/es\/wp-json\/wp\/v2\/media\/881"}],"wp:attachment":[{"href":"https:\/\/www.huashunware.com\/es\/wp-json\/wp\/v2\/media?parent=880"}],"wp:term":[{"taxonomy":"product_brand","embeddable":true,"href":"https:\/\/www.huashunware.com\/es\/wp-json\/wp\/v2\/product_brand?post=880"},{"taxonomy":"product_cat","embeddable":true,"href":"https:\/\/www.huashunware.com\/es\/wp-json\/wp\/v2\/product_cat?post=880"},{"taxonomy":"product_tag","embeddable":true,"href":"https:\/\/www.huashunware.com\/es\/wp-json\/wp\/v2\/product_tag?post=880"}],"curies":[{"name":"wp","href":"https:\/\/api.w.org\/{rel}","templated":true}]}}