{"id":911,"date":"2025-10-07T08:02:53","date_gmt":"2025-10-07T08:02:53","guid":{"rendered":"https:\/\/www.huashunware.com\/?post_type=product&#038;p=911"},"modified":"2026-02-05T07:15:25","modified_gmt":"2026-02-05T07:15:25","slug":"snake-pattern-stainless-steel-flatware-in-bulk","status":"publish","type":"product","link":"https:\/\/www.huashunware.com\/es\/producto\/snake-pattern-stainless-steel-flatware-in-bulk\/","title":{"rendered":"Cubiertos de acero inoxidable con dise\u00f1o de serpiente a granel"},"content":{"rendered":"<div class=\"wp-block-columns is-layout-flex wp-container-core-columns-is-layout-9d6595d7 wp-block-columns-is-layout-flex\">\n<div class=\"wp-block-column is-layout-flow wp-block-column-is-layout-flow\">\n<h2 class=\"wp-block-heading\">Cubiertos de Acero Inoxidable con Dise\u00f1o de Serpiente a Granel Caracter\u00edsticas:<\/h2>\n\n\n\n<p><strong>Dise\u00f1o \u00fanico de serpiente<\/strong> - Presenta una elegante textura de serpiente en relieve que a\u00f1ade un toque de lujo e individualidad a cualquier comedor.<\/p>\n\n\n\n<p><strong>Acero inoxidable de primera calidad<\/strong> - Fabricado en acero inoxidable 18\/10 de alta calidad para una excelente durabilidad, resistencia a la oxidaci\u00f3n y brillo duradero.<\/p>\n\n\n\n<p><strong>Agarre c\u00f3modo y equilibrado<\/strong> - Los bordes lisos y las asas ergon\u00f3micas garantizan una experiencia gastron\u00f3mica c\u00f3moda con un equilibrio de peso perfecto.<\/p>\n\n\n\n<p><strong>F\u00e1cil de limpiar y mantener<\/strong> - Se puede lavar en el lavavajillas y es resistente al deslustre, por lo que mantiene su elegante acabado incluso despu\u00e9s de un uso repetido.<\/p>\n\n\n\n<p><strong>Disponible a granel para empresas<\/strong> - Ideal para restaurantes, hoteles, servicios de catering o compradores al por mayor que busquen una vajilla elegante y duradera.<\/p>\n<\/div>\n\n\n\n<div class=\"wp-block-column is-vertically-aligned-center is-layout-flow wp-block-column-is-layout-flow\">\n<figure class=\"wp-block-image size-full\"><img decoding=\"async\" width=\"3072\" height=\"3072\" src=\"https:\/\/www.huashunware.com\/wp-content\/uploads\/2025\/11\/Snake-Pattern-Stainless-Steel-Flatware-in-Bulk1.webp\" alt=\"Cubiertos de Acero Inoxidable con Dise\u00f1o de Serpiente a Granel1\" class=\"wp-image-912\" srcset=\"https:\/\/www.huashunware.com\/wp-content\/uploads\/2025\/11\/Snake-Pattern-Stainless-Steel-Flatware-in-Bulk1.webp 3072w, https:\/\/www.huashunware.com\/wp-content\/uploads\/2025\/11\/Snake-Pattern-Stainless-Steel-Flatware-in-Bulk1-300x300.webp 300w, https:\/\/www.huashunware.com\/wp-content\/uploads\/2025\/11\/Snake-Pattern-Stainless-Steel-Flatware-in-Bulk1-150x150.webp 150w, https:\/\/www.huashunware.com\/wp-content\/uploads\/2025\/11\/Snake-Pattern-Stainless-Steel-Flatware-in-Bulk1-768x768.webp 768w, https:\/\/www.huashunware.com\/wp-content\/uploads\/2025\/11\/Snake-Pattern-Stainless-Steel-Flatware-in-Bulk1-12x12.webp 12w, https:\/\/www.huashunware.com\/wp-content\/uploads\/2025\/11\/Snake-Pattern-Stainless-Steel-Flatware-in-Bulk1-1200x1200.webp 1200w, https:\/\/www.huashunware.com\/wp-content\/uploads\/2025\/11\/Snake-Pattern-Stainless-Steel-Flatware-in-Bulk1-600x600.webp 600w, https:\/\/www.huashunware.com\/wp-content\/uploads\/2025\/11\/Snake-Pattern-Stainless-Steel-Flatware-in-Bulk1-100x100.webp 100w\" sizes=\"(max-width: 3072px) 100vw, 3072px\" \/><\/figure>\n\n\n\n<figure class=\"wp-block-image size-full\"><img decoding=\"async\" width=\"2500\" height=\"2500\" src=\"https:\/\/www.huashunware.com\/wp-content\/uploads\/2025\/10\/Snake-Pattern-Stainless-Steel-Flatware-in-Bulk.webp\" alt=\"Cubiertos de acero inoxidable con dise\u00f1o de serpiente a granel\" class=\"wp-image-1213\" srcset=\"https:\/\/www.huashunware.com\/wp-content\/uploads\/2025\/10\/Snake-Pattern-Stainless-Steel-Flatware-in-Bulk.webp 2500w, https:\/\/www.huashunware.com\/wp-content\/uploads\/2025\/10\/Snake-Pattern-Stainless-Steel-Flatware-in-Bulk-300x300.webp 300w, https:\/\/www.huashunware.com\/wp-content\/uploads\/2025\/10\/Snake-Pattern-Stainless-Steel-Flatware-in-Bulk-150x150.webp 150w, https:\/\/www.huashunware.com\/wp-content\/uploads\/2025\/10\/Snake-Pattern-Stainless-Steel-Flatware-in-Bulk-768x768.webp 768w, https:\/\/www.huashunware.com\/wp-content\/uploads\/2025\/10\/Snake-Pattern-Stainless-Steel-Flatware-in-Bulk-12x12.webp 12w, https:\/\/www.huashunware.com\/wp-content\/uploads\/2025\/10\/Snake-Pattern-Stainless-Steel-Flatware-in-Bulk-1200x1200.webp 1200w, https:\/\/www.huashunware.com\/wp-content\/uploads\/2025\/10\/Snake-Pattern-Stainless-Steel-Flatware-in-Bulk-600x600.webp 600w, https:\/\/www.huashunware.com\/wp-content\/uploads\/2025\/10\/Snake-Pattern-Stainless-Steel-Flatware-in-Bulk-100x100.webp 100w\" sizes=\"(max-width: 2500px) 100vw, 2500px\" \/><\/figure>\n<\/div>\n<\/div>\n\n\n\n<p><\/p>","protected":false},"excerpt":{"rendered":"<p data-start=\"1174\" data-end=\"1465\">Cubiertos de acero inoxidable con dise\u00f1o de serpiente a granel - Elegante dise\u00f1o con textura de serpiente fabricado en acero inoxidable duradero. Perfecto para restaurantes, hoteles o minoristas que buscan cubiertos elegantes y de alta calidad.<\/p>\n<h2>Venta al por mayor de cubiertos de acero inoxidable con dise\u00f1o de serpiente Atributo:<\/h2>\n<table>\n<thead>\n<tr>\n<th>Art\u00edculo<\/th>\n<th>Peso<\/th>\n<th>Talla<\/th>\n<\/tr>\n<\/thead>\n<tbody>\n<tr>\n<td>Horquilla<\/td>\n<td>33.7 g<\/td>\n<td>20,2 \u00d7 2,3 cm<\/td>\n<\/tr>\n<tr>\n<td>Cuchillo<\/td>\n<td>71.5 g<\/td>\n<td>22,5 \u00d7 1,7 cm<\/td>\n<\/tr>\n<tr>\n<td>Cuchara<\/td>\n<td>39.5 g<\/td>\n<td>20 \u00d7 4 cm<\/td>\n<\/tr>\n<tr>\n<td>Cucharilla<\/td>\n<td>21.8 g<\/td>\n<td>14,5 \u00d7 3 cm<\/td>\n<\/tr>\n<\/tbody>\n<\/table>\n<h2>Cubiertos de acero inoxidable con dise\u00f1o de serpiente personalizados\uff1a<\/h2>\n<ul>\n<li data-start=\"43\" data-end=\"124\">\n<p data-start=\"46\" data-end=\"76\"><strong data-start=\"46\" data-end=\"74\">Disponibilidad de muestras gratuitas\uff1a <\/strong>Ofrecemos muestras gratuitas para su evaluaci\u00f3n.<\/p>\n<\/li>\n<li data-start=\"126\" data-end=\"322\">\n<p data-start=\"129\" data-end=\"165\"><strong data-start=\"129\" data-end=\"163\">Opciones de envasado personalizables\uff1a <\/strong>Admitimos logotipos personalizados en el envase. Puede elegir entre varios estilos de embalaje, como: Caja de PETCaja de PVCCaja de regalo<\/p>\n<\/li>\n<li data-start=\"126\" data-end=\"322\">\n<p data-start=\"129\" data-end=\"165\"><strong data-start=\"327\" data-end=\"349\">Personalizaci\u00f3n del logotipo: <\/strong>Aceptamos logotipos grabados con l\u00e1ser o tallados en el producto.<\/p>\n<div class=\"text-base my-auto mx-auto pb-10 [--thread-content-margin:--spacing(4)] thread-sm:[--thread-content-margin:--spacing(6)] thread-lg:[--thread-content-margin:--spacing(16)] px-(--thread-content-margin)\">\n<div class=\"[--thread-content-max-width:40rem] thread-lg:[--thread-content-max-width:48rem] mx-auto max-w-(--thread-content-max-width) flex-1 group\/turn-messages focus-visible:outline-hidden relative flex w-full min-w-0 flex-col agent-turn\" tabindex=\"-1\">\n<div class=\"flex max-w-full flex-col grow\">\n<div class=\"min-h-8 text-message relative flex w-full flex-col items-end gap-2 text-start break-words whitespace-normal [.text-message+&amp;]:mt-1\" dir=\"auto\" data-message-author-role=\"assistant\" data-message-id=\"aa2ae332-605b-4306-94e4-23a9dd06bf09\" data-message-model-slug=\"gpt-5-mini\">\n<div class=\"flex w-full flex-col gap-1 empty:hidden first:pt-[1px]\">\n<div class=\"markdown prose dark:prose-invert w-full break-words light markdown-new-styling\">\u00a0<\/div>\n<\/div>\n<\/div>\n<\/div>\n<\/div>\n<\/div>\n<\/li>\n<\/ul>","protected":false},"featured_media":914,"comment_status":"closed","ping_status":"closed","template":"","meta":{"_acf_changed":true},"product_brand":[],"product_cat":[18,27],"product_tag":[],"class_list":{"0":"post-911","1":"product","2":"type-product","3":"status-publish","4":"has-post-thumbnail","6":"product_cat-cutlery-set-wholesale","7":"product_cat-stainless-steel-flatware-set","9":"first","10":"instock","11":"shipping-taxable","12":"product-type-simple"},"acf":[],"_links":{"self":[{"href":"https:\/\/www.huashunware.com\/es\/wp-json\/wp\/v2\/product\/911","targetHints":{"allow":["GET"]}}],"collection":[{"href":"https:\/\/www.huashunware.com\/es\/wp-json\/wp\/v2\/product"}],"about":[{"href":"https:\/\/www.huashunware.com\/es\/wp-json\/wp\/v2\/types\/product"}],"replies":[{"embeddable":true,"href":"https:\/\/www.huashunware.com\/es\/wp-json\/wp\/v2\/comments?post=911"}],"wp:featuredmedia":[{"embeddable":true,"href":"https:\/\/www.huashunware.com\/es\/wp-json\/wp\/v2\/media\/914"}],"wp:attachment":[{"href":"https:\/\/www.huashunware.com\/es\/wp-json\/wp\/v2\/media?parent=911"}],"wp:term":[{"taxonomy":"product_brand","embeddable":true,"href":"https:\/\/www.huashunware.com\/es\/wp-json\/wp\/v2\/product_brand?post=911"},{"taxonomy":"product_cat","embeddable":true,"href":"https:\/\/www.huashunware.com\/es\/wp-json\/wp\/v2\/product_cat?post=911"},{"taxonomy":"product_tag","embeddable":true,"href":"https:\/\/www.huashunware.com\/es\/wp-json\/wp\/v2\/product_tag?post=911"}],"curies":[{"name":"wp","href":"https:\/\/api.w.org\/{rel}","templated":true}]}}