{"id":953,"date":"2025-09-22T07:14:37","date_gmt":"2025-09-22T07:14:37","guid":{"rendered":"https:\/\/www.huashunware.com\/?post_type=product&#038;p=953"},"modified":"2026-02-05T08:28:44","modified_gmt":"2026-02-05T08:28:44","slug":"wholesale-high-end-flatware-for-restaurant","status":"publish","type":"product","link":"https:\/\/www.huashunware.com\/es\/producto\/wholesale-high-end-flatware-for-restaurant\/","title":{"rendered":"Mayorista Cubiertos de Alta Gama para Restaurante"},"content":{"rendered":"<div class=\"wp-block-columns is-layout-flex wp-container-core-columns-is-layout-9d6595d7 wp-block-columns-is-layout-flex\">\n<div class=\"wp-block-column is-layout-flow wp-block-column-is-layout-flow\">\n<h2 class=\"wp-block-heading\">Cubiertos de alta gama al por mayor Caracter\u00edsticas:<\/h2>\n\n\n\n<p><strong>Calidad de restaurante<\/strong> - Fabricado con acero inoxidable de alta calidad para una durabilidad, brillo y rendimiento excepcionales en condiciones de uso comercial intensivo.<\/p>\n\n\n\n<p><strong>Elegante dise\u00f1o de gama alta<\/strong> - Su estilo moderno y refinado realza la presentaci\u00f3n de la mesa y eleva la experiencia gastron\u00f3mica de restaurantes y hoteles de lujo.<\/p>\n\n\n\n<p><strong>Equilibrio y comodidad perfectos<\/strong> - Dise\u00f1ada ergon\u00f3micamente para un manejo c\u00f3modo, ofrece una distribuci\u00f3n ideal del peso, preferida tanto por chefs profesionales como por comensales.<\/p>\n\n\n\n<p><strong>M\u00faltiples estilos y acabados<\/strong> - Disponible en varios dise\u00f1os, colores y acabados de superficie, como pulido espejo, mate, dorado, negro u opciones personalizadas.<\/p>\n\n\n\n<p><strong>Precios al por mayor y marcas personalizadas<\/strong> - Precios al por mayor directos de f\u00e1brica con soporte para logotipos personalizados y envases personalizados para satisfacer las necesidades de marca de su restaurante.<\/p>\n<\/div>\n\n\n\n<div class=\"wp-block-column is-vertically-aligned-center is-layout-flow wp-block-column-is-layout-flow\">\n<figure class=\"wp-block-image size-full\"><img decoding=\"async\" width=\"3686\" height=\"3686\" src=\"https:\/\/www.huashunware.com\/wp-content\/uploads\/2025\/09\/Wholesale-High-end-Flatware-for-Restaurant.webp\" alt=\"Mayorista Cubiertos de Alta Gama para Restaurante\" class=\"wp-image-1217\" srcset=\"https:\/\/www.huashunware.com\/wp-content\/uploads\/2025\/09\/Wholesale-High-end-Flatware-for-Restaurant.webp 3686w, https:\/\/www.huashunware.com\/wp-content\/uploads\/2025\/09\/Wholesale-High-end-Flatware-for-Restaurant-300x300.webp 300w, https:\/\/www.huashunware.com\/wp-content\/uploads\/2025\/09\/Wholesale-High-end-Flatware-for-Restaurant-150x150.webp 150w, https:\/\/www.huashunware.com\/wp-content\/uploads\/2025\/09\/Wholesale-High-end-Flatware-for-Restaurant-768x768.webp 768w, https:\/\/www.huashunware.com\/wp-content\/uploads\/2025\/09\/Wholesale-High-end-Flatware-for-Restaurant-12x12.webp 12w, https:\/\/www.huashunware.com\/wp-content\/uploads\/2025\/09\/Wholesale-High-end-Flatware-for-Restaurant-1200x1200.webp 1200w, https:\/\/www.huashunware.com\/wp-content\/uploads\/2025\/09\/Wholesale-High-end-Flatware-for-Restaurant-600x600.webp 600w, https:\/\/www.huashunware.com\/wp-content\/uploads\/2025\/09\/Wholesale-High-end-Flatware-for-Restaurant-100x100.webp 100w\" sizes=\"(max-width: 3686px) 100vw, 3686px\" \/><\/figure>\n\n\n\n<figure class=\"wp-block-image size-full\"><img decoding=\"async\" width=\"3072\" height=\"3072\" src=\"https:\/\/www.huashunware.com\/wp-content\/uploads\/2025\/11\/Wholesale-High-end-Flatware1.webp\" alt=\"Mayorista de Cubiertos de Alta Gama1\" class=\"wp-image-954\" srcset=\"https:\/\/www.huashunware.com\/wp-content\/uploads\/2025\/11\/Wholesale-High-end-Flatware1.webp 3072w, https:\/\/www.huashunware.com\/wp-content\/uploads\/2025\/11\/Wholesale-High-end-Flatware1-300x300.webp 300w, https:\/\/www.huashunware.com\/wp-content\/uploads\/2025\/11\/Wholesale-High-end-Flatware1-150x150.webp 150w, https:\/\/www.huashunware.com\/wp-content\/uploads\/2025\/11\/Wholesale-High-end-Flatware1-768x768.webp 768w, https:\/\/www.huashunware.com\/wp-content\/uploads\/2025\/11\/Wholesale-High-end-Flatware1-12x12.webp 12w, https:\/\/www.huashunware.com\/wp-content\/uploads\/2025\/11\/Wholesale-High-end-Flatware1-1200x1200.webp 1200w, https:\/\/www.huashunware.com\/wp-content\/uploads\/2025\/11\/Wholesale-High-end-Flatware1-600x600.webp 600w, https:\/\/www.huashunware.com\/wp-content\/uploads\/2025\/11\/Wholesale-High-end-Flatware1-100x100.webp 100w\" sizes=\"(max-width: 3072px) 100vw, 3072px\" \/><\/figure>\n<\/div>\n<\/div>\n\n\n\n<p><\/p>","protected":false},"excerpt":{"rendered":"<article class=\"text-token-text-primary w-full focus:outline-none [--shadow-height:45px] has-data-writing-block:pointer-events-none has-data-writing-block:-mt-(--shadow-height) has-data-writing-block:pt-(--shadow-height) [&amp;:has([data-writing-block])&gt;*]:pointer-events-auto [content-visibility:auto] supports-[content-visibility:auto]:[contain-intrinsic-size:auto_100lvh] scroll-mt-[calc(var(--header-height)+min(200px,max(70px,20svh)))]\" dir=\"auto\" tabindex=\"-1\" data-turn-id=\"request-WEB:6a8e0ffa-908e-4f03-b005-c2a158bcb803-9\" data-testid=\"conversation-turn-20\" data-scroll-anchor=\"true\" data-turn=\"assistant\">\n<div class=\"text-base my-auto mx-auto pb-10 [--thread-content-margin:--spacing(4)] thread-sm:[--thread-content-margin:--spacing(6)] thread-lg:[--thread-content-margin:--spacing(16)] px-(--thread-content-margin)\">\n<div class=\"[--thread-content-max-width:40rem] thread-lg:[--thread-content-max-width:48rem] mx-auto max-w-(--thread-content-max-width) flex-1 group\/turn-messages focus-visible:outline-hidden relative flex w-full min-w-0 flex-col agent-turn\" tabindex=\"-1\">\n<div class=\"flex max-w-full flex-col grow\">\n<div class=\"min-h-8 text-message relative flex w-full flex-col items-end gap-2 text-start break-words whitespace-normal [.text-message+&amp;]:mt-1\" dir=\"auto\" data-message-author-role=\"assistant\" data-message-id=\"1d1f6c17-d23b-4d8c-b935-1db7fceb84d9\" data-message-model-slug=\"gpt-5-1\">\n<div class=\"flex w-full flex-col gap-1 empty:hidden first:pt-[1px]\">\n<div class=\"markdown prose dark:prose-invert w-full break-words light markdown-new-styling\">\n<p class=\"sr-only\">Venta al por mayor de cuberter\u00eda de alta gama para restaurantes<span style=\"font-size: 16px;\"> ofrece una combinaci\u00f3n perfecta de durabilidad, elegancia y rendimiento profesional. Dise\u00f1ada para entornos comerciales de gran actividad, esta cuberter\u00eda de acero inoxidable de primera calidad realza la presentaci\u00f3n de la mesa a la vez que garantiza una fiabilidad duradera para el uso diario en restaurantes, hoteles y establecimientos de catering.<\/span><\/p>\n<\/div>\n<\/div>\n<\/div>\n<\/div>\n<\/div>\n<\/div>\n<\/article>\n<h2>Mayorista de Cubiertos de Alta Gama Atributo:<\/h2>\n<table>\n<thead>\n<tr>\n<th>Art\u00edculo<\/th>\n<th>Peso<\/th>\n<th>Tama\u00f1o (L \u00d7 A)<\/th>\n<\/tr>\n<\/thead>\n<tbody>\n<tr>\n<td>Cuchillo<\/td>\n<td>40.5 g<\/td>\n<td>20,5 \u00d7 2 cm<\/td>\n<\/tr>\n<tr>\n<td>Horquilla<\/td>\n<td>25 g<\/td>\n<td>20 \u00d7 3 cm<\/td>\n<\/tr>\n<tr>\n<td>Cuchara<\/td>\n<td>31.5 g<\/td>\n<td>19,5 \u00d7 4 cm<\/td>\n<\/tr>\n<tr>\n<td>Cucharilla<\/td>\n<td>17 g<\/td>\n<td>15 \u00d7 2,5 cm<\/td>\n<\/tr>\n<\/tbody>\n<\/table>\n<h2>Cubiertos de alta gama personalizados\uff1a<\/h2>\n<p data-start=\"40\" data-end=\"149\"><strong data-start=\"40\" data-end=\"69\">1\u3001Disponibilidad de muestras gratuitas:<\/strong><br data-start=\"69\" data-end=\"72\" \/>Ofrecemos muestras gratuitas para comprobar la calidad antes de realizar pedidos al por mayor.<\/p>\n<p data-start=\"154\" data-end=\"286\"><strong data-start=\"154\" data-end=\"189\">2\u3001Opciones de envasado personalizables:<\/strong><br data-start=\"189\" data-end=\"192\" \/>Admitimos logotipos personalizados en el envase y ofrecemos m\u00faltiples opciones de envasado, entre ellas:<\/p>\n<p data-start=\"292\" data-end=\"301\">Caja de PET\u3001Caja de PVC\u3001Caja de regalo<br \/><strong data-start=\"335\" data-end=\"358\">3\u3001Personalizaci\u00f3n del logotipo:<\/strong><br data-start=\"358\" data-end=\"361\" \/>Tanto el grabado por l\u00e1ser como el grabado de logotipos est\u00e1n disponibles para marcar su cuberter\u00eda.<\/p>\n<div class=\"text-base my-auto mx-auto pb-10 [--thread-content-margin:--spacing(4)] thread-sm:[--thread-content-margin:--spacing(6)] thread-lg:[--thread-content-margin:--spacing(16)] px-(--thread-content-margin)\">\n<div class=\"[--thread-content-max-width:40rem] thread-lg:[--thread-content-max-width:48rem] mx-auto max-w-(--thread-content-max-width) flex-1 group\/turn-messages focus-visible:outline-hidden relative flex w-full min-w-0 flex-col agent-turn\" tabindex=\"-1\">\n<div class=\"flex max-w-full flex-col grow\">\n<div class=\"min-h-8 text-message relative flex w-full flex-col items-end gap-2 text-start break-words whitespace-normal [.text-message+&amp;]:mt-1\" dir=\"auto\" data-message-author-role=\"assistant\" data-message-id=\"aa2ae332-605b-4306-94e4-23a9dd06bf09\" data-message-model-slug=\"gpt-5-mini\">\n<div class=\"flex w-full flex-col gap-1 empty:hidden first:pt-[1px]\">\n<div class=\"markdown prose dark:prose-invert w-full break-words light markdown-new-styling\">\u00a0<\/div>\n<\/div>\n<\/div>\n<\/div>\n<\/div>\n<\/div>","protected":false},"featured_media":954,"comment_status":"closed","ping_status":"closed","template":"","meta":{"_acf_changed":true},"product_brand":[],"product_cat":[18,27],"product_tag":[],"class_list":{"0":"post-953","1":"product","2":"type-product","3":"status-publish","4":"has-post-thumbnail","6":"product_cat-cutlery-set-wholesale","7":"product_cat-stainless-steel-flatware-set","9":"first","10":"instock","11":"shipping-taxable","12":"product-type-simple"},"acf":[],"_links":{"self":[{"href":"https:\/\/www.huashunware.com\/es\/wp-json\/wp\/v2\/product\/953","targetHints":{"allow":["GET"]}}],"collection":[{"href":"https:\/\/www.huashunware.com\/es\/wp-json\/wp\/v2\/product"}],"about":[{"href":"https:\/\/www.huashunware.com\/es\/wp-json\/wp\/v2\/types\/product"}],"replies":[{"embeddable":true,"href":"https:\/\/www.huashunware.com\/es\/wp-json\/wp\/v2\/comments?post=953"}],"wp:featuredmedia":[{"embeddable":true,"href":"https:\/\/www.huashunware.com\/es\/wp-json\/wp\/v2\/media\/954"}],"wp:attachment":[{"href":"https:\/\/www.huashunware.com\/es\/wp-json\/wp\/v2\/media?parent=953"}],"wp:term":[{"taxonomy":"product_brand","embeddable":true,"href":"https:\/\/www.huashunware.com\/es\/wp-json\/wp\/v2\/product_brand?post=953"},{"taxonomy":"product_cat","embeddable":true,"href":"https:\/\/www.huashunware.com\/es\/wp-json\/wp\/v2\/product_cat?post=953"},{"taxonomy":"product_tag","embeddable":true,"href":"https:\/\/www.huashunware.com\/es\/wp-json\/wp\/v2\/product_tag?post=953"}],"curies":[{"name":"wp","href":"https:\/\/api.w.org\/{rel}","templated":true}]}}