{"id":1350,"date":"2026-03-10T08:25:21","date_gmt":"2026-03-10T08:13:01","guid":{"rendered":"https:\/\/www.huashunware.com\/?post_type=product&#038;p=1350"},"modified":"2026-03-10T08:25:39","modified_gmt":"2026-03-10T08:25:39","slug":"wholesale-plastic-handle-flatware-set-in-bulk","status":"publish","type":"product","link":"https:\/\/www.huashunware.com\/fr\/produit\/wholesale-plastic-handle-flatware-set-in-bulk\/","title":{"rendered":"Set de couverts \u00e0 manche en plastique en gros en vrac"},"content":{"rendered":"<div class=\"wp-block-columns is-layout-flex wp-container-core-columns-is-layout-9d6595d7 wp-block-columns-is-layout-flex\">\n<div class=\"wp-block-column is-layout-flow wp-block-column-is-layout-flow\">\n<h2 class=\"wp-block-heading\">Set de couverts \u00e0 manche en plastique en gros Caract\u00e9ristiques :<\/h2>\n\n\n\n<p><strong>Conception ergonomique classique<\/strong>\uff1a Con\u00e7u avec une forme intemporelle et des poign\u00e9es douces et profil\u00e9es, ce set offre une prise en main confortable, ce qui en fait un choix de pr\u00e9dilection pour les diff\u00e9rentes pr\u00e9f\u00e9rences du march\u00e9.<\/p>\n\n\n\n<p><strong>Cadeau promotionnel id\u00e9al 4 pi\u00e8ces<\/strong>\uff1a Compacte et \u00e9l\u00e9gante, cette configuration de 4 pi\u00e8ces est sp\u00e9cialement optimis\u00e9e pour constituer un cadeau promotionnel abordable mais \u00e9l\u00e9gant pour les \u00e9v\u00e9nements, les offres group\u00e9es de vente au d\u00e9tail ou les cadeaux d'entreprise.<\/p>\n\n\n\n<p><strong>S\u00e9lection de couleurs brillantes et vibrantes<\/strong>\uff1a Finition brillante dans 5 \u00e0 6 couleurs \u00e9clatantes (dont le rouge, le vert et le noir), vous permettant d'assortir les couverts au th\u00e8me de votre marque ou aux tendances du march\u00e9 local.<\/p>\n\n\n\n<p><strong>Acier inoxydable de premi\u00e8re qualit\u00e9 avec ferrures renforc\u00e9es<\/strong>\uff1a Chaque pi\u00e8ce est fabriqu\u00e9e en acier inoxydable de qualit\u00e9, avec un poli miroir tr\u00e8s brillant, et est fix\u00e9e par une virole m\u00e9tallique \u00e9l\u00e9gante pour une durabilit\u00e9 accrue et un aspect de premi\u00e8re qualit\u00e9.<\/p>\n\n\n\n<p><strong>Stock pr\u00eat \u00e0 l'emploi et livraison rapide<\/strong>\uff1a Nous disposons d'un stock important de couleurs et d'emballages diff\u00e9rents (3 types disponibles), ce qui garantit un traitement imm\u00e9diat et une livraison rapide pour les commandes de gros volumes.<\/p>\n\n\n\n<p><strong>Peu d'entretien et facile \u00e0 stocker<\/strong>\uff1a La construction robuste est con\u00e7ue pour une utilisation quotidienne, elle est facile \u00e0 nettoyer et passe au lave-vaisselle, ce qui est essentiel pour les m\u00e9nages et les environnements de restauration commerciale.<\/p>\n<\/div>\n\n\n\n<div class=\"wp-block-column is-vertically-aligned-center is-layout-flow wp-block-column-is-layout-flow\">\n<figure class=\"wp-block-image size-full\"><img decoding=\"async\" width=\"800\" height=\"800\" src=\"https:\/\/www.huashunware.com\/wp-content\/uploads\/2026\/03\/Wholesale-Plastic-Handle-Flatware-Set-in-Bulk3.webp\" alt=\"Set de couverts en plastique en gros en vrac3\" class=\"wp-image-1353\" srcset=\"https:\/\/www.huashunware.com\/wp-content\/uploads\/2026\/03\/Wholesale-Plastic-Handle-Flatware-Set-in-Bulk3.webp 800w, https:\/\/www.huashunware.com\/wp-content\/uploads\/2026\/03\/Wholesale-Plastic-Handle-Flatware-Set-in-Bulk3-300x300.webp 300w, https:\/\/www.huashunware.com\/wp-content\/uploads\/2026\/03\/Wholesale-Plastic-Handle-Flatware-Set-in-Bulk3-150x150.webp 150w, https:\/\/www.huashunware.com\/wp-content\/uploads\/2026\/03\/Wholesale-Plastic-Handle-Flatware-Set-in-Bulk3-768x768.webp 768w, https:\/\/www.huashunware.com\/wp-content\/uploads\/2026\/03\/Wholesale-Plastic-Handle-Flatware-Set-in-Bulk3-12x12.webp 12w, https:\/\/www.huashunware.com\/wp-content\/uploads\/2026\/03\/Wholesale-Plastic-Handle-Flatware-Set-in-Bulk3-600x600.webp 600w, https:\/\/www.huashunware.com\/wp-content\/uploads\/2026\/03\/Wholesale-Plastic-Handle-Flatware-Set-in-Bulk3-100x100.webp 100w\" sizes=\"(max-width: 800px) 100vw, 800px\" \/><\/figure>\n<\/div>\n<\/div>\n\n\n\n<p><\/p>","protected":false},"excerpt":{"rendered":"<article class=\"text-token-text-primary w-full focus:outline-none [--shadow-height:45px] has-data-writing-block:pointer-events-none has-data-writing-block:-mt-(--shadow-height) has-data-writing-block:pt-(--shadow-height) [&amp;:has([data-writing-block])&gt;*]:pointer-events-auto [content-visibility:auto] supports-[content-visibility:auto]:[contain-intrinsic-size:auto_100lvh] scroll-mt-[calc(var(--header-height)+min(200px,max(70px,20svh)))]\" dir=\"auto\" tabindex=\"-1\" data-turn-id=\"request-WEB:6a8e0ffa-908e-4f03-b005-c2a158bcb803-9\" data-testid=\"conversation-turn-20\" data-scroll-anchor=\"true\" data-turn=\"assistant\">\n<div class=\"text-base my-auto mx-auto pb-10 [--thread-content-margin:--spacing(4)] thread-sm:[--thread-content-margin:--spacing(6)] thread-lg:[--thread-content-margin:--spacing(16)] px-(--thread-content-margin)\">\n<div class=\"[--thread-content-max-width:40rem] thread-lg:[--thread-content-max-width:48rem] mx-auto max-w-(--thread-content-max-width) flex-1 group\/turn-messages focus-visible:outline-hidden relative flex w-full min-w-0 flex-col agent-turn\" tabindex=\"-1\">\n<div class=\"flex max-w-full flex-col grow\">\n<div class=\"min-h-8 text-message relative flex w-full flex-col items-end gap-2 text-start break-words whitespace-normal [.text-message+&amp;]:mt-1\" dir=\"auto\" data-message-author-role=\"assistant\" data-message-id=\"1d1f6c17-d23b-4d8c-b935-1db7fceb84d9\" data-message-model-slug=\"gpt-5-1\">\n<div class=\"flex w-full flex-col gap-1 empty:hidden first:pt-[1px]\">\n<div class=\"markdown prose dark:prose-invert w-full break-words light markdown-new-styling\">\n<p data-path-to-node=\"3,0\">Set de couverts en plastique en gros en vrac avec un design classique et des poign\u00e9es brillantes. Cet ensemble de 4 pi\u00e8ces est parfait pour les cadeaux promotionnels, disponible dans 5-6 couleurs tendance en stock pour une livraison rapide. Fabriqu\u00e9 en acier inoxydable durable, il combine style et valeur imbattable pour la vente au d\u00e9tail et l'h\u00f4tellerie.<\/p>\n<\/div>\n<\/div>\n<\/div>\n<\/div>\n<\/div>\n<\/div>\n<\/article>\n<h2>Set de couverts \u00e0 manche en plastique en vrac Attribut :<\/h2>\n<table data-path-to-node=\"2\">\n<thead>\n<tr>\n<td><strong>Objet<\/strong><\/td>\n<td><strong>Poids (g)<\/strong><\/td>\n<td><strong>Longueur (L)<\/strong><\/td>\n<td><strong>Largeur (W)<\/strong><\/td>\n<td><strong>\u00c9paisseur<\/strong><\/td>\n<\/tr>\n<\/thead>\n<tbody>\n<tr>\n<td><span data-path-to-node=\"2,1,0,0\"><b data-path-to-node=\"2,1,0,0\" data-index-in-node=\"0\">Couteau de table<\/b><\/span><\/td>\n<td><span data-path-to-node=\"2,1,1,0\">34g<\/span><\/td>\n<td><span data-path-to-node=\"2,1,2,0\">21,5 cm<\/span><\/td>\n<td><span data-path-to-node=\"2,1,3,0\">2.0cm<\/span><\/td>\n<td><span data-path-to-node=\"2,1,4,0\">1,5 mm<\/span><\/td>\n<\/tr>\n<tr>\n<td><span data-path-to-node=\"2,2,0,0\"><b data-path-to-node=\"2,2,0,0\" data-index-in-node=\"0\">Fourchette de table<\/b><\/span><\/td>\n<td><span data-path-to-node=\"2,2,1,0\">30.8g<\/span><\/td>\n<td><span data-path-to-node=\"2,2,2,0\">20.0cm<\/span><\/td>\n<td><span data-path-to-node=\"2,2,3,0\">2,4 cm<\/span><\/td>\n<td><span data-path-to-node=\"2,2,4,0\">1,5 mm<\/span><\/td>\n<\/tr>\n<tr>\n<td><span data-path-to-node=\"2,3,0,0\"><b data-path-to-node=\"2,3,0,0\" data-index-in-node=\"0\">Cuill\u00e8re de table<\/b><\/span><\/td>\n<td><span data-path-to-node=\"2,3,1,0\">37.0g<\/span><\/td>\n<td><span data-path-to-node=\"2,3,2,0\">20.0cm<\/span><\/td>\n<td><span data-path-to-node=\"2,3,3,0\">4.0cm<\/span><\/td>\n<td><span data-path-to-node=\"2,3,4,0\">1,5 mm<\/span><\/td>\n<\/tr>\n<tr>\n<td><span data-path-to-node=\"2,4,0,0\"><b data-path-to-node=\"2,4,0,0\" data-index-in-node=\"0\">Cuill\u00e8re \u00e0 th\u00e9<\/b><\/span><\/td>\n<td><span data-path-to-node=\"2,4,1,0\">27.5g<\/span><\/td>\n<td><span data-path-to-node=\"2,4,2,0\">14.2cm<\/span><\/td>\n<td><span data-path-to-node=\"2,4,3,0\">3.0cm<\/span><\/td>\n<td><span data-path-to-node=\"2,4,4,0\">1,5 mm<\/span><\/td>\n<\/tr>\n<\/tbody>\n<\/table>\n<h2>Couverts de table personnalis\u00e9s\uff1a<\/h2>\n<p><strong data-start=\"44\" data-end=\"73\">1\u3001Disponibilit\u00e9 d'\u00e9chantillons gratuits :<\/strong><\/p>\n<p data-start=\"44\" data-end=\"153\">Nous proposons des \u00e9chantillons gratuits pour vous permettre d'\u00e9valuer la qualit\u00e9 avant de passer des commandes en gros.<\/p>\n<p data-start=\"155\" data-end=\"295\"><strong data-start=\"155\" data-end=\"190\">2\u3001Options d'emballage personnalisables :<\/strong><br data-start=\"190\" data-end=\"193\" \/>Nous prenons en charge diff\u00e9rents types d'emballages, notamment<\/p>\n<ol data-start=\"296\" data-end=\"332\">\n<li data-start=\"296\" data-end=\"307\">\n<p data-start=\"298\" data-end=\"307\">Bo\u00eete en PET<\/p>\n<\/li>\n<li data-start=\"308\" data-end=\"319\">\n<p data-start=\"310\" data-end=\"319\">Bo\u00eete en PVC<\/p>\n<\/li>\n<li data-start=\"320\" data-end=\"332\">\n<p data-start=\"322\" data-end=\"332\">Bo\u00eete cadeau<\/p>\n<\/li>\n<\/ol>\n<p data-start=\"334\" data-end=\"442\" data-is-last-node=\"\" data-is-only-node=\"\"><strong data-start=\"334\" data-end=\"365\">3\u3001Personnalisation de la couleur de la poign\u00e9e :<\/strong><br data-start=\"365\" data-end=\"368\" \/>5-6 couleurs et 3 paquets sont en stock pour une livraison rapide\uff1b Acceptation du logo laser et du logo grav\u00e9 sur le m\u00e9tal, acceptation du logo imprim\u00e9 sur la poign\u00e9e.<\/p>\n<div class=\"text-base my-auto mx-auto pb-10 [--thread-content-margin:--spacing(4)] thread-sm:[--thread-content-margin:--spacing(6)] thread-lg:[--thread-content-margin:--spacing(16)] px-(--thread-content-margin)\">\n<div class=\"[--thread-content-max-width:40rem] thread-lg:[--thread-content-max-width:48rem] mx-auto max-w-(--thread-content-max-width) flex-1 group\/turn-messages focus-visible:outline-hidden relative flex w-full min-w-0 flex-col agent-turn\" tabindex=\"-1\">\n<div class=\"flex max-w-full flex-col grow\">\n<div class=\"min-h-8 text-message relative flex w-full flex-col items-end gap-2 text-start break-words whitespace-normal [.text-message+&amp;]:mt-1\" dir=\"auto\" data-message-author-role=\"assistant\" data-message-id=\"aa2ae332-605b-4306-94e4-23a9dd06bf09\" data-message-model-slug=\"gpt-5-mini\">\n<div class=\"flex w-full flex-col gap-1 empty:hidden first:pt-[1px]\">\n<div class=\"markdown prose dark:prose-invert w-full break-words light markdown-new-styling\">\u00a0<\/div>\n<\/div>\n<\/div>\n<\/div>\n<\/div>\n<\/div>","protected":false},"featured_media":1353,"comment_status":"closed","ping_status":"closed","template":"","meta":{"_acf_changed":false},"product_brand":[],"product_cat":[18,26],"product_tag":[],"class_list":{"0":"post-1350","1":"product","2":"type-product","3":"status-publish","4":"has-post-thumbnail","6":"product_cat-cutlery-set-wholesale","7":"product_cat-plastic-handle-flatware-set","9":"first","10":"instock","11":"shipping-taxable","12":"product-type-simple"},"acf":[],"_links":{"self":[{"href":"https:\/\/www.huashunware.com\/fr\/wp-json\/wp\/v2\/product\/1350","targetHints":{"allow":["GET"]}}],"collection":[{"href":"https:\/\/www.huashunware.com\/fr\/wp-json\/wp\/v2\/product"}],"about":[{"href":"https:\/\/www.huashunware.com\/fr\/wp-json\/wp\/v2\/types\/product"}],"replies":[{"embeddable":true,"href":"https:\/\/www.huashunware.com\/fr\/wp-json\/wp\/v2\/comments?post=1350"}],"wp:featuredmedia":[{"embeddable":true,"href":"https:\/\/www.huashunware.com\/fr\/wp-json\/wp\/v2\/media\/1353"}],"wp:attachment":[{"href":"https:\/\/www.huashunware.com\/fr\/wp-json\/wp\/v2\/media?parent=1350"}],"wp:term":[{"taxonomy":"product_brand","embeddable":true,"href":"https:\/\/www.huashunware.com\/fr\/wp-json\/wp\/v2\/product_brand?post=1350"},{"taxonomy":"product_cat","embeddable":true,"href":"https:\/\/www.huashunware.com\/fr\/wp-json\/wp\/v2\/product_cat?post=1350"},{"taxonomy":"product_tag","embeddable":true,"href":"https:\/\/www.huashunware.com\/fr\/wp-json\/wp\/v2\/product_tag?post=1350"}],"curies":[{"name":"wp","href":"https:\/\/api.w.org\/{rel}","templated":true}]}}