{"id":1357,"date":"2026-03-10T09:31:54","date_gmt":"2026-03-10T09:19:59","guid":{"rendered":"https:\/\/www.huashunware.com\/?post_type=product&#038;p=1357"},"modified":"2026-03-10T09:32:18","modified_gmt":"2026-03-10T09:32:18","slug":"custom-plastic-handle-flatware-in-bulk","status":"publish","type":"product","link":"https:\/\/www.huashunware.com\/fr\/produit\/custom-plastic-handle-flatware-in-bulk\/","title":{"rendered":"Couverts \u00e0 manche en plastique personnalis\u00e9s en vrac"},"content":{"rendered":"<div class=\"wp-block-columns is-layout-flex wp-container-core-columns-is-layout-9d6595d7 wp-block-columns-is-layout-flex\">\n<div class=\"wp-block-column is-layout-flow wp-block-column-is-layout-flow\">\n<h2 class=\"wp-block-heading\">Couverts \u00e0 manche en plastique en vrac Caract\u00e9ristiques :<\/h2>\n\n\n\n<p><strong>\u00c9l\u00e9gants rivets en forme de feuilles :<\/strong> Le design sophistiqu\u00e9 d'inspiration vintage ajoute une touche haut de gamme \u00e0 tout d\u00e9cor de table.<\/p>\n\n\n\n<p><strong>Poign\u00e9e ergonomique brillante :<\/strong> Les poign\u00e9es profil\u00e9es avec une finition lisse et brillante offrent une prise en main confortable et s\u00fbre.<\/p>\n\n\n\n<p><strong>Polissage miroir de premi\u00e8re qualit\u00e9 :<\/strong> Fabriqu\u00e9 en acier inoxydable de haute qualit\u00e9, il pr\u00e9sente un \u00e9clat miroir durable et une excellente r\u00e9sistance \u00e0 la corrosion.<\/p>\n\n\n\n<p><strong>Durable et r\u00e9sistant \u00e0 la d\u00e9coloration :<\/strong> Le mat\u00e9riau robuste de la poign\u00e9e est con\u00e7u pour r\u00e9sister \u00e0 une utilisation fr\u00e9quente tout en conservant son aspect tendance.<\/p>\n\n\n\n<p><strong>Sensation d'\u00e9quilibre parfait :<\/strong> La construction m\u00e9ticuleusement \u00e9quilibr\u00e9e assure une manipulation sans effort pour les repas quotidiens et les \u00e9v\u00e9nements formels.<\/p>\n\n\n\n<p><strong>Meilleur pour le commerce de gros et de d\u00e9tail :<\/strong> Un design tr\u00e8s demand\u00e9 qui attire les acheteurs \u00e0 la recherche d'un m\u00e9lange de style traditionnel et de qualit\u00e9 moderne.<\/p>\n<\/div>\n\n\n\n<div class=\"wp-block-column is-vertically-aligned-center is-layout-flow wp-block-column-is-layout-flow\">\n<figure class=\"wp-block-image size-full\"><img decoding=\"async\" width=\"3072\" height=\"3072\" src=\"https:\/\/www.huashunware.com\/wp-content\/uploads\/2026\/03\/Custom-Plastic-Handle-Flatware-in-Bulk1.webp\" alt=\"Couverts \u00e0 manche en plastique personnalis\u00e9s en vrac1\" class=\"wp-image-1358\" srcset=\"https:\/\/www.huashunware.com\/wp-content\/uploads\/2026\/03\/Custom-Plastic-Handle-Flatware-in-Bulk1.webp 3072w, https:\/\/www.huashunware.com\/wp-content\/uploads\/2026\/03\/Custom-Plastic-Handle-Flatware-in-Bulk1-300x300.webp 300w, https:\/\/www.huashunware.com\/wp-content\/uploads\/2026\/03\/Custom-Plastic-Handle-Flatware-in-Bulk1-150x150.webp 150w, https:\/\/www.huashunware.com\/wp-content\/uploads\/2026\/03\/Custom-Plastic-Handle-Flatware-in-Bulk1-768x768.webp 768w, https:\/\/www.huashunware.com\/wp-content\/uploads\/2026\/03\/Custom-Plastic-Handle-Flatware-in-Bulk1-12x12.webp 12w, https:\/\/www.huashunware.com\/wp-content\/uploads\/2026\/03\/Custom-Plastic-Handle-Flatware-in-Bulk1-1200x1200.webp 1200w, https:\/\/www.huashunware.com\/wp-content\/uploads\/2026\/03\/Custom-Plastic-Handle-Flatware-in-Bulk1-600x600.webp 600w, https:\/\/www.huashunware.com\/wp-content\/uploads\/2026\/03\/Custom-Plastic-Handle-Flatware-in-Bulk1-100x100.webp 100w\" sizes=\"(max-width: 3072px) 100vw, 3072px\" \/><\/figure>\n<\/div>\n<\/div>","protected":false},"excerpt":{"rendered":"<article class=\"text-token-text-primary w-full focus:outline-none [--shadow-height:45px] has-data-writing-block:pointer-events-none has-data-writing-block:-mt-(--shadow-height) has-data-writing-block:pt-(--shadow-height) [&amp;:has([data-writing-block])&gt;*]:pointer-events-auto [content-visibility:auto] supports-[content-visibility:auto]:[contain-intrinsic-size:auto_100lvh] scroll-mt-[calc(var(--header-height)+min(200px,max(70px,20svh)))]\" dir=\"auto\" tabindex=\"-1\" data-turn-id=\"request-WEB:6a8e0ffa-908e-4f03-b005-c2a158bcb803-9\" data-testid=\"conversation-turn-20\" data-scroll-anchor=\"true\" data-turn=\"assistant\">\n<div class=\"text-base my-auto mx-auto pb-10 [--thread-content-margin:--spacing(4)] thread-sm:[--thread-content-margin:--spacing(6)] thread-lg:[--thread-content-margin:--spacing(16)] px-(--thread-content-margin)\">\n<div class=\"[--thread-content-max-width:40rem] thread-lg:[--thread-content-max-width:48rem] mx-auto max-w-(--thread-content-max-width) flex-1 group\/turn-messages focus-visible:outline-hidden relative flex w-full min-w-0 flex-col agent-turn\" tabindex=\"-1\">\n<div class=\"flex max-w-full flex-col grow\">\n<div class=\"min-h-8 text-message relative flex w-full flex-col items-end gap-2 text-start break-words whitespace-normal [.text-message+&amp;]:mt-1\" dir=\"auto\" data-message-author-role=\"assistant\" data-message-id=\"1d1f6c17-d23b-4d8c-b935-1db7fceb84d9\" data-message-model-slug=\"gpt-5-1\">\n<div class=\"flex w-full flex-col gap-1 empty:hidden first:pt-[1px]\">\n<div class=\"markdown prose dark:prose-invert w-full break-words light markdown-new-styling\">\n<p data-path-to-node=\"2,0\">Couverts \u00e0 manche en plastique personnalis\u00e9s en vrac, dot\u00e9s d'un \u00e9l\u00e9gant motif de rivets en forme de feuilles et d'une finition perl\u00e9e brillante de qualit\u00e9 sup\u00e9rieure. Combinant un noyau en acier inoxydable durable et une poign\u00e9e ergonomique confortable, cet ensemble classique est un best-seller pour la vente au d\u00e9tail et la restauration haut de gamme.<\/p>\n<\/div>\n<\/div>\n<\/div>\n<\/div>\n<\/div>\n<\/div>\n<\/article>\n<h2>Couverts \u00e0 manche en plastique personnalis\u00e9s Attribut :<\/h2>\n<table data-path-to-node=\"2\">\n<thead>\n<tr>\n<td><strong>Objet<\/strong><\/td>\n<td><strong>Poids (g)<\/strong><\/td>\n<td><strong>Longueur (L)<\/strong><\/td>\n<td><strong>Largeur (W)<\/strong><\/td>\n<td><strong>\u00c9paisseur<\/strong><\/td>\n<\/tr>\n<\/thead>\n<tbody>\n<tr>\n<td><span data-path-to-node=\"2,1,0,0\"><b data-path-to-node=\"2,1,0,0\" data-index-in-node=\"0\">Couteau de table<\/b><\/span><\/td>\n<td><span data-path-to-node=\"2,1,1,0\">34.0g<\/span><\/td>\n<td><span data-path-to-node=\"2,1,2,0\">21,5 cm<\/span><\/td>\n<td><span data-path-to-node=\"2,1,3,0\">2.0cm<\/span><\/td>\n<td><span data-path-to-node=\"2,1,4,0\">1,5 mm<\/span><\/td>\n<\/tr>\n<tr>\n<td><span data-path-to-node=\"2,2,0,0\"><b data-path-to-node=\"2,2,0,0\" data-index-in-node=\"0\">Fourchette de table<\/b><\/span><\/td>\n<td><span data-path-to-node=\"2,2,1,0\">30.8g<\/span><\/td>\n<td><span data-path-to-node=\"2,2,2,0\">20.0cm<\/span><\/td>\n<td><span data-path-to-node=\"2,2,3,0\">2,4 cm<\/span><\/td>\n<td><span data-path-to-node=\"2,2,4,0\">1,5 mm<\/span><\/td>\n<\/tr>\n<tr>\n<td><span data-path-to-node=\"2,3,0,0\"><b data-path-to-node=\"2,3,0,0\" data-index-in-node=\"0\">Cuill\u00e8re de table<\/b><\/span><\/td>\n<td><span data-path-to-node=\"2,3,1,0\">37.0g<\/span><\/td>\n<td><span data-path-to-node=\"2,3,2,0\">20.0cm<\/span><\/td>\n<td><span data-path-to-node=\"2,3,3,0\">4.0cm<\/span><\/td>\n<td><span data-path-to-node=\"2,3,4,0\">1,5 mm<\/span><\/td>\n<\/tr>\n<tr>\n<td><span data-path-to-node=\"2,4,0,0\"><b data-path-to-node=\"2,4,0,0\" data-index-in-node=\"0\">Cuill\u00e8re \u00e0 th\u00e9<\/b><\/span><\/td>\n<td><span data-path-to-node=\"2,4,1,0\">27.5g<\/span><\/td>\n<td><span data-path-to-node=\"2,4,2,0\">14.2cm<\/span><\/td>\n<td><span data-path-to-node=\"2,4,3,0\">3.0cm<\/span><\/td>\n<td><span data-path-to-node=\"2,4,4,0\">1,5 mm<\/span><\/td>\n<\/tr>\n<\/tbody>\n<\/table>\n<h2>Couverts de table personnalis\u00e9s\uff1a<\/h2>\n<p><strong data-start=\"44\" data-end=\"73\">1\u3001Disponibilit\u00e9 d'\u00e9chantillons gratuits :<\/strong><\/p>\n<p data-start=\"44\" data-end=\"153\">Nous proposons des \u00e9chantillons gratuits pour vous permettre d'\u00e9valuer la qualit\u00e9 avant de passer des commandes en gros.<\/p>\n<p data-start=\"155\" data-end=\"295\"><strong data-start=\"155\" data-end=\"190\">2\u3001Options d'emballage personnalisables :<\/strong><br data-start=\"190\" data-end=\"193\" \/>Nous prenons en charge diff\u00e9rents types d'emballages, notamment<\/p>\n<ol data-start=\"296\" data-end=\"332\">\n<li data-start=\"296\" data-end=\"307\">\n<p data-start=\"298\" data-end=\"307\">Bo\u00eete en PET<\/p>\n<\/li>\n<li data-start=\"308\" data-end=\"319\">\n<p data-start=\"310\" data-end=\"319\">Bo\u00eete en PVC<\/p>\n<\/li>\n<li data-start=\"320\" data-end=\"332\">\n<p data-start=\"322\" data-end=\"332\">Bo\u00eete cadeau<\/p>\n<\/li>\n<\/ol>\n<p data-start=\"334\" data-end=\"442\" data-is-last-node=\"\" data-is-only-node=\"\"><strong data-start=\"334\" data-end=\"365\">3\u3001<\/strong>\u00a0<strong>Accepte les logos laser et les logos grav\u00e9s sur le m\u00e9tal, accepte les logos imprim\u00e9s sur la poign\u00e9e.<\/strong><\/p>\n<div class=\"text-base my-auto mx-auto pb-10 [--thread-content-margin:--spacing(4)] thread-sm:[--thread-content-margin:--spacing(6)] thread-lg:[--thread-content-margin:--spacing(16)] px-(--thread-content-margin)\">\n<div class=\"[--thread-content-max-width:40rem] thread-lg:[--thread-content-max-width:48rem] mx-auto max-w-(--thread-content-max-width) flex-1 group\/turn-messages focus-visible:outline-hidden relative flex w-full min-w-0 flex-col agent-turn\" tabindex=\"-1\">\n<div class=\"flex max-w-full flex-col grow\">\n<div class=\"min-h-8 text-message relative flex w-full flex-col items-end gap-2 text-start break-words whitespace-normal [.text-message+&amp;]:mt-1\" dir=\"auto\" data-message-author-role=\"assistant\" data-message-id=\"aa2ae332-605b-4306-94e4-23a9dd06bf09\" data-message-model-slug=\"gpt-5-mini\">\n<div class=\"flex w-full flex-col gap-1 empty:hidden first:pt-[1px]\">\n<div class=\"markdown prose dark:prose-invert w-full break-words light markdown-new-styling\">\u00a0<\/div>\n<\/div>\n<\/div>\n<\/div>\n<\/div>\n<\/div>","protected":false},"featured_media":1358,"comment_status":"closed","ping_status":"closed","template":"","meta":{"_acf_changed":false},"product_brand":[],"product_cat":[18,26],"product_tag":[],"class_list":{"0":"post-1357","1":"product","2":"type-product","3":"status-publish","4":"has-post-thumbnail","6":"product_cat-cutlery-set-wholesale","7":"product_cat-plastic-handle-flatware-set","9":"first","10":"instock","11":"shipping-taxable","12":"product-type-simple"},"acf":[],"_links":{"self":[{"href":"https:\/\/www.huashunware.com\/fr\/wp-json\/wp\/v2\/product\/1357","targetHints":{"allow":["GET"]}}],"collection":[{"href":"https:\/\/www.huashunware.com\/fr\/wp-json\/wp\/v2\/product"}],"about":[{"href":"https:\/\/www.huashunware.com\/fr\/wp-json\/wp\/v2\/types\/product"}],"replies":[{"embeddable":true,"href":"https:\/\/www.huashunware.com\/fr\/wp-json\/wp\/v2\/comments?post=1357"}],"wp:featuredmedia":[{"embeddable":true,"href":"https:\/\/www.huashunware.com\/fr\/wp-json\/wp\/v2\/media\/1358"}],"wp:attachment":[{"href":"https:\/\/www.huashunware.com\/fr\/wp-json\/wp\/v2\/media?parent=1357"}],"wp:term":[{"taxonomy":"product_brand","embeddable":true,"href":"https:\/\/www.huashunware.com\/fr\/wp-json\/wp\/v2\/product_brand?post=1357"},{"taxonomy":"product_cat","embeddable":true,"href":"https:\/\/www.huashunware.com\/fr\/wp-json\/wp\/v2\/product_cat?post=1357"},{"taxonomy":"product_tag","embeddable":true,"href":"https:\/\/www.huashunware.com\/fr\/wp-json\/wp\/v2\/product_tag?post=1357"}],"curies":[{"name":"wp","href":"https:\/\/api.w.org\/{rel}","templated":true}]}}