{"id":1361,"date":"2026-03-10T09:51:09","date_gmt":"2026-03-10T09:37:00","guid":{"rendered":"https:\/\/www.huashunware.com\/?post_type=product&#038;p=1361"},"modified":"2026-03-10T09:51:51","modified_gmt":"2026-03-10T09:51:51","slug":"wholesale-matte-black-stainless-steel-flatware-set","status":"publish","type":"product","link":"https:\/\/www.huashunware.com\/fr\/produit\/wholesale-matte-black-stainless-steel-flatware-set\/","title":{"rendered":"Set de couverts en acier inoxydable noir mat en gros"},"content":{"rendered":"<div class=\"wp-block-columns is-layout-flex wp-container-core-columns-is-layout-9d6595d7 wp-block-columns-is-layout-flex\">\n<div class=\"wp-block-column is-layout-flow wp-block-column-is-layout-flow\">\n<h2 class=\"wp-block-heading\">Ensemble de couverts en acier inoxydable noir mat (Wholesale Matte Black Stainless Steel Flatware Set) Caract\u00e9ristiques :<\/h2>\n\n\n\n<p><strong>Polissage mat sophistiqu\u00e9 :<\/strong> La finition mate raffin\u00e9e offre un aspect non r\u00e9fl\u00e9chissant et \u00e9l\u00e9gant qui conf\u00e8re une esth\u00e9tique moderne et haut de gamme \u00e0 toute table de salle \u00e0 manger.<\/p>\n\n\n\n<p><strong>Certifi\u00e9 compatible avec le lave-vaisselle :<\/strong> Con\u00e7u pour durer, cet ensemble r\u00e9siste \u00e0 plus de 50 cycles de lave-vaisselle sans se d\u00e9colorer ni s'\u00e9cailler.<\/p>\n\n\n\n<p><strong>Mat\u00e9riaux de qualit\u00e9 alimentaire sup\u00e9rieure :<\/strong> Fabriqu\u00e9s en acier inoxydable 18\/0 de qualit\u00e9 alimentaire et en acier 420 \u00e0 haute teneur en carbone pour les couteaux afin de garantir une r\u00e9sistance sup\u00e9rieure \u00e0 la rouille et un tranchant durable.<\/p>\n\n\n\n<p><strong>Conception monobloc minimaliste :<\/strong> La structure int\u00e9gr\u00e9e sans soudure offre une hygi\u00e8ne maximale et une r\u00e9sistance structurelle pour une utilisation commerciale \u00e0 haute fr\u00e9quence.<\/p>\n\n\n\n<p><strong>Poign\u00e9e ergonomique \u00e9quilibr\u00e9e :<\/strong> M\u00e9ticuleusement con\u00e7ues pour leur poids et leur \u00e9quilibre, les poign\u00e9es effil\u00e9es offrent une prise confortable et naturelle pour une exp\u00e9rience culinaire sans effort.<\/p>\n\n\n\n<p><strong>Id\u00e9al pour l'h\u00f4tellerie branch\u00e9e :<\/strong> Un choix de premier ordre pour les h\u00f4tels-boutiques modernes, les bistrots haut de gamme et les d\u00e9taillants \u00e0 la recherche de solutions uniques et contemporaines en mati\u00e8re de vaisselle.<\/p>\n<\/div>\n\n\n\n<div class=\"wp-block-column is-vertically-aligned-center is-layout-flow wp-block-column-is-layout-flow\">\n<figure class=\"wp-block-image size-full\"><img decoding=\"async\" width=\"4915\" height=\"4915\" src=\"https:\/\/www.huashunware.com\/wp-content\/uploads\/2026\/03\/Wholesale-Matte-Black-Stainless-Steel-Flatware-Set1.webp\" alt=\"Set de couverts en acier inoxydable noir mat en gros1\" class=\"wp-image-1362\" srcset=\"https:\/\/www.huashunware.com\/wp-content\/uploads\/2026\/03\/Wholesale-Matte-Black-Stainless-Steel-Flatware-Set1.webp 4915w, https:\/\/www.huashunware.com\/wp-content\/uploads\/2026\/03\/Wholesale-Matte-Black-Stainless-Steel-Flatware-Set1-300x300.webp 300w, https:\/\/www.huashunware.com\/wp-content\/uploads\/2026\/03\/Wholesale-Matte-Black-Stainless-Steel-Flatware-Set1-150x150.webp 150w, https:\/\/www.huashunware.com\/wp-content\/uploads\/2026\/03\/Wholesale-Matte-Black-Stainless-Steel-Flatware-Set1-768x768.webp 768w, https:\/\/www.huashunware.com\/wp-content\/uploads\/2026\/03\/Wholesale-Matte-Black-Stainless-Steel-Flatware-Set1-12x12.webp 12w, https:\/\/www.huashunware.com\/wp-content\/uploads\/2026\/03\/Wholesale-Matte-Black-Stainless-Steel-Flatware-Set1-1200x1200.webp 1200w, https:\/\/www.huashunware.com\/wp-content\/uploads\/2026\/03\/Wholesale-Matte-Black-Stainless-Steel-Flatware-Set1-600x600.webp 600w, https:\/\/www.huashunware.com\/wp-content\/uploads\/2026\/03\/Wholesale-Matte-Black-Stainless-Steel-Flatware-Set1-100x100.webp 100w\" sizes=\"(max-width: 4915px) 100vw, 4915px\" \/><\/figure>\n<\/div>\n<\/div>","protected":false},"excerpt":{"rendered":"<article class=\"text-token-text-primary w-full focus:outline-none [--shadow-height:45px] has-data-writing-block:pointer-events-none has-data-writing-block:-mt-(--shadow-height) has-data-writing-block:pt-(--shadow-height) [&amp;:has([data-writing-block])&gt;*]:pointer-events-auto [content-visibility:auto] supports-[content-visibility:auto]:[contain-intrinsic-size:auto_100lvh] scroll-mt-[calc(var(--header-height)+min(200px,max(70px,20svh)))]\" dir=\"auto\" tabindex=\"-1\" data-turn-id=\"request-WEB:6a8e0ffa-908e-4f03-b005-c2a158bcb803-9\" data-testid=\"conversation-turn-20\" data-scroll-anchor=\"true\" data-turn=\"assistant\">\n<div class=\"text-base my-auto mx-auto pb-10 [--thread-content-margin:--spacing(4)] thread-sm:[--thread-content-margin:--spacing(6)] thread-lg:[--thread-content-margin:--spacing(16)] px-(--thread-content-margin)\">\n<div class=\"[--thread-content-max-width:40rem] thread-lg:[--thread-content-max-width:48rem] mx-auto max-w-(--thread-content-max-width) flex-1 group\/turn-messages focus-visible:outline-hidden relative flex w-full min-w-0 flex-col agent-turn\" tabindex=\"-1\">\n<div class=\"flex max-w-full flex-col grow\">\n<div class=\"min-h-8 text-message relative flex w-full flex-col items-end gap-2 text-start break-words whitespace-normal [.text-message+&amp;]:mt-1\" dir=\"auto\" data-message-author-role=\"assistant\" data-message-id=\"1d1f6c17-d23b-4d8c-b935-1db7fceb84d9\" data-message-model-slug=\"gpt-5-1\">\n<div class=\"flex w-full flex-col gap-1 empty:hidden first:pt-[1px]\">\n<div class=\"markdown prose dark:prose-invert w-full break-words light markdown-new-styling\">\n<p data-path-to-node=\"2,0\">Ensemble de couverts en gros en acier inoxydable noir mat avec une finition mate sophistiqu\u00e9e et une construction monobloc durable. Fabriqu\u00e9e en acier alimentaire 18\/0, cette \u00e9l\u00e9gante collection est test\u00e9e pour plus de 50 cycles de lavage au lave-vaisselle, ce qui en fait un choix durable id\u00e9al pour les restaurants modernes et les commerces de d\u00e9tail haut de gamme.<\/p>\n<\/div>\n<\/div>\n<\/div>\n<\/div>\n<\/div>\n<\/div>\n<\/article>\n<h2>Ensemble de couverts en acier inoxydable noir mat en gros Attribut :<\/h2>\n<table data-path-to-node=\"2\">\n<thead>\n<tr>\n<td><strong>Objet<\/strong><\/td>\n<td><strong>Poids (g)<\/strong><\/td>\n<td><strong>Longueur (L)<\/strong><\/td>\n<td><strong>Largeur (W)<\/strong><\/td>\n<td><strong>\u00c9paisseur<\/strong><\/td>\n<\/tr>\n<\/thead>\n<tbody>\n<tr>\n<td><span data-path-to-node=\"2,1,0,0\"><b data-path-to-node=\"2,1,0,0\" data-index-in-node=\"0\">Couteau de table<\/b><\/span><\/td>\n<td><span data-path-to-node=\"2,1,1,0\">79.0g<\/span><\/td>\n<td><span data-path-to-node=\"2,1,2,0\">23.0cm<\/span><\/td>\n<td><span data-path-to-node=\"2,1,3,0\">2.0cm<\/span><\/td>\n<td><span data-path-to-node=\"2,1,4,0\"><b data-path-to-node=\"2,1,4,0\" data-index-in-node=\"0\">2,0 - 2,5 mm<\/b><\/span><\/td>\n<\/tr>\n<tr>\n<td><span data-path-to-node=\"2,2,0,0\"><b data-path-to-node=\"2,2,0,0\" data-index-in-node=\"0\">Fourchette de table<\/b><\/span><\/td>\n<td><span data-path-to-node=\"2,2,1,0\">36.6g<\/span><\/td>\n<td><span data-path-to-node=\"2,2,2,0\">20.0cm<\/span><\/td>\n<td><span data-path-to-node=\"2,2,3,0\">2,5 cm<\/span><\/td>\n<td><span data-path-to-node=\"2,2,4,0\"><b data-path-to-node=\"2,2,4,0\" data-index-in-node=\"0\">2,0 - 2,5 mm<\/b><\/span><\/td>\n<\/tr>\n<tr>\n<td><span data-path-to-node=\"2,3,0,0\"><b data-path-to-node=\"2,3,0,0\" data-index-in-node=\"0\">Cuill\u00e8re de table<\/b><\/span><\/td>\n<td><span data-path-to-node=\"2,3,1,0\">45.0g<\/span><\/td>\n<td><span data-path-to-node=\"2,3,2,0\">19.5cm<\/span><\/td>\n<td><span data-path-to-node=\"2,3,3,0\">4,2 cm<\/span><\/td>\n<td><span data-path-to-node=\"2,3,4,0\"><b data-path-to-node=\"2,3,4,0\" data-index-in-node=\"0\">2,0 - 2,5 mm<\/b><\/span><\/td>\n<\/tr>\n<tr>\n<td><span data-path-to-node=\"2,4,0,0\"><b data-path-to-node=\"2,4,0,0\" data-index-in-node=\"0\">Cuill\u00e8re \u00e0 th\u00e9<\/b><\/span><\/td>\n<td><span data-path-to-node=\"2,4,1,0\">27.5g<\/span><\/td>\n<td><span data-path-to-node=\"2,4,2,0\">14.0cm<\/span><\/td>\n<td><span data-path-to-node=\"2,4,3,0\">3.0cm<\/span><\/td>\n<td><span data-path-to-node=\"2,4,4,0\"><b data-path-to-node=\"2,4,4,0\" data-index-in-node=\"0\">2,0 - 2,5 mm<\/b><\/span><\/td>\n<\/tr>\n<\/tbody>\n<\/table>\n<h2>Couverts de table personnalis\u00e9s\uff1a<\/h2>\n<p><strong data-start=\"44\" data-end=\"73\">1\u3001Disponibilit\u00e9 d'\u00e9chantillons gratuits :<\/strong><\/p>\n<p data-start=\"44\" data-end=\"153\">Nous proposons des \u00e9chantillons gratuits pour vous permettre d'\u00e9valuer la qualit\u00e9 avant de passer des commandes en gros.<\/p>\n<p data-start=\"155\" data-end=\"295\"><strong data-start=\"155\" data-end=\"190\">2\u3001Options d'emballage personnalisables :<\/strong><br data-start=\"190\" data-end=\"193\" \/>Nous prenons en charge diff\u00e9rents types d'emballages, notamment<\/p>\n<ol data-start=\"296\" data-end=\"332\">\n<li data-start=\"296\" data-end=\"307\">\n<p data-start=\"298\" data-end=\"307\">Bo\u00eete en PET<\/p>\n<\/li>\n<li data-start=\"308\" data-end=\"319\">\n<p data-start=\"310\" data-end=\"319\">Bo\u00eete en PVC<\/p>\n<\/li>\n<li data-start=\"320\" data-end=\"332\">\n<p data-start=\"322\" data-end=\"332\">Bo\u00eete cadeau<\/p>\n<\/li>\n<\/ol>\n<p data-start=\"334\" data-end=\"442\" data-is-last-node=\"\" data-is-only-node=\"\"><strong data-start=\"334\" data-end=\"365\">3\u3001<\/strong>\u00a0<strong>Accepte les logos laser et les logos grav\u00e9s sur le m\u00e9tal, accepte les logos imprim\u00e9s sur la poign\u00e9e.<\/strong><\/p>\n<div class=\"text-base my-auto mx-auto pb-10 [--thread-content-margin:--spacing(4)] thread-sm:[--thread-content-margin:--spacing(6)] thread-lg:[--thread-content-margin:--spacing(16)] px-(--thread-content-margin)\">\n<div class=\"[--thread-content-max-width:40rem] thread-lg:[--thread-content-max-width:48rem] mx-auto max-w-(--thread-content-max-width) flex-1 group\/turn-messages focus-visible:outline-hidden relative flex w-full min-w-0 flex-col agent-turn\" tabindex=\"-1\">\n<div class=\"flex max-w-full flex-col grow\">\n<div class=\"min-h-8 text-message relative flex w-full flex-col items-end gap-2 text-start break-words whitespace-normal [.text-message+&amp;]:mt-1\" dir=\"auto\" data-message-author-role=\"assistant\" data-message-id=\"aa2ae332-605b-4306-94e4-23a9dd06bf09\" data-message-model-slug=\"gpt-5-mini\">\n<div class=\"flex w-full flex-col gap-1 empty:hidden first:pt-[1px]\">\n<div class=\"markdown prose dark:prose-invert w-full break-words light markdown-new-styling\">\u00a0<\/div>\n<\/div>\n<\/div>\n<\/div>\n<\/div>\n<\/div>","protected":false},"featured_media":1363,"comment_status":"closed","ping_status":"closed","template":"","meta":{"_acf_changed":false},"product_brand":[],"product_cat":[18,27],"product_tag":[],"class_list":{"0":"post-1361","1":"product","2":"type-product","3":"status-publish","4":"has-post-thumbnail","6":"product_cat-cutlery-set-wholesale","7":"product_cat-stainless-steel-flatware-set","9":"first","10":"instock","11":"shipping-taxable","12":"product-type-simple"},"acf":[],"_links":{"self":[{"href":"https:\/\/www.huashunware.com\/fr\/wp-json\/wp\/v2\/product\/1361","targetHints":{"allow":["GET"]}}],"collection":[{"href":"https:\/\/www.huashunware.com\/fr\/wp-json\/wp\/v2\/product"}],"about":[{"href":"https:\/\/www.huashunware.com\/fr\/wp-json\/wp\/v2\/types\/product"}],"replies":[{"embeddable":true,"href":"https:\/\/www.huashunware.com\/fr\/wp-json\/wp\/v2\/comments?post=1361"}],"wp:featuredmedia":[{"embeddable":true,"href":"https:\/\/www.huashunware.com\/fr\/wp-json\/wp\/v2\/media\/1363"}],"wp:attachment":[{"href":"https:\/\/www.huashunware.com\/fr\/wp-json\/wp\/v2\/media?parent=1361"}],"wp:term":[{"taxonomy":"product_brand","embeddable":true,"href":"https:\/\/www.huashunware.com\/fr\/wp-json\/wp\/v2\/product_brand?post=1361"},{"taxonomy":"product_cat","embeddable":true,"href":"https:\/\/www.huashunware.com\/fr\/wp-json\/wp\/v2\/product_cat?post=1361"},{"taxonomy":"product_tag","embeddable":true,"href":"https:\/\/www.huashunware.com\/fr\/wp-json\/wp\/v2\/product_tag?post=1361"}],"curies":[{"name":"wp","href":"https:\/\/api.w.org\/{rel}","templated":true}]}}