{"id":1371,"date":"2026-03-26T09:39:04","date_gmt":"2026-03-26T09:39:04","guid":{"rendered":"https:\/\/www.huashunware.com\/?post_type=product&#038;p=1371"},"modified":"2026-03-26T09:39:07","modified_gmt":"2026-03-26T09:39:07","slug":"wholesale-plastic-handle-stainless-steel-flatware-set-in-bulk","status":"publish","type":"product","link":"https:\/\/www.huashunware.com\/fr\/produit\/wholesale-plastic-handle-stainless-steel-flatware-set-in-bulk\/","title":{"rendered":"Set de couverts en acier inoxydable \u00e0 manche en plastique en gros en vrac"},"content":{"rendered":"<div class=\"wp-block-columns is-layout-flex wp-container-core-columns-is-layout-9d6595d7 wp-block-columns-is-layout-flex\">\n<div class=\"wp-block-column is-layout-flow wp-block-column-is-layout-flow\">\n<h2 class=\"wp-block-heading\">Set de couverts en acier inoxydable \u00e0 manche en plastique en gros en vrac<\/h2>\n\n\n\n<p><strong>Construction durable en acier inoxydable<\/strong> - Fabriqu\u00e9 en acier inoxydable de premi\u00e8re qualit\u00e9, cet ensemble de couverts est robuste, r\u00e9sistant \u00e0 la corrosion et con\u00e7u pour durer.<\/p>\n\n\n\n<p><strong>Poign\u00e9es ergonomiques en plastique<\/strong> - Con\u00e7ues pour une prise en main confortable et antid\u00e9rapante. Les poign\u00e9es r\u00e9sistantes \u00e0 la chaleur rendent les repas plus faciles et plus s\u00fbrs.<\/p>\n\n\n\n<p><strong>Design moderne et minimaliste<\/strong> - Les lignes \u00e9pur\u00e9es et la brillance \u00e9l\u00e9gante s'adaptent \u00e0 tous les styles de tables de salle \u00e0 manger, qu'elles soient d\u00e9contract\u00e9es ou formelles.<\/p>\n\n\n\n<p><strong>Ensemble complet de couverts<\/strong> - Comprend des couteaux, des fourchettes, des cuill\u00e8res et bien d'autres choses encore, offrant tous les \u00e9l\u00e9ments essentiels pour les repas quotidiens.<\/p>\n\n\n\n<p><strong>Achat en gros rentable<\/strong> - Livr\u00e9s directement par l'usine, ils sont id\u00e9aux pour les restaurants, les h\u00f4tels, les services de restauration et les \u00e9v\u00e9nements qui recherchent des couverts de haute qualit\u00e9 \u00e0 des prix comp\u00e9titifs.<\/p>\n<\/div>\n\n\n\n<div class=\"wp-block-column is-vertically-aligned-center is-layout-flow wp-block-column-is-layout-flow\">\n<figure class=\"wp-block-image size-full\"><img decoding=\"async\" width=\"3072\" height=\"3072\" src=\"https:\/\/www.huashunware.com\/wp-content\/uploads\/2026\/03\/Wholesale-Plastic-Handle-Stainless-Steel-Flatware-Set-In-Bulk5.webp\" alt=\"Set de couverts en acier inoxydable avec manche en plastique en gros5\" class=\"wp-image-1408\" srcset=\"https:\/\/www.huashunware.com\/wp-content\/uploads\/2026\/03\/Wholesale-Plastic-Handle-Stainless-Steel-Flatware-Set-In-Bulk5.webp 3072w, https:\/\/www.huashunware.com\/wp-content\/uploads\/2026\/03\/Wholesale-Plastic-Handle-Stainless-Steel-Flatware-Set-In-Bulk5-300x300.webp 300w, https:\/\/www.huashunware.com\/wp-content\/uploads\/2026\/03\/Wholesale-Plastic-Handle-Stainless-Steel-Flatware-Set-In-Bulk5-150x150.webp 150w, https:\/\/www.huashunware.com\/wp-content\/uploads\/2026\/03\/Wholesale-Plastic-Handle-Stainless-Steel-Flatware-Set-In-Bulk5-768x768.webp 768w, https:\/\/www.huashunware.com\/wp-content\/uploads\/2026\/03\/Wholesale-Plastic-Handle-Stainless-Steel-Flatware-Set-In-Bulk5-12x12.webp 12w, https:\/\/www.huashunware.com\/wp-content\/uploads\/2026\/03\/Wholesale-Plastic-Handle-Stainless-Steel-Flatware-Set-In-Bulk5-1200x1200.webp 1200w, https:\/\/www.huashunware.com\/wp-content\/uploads\/2026\/03\/Wholesale-Plastic-Handle-Stainless-Steel-Flatware-Set-In-Bulk5-600x600.webp 600w, https:\/\/www.huashunware.com\/wp-content\/uploads\/2026\/03\/Wholesale-Plastic-Handle-Stainless-Steel-Flatware-Set-In-Bulk5-100x100.webp 100w\" sizes=\"(max-width: 3072px) 100vw, 3072px\" \/><\/figure>\n<\/div>\n<\/div>","protected":false},"excerpt":{"rendered":"<article>L'ensemble de couverts en acier inoxydable \u00e0 manche en plastique pr\u00e9sente un acier inoxydable durable et des manches en plastique confortables au design moderne. Cet ensemble complet est id\u00e9al pour l'achat en gros par les m\u00e9nages, les restaurants, les h\u00f4tels et les lieux d'\u00e9v\u00e9nements, offrant des repas de qualit\u00e9 \u00e0 un prix abordable.<\/article>\n<h2>Set de couverts en acier inoxydable \u00e0 manche en plastique en gros Attribut :<\/h2>\n<table data-path-to-node=\"2\">\n<thead>\n<tr>\n<td><strong>Objet<\/strong><\/td>\n<td><strong>Poids (g)<\/strong><\/td>\n<td><strong>Longueur (L)<\/strong><\/td>\n<td><strong>Largeur (W)<\/strong><\/td>\n<td><strong>\u00c9paisseur<\/strong><\/td>\n<\/tr>\n<\/thead>\n<tbody>\n<tr>\n<td><span data-path-to-node=\"2,1,0,0\"><b data-path-to-node=\"2,1,0,0\" data-index-in-node=\"0\">Couteau de table<\/b><\/span><\/td>\n<td><span data-path-to-node=\"2,1,1,0\">22.5g<\/span><\/td>\n<td><span data-path-to-node=\"2,1,2,0\">21.0L<\/span><\/td>\n<td><span data-path-to-node=\"2,1,3,0\">1,8 cm<\/span><\/td>\n<td><span data-path-to-node=\"2,1,4,0\">1,0 mm<\/span><\/td>\n<\/tr>\n<tr>\n<td><span data-path-to-node=\"2,2,0,0\"><b data-path-to-node=\"2,2,0,0\" data-index-in-node=\"0\">Fourchette de table<\/b><\/span><\/td>\n<td><span data-path-to-node=\"2,2,1,0\">20.8g<\/span><\/td>\n<td><span data-path-to-node=\"2,2,2,0\">19.5L<\/span><\/td>\n<td><span data-path-to-node=\"2,2,3,0\">2,4 cm<\/span><\/td>\n<td><span data-path-to-node=\"2,2,4,0\">1,0 mm<\/span><\/td>\n<\/tr>\n<tr>\n<td><span data-path-to-node=\"2,3,0,0\"><b data-path-to-node=\"2,3,0,0\" data-index-in-node=\"0\">Cuill\u00e8re de table<\/b><\/span><\/td>\n<td><span data-path-to-node=\"2,3,1,0\">28.0g<\/span><\/td>\n<td><span data-path-to-node=\"2,3,2,0\">19.0L<\/span><\/td>\n<td><span data-path-to-node=\"2,3,3,0\">4.0cm<\/span><\/td>\n<td><span data-path-to-node=\"2,3,4,0\">1,0 mm<\/span><\/td>\n<\/tr>\n<tr>\n<td><span data-path-to-node=\"2,4,0,0\"><b data-path-to-node=\"2,4,0,0\" data-index-in-node=\"0\">Cuill\u00e8re \u00e0 th\u00e9<\/b><\/span><\/td>\n<td><span data-path-to-node=\"2,4,1,0\">19.0g<\/span><\/td>\n<td><span data-path-to-node=\"2,4,2,0\">14.2L<\/span><\/td>\n<td><span data-path-to-node=\"2,4,3,0\">3.0cm<\/span><\/td>\n<td><span data-path-to-node=\"2,4,4,0\">1,0 mm<\/span><\/td>\n<\/tr>\n<\/tbody>\n<\/table>\n<h2>Couverts de table personnalis\u00e9s\uff1a<\/h2>\n<p><strong data-start=\"44\" data-end=\"73\">1\u3001Disponibilit\u00e9 d'\u00e9chantillons gratuits :<\/strong><\/p>\n<p data-start=\"44\" data-end=\"153\">Nous proposons des \u00e9chantillons gratuits pour vous permettre d'\u00e9valuer la qualit\u00e9 avant de passer des commandes en gros.<\/p>\n<p data-start=\"155\" data-end=\"295\"><strong data-start=\"155\" data-end=\"190\">2\u3001Options d'emballage personnalisables :<\/strong><br data-start=\"190\" data-end=\"193\" \/>Nous prenons en charge diff\u00e9rents types d'emballages, notamment<\/p>\n<ol data-start=\"296\" data-end=\"332\">\n<li data-start=\"296\" data-end=\"307\">\n<p data-start=\"298\" data-end=\"307\">Bo\u00eete en PET<\/p>\n<\/li>\n<li data-start=\"308\" data-end=\"319\">\n<p data-start=\"310\" data-end=\"319\">Bo\u00eete en PVC<\/p>\n<\/li>\n<li data-start=\"320\" data-end=\"332\">\n<p data-start=\"322\" data-end=\"332\">Bo\u00eete cadeau<\/p>\n<\/li>\n<\/ol>\n<p data-start=\"334\" data-end=\"442\" data-is-last-node=\"\" data-is-only-node=\"\"><strong data-start=\"334\" data-end=\"365\">3\u3001Personnalisation de la couleur de la poign\u00e9e :<\/strong><br data-start=\"365\" data-end=\"368\" \/>1-4 couleurs et 3 paquets sont en stock pour une livraison rapide\uff1b Acceptation du logo laser et du logo grav\u00e9 sur le m\u00e9tal, acceptation du logo imprim\u00e9 sur la poign\u00e9e.<\/p>\n<div class=\"text-base my-auto mx-auto pb-10 [--thread-content-margin:--spacing(4)] thread-sm:[--thread-content-margin:--spacing(6)] thread-lg:[--thread-content-margin:--spacing(16)] px-(--thread-content-margin)\">\n<div class=\"[--thread-content-max-width:40rem] thread-lg:[--thread-content-max-width:48rem] mx-auto max-w-(--thread-content-max-width) flex-1 group\/turn-messages focus-visible:outline-hidden relative flex w-full min-w-0 flex-col agent-turn\">\n<div class=\"flex max-w-full flex-col grow\">\n<div class=\"min-h-8 text-message relative flex w-full flex-col items-end gap-2 text-start break-words whitespace-normal [.text-message+&amp;]:mt-1\" dir=\"auto\" data-message-author-role=\"assistant\" data-message-id=\"aa2ae332-605b-4306-94e4-23a9dd06bf09\" data-message-model-slug=\"gpt-5-mini\">\n<div class=\"flex w-full flex-col gap-1 empty:hidden first:pt-[1px]\">\n<div class=\"markdown prose dark:prose-invert w-full break-words light markdown-new-styling\">\u00a0<\/div>\n<\/div>\n<\/div>\n<\/div>\n<\/div>\n<\/div>","protected":false},"featured_media":1406,"comment_status":"closed","ping_status":"closed","template":"","meta":{"_acf_changed":false},"product_brand":[],"product_cat":[18,26],"product_tag":[],"class_list":{"0":"post-1371","1":"product","2":"type-product","3":"status-publish","4":"has-post-thumbnail","6":"product_cat-cutlery-set-wholesale","7":"product_cat-plastic-handle-flatware-set","9":"first","10":"instock","11":"shipping-taxable","12":"product-type-simple"},"acf":[],"_links":{"self":[{"href":"https:\/\/www.huashunware.com\/fr\/wp-json\/wp\/v2\/product\/1371","targetHints":{"allow":["GET"]}}],"collection":[{"href":"https:\/\/www.huashunware.com\/fr\/wp-json\/wp\/v2\/product"}],"about":[{"href":"https:\/\/www.huashunware.com\/fr\/wp-json\/wp\/v2\/types\/product"}],"replies":[{"embeddable":true,"href":"https:\/\/www.huashunware.com\/fr\/wp-json\/wp\/v2\/comments?post=1371"}],"wp:featuredmedia":[{"embeddable":true,"href":"https:\/\/www.huashunware.com\/fr\/wp-json\/wp\/v2\/media\/1406"}],"wp:attachment":[{"href":"https:\/\/www.huashunware.com\/fr\/wp-json\/wp\/v2\/media?parent=1371"}],"wp:term":[{"taxonomy":"product_brand","embeddable":true,"href":"https:\/\/www.huashunware.com\/fr\/wp-json\/wp\/v2\/product_brand?post=1371"},{"taxonomy":"product_cat","embeddable":true,"href":"https:\/\/www.huashunware.com\/fr\/wp-json\/wp\/v2\/product_cat?post=1371"},{"taxonomy":"product_tag","embeddable":true,"href":"https:\/\/www.huashunware.com\/fr\/wp-json\/wp\/v2\/product_tag?post=1371"}],"curies":[{"name":"wp","href":"https:\/\/api.w.org\/{rel}","templated":true}]}}