{"id":403,"date":"2025-09-17T02:55:37","date_gmt":"2025-09-17T02:55:37","guid":{"rendered":"https:\/\/www.huashunware.com\/?post_type=product&#038;p=403"},"modified":"2026-02-03T02:33:21","modified_gmt":"2026-02-03T02:33:21","slug":"wholesale-plastic-handle-flatware-set-ideal-for-home-and-restaurant","status":"publish","type":"product","link":"https:\/\/www.huashunware.com\/fr\/produit\/wholesale-plastic-handle-flatware-set-ideal-for-home-and-restaurant\/","title":{"rendered":"Set de couverts \u00e0 manche en plastique Id\u00e9al pour la maison et le restaurant"},"content":{"rendered":"<div class=\"wp-block-columns is-layout-flex wp-container-core-columns-is-layout-9d6595d7 wp-block-columns-is-layout-flex\">\n<div class=\"wp-block-column is-layout-flow wp-block-column-is-layout-flow\">\n<h2 class=\"wp-block-heading\">Set de couverts \u00e0 manche en plastique Wholesale Caract\u00e9ristiques :<\/h2>\n\n\n\n<p><mark style=\"background-color:rgba(0, 0, 0, 0)\" class=\"has-inline-color has-black-color\"><strong>1. Acier inoxydable 18\/0 de premi\u00e8re qualit\u00e9<\/strong><\/mark><\/p>\n\n\n\n<p>Fabriqu\u00e9s en acier 18\/0 de haute qualit\u00e9, nos sets sont r\u00e9sistants \u00e0 la rouille et enti\u00e8rement conformes \u00e0 la l\u00e9gislation europ\u00e9enne. <strong>Normes de s\u00e9curit\u00e9 alimentaire de l'UE<\/strong>.<\/p>\n\n\n\n<p><strong>2. Finition professionnelle polie miroir<\/strong><\/p>\n\n\n\n<p>Il pr\u00e9sente un poli lisse, semblable \u00e0 celui d'un miroir, avec des bords arrondis pour une exp\u00e9rience gastronomique s\u00fbre, confortable et \u00e9l\u00e9gante.<\/p>\n\n\n\n<p><strong>3. Poign\u00e9es ergonomiques et flexibles<\/strong><\/p>\n\n\n\n<p>Disponible dans les tendances <strong>Cr\u00e8me et gris<\/strong>Ces poign\u00e9es antid\u00e9rapantes offrent une bonne prise en main, que ce soit \u00e0 la maison ou au restaurant.<\/p>\n\n\n\n<p><strong>4. Bo\u00eete cadeau de 24 pi\u00e8ces pr\u00eate \u00e0 \u00eatre vendue au d\u00e9tail<\/strong><\/p>\n\n\n\n<p>Livr\u00e9 dans une bo\u00eete de pr\u00e9sentation professionnelle avec poign\u00e9e de transport, id\u00e9al pour <strong>les supermarch\u00e9s et les cha\u00eenes de magasins<\/strong>.<\/p>\n\n\n\n<p><strong>5. 100% Lavable au lave-vaisselle<\/strong><\/p>\n\n\n\n<p>Con\u00e7us pour les environnements \u00e0 haut volume, ils garantissent que les poign\u00e9es restent bien fix\u00e9es et que la finition reste polie apr\u00e8s le lavage en machine.<\/p>\n\n\n\n<p><strong>6. Personnalisation compl\u00e8te OEM\/ODM<\/strong><\/p>\n\n\n\n<p>Nous proposons des couleurs Pantone personnalis\u00e9es, des logos grav\u00e9s au laser et des emballages sur mesure pour vous aider \u00e0 d\u00e9velopper votre marque.<\/p>\n<\/div>\n\n\n\n<div class=\"wp-block-column is-layout-flow wp-block-column-is-layout-flow\">\n<figure class=\"wp-block-image size-full\"><img decoding=\"async\" width=\"800\" height=\"800\" src=\"https:\/\/www.huashunware.com\/wp-content\/uploads\/2025\/09\/Wholesale-Plastic-Handle-Flatware-Set1.webp\" alt=\"Set de couverts \u00e0 manche en plastique Wholesale1\" class=\"wp-image-1246\" srcset=\"https:\/\/www.huashunware.com\/wp-content\/uploads\/2025\/09\/Wholesale-Plastic-Handle-Flatware-Set1.webp 800w, https:\/\/www.huashunware.com\/wp-content\/uploads\/2025\/09\/Wholesale-Plastic-Handle-Flatware-Set1-300x300.webp 300w, https:\/\/www.huashunware.com\/wp-content\/uploads\/2025\/09\/Wholesale-Plastic-Handle-Flatware-Set1-150x150.webp 150w, https:\/\/www.huashunware.com\/wp-content\/uploads\/2025\/09\/Wholesale-Plastic-Handle-Flatware-Set1-768x768.webp 768w, https:\/\/www.huashunware.com\/wp-content\/uploads\/2025\/09\/Wholesale-Plastic-Handle-Flatware-Set1-12x12.webp 12w, https:\/\/www.huashunware.com\/wp-content\/uploads\/2025\/09\/Wholesale-Plastic-Handle-Flatware-Set1-600x600.webp 600w, https:\/\/www.huashunware.com\/wp-content\/uploads\/2025\/09\/Wholesale-Plastic-Handle-Flatware-Set1-100x100.webp 100w\" sizes=\"(max-width: 800px) 100vw, 800px\" \/><\/figure>\n\n\n\n<figure class=\"wp-block-image size-full\"><img decoding=\"async\" width=\"3072\" height=\"3072\" src=\"https:\/\/www.huashunware.com\/wp-content\/uploads\/2025\/09\/Wholesale-Plastic-Handle-Flatware-Set-Ideal-For-Home-and-Restaurant1.webp\" alt=\"Set de couverts \u00e0 manche en plastique Id\u00e9al pour la maison et le restaurant1\" class=\"wp-image-408\" srcset=\"https:\/\/www.huashunware.com\/wp-content\/uploads\/2025\/09\/Wholesale-Plastic-Handle-Flatware-Set-Ideal-For-Home-and-Restaurant1.webp 3072w, https:\/\/www.huashunware.com\/wp-content\/uploads\/2025\/09\/Wholesale-Plastic-Handle-Flatware-Set-Ideal-For-Home-and-Restaurant1-300x300.webp 300w, https:\/\/www.huashunware.com\/wp-content\/uploads\/2025\/09\/Wholesale-Plastic-Handle-Flatware-Set-Ideal-For-Home-and-Restaurant1-150x150.webp 150w, https:\/\/www.huashunware.com\/wp-content\/uploads\/2025\/09\/Wholesale-Plastic-Handle-Flatware-Set-Ideal-For-Home-and-Restaurant1-768x768.webp 768w, https:\/\/www.huashunware.com\/wp-content\/uploads\/2025\/09\/Wholesale-Plastic-Handle-Flatware-Set-Ideal-For-Home-and-Restaurant1-1200x1200.webp 1200w, https:\/\/www.huashunware.com\/wp-content\/uploads\/2025\/09\/Wholesale-Plastic-Handle-Flatware-Set-Ideal-For-Home-and-Restaurant1-600x600.webp 600w, https:\/\/www.huashunware.com\/wp-content\/uploads\/2025\/09\/Wholesale-Plastic-Handle-Flatware-Set-Ideal-For-Home-and-Restaurant1-100x100.webp 100w\" sizes=\"(max-width: 3072px) 100vw, 3072px\" \/><\/figure>\n<\/div>\n<\/div>","protected":false},"excerpt":{"rendered":"<p>Ensemble de couverts \u00e0 manche en plastique con\u00e7u pour les cuisines familiales et les restaurants tr\u00e8s fr\u00e9quent\u00e9s. Fabriqu\u00e9s en acier inoxydable 18\/0 durable avec une finition polie miroir et des poign\u00e9es ergonomiques en plastique pour une prise en main confortable. Parfait pour la vente au d\u00e9tail ou l'achat en gros. Contactez-nous d\u00e8s aujourd'hui pour toute demande de renseignements !<\/p>\n<h2 class=\"brxe-product-title\">Set de couverts \u00e0 manche en plastique Wholesale Attributs :<\/h2>\n<table>\n<thead>\n<tr>\n<th style=\"text-align: center;\">Objet<\/th>\n<th style=\"text-align: center;\">Poids<\/th>\n<th style=\"text-align: center;\">Taille (L*L)<\/th>\n<th style=\"text-align: center;\">\u00c9paisseur<\/th>\n<\/tr>\n<\/thead>\n<tbody>\n<tr>\n<td><strong>Couteau<\/strong><\/td>\n<td>42 g<\/td>\n<td>23 \u00d7 2 cm<\/td>\n<td>1,8 mm<\/td>\n<\/tr>\n<tr>\n<td><strong>Fourchette<\/strong><\/td>\n<td>39.5 g<\/td>\n<td>20,5 \u00d7 2,8 cm<\/td>\n<td>1,8 mm<\/td>\n<\/tr>\n<tr>\n<td><strong>Cuill\u00e8re<\/strong><\/td>\n<td>43 g<\/td>\n<td>20,2 \u00d7 4 cm<\/td>\n<td>1,8 mm<\/td>\n<\/tr>\n<tr>\n<td><strong>Cuill\u00e8re \u00e0 caf\u00e9<\/strong><\/td>\n<td>27 g<\/td>\n<td>14,2 \u00d7 3 cm<\/td>\n<td>1,8 mm<\/td>\n<\/tr>\n<\/tbody>\n<\/table>\n<h2>Set de couverts \u00e0 manche en plastique personnalis\u00e9\uff1a<\/h2>\n<ul data-start=\"145\" data-end=\"486\">\n<li data-start=\"145\" data-end=\"200\">\n<p data-start=\"147\" data-end=\"200\"><strong data-start=\"147\" data-end=\"158\">\u00c9chantillon :<\/strong> \u00c9chantillon gratuit disponible avant la commande en gros<\/p>\n<\/li>\n<li data-start=\"201\" data-end=\"296\">\n<p data-start=\"203\" data-end=\"296\"><strong data-start=\"203\" data-end=\"224\">Emballage et logo :<\/strong> Possibilit\u00e9 d'apposer un logo personnalis\u00e9 sur l'emballage ; utiliser une bo\u00eete en PET, une bo\u00eete en PVC ou une bo\u00eete cadeau.<\/p>\n<\/li>\n<li data-start=\"297\" data-end=\"395\">\n<p data-start=\"299\" data-end=\"395\"><strong data-start=\"299\" data-end=\"323\">M\u00e9tal et poign\u00e9e Logo :<\/strong> Accepter un logo grav\u00e9 au laser ou en creux sur le m\u00e9tal ; imprimer le logo sur la poign\u00e9e<\/p>\n<\/li>\n<li data-start=\"396\" data-end=\"486\">\n<p data-start=\"398\" data-end=\"486\"><strong data-start=\"398\" data-end=\"417\">Finition et couleur :<\/strong> Accepte le placage en or, les changements de couleur et la peinture au toucher.<\/p>\n<\/li>\n<\/ul>\n<p>&nbsp;<\/p>","protected":false},"featured_media":408,"comment_status":"closed","ping_status":"closed","template":"","meta":{"_acf_changed":false},"product_brand":[],"product_cat":[18,26],"product_tag":[],"class_list":{"0":"post-403","1":"product","2":"type-product","3":"status-publish","4":"has-post-thumbnail","6":"product_cat-cutlery-set-wholesale","7":"product_cat-plastic-handle-flatware-set","9":"first","10":"instock","11":"shipping-taxable","12":"product-type-simple"},"acf":[],"_links":{"self":[{"href":"https:\/\/www.huashunware.com\/fr\/wp-json\/wp\/v2\/product\/403","targetHints":{"allow":["GET"]}}],"collection":[{"href":"https:\/\/www.huashunware.com\/fr\/wp-json\/wp\/v2\/product"}],"about":[{"href":"https:\/\/www.huashunware.com\/fr\/wp-json\/wp\/v2\/types\/product"}],"replies":[{"embeddable":true,"href":"https:\/\/www.huashunware.com\/fr\/wp-json\/wp\/v2\/comments?post=403"}],"wp:featuredmedia":[{"embeddable":true,"href":"https:\/\/www.huashunware.com\/fr\/wp-json\/wp\/v2\/media\/408"}],"wp:attachment":[{"href":"https:\/\/www.huashunware.com\/fr\/wp-json\/wp\/v2\/media?parent=403"}],"wp:term":[{"taxonomy":"product_brand","embeddable":true,"href":"https:\/\/www.huashunware.com\/fr\/wp-json\/wp\/v2\/product_brand?post=403"},{"taxonomy":"product_cat","embeddable":true,"href":"https:\/\/www.huashunware.com\/fr\/wp-json\/wp\/v2\/product_cat?post=403"},{"taxonomy":"product_tag","embeddable":true,"href":"https:\/\/www.huashunware.com\/fr\/wp-json\/wp\/v2\/product_tag?post=403"}],"curies":[{"name":"wp","href":"https:\/\/api.w.org\/{rel}","templated":true}]}}