{"id":411,"date":"2025-11-17T03:08:27","date_gmt":"2025-11-17T03:08:27","guid":{"rendered":"https:\/\/www.huashunware.com\/?post_type=product&#038;p=411"},"modified":"2026-02-03T07:37:31","modified_gmt":"2026-02-03T07:37:31","slug":"wholesale-wood-grain-flatware-custom-cutlery-set","status":"publish","type":"product","link":"https:\/\/www.huashunware.com\/fr\/produit\/wholesale-wood-grain-flatware-custom-cutlery-set\/","title":{"rendered":"Wholesale Wood Grain Flatware Custom Cutlery Set"},"content":{"rendered":"<div class=\"wp-block-columns is-layout-flex wp-container-core-columns-is-layout-9d6595d7 wp-block-columns-is-layout-flex\">\n<div class=\"wp-block-column is-layout-flow wp-block-column-is-layout-flow\">\n<h2 class=\"wp-block-heading\">Couverts en grain de bois Caract\u00e9ristiques :<\/h2>\n\n\n\n<p><strong>Design \u00e9l\u00e9gant en grain de bois naturel<\/strong> La poign\u00e9e \u00e0 la texture bois\u00e9e sophistiqu\u00e9e ajoute une touche chaleureuse et contemporaine \u00e0 toute table de salle \u00e0 manger - parfaite pour l'esth\u00e9tique des maisons et des restaurants europ\u00e9ens.<\/p>\n\n\n\n<p><strong>Acier inoxydable 18\/0 de premi\u00e8re qualit\u00e9<\/strong> Fabriqu\u00e9 en acier 18\/0 de haute qualit\u00e9, cet ensemble est r\u00e9sistant \u00e0 la rouille, durable et enti\u00e8rement conforme aux normes de l'UE. <strong>Normes de s\u00e9curit\u00e9 alimentaire de l'UE et des \u00c9tats-Unis<\/strong>.<\/p>\n\n\n\n<p><strong>Finition miroir professionnelle<\/strong> Les t\u00eates sont dot\u00e9es d'un poli miroir lisse et brillant avec <strong>bords arrondis<\/strong> pour une exp\u00e9rience gastronomique s\u00fbre et haut de gamme.<\/p>\n\n\n\n<p><strong>Un emballage unique pr\u00eat pour la vente au d\u00e9tail<\/strong> Pr\u00e9sent\u00e9 dans un <strong>Bo\u00eete \u00e0 fen\u00eatre 16 pi\u00e8ces<\/strong> (16 PIEZAS CUBIERTOS) avec un motif unique de vache, id\u00e9al pour les pr\u00e9sentoirs des supermarch\u00e9s et les ventes de cadeaux.<\/p>\n\n\n\n<p><strong>Poign\u00e9e ergonomique et antid\u00e9rapante<\/strong> Les poign\u00e9es fines, d'aspect bois, sont l\u00e9g\u00e8res et con\u00e7ues pour une prise en main confortable et s\u00fbre lors d'une utilisation quotidienne ou commerciale prolong\u00e9e.<\/p>\n\n\n\n<p><strong>Personnalisation compl\u00e8te OEM\/ODM<\/strong> <strong>Huashun<\/strong> propose des solutions flexibles en vrac, y compris des logos personnalis\u00e9s, des textures de poign\u00e9es et des emballages sur mesure pour rehausser votre marque.<\/p>\n<\/div>\n\n\n\n<div class=\"wp-block-column is-layout-flow wp-block-column-is-layout-flow\">\n<figure class=\"wp-block-image size-full\"><img decoding=\"async\" width=\"3072\" height=\"3072\" src=\"https:\/\/www.huashunware.com\/wp-content\/uploads\/2025\/09\/Wholesale-Wood-Grain-Flatware-Custom-Cutlery-Set3.webp\" alt=\"Wholesale Wood Grain Flatware Custom Cutlery Set3\" class=\"wp-image-414\" srcset=\"https:\/\/www.huashunware.com\/wp-content\/uploads\/2025\/09\/Wholesale-Wood-Grain-Flatware-Custom-Cutlery-Set3.webp 3072w, https:\/\/www.huashunware.com\/wp-content\/uploads\/2025\/09\/Wholesale-Wood-Grain-Flatware-Custom-Cutlery-Set3-300x300.webp 300w, https:\/\/www.huashunware.com\/wp-content\/uploads\/2025\/09\/Wholesale-Wood-Grain-Flatware-Custom-Cutlery-Set3-150x150.webp 150w, https:\/\/www.huashunware.com\/wp-content\/uploads\/2025\/09\/Wholesale-Wood-Grain-Flatware-Custom-Cutlery-Set3-768x768.webp 768w, https:\/\/www.huashunware.com\/wp-content\/uploads\/2025\/09\/Wholesale-Wood-Grain-Flatware-Custom-Cutlery-Set3-1200x1200.webp 1200w, https:\/\/www.huashunware.com\/wp-content\/uploads\/2025\/09\/Wholesale-Wood-Grain-Flatware-Custom-Cutlery-Set3-600x600.webp 600w, https:\/\/www.huashunware.com\/wp-content\/uploads\/2025\/09\/Wholesale-Wood-Grain-Flatware-Custom-Cutlery-Set3-100x100.webp 100w\" sizes=\"(max-width: 3072px) 100vw, 3072px\" \/><\/figure>\n\n\n\n<figure class=\"wp-block-image size-full\"><img decoding=\"async\" width=\"3072\" height=\"3072\" src=\"https:\/\/www.huashunware.com\/wp-content\/uploads\/2025\/11\/Wholesale-Wood-Grain-Flatware-Custom-Cutlery-Set3.webp\" alt=\"Wholesale Wood Grain Flatware Custom Cutlery Set3\" class=\"wp-image-1186\" srcset=\"https:\/\/www.huashunware.com\/wp-content\/uploads\/2025\/11\/Wholesale-Wood-Grain-Flatware-Custom-Cutlery-Set3.webp 3072w, https:\/\/www.huashunware.com\/wp-content\/uploads\/2025\/11\/Wholesale-Wood-Grain-Flatware-Custom-Cutlery-Set3-300x300.webp 300w, https:\/\/www.huashunware.com\/wp-content\/uploads\/2025\/11\/Wholesale-Wood-Grain-Flatware-Custom-Cutlery-Set3-150x150.webp 150w, https:\/\/www.huashunware.com\/wp-content\/uploads\/2025\/11\/Wholesale-Wood-Grain-Flatware-Custom-Cutlery-Set3-768x768.webp 768w, https:\/\/www.huashunware.com\/wp-content\/uploads\/2025\/11\/Wholesale-Wood-Grain-Flatware-Custom-Cutlery-Set3-12x12.webp 12w, https:\/\/www.huashunware.com\/wp-content\/uploads\/2025\/11\/Wholesale-Wood-Grain-Flatware-Custom-Cutlery-Set3-1200x1200.webp 1200w, https:\/\/www.huashunware.com\/wp-content\/uploads\/2025\/11\/Wholesale-Wood-Grain-Flatware-Custom-Cutlery-Set3-600x600.webp 600w, https:\/\/www.huashunware.com\/wp-content\/uploads\/2025\/11\/Wholesale-Wood-Grain-Flatware-Custom-Cutlery-Set3-100x100.webp 100w\" sizes=\"(max-width: 3072px) 100vw, 3072px\" \/><\/figure>\n<\/div>\n<\/div>","protected":false},"excerpt":{"rendered":"<p>Les couverts en gros en grain de bois allient l'acier inoxydable 18\/0 durable \u00e0 d'\u00e9l\u00e9gantes poign\u00e9es en grain de bois pour une prise en main \u00e9l\u00e9gante et confortable. Parfait pour la maison, les restaurants ou la restauration. Contactez-nous d\u00e8s aujourd'hui pour toute demande de renseignements !<\/p>\n<h2 class=\"brxe-product-title\">Couverts de table en gros en grain de bois Attributs :<\/h2>\n<table>\n<thead>\n<tr>\n<th style=\"text-align: center;\">Objet<\/th>\n<th style=\"text-align: center;\">Poids<\/th>\n<th style=\"text-align: center;\">Taille (L*L)<\/th>\n<th style=\"text-align: center;\">\u00c9paisseur<\/th>\n<\/tr>\n<\/thead>\n<tbody>\n<tr>\n<td>Couteau<\/td>\n<td>36 g<\/td>\n<td>22,5 \u00d7 1,7 cm<\/td>\n<td>2,2 mm<\/td>\n<\/tr>\n<tr>\n<td>Fourchette<\/td>\n<td>45.5 g<\/td>\n<td>19,5 \u00d7 2,5 cm<\/td>\n<td>2,2 mm<\/td>\n<\/tr>\n<tr>\n<td>Cuill\u00e8re<\/td>\n<td>52 g<\/td>\n<td>19,5 \u00d7 4,2 cm<\/td>\n<td>2,2 mm<\/td>\n<\/tr>\n<tr>\n<td>Cuill\u00e8re \u00e0 caf\u00e9<\/td>\n<td>19 g<\/td>\n<td>14 \u00d7 3 cm<\/td>\n<td>2,2 mm<\/td>\n<\/tr>\n<tr>\n<td>Fourchette \u00e0 fruits<\/td>\n<td>29 g<\/td>\n<td>14 \u00d7 2 cm<\/td>\n<td>2,2 mm<\/td>\n<\/tr>\n<\/tbody>\n<\/table>\n<h2>Set de couverts en grain de bois sur mesure\uff1a<\/h2>\n<ul>\n<li data-start=\"82\" data-end=\"137\">\n<p data-start=\"84\" data-end=\"137\"><strong data-start=\"84\" data-end=\"95\">\u00c9chantillon :<\/strong> \u00c9chantillon gratuit disponible avant la commande en gros<\/p>\n<\/li>\n<li data-start=\"138\" data-end=\"233\">\n<p data-start=\"140\" data-end=\"233\"><strong data-start=\"140\" data-end=\"161\">Emballage et logo :<\/strong> Possibilit\u00e9 d'apposer un logo personnalis\u00e9 sur l'emballage ; utiliser une bo\u00eete en PET, une bo\u00eete en PVC ou une bo\u00eete cadeau.<\/p>\n<\/li>\n<li data-start=\"234\" data-end=\"332\">\n<p data-start=\"236\" data-end=\"332\"><strong data-start=\"236\" data-end=\"260\">M\u00e9tal et poign\u00e9e Logo :<\/strong> Accepter un logo grav\u00e9 au laser ou en creux sur le m\u00e9tal ; imprimer le logo sur la poign\u00e9e<\/p>\n<\/li>\n<li data-start=\"333\" data-end=\"401\">\n<p data-start=\"335\" data-end=\"401\"><strong data-start=\"335\" data-end=\"354\">Finition et couleur :<\/strong> Accepter le placage d'or et g\u00e9rer les changements de couleur<\/p>\n<\/li>\n<\/ul>","protected":false},"featured_media":1185,"comment_status":"closed","ping_status":"closed","template":"","meta":{"_acf_changed":false},"product_brand":[],"product_cat":[18,26],"product_tag":[],"class_list":{"0":"post-411","1":"product","2":"type-product","3":"status-publish","4":"has-post-thumbnail","6":"product_cat-cutlery-set-wholesale","7":"product_cat-plastic-handle-flatware-set","9":"first","10":"instock","11":"shipping-taxable","12":"product-type-simple"},"acf":[],"_links":{"self":[{"href":"https:\/\/www.huashunware.com\/fr\/wp-json\/wp\/v2\/product\/411","targetHints":{"allow":["GET"]}}],"collection":[{"href":"https:\/\/www.huashunware.com\/fr\/wp-json\/wp\/v2\/product"}],"about":[{"href":"https:\/\/www.huashunware.com\/fr\/wp-json\/wp\/v2\/types\/product"}],"replies":[{"embeddable":true,"href":"https:\/\/www.huashunware.com\/fr\/wp-json\/wp\/v2\/comments?post=411"}],"wp:featuredmedia":[{"embeddable":true,"href":"https:\/\/www.huashunware.com\/fr\/wp-json\/wp\/v2\/media\/1185"}],"wp:attachment":[{"href":"https:\/\/www.huashunware.com\/fr\/wp-json\/wp\/v2\/media?parent=411"}],"wp:term":[{"taxonomy":"product_brand","embeddable":true,"href":"https:\/\/www.huashunware.com\/fr\/wp-json\/wp\/v2\/product_brand?post=411"},{"taxonomy":"product_cat","embeddable":true,"href":"https:\/\/www.huashunware.com\/fr\/wp-json\/wp\/v2\/product_cat?post=411"},{"taxonomy":"product_tag","embeddable":true,"href":"https:\/\/www.huashunware.com\/fr\/wp-json\/wp\/v2\/product_tag?post=411"}],"curies":[{"name":"wp","href":"https:\/\/api.w.org\/{rel}","templated":true}]}}