{"id":417,"date":"2025-09-17T06:09:55","date_gmt":"2025-09-17T06:09:55","guid":{"rendered":"https:\/\/www.huashunware.com\/?post_type=product&#038;p=417"},"modified":"2026-02-03T02:31:48","modified_gmt":"2026-02-03T02:31:48","slug":"wholesale-colored-handle-flatware-sets-stainless-steel-flatware-custom","status":"publish","type":"product","link":"https:\/\/www.huashunware.com\/fr\/produit\/wholesale-colored-handle-flatware-sets-stainless-steel-flatware-custom\/","title":{"rendered":"Vente en gros de couverts \u00e0 manche color\u00e9 | Huashun Manufacturer"},"content":{"rendered":"<div class=\"wp-block-columns is-layout-flex wp-container-core-columns-is-layout-9d6595d7 wp-block-columns-is-layout-flex\">\n<div class=\"wp-block-column is-layout-flow wp-block-column-is-layout-flow\">\n<h2 class=\"wp-block-heading\">Ensemble de couverts \u00e0 manches color\u00e9s Caract\u00e9ristiques :<\/h2>\n\n\n\n<p><strong>Acier inoxydable 18\/0 de premi\u00e8re qualit\u00e9<\/strong> Fabriqu\u00e9s en acier 18\/0 de haute qualit\u00e9, nos sets sont r\u00e9sistants \u00e0 la rouille et enti\u00e8rement conformes \u00e0 la l\u00e9gislation europ\u00e9enne. <strong>Normes de s\u00e9curit\u00e9 alimentaire de l'UE<\/strong>.<\/p>\n\n\n\n<p><strong>Finition professionnelle polie miroir<\/strong> Chaque pi\u00e8ce pr\u00e9sente une surface lisse, polie comme un miroir, avec un rev\u00eatement de s\u00e9curit\u00e9. <strong>bords arrondis<\/strong> pour une exp\u00e9rience gastronomique \u00e9l\u00e9gante.<\/p>\n\n\n\n<p><strong>Poign\u00e9es de couleurs vives et tendance<\/strong> Disponibles dans une large gamme de couleurs personnalis\u00e9es (cr\u00e8me et sarcelle, par exemple), ces poign\u00e9es offrent une grande souplesse d'utilisation. <strong>look \u00e0 la mode<\/strong> pour n'importe quel tableau.<\/p>\n\n\n\n<p><strong>Bo\u00eete cadeau de 24 pi\u00e8ces pr\u00eate pour la vente au d\u00e9tail<\/strong> Pr\u00e9sent\u00e9 dans un coffret professionnel (service pour 6 personnes) avec une poign\u00e9e de transport, id\u00e9al pour <strong>Cha\u00eenes de distribution europ\u00e9ennes<\/strong>.<\/p>\n\n\n\n<p><strong>100% Lavable au lave-vaisselle<\/strong> Con\u00e7us pour une utilisation \u00e0 haut volume, les poign\u00e9es restent bien fix\u00e9es et la finition reste polie apr\u00e8s l'utilisation de l'appareil. <strong>lavage commercial<\/strong>.<\/p>\n\n\n\n<p><strong>Personnalisation compl\u00e8te OEM\/ODM<\/strong> Huashun soutient <strong>couleurs Pantone personnalis\u00e9es<\/strong>Des logos grav\u00e9s au laser et des solutions d'emballage sur mesure pour d\u00e9velopper votre marque.<\/p>\n<\/div>\n\n\n\n<div class=\"wp-block-column is-layout-flow wp-block-column-is-layout-flow\">\n<figure class=\"wp-block-image size-full\"><img decoding=\"async\" width=\"3686\" height=\"3686\" src=\"https:\/\/www.huashunware.com\/wp-content\/uploads\/2025\/09\/Wholesale-Colored-Handle-Flatware-Sets.webp\" alt=\"Wholesale Colored Handle Flatware Sets (jeux de couverts \u00e0 manche color\u00e9)\" class=\"wp-image-1250\" srcset=\"https:\/\/www.huashunware.com\/wp-content\/uploads\/2025\/09\/Wholesale-Colored-Handle-Flatware-Sets.webp 3686w, https:\/\/www.huashunware.com\/wp-content\/uploads\/2025\/09\/Wholesale-Colored-Handle-Flatware-Sets-300x300.webp 300w, https:\/\/www.huashunware.com\/wp-content\/uploads\/2025\/09\/Wholesale-Colored-Handle-Flatware-Sets-150x150.webp 150w, https:\/\/www.huashunware.com\/wp-content\/uploads\/2025\/09\/Wholesale-Colored-Handle-Flatware-Sets-768x768.webp 768w, https:\/\/www.huashunware.com\/wp-content\/uploads\/2025\/09\/Wholesale-Colored-Handle-Flatware-Sets-12x12.webp 12w, https:\/\/www.huashunware.com\/wp-content\/uploads\/2025\/09\/Wholesale-Colored-Handle-Flatware-Sets-1200x1200.webp 1200w, https:\/\/www.huashunware.com\/wp-content\/uploads\/2025\/09\/Wholesale-Colored-Handle-Flatware-Sets-600x600.webp 600w, https:\/\/www.huashunware.com\/wp-content\/uploads\/2025\/09\/Wholesale-Colored-Handle-Flatware-Sets-100x100.webp 100w\" sizes=\"(max-width: 3686px) 100vw, 3686px\" \/><\/figure>\n\n\n\n<figure class=\"wp-block-image size-full\"><img decoding=\"async\" width=\"3072\" height=\"3072\" src=\"https:\/\/www.huashunware.com\/wp-content\/uploads\/2025\/09\/Wholesale-Colored-Handle-Flatware-Sets-Stainless-Steel-Flatware-Custom.webp\" alt=\"Couverts de table \u00e0 manche color\u00e9 en gros ,Couverts de table en acier inoxydable personnalis\u00e9s\" class=\"wp-image-419\" srcset=\"https:\/\/www.huashunware.com\/wp-content\/uploads\/2025\/09\/Wholesale-Colored-Handle-Flatware-Sets-Stainless-Steel-Flatware-Custom.webp 3072w, https:\/\/www.huashunware.com\/wp-content\/uploads\/2025\/09\/Wholesale-Colored-Handle-Flatware-Sets-Stainless-Steel-Flatware-Custom-300x300.webp 300w, https:\/\/www.huashunware.com\/wp-content\/uploads\/2025\/09\/Wholesale-Colored-Handle-Flatware-Sets-Stainless-Steel-Flatware-Custom-150x150.webp 150w, https:\/\/www.huashunware.com\/wp-content\/uploads\/2025\/09\/Wholesale-Colored-Handle-Flatware-Sets-Stainless-Steel-Flatware-Custom-768x768.webp 768w, https:\/\/www.huashunware.com\/wp-content\/uploads\/2025\/09\/Wholesale-Colored-Handle-Flatware-Sets-Stainless-Steel-Flatware-Custom-1200x1200.webp 1200w, https:\/\/www.huashunware.com\/wp-content\/uploads\/2025\/09\/Wholesale-Colored-Handle-Flatware-Sets-Stainless-Steel-Flatware-Custom-600x600.webp 600w, https:\/\/www.huashunware.com\/wp-content\/uploads\/2025\/09\/Wholesale-Colored-Handle-Flatware-Sets-Stainless-Steel-Flatware-Custom-100x100.webp 100w\" sizes=\"(max-width: 3072px) 100vw, 3072px\" \/><\/figure>\n<\/div>\n<\/div>","protected":false},"excerpt":{"rendered":"<p>Les couverts \u00e0 manche color\u00e9 de la vente en gros sont dot\u00e9s de manches vibrants et confortables en acier inoxydable 18\/0 durable. Parfaits pour la maison, les restaurants ou la restauration. Contactez-nous d\u00e8s aujourd'hui pour toute demande de renseignements !<\/p>\n<h2 class=\"brxe-product-title\">Set de couverts \u00e0 manche color\u00e9 en gros Attributs :<\/h2>\n<table>\n<thead>\n<tr>\n<th style=\"text-align: center;\">Objet<\/th>\n<th style=\"text-align: center;\">Poids<\/th>\n<th style=\"text-align: center;\">Taille (L*L)<\/th>\n<th style=\"text-align: center;\">\u00c9paisseur<\/th>\n<\/tr>\n<\/thead>\n<tbody>\n<tr>\n<td>Couteau<\/td>\n<td>32.5 g<\/td>\n<td>21,5 \u00d7 1,7 cm<\/td>\n<td>2 mm<\/td>\n<\/tr>\n<tr>\n<td>Fourchette<\/td>\n<td>33.2 g<\/td>\n<td>19,5 \u00d7 2,4 cm<\/td>\n<td>2 mm<\/td>\n<\/tr>\n<tr>\n<td>Cuill\u00e8re<\/td>\n<td>45 g<\/td>\n<td>20 \u00d7 4 cm<\/td>\n<td>2 mm<\/td>\n<\/tr>\n<tr>\n<td>Cuill\u00e8re \u00e0 caf\u00e9<\/td>\n<td>19 g<\/td>\n<td>14 \u00d7 2,3 cm<\/td>\n<td>2 mm<\/td>\n<\/tr>\n<tr>\n<td style=\"text-align: center;\">Fourchette \u00e0 fruits<\/td>\n<td style=\"text-align: center;\">16.5 g<\/td>\n<td style=\"text-align: center;\">14 \u00d7 1,8 cm<\/td>\n<td style=\"text-align: center;\">2 mm<\/td>\n<\/tr>\n<\/tbody>\n<\/table>\n<h2>Couverts \u00e0 manches color\u00e9s sur mesure\uff1a<\/h2>\n<ul>\n<li data-start=\"70\" data-end=\"125\">\n<p data-start=\"72\" data-end=\"125\"><strong data-start=\"72\" data-end=\"83\">\u00c9chantillon :<\/strong> \u00c9chantillon gratuit disponible avant la commande en gros<\/p>\n<\/li>\n<li data-start=\"126\" data-end=\"221\">\n<p data-start=\"128\" data-end=\"221\"><strong data-start=\"128\" data-end=\"149\">Emballage et logo :<\/strong> Possibilit\u00e9 d'apposer un logo personnalis\u00e9 sur l'emballage ; utiliser une bo\u00eete en PET, une bo\u00eete en PVC ou une bo\u00eete cadeau.<\/p>\n<\/li>\n<li data-start=\"222\" data-end=\"320\">\n<p data-start=\"224\" data-end=\"320\"><strong data-start=\"224\" data-end=\"248\">M\u00e9tal et poign\u00e9e Logo :<\/strong> Accepter un logo grav\u00e9 au laser ou en creux sur le m\u00e9tal ; imprimer le logo sur la poign\u00e9e<\/p>\n<\/li>\n<li data-start=\"321\" data-end=\"389\">\n<p data-start=\"323\" data-end=\"389\"><strong data-start=\"323\" data-end=\"342\">Finition et couleur :<\/strong> Accepter le placage d'or et g\u00e9rer les changements de couleur<\/p>\n<\/li>\n<\/ul>","protected":false},"featured_media":419,"comment_status":"closed","ping_status":"closed","template":"","meta":{"_acf_changed":true},"product_brand":[],"product_cat":[18,26],"product_tag":[],"class_list":{"0":"post-417","1":"product","2":"type-product","3":"status-publish","4":"has-post-thumbnail","6":"product_cat-cutlery-set-wholesale","7":"product_cat-plastic-handle-flatware-set","9":"first","10":"instock","11":"shipping-taxable","12":"product-type-simple"},"acf":[],"_links":{"self":[{"href":"https:\/\/www.huashunware.com\/fr\/wp-json\/wp\/v2\/product\/417","targetHints":{"allow":["GET"]}}],"collection":[{"href":"https:\/\/www.huashunware.com\/fr\/wp-json\/wp\/v2\/product"}],"about":[{"href":"https:\/\/www.huashunware.com\/fr\/wp-json\/wp\/v2\/types\/product"}],"replies":[{"embeddable":true,"href":"https:\/\/www.huashunware.com\/fr\/wp-json\/wp\/v2\/comments?post=417"}],"wp:featuredmedia":[{"embeddable":true,"href":"https:\/\/www.huashunware.com\/fr\/wp-json\/wp\/v2\/media\/419"}],"wp:attachment":[{"href":"https:\/\/www.huashunware.com\/fr\/wp-json\/wp\/v2\/media?parent=417"}],"wp:term":[{"taxonomy":"product_brand","embeddable":true,"href":"https:\/\/www.huashunware.com\/fr\/wp-json\/wp\/v2\/product_brand?post=417"},{"taxonomy":"product_cat","embeddable":true,"href":"https:\/\/www.huashunware.com\/fr\/wp-json\/wp\/v2\/product_cat?post=417"},{"taxonomy":"product_tag","embeddable":true,"href":"https:\/\/www.huashunware.com\/fr\/wp-json\/wp\/v2\/product_tag?post=417"}],"curies":[{"name":"wp","href":"https:\/\/api.w.org\/{rel}","templated":true}]}}