{"id":421,"date":"2025-09-17T08:23:29","date_gmt":"2025-09-17T08:23:29","guid":{"rendered":"https:\/\/www.huashunware.com\/?post_type=product&#038;p=421"},"modified":"2026-02-03T03:15:43","modified_gmt":"2026-02-03T03:15:43","slug":"bulk-flatware-with-plastic-handle-stainless-steel-flatware-for-restaurants","status":"publish","type":"product","link":"https:\/\/www.huashunware.com\/fr\/produit\/bulk-flatware-with-plastic-handle-stainless-steel-flatware-for-restaurants\/","title":{"rendered":"Couverts en vrac avec manche en plastique Couverts en acier inoxydable pour restaurants"},"content":{"rendered":"<div class=\"wp-block-columns is-layout-flex wp-container-core-columns-is-layout-9d6595d7 wp-block-columns-is-layout-flex\">\n<div class=\"wp-block-column is-layout-flow wp-block-column-is-layout-flow\">\n<h2 class=\"wp-block-heading\">Couverts en vrac avec manche en plastique Caract\u00e9ristiques :<\/h2>\n\n\n\n<p><strong>Acier inoxydable 18\/0 de premi\u00e8re qualit\u00e9<\/strong> Chaque pi\u00e8ce est fabriqu\u00e9e en acier 18\/0 de qualit\u00e9 alimentaire, ce qui garantit une r\u00e9sistance \u00e0 la rouille et une conformit\u00e9 totale avec les normes de l'UE. <strong>Normes de s\u00e9curit\u00e9 de l'UE et des \u00c9tats-Unis<\/strong>.<\/p>\n\n\n\n<p><strong>Finition miroir haute brillance<\/strong> Les lames et les dents pr\u00e9sentent un poli miroir lisse et r\u00e9fl\u00e9chissant. <strong>bords arrondis<\/strong> pour des repas s\u00fbrs et haut de gamme.<\/p>\n\n\n\n<p><strong>Poign\u00e9es l\u00e9g\u00e8res et ergonomiques<\/strong> Con\u00e7ues pour une bonne prise en main, les poign\u00e9es en plastique r\u00e9sistant sont <strong>r\u00e9sistant \u00e0 la chaleur<\/strong> et parfait pour une utilisation commerciale ou domestique \u00e0 haut volume.<\/p>\n\n\n\n<p><strong>Emballage de vente au d\u00e9tail pr\u00eat \u00e0 l'emploi<\/strong> Livr\u00e9 dans un <strong>Bo\u00eete \u00e0 fen\u00eatre 16 pi\u00e8ces<\/strong> (16 PIEZAS) avec une poign\u00e9e de transport, con\u00e7u pour une pr\u00e9sentation imm\u00e9diate dans les supermarch\u00e9s et les magasins de d\u00e9tail.<\/p>\n\n\n\n<p><strong>100% Lavable au lave-vaisselle<\/strong> Con\u00e7us pour r\u00e9sister \u00e0 un nettoyage intensif, nos couverts conservent leur \u00e9clat et l'int\u00e9grit\u00e9 de leur manche apr\u00e8s un nettoyage intensif. <strong>des milliers de lavages en machine<\/strong>.<\/p>\n\n\n\n<p><strong>Des solutions en vrac rentables<\/strong> En tant que fabricant direct, <strong>Huashun<\/strong> propose des prix comp\u00e9titifs et des quantit\u00e9s minimales pour les couleurs, les logos et les emballages personnalis\u00e9s.<\/p>\n<\/div>\n\n\n\n<div class=\"wp-block-column is-layout-flow wp-block-column-is-layout-flow\">\n<figure class=\"wp-block-image size-full\"><img decoding=\"async\" width=\"3686\" height=\"3686\" src=\"https:\/\/www.huashunware.com\/wp-content\/uploads\/2025\/09\/Bulk-Flatware-with-Plastic-Handle-1.webp\" alt=\"Couverts en vrac avec manche en plastique\" class=\"wp-image-1258\" srcset=\"https:\/\/www.huashunware.com\/wp-content\/uploads\/2025\/09\/Bulk-Flatware-with-Plastic-Handle-1.webp 3686w, https:\/\/www.huashunware.com\/wp-content\/uploads\/2025\/09\/Bulk-Flatware-with-Plastic-Handle-1-300x300.webp 300w, https:\/\/www.huashunware.com\/wp-content\/uploads\/2025\/09\/Bulk-Flatware-with-Plastic-Handle-1-150x150.webp 150w, https:\/\/www.huashunware.com\/wp-content\/uploads\/2025\/09\/Bulk-Flatware-with-Plastic-Handle-1-768x768.webp 768w, https:\/\/www.huashunware.com\/wp-content\/uploads\/2025\/09\/Bulk-Flatware-with-Plastic-Handle-1-12x12.webp 12w, https:\/\/www.huashunware.com\/wp-content\/uploads\/2025\/09\/Bulk-Flatware-with-Plastic-Handle-1-1200x1200.webp 1200w, https:\/\/www.huashunware.com\/wp-content\/uploads\/2025\/09\/Bulk-Flatware-with-Plastic-Handle-1-600x600.webp 600w, https:\/\/www.huashunware.com\/wp-content\/uploads\/2025\/09\/Bulk-Flatware-with-Plastic-Handle-1-100x100.webp 100w\" sizes=\"(max-width: 3686px) 100vw, 3686px\" \/><\/figure>\n\n\n\n<figure class=\"wp-block-image size-full\"><img decoding=\"async\" width=\"800\" height=\"800\" src=\"https:\/\/www.huashunware.com\/wp-content\/uploads\/2025\/09\/Bulk-Flatware-with-Plastic-Handle-Stainless-Steel-Flatware-for-Restaurants1.webp\" alt=\"Couverts en vrac avec manche en plastique Couverts en acier inoxydable pour restaurants1\" class=\"wp-image-422\" srcset=\"https:\/\/www.huashunware.com\/wp-content\/uploads\/2025\/09\/Bulk-Flatware-with-Plastic-Handle-Stainless-Steel-Flatware-for-Restaurants1.webp 800w, https:\/\/www.huashunware.com\/wp-content\/uploads\/2025\/09\/Bulk-Flatware-with-Plastic-Handle-Stainless-Steel-Flatware-for-Restaurants1-300x300.webp 300w, https:\/\/www.huashunware.com\/wp-content\/uploads\/2025\/09\/Bulk-Flatware-with-Plastic-Handle-Stainless-Steel-Flatware-for-Restaurants1-150x150.webp 150w, https:\/\/www.huashunware.com\/wp-content\/uploads\/2025\/09\/Bulk-Flatware-with-Plastic-Handle-Stainless-Steel-Flatware-for-Restaurants1-768x768.webp 768w, https:\/\/www.huashunware.com\/wp-content\/uploads\/2025\/09\/Bulk-Flatware-with-Plastic-Handle-Stainless-Steel-Flatware-for-Restaurants1-600x600.webp 600w, https:\/\/www.huashunware.com\/wp-content\/uploads\/2025\/09\/Bulk-Flatware-with-Plastic-Handle-Stainless-Steel-Flatware-for-Restaurants1-100x100.webp 100w\" sizes=\"(max-width: 800px) 100vw, 800px\" \/><\/figure>\n<\/div>\n<\/div>","protected":false},"excerpt":{"rendered":"<p>Les couverts en vrac avec manche en plastique offrent une construction durable en acier inoxydable 18\/0 et une prise en main confortable. Id\u00e9al pour les restaurants, les services de restauration et les acheteurs en vrac \u00e0 la recherche d'une vaisselle fiable et rentable.N'h\u00e9sitez pas \u00e0 nous contacter\uff01<\/p>\n<h2 class=\"brxe-product-title\">Couverts en vrac avec manche en plastique Attributs :<\/h2>\n<table>\n<thead>\n<tr>\n<th style=\"text-align: center;\">Objet<\/th>\n<th style=\"text-align: center;\">Poids<\/th>\n<th style=\"text-align: center;\">Taille (L*L)<\/th>\n<\/tr>\n<\/thead>\n<tbody>\n<tr>\n<td>Couteau<\/td>\n<td>42.7 g<\/td>\n<td>23 \u00d7 1,8 cm<\/td>\n<\/tr>\n<tr>\n<td>Fourchette<\/td>\n<td>35.7 g<\/td>\n<td>19,5 \u00d7 2,4 cm<\/td>\n<\/tr>\n<tr>\n<td>Cuill\u00e8re<\/td>\n<td>38 g<\/td>\n<td>19,5 \u00d7 4 cm<\/td>\n<\/tr>\n<tr>\n<td>Cuill\u00e8re \u00e0 caf\u00e9<\/td>\n<td>22 g<\/td>\n<td>14,5 \u00d7 3 cm<\/td>\n<\/tr>\n<\/tbody>\n<\/table>\n<h2>Couverts personnalis\u00e9s avec manche en plastique\uff1a<\/h2>\n<ul data-start=\"63\" data-end=\"410\">\n<li data-start=\"63\" data-end=\"118\">\n<p data-start=\"65\" data-end=\"118\"><strong data-start=\"65\" data-end=\"76\">\u00c9chantillon :<\/strong> \u00c9chantillon gratuit disponible avant la commande en gros<\/p>\n<\/li>\n<li data-start=\"119\" data-end=\"220\">\n<p data-start=\"121\" data-end=\"220\"><strong data-start=\"121\" data-end=\"142\">Emballage et logo :<\/strong> Possibilit\u00e9 d'apposer un logo personnalis\u00e9 sur l'emballage ; bo\u00eete en PET, bo\u00eete en PVC ou bo\u00eete cadeau.<\/p>\n<\/li>\n<li data-start=\"221\" data-end=\"319\">\n<p data-start=\"223\" data-end=\"319\"><strong data-start=\"223\" data-end=\"247\">M\u00e9tal et poign\u00e9e Logo :<\/strong> Accepter un logo grav\u00e9 au laser ou en creux sur le m\u00e9tal ; imprimer le logo sur la poign\u00e9e<\/p>\n<\/li>\n<li data-start=\"320\" data-end=\"410\">\n<p data-start=\"322\" data-end=\"410\"><strong data-start=\"322\" data-end=\"341\">Finition et couleur :<\/strong> Accepte le placage en or, les changements de couleur et la peinture au toucher.<\/p>\n<\/li>\n<\/ul>\n<p data-start=\"417\" data-end=\"504\" data-is-last-node=\"\" data-is-only-node=\"\">\u00a0<\/p>","protected":false},"featured_media":422,"comment_status":"closed","ping_status":"closed","template":"","meta":{"_acf_changed":true},"product_brand":[],"product_cat":[18,26],"product_tag":[],"class_list":{"0":"post-421","1":"product","2":"type-product","3":"status-publish","4":"has-post-thumbnail","6":"product_cat-cutlery-set-wholesale","7":"product_cat-plastic-handle-flatware-set","9":"first","10":"instock","11":"shipping-taxable","12":"product-type-simple"},"acf":[],"_links":{"self":[{"href":"https:\/\/www.huashunware.com\/fr\/wp-json\/wp\/v2\/product\/421","targetHints":{"allow":["GET"]}}],"collection":[{"href":"https:\/\/www.huashunware.com\/fr\/wp-json\/wp\/v2\/product"}],"about":[{"href":"https:\/\/www.huashunware.com\/fr\/wp-json\/wp\/v2\/types\/product"}],"replies":[{"embeddable":true,"href":"https:\/\/www.huashunware.com\/fr\/wp-json\/wp\/v2\/comments?post=421"}],"wp:featuredmedia":[{"embeddable":true,"href":"https:\/\/www.huashunware.com\/fr\/wp-json\/wp\/v2\/media\/422"}],"wp:attachment":[{"href":"https:\/\/www.huashunware.com\/fr\/wp-json\/wp\/v2\/media?parent=421"}],"wp:term":[{"taxonomy":"product_brand","embeddable":true,"href":"https:\/\/www.huashunware.com\/fr\/wp-json\/wp\/v2\/product_brand?post=421"},{"taxonomy":"product_cat","embeddable":true,"href":"https:\/\/www.huashunware.com\/fr\/wp-json\/wp\/v2\/product_cat?post=421"},{"taxonomy":"product_tag","embeddable":true,"href":"https:\/\/www.huashunware.com\/fr\/wp-json\/wp\/v2\/product_tag?post=421"}],"curies":[{"name":"wp","href":"https:\/\/api.w.org\/{rel}","templated":true}]}}