{"id":426,"date":"2025-09-17T09:27:05","date_gmt":"2025-09-17T09:27:05","guid":{"rendered":"https:\/\/www.huashunware.com\/?post_type=product&#038;p=426"},"modified":"2025-09-17T09:57:26","modified_gmt":"2025-09-17T09:57:26","slug":"wholesale-kid-plate-set-cute-elephant-shaped-dinnerware-in-bulk","status":"publish","type":"product","link":"https:\/\/www.huashunware.com\/fr\/produit\/wholesale-kid-plate-set-cute-elephant-shaped-dinnerware-in-bulk\/","title":{"rendered":"Wholesale Kid Plate Set, Cute Elephant-Shaped Dinnerware in Bulk (Ensemble d'assiettes pour enfants, vaisselle en forme d'\u00e9l\u00e9phant en vrac)"},"content":{"rendered":"<div class=\"wp-block-columns is-layout-flex wp-container-core-columns-is-layout-9d6595d7 wp-block-columns-is-layout-flex\">\n<div class=\"wp-block-column is-layout-flow wp-block-column-is-layout-flow\">\n<h2 class=\"wp-block-heading\">Ensemble d'assiettes pour enfants Caract\u00e9ristiques :<\/h2>\n\n\n\n<p><strong>Mat\u00e9riau alimentaire s\u00fbr : <\/strong>Silicone de qualit\u00e9 alimentaire conforme aux normes am\u00e9ricaines, enti\u00e8rement non toxique et sans BPA. Il rassure les parents et permet aux enfants en bas \u00e2ge et aux b\u00e9b\u00e9s de manger en toute s\u00e9curit\u00e9.<\/p>\n\n\n\n<p><strong>Acier inoxydable durable : <\/strong>Fabriqu\u00e9 en acier inoxydable poli miroir avec des bords lisses et arrondis. Douces pour la bouche des enfants, r\u00e9sistantes \u00e0 la rouille et con\u00e7ues pour une utilisation fr\u00e9quente et r\u00e9p\u00e9t\u00e9e.<\/p>\n\n\n\n<p><strong>Base d'aspiration forte : <\/strong>Comprend une base d'aspiration puissante qui tient fermement sur les surfaces glissantes. Emp\u00eache efficacement les glissades, les renversements et les d\u00e9versements d\u00e9sordonn\u00e9s et laisse la table impeccable.<\/p>\n\n\n\n<p><strong>Cool Elephant Shape :<\/strong> Le design amusant de l'\u00e9l\u00e9phant apporte sa nouveaut\u00e9 en tant que favori des enfants et apporte de la fascination au repas. Encourage les enfants \u00e0 manger de fa\u00e7on autonome et les d\u00e9barrasse de leurs comportements difficiles.<\/p>\n\n\n\n<p><strong>Convient pour les commandes en gros :<\/strong> Id\u00e9al pour les cr\u00e8ches, les restaurants et les magasins. Offre une solution abordable pour les commandes en gros sans nuire \u00e0 la qualit\u00e9.<\/p>\n<\/div>\n\n\n\n<div class=\"wp-block-column is-layout-flow wp-block-column-is-layout-flow\">\n<figure class=\"wp-block-image size-full\"><img decoding=\"async\" width=\"3072\" height=\"3072\" src=\"https:\/\/www.huashunware.com\/wp-content\/uploads\/2025\/09\/Wholesale-Kid-Plate-Set-Cute-Elephant-Shaped-Dinnerware-in-Bulk1.webp\" alt=\"Set d&#039;assiettes pour enfants en gros, vaisselle mignonne en forme d&#039;\u00e9l\u00e9phant en vrac1\" class=\"wp-image-427\" srcset=\"https:\/\/www.huashunware.com\/wp-content\/uploads\/2025\/09\/Wholesale-Kid-Plate-Set-Cute-Elephant-Shaped-Dinnerware-in-Bulk1.webp 3072w, https:\/\/www.huashunware.com\/wp-content\/uploads\/2025\/09\/Wholesale-Kid-Plate-Set-Cute-Elephant-Shaped-Dinnerware-in-Bulk1-300x300.webp 300w, https:\/\/www.huashunware.com\/wp-content\/uploads\/2025\/09\/Wholesale-Kid-Plate-Set-Cute-Elephant-Shaped-Dinnerware-in-Bulk1-150x150.webp 150w, https:\/\/www.huashunware.com\/wp-content\/uploads\/2025\/09\/Wholesale-Kid-Plate-Set-Cute-Elephant-Shaped-Dinnerware-in-Bulk1-768x768.webp 768w, https:\/\/www.huashunware.com\/wp-content\/uploads\/2025\/09\/Wholesale-Kid-Plate-Set-Cute-Elephant-Shaped-Dinnerware-in-Bulk1-1200x1200.webp 1200w, https:\/\/www.huashunware.com\/wp-content\/uploads\/2025\/09\/Wholesale-Kid-Plate-Set-Cute-Elephant-Shaped-Dinnerware-in-Bulk1-600x600.webp 600w, https:\/\/www.huashunware.com\/wp-content\/uploads\/2025\/09\/Wholesale-Kid-Plate-Set-Cute-Elephant-Shaped-Dinnerware-in-Bulk1-100x100.webp 100w\" sizes=\"(max-width: 3072px) 100vw, 3072px\" \/><\/figure>\n<\/div>\n<\/div>","protected":false},"excerpt":{"rendered":"<p>Le set d'assiettes pour enfants en gros pr\u00e9sente un design amusant en forme d'\u00e9l\u00e9phant, fabriqu\u00e9 \u00e0 partir de silicone de qualit\u00e9 alimentaire conforme aux normes am\u00e9ricaines, non toxique et sans BPA. La base \u00e0 succion maintient l'assiette bien en place. Parfait pour les tout-petits, les cr\u00e8ches et les commandes en gros.<\/p>\n<h2 class=\"brxe-product-title\">Ensemble d'assiettes pour enfants en gros Attributs :<\/h2>\n<table>\n<thead>\n<tr>\n<th>Objet<\/th>\n<th>Taille (L\u00d7L\u00d7H)<\/th>\n<th>Poids<\/th>\n<\/tr>\n<\/thead>\n<tbody>\n<tr>\n<td>Bo\u00eete<\/td>\n<td>255 \u00d7 194 \u00d7 35 mm<\/td>\n<td>373 g<\/td>\n<\/tr>\n<tr>\n<td>Assiette<\/td>\n<td>225 \u00d7 155 \u00d7 33 mm<\/td>\n<td>205.8 g<\/td>\n<\/tr>\n<tr>\n<td>Fourchette<\/td>\n<td>100 \u00d7 55 \u00d7 22 mm<\/td>\n<td>39 g<\/td>\n<\/tr>\n<tr>\n<td>Cuill\u00e8re<\/td>\n<td>100 \u00d7 55 \u00d7 22 mm<\/td>\n<td>43 g<\/td>\n<\/tr>\n<\/tbody>\n<\/table>\n<p><strong data-start=\"296\" data-end=\"304\">MOQ :<\/strong> 96 pi\u00e8ces<\/p>\n<h2 class=\"brxe-product-title\">Ensemble d'assiettes pour enfants sur mesure :<\/h2>\n<ul>\n<li data-start=\"76\" data-end=\"143\">\n<p data-start=\"78\" data-end=\"143\"><strong data-start=\"78\" data-end=\"89\">\u00c9chantillon :<\/strong> \u00c9chantillon gratuit disponible pour test avant commande en gros<\/p>\n<\/li>\n<li data-start=\"144\" data-end=\"221\">\n<p data-start=\"146\" data-end=\"221\"><strong data-start=\"146\" data-end=\"173\">Petites commandes avec logo :<\/strong> Acceptation des commandes de petites quantit\u00e9s avec logo personnalis\u00e9<\/p>\n<\/li>\n<li data-start=\"222\" data-end=\"288\">\n<p data-start=\"224\" data-end=\"288\"><strong data-start=\"224\" data-end=\"242\">Livraison rapide :<\/strong> Les articles en stock peuvent \u00eatre exp\u00e9di\u00e9s dans les 7 jours.<\/p>\n<\/li>\n<li data-start=\"289\" data-end=\"401\">\n<p data-start=\"291\" data-end=\"401\"><strong data-start=\"291\" data-end=\"326\">Emballage et personnalisation du logo :<\/strong> Possibilit\u00e9 d'apposer un logo personnalis\u00e9 sur l'emballage ; choisir une bo\u00eete en PET, une bo\u00eete en PVC ou une bo\u00eete cadeau.<\/p>\n<\/li>\n<\/ul>","protected":false},"featured_media":428,"comment_status":"closed","ping_status":"closed","template":"","meta":{"_acf_changed":false},"product_brand":[],"product_cat":[19],"product_tag":[],"class_list":{"0":"post-426","1":"product","2":"type-product","3":"status-publish","4":"has-post-thumbnail","6":"product_cat-wholesale-kids-dinnerware","8":"first","9":"instock","10":"shipping-taxable","11":"product-type-simple"},"acf":[],"_links":{"self":[{"href":"https:\/\/www.huashunware.com\/fr\/wp-json\/wp\/v2\/product\/426","targetHints":{"allow":["GET"]}}],"collection":[{"href":"https:\/\/www.huashunware.com\/fr\/wp-json\/wp\/v2\/product"}],"about":[{"href":"https:\/\/www.huashunware.com\/fr\/wp-json\/wp\/v2\/types\/product"}],"replies":[{"embeddable":true,"href":"https:\/\/www.huashunware.com\/fr\/wp-json\/wp\/v2\/comments?post=426"}],"wp:featuredmedia":[{"embeddable":true,"href":"https:\/\/www.huashunware.com\/fr\/wp-json\/wp\/v2\/media\/428"}],"wp:attachment":[{"href":"https:\/\/www.huashunware.com\/fr\/wp-json\/wp\/v2\/media?parent=426"}],"wp:term":[{"taxonomy":"product_brand","embeddable":true,"href":"https:\/\/www.huashunware.com\/fr\/wp-json\/wp\/v2\/product_brand?post=426"},{"taxonomy":"product_cat","embeddable":true,"href":"https:\/\/www.huashunware.com\/fr\/wp-json\/wp\/v2\/product_cat?post=426"},{"taxonomy":"product_tag","embeddable":true,"href":"https:\/\/www.huashunware.com\/fr\/wp-json\/wp\/v2\/product_tag?post=426"}],"curies":[{"name":"wp","href":"https:\/\/api.w.org\/{rel}","templated":true}]}}