{"id":438,"date":"2025-09-18T01:22:31","date_gmt":"2025-09-18T01:22:31","guid":{"rendered":"https:\/\/www.huashunware.com\/?post_type=product&#038;p=438"},"modified":"2025-09-18T02:23:04","modified_gmt":"2025-09-18T02:23:04","slug":"wholesale-kids-tableware-carrot-design-non-toxic-bpa-free-set","status":"publish","type":"product","link":"https:\/\/www.huashunware.com\/fr\/produit\/wholesale-kids-tableware-carrot-design-non-toxic-bpa-free-set\/","title":{"rendered":"Wholesale Kids Tableware, Carrot Design Non-Toxic BPA-Free Set"},"content":{"rendered":"<div class=\"wp-block-columns is-layout-flex wp-container-core-columns-is-layout-9d6595d7 wp-block-columns-is-layout-flex\">\n<div class=\"wp-block-column is-layout-flow wp-block-column-is-layout-flow\">\n<h2 class=\"wp-block-heading\">Vaisselle pour enfants Caract\u00e9ristiques :<\/h2>\n\n\n\n<p><strong>Mat\u00e9riau alimentaire s\u00fbr :<\/strong> Silicone de qualit\u00e9 alimentaire conforme aux normes am\u00e9ricaines, non toxique et sans BPA. Permet aux enfants de manger sainement et en toute s\u00e9curit\u00e9.<\/p>\n\n\n\n<p><strong>Acier inoxydable durable :<\/strong> Acier inoxydable poli comme un miroir avec des bords lisses et arrondis. Doux pour la bouche des enfants, il ne rouille pas et ne se raye pas.<\/p>\n\n\n\n<p><strong>Conception \u00e0 forte aspiration : <\/strong>La base d'aspiration puissante adh\u00e8re fermement aux surfaces lisses. Antid\u00e9rapant, antiglisse et anti-\u00e9claboussures de repas.<\/p>\n\n\n\n<p><strong>Carotte mignonne Motif :<\/strong> Les assiettes et ustensiles ludiques en forme de carotte attirent l'attention des enfants. Ils rendent l'heure des repas agr\u00e9able et facilitent l'auto-alimentation.<\/p>\n\n\n\n<p><strong>Bon pour les commandes en gros :<\/strong> Le meilleur choix pour les cr\u00e8ches, les jardins d'enfants et les magasins. Choix \u00e9conomique pour les achats en gros.<\/p>\n<\/div>\n\n\n\n<div class=\"wp-block-column is-layout-flow wp-block-column-is-layout-flow\">\n<figure class=\"wp-block-image size-full\"><img decoding=\"async\" width=\"3072\" height=\"3072\" src=\"https:\/\/www.huashunware.com\/wp-content\/uploads\/2025\/09\/Wholesale-Kids-Tableware-Carrot-Design-Non-Toxic-BPA-Free-Set1.webp\" alt=\"Wholesale Kids Tableware, Carrot Design Non-Toxic BPA-Free Set1\" class=\"wp-image-439\" srcset=\"https:\/\/www.huashunware.com\/wp-content\/uploads\/2025\/09\/Wholesale-Kids-Tableware-Carrot-Design-Non-Toxic-BPA-Free-Set1.webp 3072w, https:\/\/www.huashunware.com\/wp-content\/uploads\/2025\/09\/Wholesale-Kids-Tableware-Carrot-Design-Non-Toxic-BPA-Free-Set1-300x300.webp 300w, https:\/\/www.huashunware.com\/wp-content\/uploads\/2025\/09\/Wholesale-Kids-Tableware-Carrot-Design-Non-Toxic-BPA-Free-Set1-150x150.webp 150w, https:\/\/www.huashunware.com\/wp-content\/uploads\/2025\/09\/Wholesale-Kids-Tableware-Carrot-Design-Non-Toxic-BPA-Free-Set1-768x768.webp 768w, https:\/\/www.huashunware.com\/wp-content\/uploads\/2025\/09\/Wholesale-Kids-Tableware-Carrot-Design-Non-Toxic-BPA-Free-Set1-1200x1200.webp 1200w, https:\/\/www.huashunware.com\/wp-content\/uploads\/2025\/09\/Wholesale-Kids-Tableware-Carrot-Design-Non-Toxic-BPA-Free-Set1-600x600.webp 600w, https:\/\/www.huashunware.com\/wp-content\/uploads\/2025\/09\/Wholesale-Kids-Tableware-Carrot-Design-Non-Toxic-BPA-Free-Set1-100x100.webp 100w\" sizes=\"(max-width: 3072px) 100vw, 3072px\" \/><\/figure>\n<\/div>\n<\/div>","protected":false},"excerpt":{"rendered":"<p data-start=\"68\" data-end=\"340\">Vaisselle pour enfants en gros avec un design de carotte mignon, fabriqu\u00e9e \u00e0 partir de silicone de qualit\u00e9 alimentaire, non toxique et sans BPA. La base \u00e0 succion est solide pour \u00e9viter les d\u00e9versements. Parfait pour les tout-petits, les cr\u00e8ches et les commandes en gros.<\/p>\n<h2 class=\"brxe-product-title\">Vaisselle pour enfants en gros Attributs :<\/h2>\n<table>\n<thead>\n<tr>\n<th style=\"text-align: center;\">Objet<\/th>\n<th style=\"text-align: center;\">Taille (L\u00d7L\u00d7H)<\/th>\n<th style=\"text-align: center;\">Poids<\/th>\n<\/tr>\n<\/thead>\n<tbody>\n<tr>\n<td>Bo\u00eete<\/td>\n<td>270 \u00d7 155 \u00d7 30 mm<\/td>\n<td>303.5 g<\/td>\n<\/tr>\n<tr>\n<td>Assiette<\/td>\n<td>245 \u00d7 128 \u00d7 30 mm<\/td>\n<td>173.4 g<\/td>\n<\/tr>\n<tr>\n<td>Fourchette<\/td>\n<td>112 \u00d7 27 \u00d7 18 mm<\/td>\n<td>28.2 g<\/td>\n<\/tr>\n<tr>\n<td>Cuill\u00e8re<\/td>\n<td>112 \u00d7 27 \u00d7 18 mm<\/td>\n<td>32.8 g<\/td>\n<\/tr>\n<\/tbody>\n<\/table>\n<p><strong>MOQ : 96 pi\u00e8ces<\/strong><\/p>\n<h2 class=\"brxe-product-title\">Vaisselle personnalis\u00e9e pour enfants :<\/h2>\n<ul>\n<li data-start=\"79\" data-end=\"146\">\n<p data-start=\"81\" data-end=\"146\"><strong data-start=\"81\" data-end=\"92\">\u00c9chantillon :<\/strong> \u00c9chantillon gratuit disponible pour test avant commande en gros<\/p>\n<\/li>\n<li data-start=\"147\" data-end=\"224\">\n<p data-start=\"149\" data-end=\"224\"><strong data-start=\"149\" data-end=\"176\">Petites commandes avec logo :<\/strong> Acceptation des commandes de petites quantit\u00e9s avec logo personnalis\u00e9<\/p>\n<\/li>\n<li data-start=\"225\" data-end=\"302\">\n<p data-start=\"227\" data-end=\"302\"><strong data-start=\"227\" data-end=\"245\">Livraison rapide :<\/strong> 4 couleurs en stock, les commandes peuvent \u00eatre exp\u00e9di\u00e9es sous 7 jours<\/p>\n<\/li>\n<li data-start=\"303\" data-end=\"415\">\n<p data-start=\"305\" data-end=\"415\"><strong data-start=\"305\" data-end=\"340\">Emballage et personnalisation du logo :<\/strong> Possibilit\u00e9 d'apposer un logo personnalis\u00e9 sur l'emballage ; choisir une bo\u00eete en PET, une bo\u00eete en PVC ou une bo\u00eete cadeau.<\/p>\n<\/li>\n<\/ul>","protected":false},"featured_media":439,"comment_status":"closed","ping_status":"closed","template":"","meta":{"_acf_changed":false},"product_brand":[],"product_cat":[19],"product_tag":[],"class_list":{"0":"post-438","1":"product","2":"type-product","3":"status-publish","4":"has-post-thumbnail","6":"product_cat-wholesale-kids-dinnerware","8":"first","9":"instock","10":"shipping-taxable","11":"product-type-simple"},"acf":[],"_links":{"self":[{"href":"https:\/\/www.huashunware.com\/fr\/wp-json\/wp\/v2\/product\/438","targetHints":{"allow":["GET"]}}],"collection":[{"href":"https:\/\/www.huashunware.com\/fr\/wp-json\/wp\/v2\/product"}],"about":[{"href":"https:\/\/www.huashunware.com\/fr\/wp-json\/wp\/v2\/types\/product"}],"replies":[{"embeddable":true,"href":"https:\/\/www.huashunware.com\/fr\/wp-json\/wp\/v2\/comments?post=438"}],"wp:featuredmedia":[{"embeddable":true,"href":"https:\/\/www.huashunware.com\/fr\/wp-json\/wp\/v2\/media\/439"}],"wp:attachment":[{"href":"https:\/\/www.huashunware.com\/fr\/wp-json\/wp\/v2\/media?parent=438"}],"wp:term":[{"taxonomy":"product_brand","embeddable":true,"href":"https:\/\/www.huashunware.com\/fr\/wp-json\/wp\/v2\/product_brand?post=438"},{"taxonomy":"product_cat","embeddable":true,"href":"https:\/\/www.huashunware.com\/fr\/wp-json\/wp\/v2\/product_cat?post=438"},{"taxonomy":"product_tag","embeddable":true,"href":"https:\/\/www.huashunware.com\/fr\/wp-json\/wp\/v2\/product_tag?post=438"}],"curies":[{"name":"wp","href":"https:\/\/api.w.org\/{rel}","templated":true}]}}