{"id":442,"date":"2025-09-18T02:29:50","date_gmt":"2025-09-18T02:29:50","guid":{"rendered":"https:\/\/www.huashunware.com\/?post_type=product&#038;p=442"},"modified":"2025-09-18T02:43:04","modified_gmt":"2025-09-18T02:43:04","slug":"bulk-kid-plate-set-lovely-animal-plate-set-cute-panda-design-for-kids","status":"publish","type":"product","link":"https:\/\/www.huashunware.com\/fr\/produit\/bulk-kid-plate-set-lovely-animal-plate-set-cute-panda-design-for-kids\/","title":{"rendered":"Set d'assiettes en vrac pour enfants, Set d'assiettes pour animaux, design panda mignon pour enfants"},"content":{"rendered":"<div class=\"wp-block-columns is-layout-flex wp-container-core-columns-is-layout-9d6595d7 wp-block-columns-is-layout-flex\">\n<div class=\"wp-block-column is-layout-flow wp-block-column-is-layout-flow\">\n<h2 class=\"wp-block-heading\">Ensemble d'assiettes pour enfants Caract\u00e9ristiques :<\/h2>\n\n\n\n<p><strong>Adorable design de panda :<\/strong>L'ensemble d'assiettes en forme de panda capte instantan\u00e9ment l'attention des enfants et rend l'heure des repas amusante et attrayante.<\/p>\n\n\n\n<p><strong>Mat\u00e9riaux sains et s\u00fbrs :<\/strong>Fabriqu\u00e9 en silicone de qualit\u00e9 alimentaire, sans BPA, et en acier inoxydable \u00e0 finition miroir pour une s\u00e9curit\u00e9 garantie et la confiance des parents.<\/p>\n\n\n\n<p><strong>Conception adapt\u00e9e aux enfants :<\/strong>Les bords arrondis et les surfaces lisses sont doux pour les petites mains et les bouches, mais durables pour un usage quotidien.<\/p>\n\n\n\n<p><strong>Base d'aspiration antid\u00e9rapante :<\/strong>La base \u00e0 succion s\u00fbre maintient les assiettes stables, \u00e9vitant ainsi de les renverser et permettant de gagner du temps lors du nettoyage, ce qui est parfait pour les parents occup\u00e9s en d\u00e9placement.<\/p>\n\n\n\n<p><strong>Id\u00e9al pour l'achat en gros :<\/strong>Id\u00e9al pour les cr\u00e8ches, les jardins d'enfants et les commer\u00e7ants qui souhaitent acheter en gros de la vaisselle pour enfants \u00e0 la fois mignonne et pratique.<\/p>\n<\/div>\n\n\n\n<div class=\"wp-block-column is-layout-flow wp-block-column-is-layout-flow\">\n<figure class=\"wp-block-image size-full\"><img decoding=\"async\" width=\"3072\" height=\"3072\" src=\"https:\/\/www.huashunware.com\/wp-content\/uploads\/2025\/09\/Bulk-Kid-Plate-Set-Lovely-Animal-Plate-Set-Cute-Panda-Design-for-Kids2.webp\" alt=\"Set d&#039;assiettes en vrac pour enfants, Set d&#039;assiettes pour animaux mignons, design panda pour enfants2\" class=\"wp-image-444\" srcset=\"https:\/\/www.huashunware.com\/wp-content\/uploads\/2025\/09\/Bulk-Kid-Plate-Set-Lovely-Animal-Plate-Set-Cute-Panda-Design-for-Kids2.webp 3072w, https:\/\/www.huashunware.com\/wp-content\/uploads\/2025\/09\/Bulk-Kid-Plate-Set-Lovely-Animal-Plate-Set-Cute-Panda-Design-for-Kids2-300x300.webp 300w, https:\/\/www.huashunware.com\/wp-content\/uploads\/2025\/09\/Bulk-Kid-Plate-Set-Lovely-Animal-Plate-Set-Cute-Panda-Design-for-Kids2-150x150.webp 150w, https:\/\/www.huashunware.com\/wp-content\/uploads\/2025\/09\/Bulk-Kid-Plate-Set-Lovely-Animal-Plate-Set-Cute-Panda-Design-for-Kids2-768x768.webp 768w, https:\/\/www.huashunware.com\/wp-content\/uploads\/2025\/09\/Bulk-Kid-Plate-Set-Lovely-Animal-Plate-Set-Cute-Panda-Design-for-Kids2-1200x1200.webp 1200w, https:\/\/www.huashunware.com\/wp-content\/uploads\/2025\/09\/Bulk-Kid-Plate-Set-Lovely-Animal-Plate-Set-Cute-Panda-Design-for-Kids2-600x600.webp 600w, https:\/\/www.huashunware.com\/wp-content\/uploads\/2025\/09\/Bulk-Kid-Plate-Set-Lovely-Animal-Plate-Set-Cute-Panda-Design-for-Kids2-100x100.webp 100w\" sizes=\"(max-width: 3072px) 100vw, 3072px\" \/><\/figure>\n<\/div>\n<\/div>","protected":false},"excerpt":{"rendered":"<p data-start=\"68\" data-end=\"340\">Set d'assiettes pour enfants en vrac avec un adorable design de panda, fabriqu\u00e9 \u00e0 partir de mat\u00e9riaux de qualit\u00e9 alimentaire sans BPA pour des repas s\u00fbrs et amusants. Parfait pour l'usage quotidien des enfants et l'achat en gros pour les \u00e9coles, les cr\u00e8ches ou le commerce de d\u00e9tail.<\/p>\n<h2 class=\"brxe-product-title\">Ensemble d'assiettes pour enfants en vrac Attributs :<\/h2>\n<table>\n<thead>\n<tr>\n<th style=\"text-align: center;\">Objet<\/th>\n<th style=\"text-align: center;\">Taille (L\u00d7L\u00d7H)<\/th>\n<th style=\"text-align: center;\">Poids<\/th>\n<\/tr>\n<\/thead>\n<tbody>\n<tr>\n<td>Bo\u00eete<\/td>\n<td>225 \u00d7 193 \u00d7 35 mm<\/td>\n<td>369.7 g<\/td>\n<\/tr>\n<tr>\n<td>Assiette<\/td>\n<td>183 \u00d7 156 \u00d7 36 mm<\/td>\n<td>213.4 g<\/td>\n<\/tr>\n<tr>\n<td>Fourchette<\/td>\n<td>97 \u00d7 32 \u00d7 30 mm<\/td>\n<td>44.3 g<\/td>\n<\/tr>\n<tr>\n<td>Cuill\u00e8re<\/td>\n<td>97 \u00d7 32 \u00d7 30 mm<\/td>\n<td>48.7 g<\/td>\n<\/tr>\n<\/tbody>\n<\/table>\n<p><strong>MOQ : 96 pi\u00e8ces<\/strong><\/p>\n<h2 class=\"brxe-product-title\">Set d'assiettes pour enfants personnalis\u00e9 :<\/h2>\n<ul>\n<li data-start=\"81\" data-end=\"148\">\n<p data-start=\"83\" data-end=\"148\"><strong data-start=\"83\" data-end=\"94\">\u00c9chantillon :<\/strong> \u00c9chantillon gratuit disponible pour test avant commande en gros<\/p>\n<\/li>\n<li data-start=\"149\" data-end=\"226\">\n<p data-start=\"151\" data-end=\"226\"><strong data-start=\"151\" data-end=\"178\">Petites commandes avec logo :<\/strong> Acceptation des commandes de petites quantit\u00e9s avec logo personnalis\u00e9<\/p>\n<\/li>\n<li data-start=\"227\" data-end=\"311\">\n<p data-start=\"229\" data-end=\"311\"><strong data-start=\"229\" data-end=\"247\">Livraison rapide :<\/strong> Articles en stock disponibles, les commandes peuvent \u00eatre exp\u00e9di\u00e9es dans les 7 jours.<\/p>\n<\/li>\n<li data-start=\"312\" data-end=\"424\">\n<p data-start=\"314\" data-end=\"424\"><strong data-start=\"314\" data-end=\"349\">Emballage et personnalisation du logo :<\/strong> Possibilit\u00e9 d'apposer un logo personnalis\u00e9 sur l'emballage ; choisir une bo\u00eete en PET, une bo\u00eete en PVC ou une bo\u00eete cadeau.<\/p>\n<\/li>\n<\/ul>","protected":false},"featured_media":445,"comment_status":"closed","ping_status":"closed","template":"","meta":{"_acf_changed":false},"product_brand":[],"product_cat":[19],"product_tag":[],"class_list":{"0":"post-442","1":"product","2":"type-product","3":"status-publish","4":"has-post-thumbnail","6":"product_cat-wholesale-kids-dinnerware","8":"first","9":"instock","10":"shipping-taxable","11":"product-type-simple"},"acf":[],"_links":{"self":[{"href":"https:\/\/www.huashunware.com\/fr\/wp-json\/wp\/v2\/product\/442","targetHints":{"allow":["GET"]}}],"collection":[{"href":"https:\/\/www.huashunware.com\/fr\/wp-json\/wp\/v2\/product"}],"about":[{"href":"https:\/\/www.huashunware.com\/fr\/wp-json\/wp\/v2\/types\/product"}],"replies":[{"embeddable":true,"href":"https:\/\/www.huashunware.com\/fr\/wp-json\/wp\/v2\/comments?post=442"}],"wp:featuredmedia":[{"embeddable":true,"href":"https:\/\/www.huashunware.com\/fr\/wp-json\/wp\/v2\/media\/445"}],"wp:attachment":[{"href":"https:\/\/www.huashunware.com\/fr\/wp-json\/wp\/v2\/media?parent=442"}],"wp:term":[{"taxonomy":"product_brand","embeddable":true,"href":"https:\/\/www.huashunware.com\/fr\/wp-json\/wp\/v2\/product_brand?post=442"},{"taxonomy":"product_cat","embeddable":true,"href":"https:\/\/www.huashunware.com\/fr\/wp-json\/wp\/v2\/product_cat?post=442"},{"taxonomy":"product_tag","embeddable":true,"href":"https:\/\/www.huashunware.com\/fr\/wp-json\/wp\/v2\/product_tag?post=442"}],"curies":[{"name":"wp","href":"https:\/\/api.w.org\/{rel}","templated":true}]}}