{"id":447,"date":"2025-09-18T03:09:53","date_gmt":"2025-09-18T03:09:53","guid":{"rendered":"https:\/\/www.huashunware.com\/?post_type=product&#038;p=447"},"modified":"2025-09-18T03:40:26","modified_gmt":"2025-09-18T03:40:26","slug":"plastic-food-storage-containers-with-lids-wholesale","status":"publish","type":"product","link":"https:\/\/www.huashunware.com\/fr\/produit\/plastic-food-storage-containers-with-lids-wholesale\/","title":{"rendered":"R\u00e9cipients de conservation en plastique avec couvercles Wholesale"},"content":{"rendered":"<div class=\"wp-block-columns is-layout-flex wp-container-core-columns-is-layout-9d6595d7 wp-block-columns-is-layout-flex\">\n<div class=\"wp-block-column is-layout-flow wp-block-column-is-layout-flow\">\n<h2 class=\"wp-block-heading\">R\u00e9cipients de conservation des aliments en plastique avec couvercles Caract\u00e9ristiques :<\/h2>\n\n\n\n<p><strong>Peut \u00eatre utilis\u00e9 au four \u00e0 micro-ondes :<\/strong> Fabriqu\u00e9s en plastique de haute qualit\u00e9 r\u00e9sistant \u00e0 la chaleur, les r\u00e9cipients sont parfaitement adapt\u00e9s aux micro-ondes. Ils permettent de r\u00e9chauffer rapidement les aliments sans craindre qu'ils ne se d\u00e9forment ou ne fondent.<\/p>\n\n\n\n<p><strong>Joint \u00e9tanche \u00e0 l'air : <\/strong>Il est dot\u00e9 d'un syst\u00e8me de fermeture \u00e0 boucle robuste et d'un anneau en silicone qui assure une fermeture herm\u00e9tique. Les aliments restent frais plus longtemps et sont prot\u00e9g\u00e9s contre les \u00e9claboussures lorsqu'ils sont stock\u00e9s ou en d\u00e9placement.<\/p>\n\n\n\n<p><strong>Durable et r\u00e9utilisable : <\/strong>Fabriqu\u00e9 en plastique robuste et sans BPA, il r\u00e9siste \u00e0 une utilisation normale. Il ne se fissure pas, ne se plie pas et ne se d\u00e9forme pas, ce qui est id\u00e9al pour une utilisation prolong\u00e9e.<\/p>\n\n\n\n<p><strong>Design empilable : <\/strong>La conception empilable intelligente facilite l'organisation dans les armoires de cuisine, les r\u00e9frig\u00e9rateurs ou les garde-manger. Maximise l'espace de stockage tout en gardant votre cuisine bien rang\u00e9e.<\/p>\n\n\n\n<p><strong>Amical \u00e0 la vente en gros : <\/strong>Id\u00e9al pour les achats en vrac, les traiteurs, les restaurants ou les d\u00e9taillants. Constitue une solution rentable pour le stockage des aliments en vrac.<\/p>\n<\/div>\n\n\n\n<div class=\"wp-block-column is-layout-flow wp-block-column-is-layout-flow\">\n<figure class=\"wp-block-image size-full\"><img decoding=\"async\" width=\"3072\" height=\"3072\" src=\"https:\/\/www.huashunware.com\/wp-content\/uploads\/2025\/09\/Plastic-Food-Storage-Containers-with-Lids-Wholesale2.webp\" alt=\"R\u00e9cipients de conservation en plastique avec couvercles Wholesale2\" class=\"wp-image-449\" srcset=\"https:\/\/www.huashunware.com\/wp-content\/uploads\/2025\/09\/Plastic-Food-Storage-Containers-with-Lids-Wholesale2.webp 3072w, https:\/\/www.huashunware.com\/wp-content\/uploads\/2025\/09\/Plastic-Food-Storage-Containers-with-Lids-Wholesale2-300x300.webp 300w, https:\/\/www.huashunware.com\/wp-content\/uploads\/2025\/09\/Plastic-Food-Storage-Containers-with-Lids-Wholesale2-150x150.webp 150w, https:\/\/www.huashunware.com\/wp-content\/uploads\/2025\/09\/Plastic-Food-Storage-Containers-with-Lids-Wholesale2-768x768.webp 768w, https:\/\/www.huashunware.com\/wp-content\/uploads\/2025\/09\/Plastic-Food-Storage-Containers-with-Lids-Wholesale2-1200x1200.webp 1200w, https:\/\/www.huashunware.com\/wp-content\/uploads\/2025\/09\/Plastic-Food-Storage-Containers-with-Lids-Wholesale2-600x600.webp 600w, https:\/\/www.huashunware.com\/wp-content\/uploads\/2025\/09\/Plastic-Food-Storage-Containers-with-Lids-Wholesale2-100x100.webp 100w\" sizes=\"(max-width: 3072px) 100vw, 3072px\" \/><\/figure>\n<\/div>\n<\/div>","protected":false},"excerpt":{"rendered":"<p data-start=\"68\" data-end=\"340\">Les r\u00e9cipients de stockage des aliments en plastique avec couvercles en gros passent au four \u00e0 micro-ondes, sont herm\u00e9tiques et fabriqu\u00e9s en plastique durable sans BPA. Ils sont parfaits pour conserver la fra\u00eecheur des aliments plus longtemps, pour organiser les cuisines et pour les commandes en gros, la restauration ou la vente au d\u00e9tail.<\/p>\n<h2 class=\"brxe-product-title\">R\u00e9cipients de conservation des aliments en plastique avec couvercles Attributs de gros :<\/h2>\n<table>\n<thead>\n<tr>\n<th>Taille<\/th>\n<th>Dimensions (L \u00d7 L)<\/th>\n<\/tr>\n<\/thead>\n<tbody>\n<tr>\n<td>S<\/td>\n<td>13 \u00d7 7 cm<\/td>\n<\/tr>\n<tr>\n<td>M<\/td>\n<td>15,8 \u00d7 8 cm<\/td>\n<\/tr>\n<tr>\n<td>L<\/td>\n<td>18,7 \u00d7 9,4 cm<\/td>\n<\/tr>\n<\/tbody>\n<\/table>\n<p><strong>MOQ : 40 pi\u00e8ces<\/strong><\/p>\n<h2 class=\"brxe-product-title\">R\u00e9cipients de conservation des aliments en plastique personnalis\u00e9s avec couvercles :<\/h2>\n<ul>\n<li data-start=\"50\" data-end=\"105\">\n<p data-start=\"52\" data-end=\"105\"><strong data-start=\"52\" data-end=\"63\">\u00c9chantillon :<\/strong> \u00c9chantillon gratuit disponible avant la commande en gros<\/p>\n<\/li>\n<li data-start=\"106\" data-end=\"172\">\n<p data-start=\"108\" data-end=\"172\"><strong data-start=\"108\" data-end=\"126\">Livraison rapide :<\/strong> Les articles en stock peuvent \u00eatre exp\u00e9di\u00e9s dans les 7 jours.<\/p>\n<\/li>\n<\/ul>","protected":false},"featured_media":451,"comment_status":"closed","ping_status":"closed","template":"","meta":{"_acf_changed":false},"product_brand":[],"product_cat":[21,25],"product_tag":[],"class_list":{"0":"post-447","1":"product","2":"type-product","3":"status-publish","4":"has-post-thumbnail","6":"product_cat-plastic-household-products-wholesale","7":"product_cat-wholesale-food-storage-containers","9":"first","10":"instock","11":"shipping-taxable","12":"product-type-simple"},"acf":[],"_links":{"self":[{"href":"https:\/\/www.huashunware.com\/fr\/wp-json\/wp\/v2\/product\/447","targetHints":{"allow":["GET"]}}],"collection":[{"href":"https:\/\/www.huashunware.com\/fr\/wp-json\/wp\/v2\/product"}],"about":[{"href":"https:\/\/www.huashunware.com\/fr\/wp-json\/wp\/v2\/types\/product"}],"replies":[{"embeddable":true,"href":"https:\/\/www.huashunware.com\/fr\/wp-json\/wp\/v2\/comments?post=447"}],"wp:featuredmedia":[{"embeddable":true,"href":"https:\/\/www.huashunware.com\/fr\/wp-json\/wp\/v2\/media\/451"}],"wp:attachment":[{"href":"https:\/\/www.huashunware.com\/fr\/wp-json\/wp\/v2\/media?parent=447"}],"wp:term":[{"taxonomy":"product_brand","embeddable":true,"href":"https:\/\/www.huashunware.com\/fr\/wp-json\/wp\/v2\/product_brand?post=447"},{"taxonomy":"product_cat","embeddable":true,"href":"https:\/\/www.huashunware.com\/fr\/wp-json\/wp\/v2\/product_cat?post=447"},{"taxonomy":"product_tag","embeddable":true,"href":"https:\/\/www.huashunware.com\/fr\/wp-json\/wp\/v2\/product_tag?post=447"}],"curies":[{"name":"wp","href":"https:\/\/api.w.org\/{rel}","templated":true}]}}