{"id":453,"date":"2025-09-18T03:41:51","date_gmt":"2025-09-18T03:41:51","guid":{"rendered":"https:\/\/www.huashunware.com\/?post_type=product&#038;p=453"},"modified":"2025-09-18T06:03:02","modified_gmt":"2025-09-18T06:03:02","slug":"bulk-food-storage-containers-with-lids-stackable-design","status":"publish","type":"product","link":"https:\/\/www.huashunware.com\/fr\/produit\/bulk-food-storage-containers-with-lids-stackable-design\/","title":{"rendered":"R\u00e9cipients de stockage d'aliments en vrac avec couvercles empilables"},"content":{"rendered":"<div class=\"wp-block-columns is-layout-flex wp-container-core-columns-is-layout-9d6595d7 wp-block-columns-is-layout-flex\">\n<div class=\"wp-block-column is-layout-flow wp-block-column-is-layout-flow\">\n<h2 class=\"wp-block-heading\">R\u00e9cipients de stockage des aliments avec couvercles Caract\u00e9ristiques :<\/h2>\n\n\n\n<p><strong>Peut \u00eatre utilis\u00e9 au four \u00e0 micro-ondes :<\/strong> Fabriqu\u00e9s en plastique de qualit\u00e9 sup\u00e9rieure r\u00e9sistant \u00e0 la chaleur, ils peuvent \u00eatre pass\u00e9s au micro-ondes en toute s\u00e9curit\u00e9. R\u00e9chauffez les aliments sans risque de d\u00e9formation.<\/p>\n\n\n\n<p><strong>\u00c9tanche \u00e0 l'air et aux fuites :<\/strong> \u00c9quip\u00e9es de couvercles \u00e0 fermeture \u00e0 boucle et de joints en silicone pour cr\u00e9er une fermeture herm\u00e9tique. Ils conservent la fra\u00eecheur des aliments plus longtemps et emp\u00eachent les \u00e9claboussures lors du transport ou du stockage.<\/p>\n\n\n\n<p><strong>Durable et r\u00e9utilisable :<\/strong> Fabriqu\u00e9 en plastique solide et sans BPA, il r\u00e9siste \u00e0 une utilisation r\u00e9p\u00e9t\u00e9e. R\u00e9siste \u00e0 la fissuration, \u00e0 la flexion ou \u00e0 la d\u00e9formation en cas d'utilisation prolong\u00e9e.<\/p>\n\n\n\n<p><strong>Design empilable :<\/strong> La conception g\u00e9niale empilable permet un rangement sans effort dans les armoires de cuisine, les r\u00e9frig\u00e9rateurs ou les garde-manger. Permet d'\u00e9conomiser de l'espace tout en gardant votre cuisine propre et organis\u00e9e.<\/p>\n\n\n\n<p><strong>Amical \u00e0 la vente en gros :<\/strong> Id\u00e9al pour les commandes en gros, les restaurants, les entreprises de restauration ou le commerce de d\u00e9tail. C'est la solution la moins ch\u00e8re pour le stockage des aliments en vrac.<\/p>\n<\/div>\n\n\n\n<div class=\"wp-block-column is-layout-flow wp-block-column-is-layout-flow\">\n<figure class=\"wp-block-image size-full\"><img decoding=\"async\" width=\"3072\" height=\"3072\" src=\"https:\/\/www.huashunware.com\/wp-content\/uploads\/2025\/09\/Bulk-Food-Storage-Containers-with-Lids-Stackable-Design3.webp\" alt=\"R\u00e9cipients de stockage d&#039;aliments en vrac avec couvercles empilables Design3\" class=\"wp-image-456\" srcset=\"https:\/\/www.huashunware.com\/wp-content\/uploads\/2025\/09\/Bulk-Food-Storage-Containers-with-Lids-Stackable-Design3.webp 3072w, https:\/\/www.huashunware.com\/wp-content\/uploads\/2025\/09\/Bulk-Food-Storage-Containers-with-Lids-Stackable-Design3-300x300.webp 300w, https:\/\/www.huashunware.com\/wp-content\/uploads\/2025\/09\/Bulk-Food-Storage-Containers-with-Lids-Stackable-Design3-150x150.webp 150w, https:\/\/www.huashunware.com\/wp-content\/uploads\/2025\/09\/Bulk-Food-Storage-Containers-with-Lids-Stackable-Design3-768x768.webp 768w, https:\/\/www.huashunware.com\/wp-content\/uploads\/2025\/09\/Bulk-Food-Storage-Containers-with-Lids-Stackable-Design3-1200x1200.webp 1200w, https:\/\/www.huashunware.com\/wp-content\/uploads\/2025\/09\/Bulk-Food-Storage-Containers-with-Lids-Stackable-Design3-600x600.webp 600w, https:\/\/www.huashunware.com\/wp-content\/uploads\/2025\/09\/Bulk-Food-Storage-Containers-with-Lids-Stackable-Design3-100x100.webp 100w\" sizes=\"(max-width: 3072px) 100vw, 3072px\" \/><\/figure>\n<\/div>\n<\/div>","protected":false},"excerpt":{"rendered":"<p data-start=\"68\" data-end=\"340\">Les r\u00e9cipients de stockage d'aliments en vrac avec couvercles sont empilables et dot\u00e9s de couvercles herm\u00e9tiques \u00e0 fermeture \u00e0 boucle avec joints en silicone. Passant au micro-ondes et durables, ils sont parfaits pour conserver la fra\u00eecheur des aliments plus longtemps et sont id\u00e9aux pour les commandes en vrac, la restauration ou la vente au d\u00e9tail.<\/p>\n<h2 class=\"brxe-product-title\">R\u00e9cipients de stockage d'aliments en vrac avec couvercles Attributs :<\/h2>\n<table>\n<thead>\n<tr>\n<th style=\"text-align: center;\">Taille<\/th>\n<th style=\"text-align: center;\">Dimensions (L \u00d7 L \u00d7 H)<\/th>\n<\/tr>\n<\/thead>\n<tbody>\n<tr>\n<td>S<\/td>\n<td>21 \u00d7 15,3 \u00d7 10,2 cm<\/td>\n<\/tr>\n<tr>\n<td>M<\/td>\n<td>25 \u00d7 18,2 \u00d7 11,3 cm<\/td>\n<\/tr>\n<tr>\n<td>L<\/td>\n<td>28,5 \u00d7 21,3 \u00d7 12,6 cm<\/td>\n<\/tr>\n<\/tbody>\n<\/table>\n<p><strong>MOQ : 60 pi\u00e8ces<\/strong><\/p>\n<h2 class=\"brxe-product-title\">Stocker les r\u00e9cipients de stockage des aliments avec des couvercles :<\/h2>\n<ul>\n<li data-start=\"63\" data-end=\"118\">\n<p data-start=\"65\" data-end=\"118\"><strong data-start=\"65\" data-end=\"76\">\u00c9chantillon :<\/strong> \u00c9chantillon gratuit disponible avant la commande en gros<\/p>\n<\/li>\n<li data-start=\"119\" data-end=\"185\">\n<p data-start=\"121\" data-end=\"185\"><strong data-start=\"121\" data-end=\"139\">Livraison rapide :<\/strong> Les articles en stock peuvent \u00eatre exp\u00e9di\u00e9s dans les 7 jours.<\/p>\n<\/li>\n<li data-start=\"186\" data-end=\"255\">\n<p data-start=\"188\" data-end=\"255\"><strong data-start=\"188\" data-end=\"206\">Joint \u00e9tanche \u00e0 l'air :<\/strong> La fermeture herm\u00e9tique permet de conserver la fra\u00eecheur des aliments plus longtemps<\/p>\n<\/li>\n<\/ul>","protected":false},"featured_media":454,"comment_status":"closed","ping_status":"closed","template":"","meta":{"_acf_changed":false},"product_brand":[],"product_cat":[21,25],"product_tag":[],"class_list":{"0":"post-453","1":"product","2":"type-product","3":"status-publish","4":"has-post-thumbnail","6":"product_cat-plastic-household-products-wholesale","7":"product_cat-wholesale-food-storage-containers","9":"first","10":"instock","11":"shipping-taxable","12":"product-type-simple"},"acf":[],"_links":{"self":[{"href":"https:\/\/www.huashunware.com\/fr\/wp-json\/wp\/v2\/product\/453","targetHints":{"allow":["GET"]}}],"collection":[{"href":"https:\/\/www.huashunware.com\/fr\/wp-json\/wp\/v2\/product"}],"about":[{"href":"https:\/\/www.huashunware.com\/fr\/wp-json\/wp\/v2\/types\/product"}],"replies":[{"embeddable":true,"href":"https:\/\/www.huashunware.com\/fr\/wp-json\/wp\/v2\/comments?post=453"}],"wp:featuredmedia":[{"embeddable":true,"href":"https:\/\/www.huashunware.com\/fr\/wp-json\/wp\/v2\/media\/454"}],"wp:attachment":[{"href":"https:\/\/www.huashunware.com\/fr\/wp-json\/wp\/v2\/media?parent=453"}],"wp:term":[{"taxonomy":"product_brand","embeddable":true,"href":"https:\/\/www.huashunware.com\/fr\/wp-json\/wp\/v2\/product_brand?post=453"},{"taxonomy":"product_cat","embeddable":true,"href":"https:\/\/www.huashunware.com\/fr\/wp-json\/wp\/v2\/product_cat?post=453"},{"taxonomy":"product_tag","embeddable":true,"href":"https:\/\/www.huashunware.com\/fr\/wp-json\/wp\/v2\/product_tag?post=453"}],"curies":[{"name":"wp","href":"https:\/\/api.w.org\/{rel}","templated":true}]}}