{"id":459,"date":"2025-09-18T06:27:56","date_gmt":"2025-09-18T06:27:56","guid":{"rendered":"https:\/\/www.huashunware.com\/?post_type=product&#038;p=459"},"modified":"2025-09-18T06:51:27","modified_gmt":"2025-09-18T06:51:27","slug":"wholesale-food-storage-container-with-strainer-for-bulk-orders","status":"publish","type":"product","link":"https:\/\/www.huashunware.com\/fr\/produit\/wholesale-food-storage-container-with-strainer-for-bulk-orders\/","title":{"rendered":"R\u00e9cipient de conservation des aliments en gros avec filtre pour les commandes en gros"},"content":{"rendered":"<div class=\"wp-block-columns is-layout-flex wp-container-core-columns-is-layout-9d6595d7 wp-block-columns-is-layout-flex\">\n<div class=\"wp-block-column is-layout-flow wp-block-column-is-layout-flow\">\n<h2 class=\"wp-block-heading\">R\u00e9cipient de stockage des aliments avec filtre Caract\u00e9ristiques :<\/h2>\n\n\n\n<p><strong>Mat\u00e9riau de qualit\u00e9 alimentaire : <\/strong>Fabriqu\u00e9 en PP alimentaire de haute qualit\u00e9, sans BPA, il garantit la s\u00e9curit\u00e9 du stockage des fruits, des l\u00e9gumes et d'autres aliments. Convient aux m\u00e9nages, aux restaurants et aux traiteurs.<\/p>\n\n\n\n<p><strong>Conception facile de la passoire : <\/strong>Con\u00e7u avec un panier d'\u00e9gouttage int\u00e9gr\u00e9, facilitant le lavage et l'\u00e9gouttage des l\u00e9gumes et des fruits. Pratique pour la pr\u00e9paration des repas, il garantit la propret\u00e9 et la fra\u00eecheur des aliments.<\/p>\n\n\n\n<p><strong>Portable et facile \u00e0 d\u00e9placer :<\/strong> \u00c9quip\u00e9 d'une solide poign\u00e9e de transport pour faciliter les d\u00e9placements, id\u00e9al pour les pique-niques en plein air, les voyages en camping ou m\u00eame la cuisine. L\u00e9ger mais suffisamment robuste pour une manipulation ais\u00e9e.<\/p>\n\n\n\n<p><strong>Durable et r\u00e9utilisable :<\/strong> Fabriqu\u00e9 en plastique robuste de premi\u00e8re qualit\u00e9 qui ne peut ni se fissurer, ni se plier, ni se d\u00e9former. Con\u00e7ue pour une utilisation quotidienne r\u00e9p\u00e9t\u00e9e, elle est id\u00e9ale pour les cuisines r\u00e9sidentielles ou les restaurants.<\/p>\n\n\n\n<p><strong>Vente en gros et en vrac : <\/strong>Parfait pour les commandes en gros, les restaurants, les entreprises de restauration ou les magasins de d\u00e9tail. Une option rentable et pratique pour les besoins de stockage de masse des aliments, avec une qualit\u00e9 sup\u00e9rieure.<\/p>\n<\/div>\n\n\n\n<div class=\"wp-block-column is-layout-flow wp-block-column-is-layout-flow\">\n<figure class=\"wp-block-image size-full\"><img decoding=\"async\" width=\"3072\" height=\"3072\" src=\"https:\/\/www.huashunware.com\/wp-content\/uploads\/2025\/09\/Bulk-Food-Storage-Containers-with-Lids-Stackable-Design2-1.webp\" alt=\"R\u00e9cipients de stockage d&#039;aliments en vrac avec couvercles empilables Design2\" class=\"wp-image-461\" srcset=\"https:\/\/www.huashunware.com\/wp-content\/uploads\/2025\/09\/Bulk-Food-Storage-Containers-with-Lids-Stackable-Design2-1.webp 3072w, https:\/\/www.huashunware.com\/wp-content\/uploads\/2025\/09\/Bulk-Food-Storage-Containers-with-Lids-Stackable-Design2-1-300x300.webp 300w, https:\/\/www.huashunware.com\/wp-content\/uploads\/2025\/09\/Bulk-Food-Storage-Containers-with-Lids-Stackable-Design2-1-150x150.webp 150w, https:\/\/www.huashunware.com\/wp-content\/uploads\/2025\/09\/Bulk-Food-Storage-Containers-with-Lids-Stackable-Design2-1-768x768.webp 768w, https:\/\/www.huashunware.com\/wp-content\/uploads\/2025\/09\/Bulk-Food-Storage-Containers-with-Lids-Stackable-Design2-1-1200x1200.webp 1200w, https:\/\/www.huashunware.com\/wp-content\/uploads\/2025\/09\/Bulk-Food-Storage-Containers-with-Lids-Stackable-Design2-1-600x600.webp 600w, https:\/\/www.huashunware.com\/wp-content\/uploads\/2025\/09\/Bulk-Food-Storage-Containers-with-Lids-Stackable-Design2-1-100x100.webp 100w\" sizes=\"(max-width: 3072px) 100vw, 3072px\" \/><\/figure>\n<\/div>\n<\/div>","protected":false},"excerpt":{"rendered":"<p data-start=\"68\" data-end=\"340\">Le r\u00e9cipient de stockage alimentaire de gros avec passoire est dot\u00e9 d'un panier d'\u00e9gouttage int\u00e9gr\u00e9 et d'une poign\u00e9e de transport robuste, ce qui facilite le lavage et le transport des fruits ou des l\u00e9gumes. Fabriqu\u00e9 en PP de qualit\u00e9 alimentaire, il est durable, s\u00fbr et id\u00e9al pour les commandes en gros, les restaurants ou l'usage domestique.<\/p>\n<h2 class=\"brxe-product-title\">R\u00e9cipient de conservation des aliments en gros avec filtre Attributs :<\/h2>\n<table>\n<thead>\n<tr>\n<th style=\"text-align: center;\">Taille<\/th>\n<th style=\"text-align: center;\">Dimensions (L \u00d7 L \u00d7 H)<\/th>\n<\/tr>\n<\/thead>\n<tbody>\n<tr>\n<td>S<\/td>\n<td>21 \u00d7 15,3 \u00d7 10,2 cm<\/td>\n<\/tr>\n<tr>\n<td>M<\/td>\n<td>25 \u00d7 18,2 \u00d7 11,3 cm<\/td>\n<\/tr>\n<tr>\n<td>L<\/td>\n<td>28,5 \u00d7 21,3 \u00d7 12,6 cm<\/td>\n<\/tr>\n<\/tbody>\n<\/table>\n<p><strong>MOQ : 20 pi\u00e8ces<\/strong><\/p>\n<h2 class=\"brxe-product-title\">R\u00e9cipient de stockage des aliments avec filtre :<\/h2>\n<ul>\n<li data-start=\"63\" data-end=\"118\">\n<p data-start=\"65\" data-end=\"118\"><strong data-start=\"65\" data-end=\"76\">\u00c9chantillon :<\/strong> \u00c9chantillon gratuit disponible avant la commande en gros<\/p>\n<\/li>\n<li data-start=\"119\" data-end=\"185\">\n<p data-start=\"121\" data-end=\"185\"><strong data-start=\"121\" data-end=\"139\">Livraison rapide :<\/strong> Les articles en stock peuvent \u00eatre exp\u00e9di\u00e9s dans les 7 jours.<\/p>\n<\/li>\n<li data-start=\"186\" data-end=\"255\">\n<p data-start=\"188\" data-end=\"255\"><strong data-start=\"188\" data-end=\"206\">Joint \u00e9tanche \u00e0 l'air :<\/strong> La fermeture herm\u00e9tique permet de conserver la fra\u00eecheur des aliments plus longtemps<\/p>\n<\/li>\n<\/ul>","protected":false},"featured_media":464,"comment_status":"closed","ping_status":"closed","template":"","meta":{"_acf_changed":false},"product_brand":[],"product_cat":[21,25],"product_tag":[],"class_list":{"0":"post-459","1":"product","2":"type-product","3":"status-publish","4":"has-post-thumbnail","6":"product_cat-plastic-household-products-wholesale","7":"product_cat-wholesale-food-storage-containers","9":"first","10":"instock","11":"shipping-taxable","12":"product-type-simple"},"acf":[],"_links":{"self":[{"href":"https:\/\/www.huashunware.com\/fr\/wp-json\/wp\/v2\/product\/459","targetHints":{"allow":["GET"]}}],"collection":[{"href":"https:\/\/www.huashunware.com\/fr\/wp-json\/wp\/v2\/product"}],"about":[{"href":"https:\/\/www.huashunware.com\/fr\/wp-json\/wp\/v2\/types\/product"}],"replies":[{"embeddable":true,"href":"https:\/\/www.huashunware.com\/fr\/wp-json\/wp\/v2\/comments?post=459"}],"wp:featuredmedia":[{"embeddable":true,"href":"https:\/\/www.huashunware.com\/fr\/wp-json\/wp\/v2\/media\/464"}],"wp:attachment":[{"href":"https:\/\/www.huashunware.com\/fr\/wp-json\/wp\/v2\/media?parent=459"}],"wp:term":[{"taxonomy":"product_brand","embeddable":true,"href":"https:\/\/www.huashunware.com\/fr\/wp-json\/wp\/v2\/product_brand?post=459"},{"taxonomy":"product_cat","embeddable":true,"href":"https:\/\/www.huashunware.com\/fr\/wp-json\/wp\/v2\/product_cat?post=459"},{"taxonomy":"product_tag","embeddable":true,"href":"https:\/\/www.huashunware.com\/fr\/wp-json\/wp\/v2\/product_tag?post=459"}],"curies":[{"name":"wp","href":"https:\/\/api.w.org\/{rel}","templated":true}]}}