{"id":473,"date":"2025-09-18T07:48:24","date_gmt":"2025-09-18T07:48:24","guid":{"rendered":"https:\/\/www.huashunware.com\/?post_type=product&#038;p=473"},"modified":"2025-09-18T07:59:25","modified_gmt":"2025-09-18T07:59:25","slug":"wholesale-flour-sifter-cup-small-size-flour-sieve","status":"publish","type":"product","link":"https:\/\/www.huashunware.com\/fr\/produit\/wholesale-flour-sifter-cup-small-size-flour-sieve\/","title":{"rendered":"Tamis \u00e0 farine en gros Tasse \u00e0 farine de petite taille"},"content":{"rendered":"<div class=\"wp-block-columns is-layout-flex wp-container-core-columns-is-layout-9d6595d7 wp-block-columns-is-layout-flex\">\n<div class=\"wp-block-column is-layout-flow wp-block-column-is-layout-flow\">\n<h2 class=\"wp-block-heading\">Tasse \u00e0 tamiser la farine Caract\u00e9ristiques :<\/h2>\n\n\n\n<p><strong>Construction durable en m\u00e9tal \u00e9pais\uff1a<\/strong> Fabriqu\u00e9 en m\u00e9tal renforc\u00e9, ce tamis est con\u00e7u pour \u00eatre utilis\u00e9 jour apr\u00e8s jour sans se plier ni se d\u00e9former. Sa construction robuste garantit une fiabilit\u00e9 \u00e0 long terme, ce qui le rend parfait pour les proc\u00e9dures de cuisson \u00e0 domicile fr\u00e9quentes.<\/p>\n\n\n\n<p><strong>Acier inoxydable de qualit\u00e9 alimentaire : <\/strong>Enti\u00e8rement fabriqu\u00e9 en acier inoxydable de qualit\u00e9 alimentaire, ce tamis emp\u00eache la contamination de vos ingr\u00e9dients et r\u00e9siste \u00e0 la rouille. Vous pouvez l'utiliser en toute confiance pour tous les types de farine et de produits secs.<\/p>\n\n\n\n<p><strong>Surface \u00e9l\u00e9gante polie miroir<\/strong>\uff1aLa finition lisse et r\u00e9fl\u00e9chissante n'est pas seulement chic dans une cuisine, elle est aussi facile \u00e0 nettoyer. La farine et les accumulations s'enl\u00e8vent sans effort, ce qui permet de gagner du temps et de l'\u00e9nergie.<\/p>\n\n\n\n<p><strong>Une taille compacte et facile \u00e0 ranger pour plus de pr\u00e9cision\uff1a<\/strong>Id\u00e9al pour les petites quantit\u00e9s, ce tamis vous permet de mesurer et de tamiser la farine avec pr\u00e9cision, afin d'obtenir des r\u00e9sultats homog\u00e8nes \u00e0 chaque fois. Sa taille compacte et facile \u00e0 ranger lui permet de s'int\u00e9grer facilement dans n'importe quelle cuisine.<\/p>\n\n\n\n<p><strong>Facilit\u00e9 d'entretien et durabilit\u00e9\uff1a<\/strong>R\u00e9sistant \u00e0 l'usure et \u00e0 la corrosion, le tamis passe au lave-vaisselle et est facile \u00e0 entretenir. Un outil fiable qui vous accompagnera pendant des ann\u00e9es sans compromis sur la qualit\u00e9.<\/p>\n<\/div>\n\n\n\n<div class=\"wp-block-column is-layout-flow wp-block-column-is-layout-flow\">\n<figure class=\"wp-block-image size-full\"><img decoding=\"async\" width=\"870\" height=\"870\" src=\"https:\/\/www.huashunware.com\/wp-content\/uploads\/2025\/09\/Wholesale-Flour-Sifter-Cup-Small-Size-Flour-Sieve2.webp\" alt=\"Tamis \u00e0 farine en gros Coupe de farine de petite taille Tamis \u00e0 farine2\" class=\"wp-image-475\" srcset=\"https:\/\/www.huashunware.com\/wp-content\/uploads\/2025\/09\/Wholesale-Flour-Sifter-Cup-Small-Size-Flour-Sieve2.webp 870w, https:\/\/www.huashunware.com\/wp-content\/uploads\/2025\/09\/Wholesale-Flour-Sifter-Cup-Small-Size-Flour-Sieve2-300x300.webp 300w, https:\/\/www.huashunware.com\/wp-content\/uploads\/2025\/09\/Wholesale-Flour-Sifter-Cup-Small-Size-Flour-Sieve2-150x150.webp 150w, https:\/\/www.huashunware.com\/wp-content\/uploads\/2025\/09\/Wholesale-Flour-Sifter-Cup-Small-Size-Flour-Sieve2-768x768.webp 768w, https:\/\/www.huashunware.com\/wp-content\/uploads\/2025\/09\/Wholesale-Flour-Sifter-Cup-Small-Size-Flour-Sieve2-600x600.webp 600w, https:\/\/www.huashunware.com\/wp-content\/uploads\/2025\/09\/Wholesale-Flour-Sifter-Cup-Small-Size-Flour-Sieve2-100x100.webp 100w\" sizes=\"(max-width: 870px) 100vw, 870px\" \/><\/figure>\n<\/div>\n<\/div>","protected":false},"excerpt":{"rendered":"<p data-start=\"68\" data-end=\"340\">Le tamis \u00e0 farine en gros est un outil de cuisine compact, durable et \u00e9l\u00e9gant, fabriqu\u00e9 en acier inoxydable \u00e9paissi de qualit\u00e9 alimentaire. Sa surface polie comme un miroir facilite le nettoyage, tandis que sa petite taille pr\u00e9cise le rend parfait pour la p\u00e2tisserie et les petites quantit\u00e9s de farine.<\/p>\n<h2 class=\"brxe-product-title\">Coupe de tamisage de farine en gros Attributs :<\/h2>\n<table>\n<thead>\n<tr>\n<th style=\"text-align: center;\">Attribut<\/th>\n<th style=\"text-align: center;\">Sp\u00e9cifications<\/th>\n<\/tr>\n<\/thead>\n<tbody>\n<tr>\n<td>Poids<\/td>\n<td>102.5 g<\/td>\n<\/tr>\n<tr>\n<td>Taille<\/td>\n<td>\u00d88 \u00d7 8,9 cm (H)<\/td>\n<\/tr>\n<\/tbody>\n<\/table>\n<p><strong>MOQ : 96 pi\u00e8ces<\/strong><\/p>\n<h2 class=\"brxe-product-title\">Coupe de tamisage de farine sur mesure :<\/h2>\n<ul>\n<li data-start=\"36\" data-end=\"91\">\n<p data-start=\"38\" data-end=\"91\"><strong data-start=\"38\" data-end=\"49\">\u00c9chantillon :<\/strong> \u00c9chantillon gratuit disponible avant la commande en gros<\/p>\n<\/li>\n<li data-start=\"92\" data-end=\"158\">\n<p data-start=\"94\" data-end=\"158\"><strong data-start=\"94\" data-end=\"112\">Livraison rapide :<\/strong> Les articles en stock peuvent \u00eatre exp\u00e9di\u00e9s dans les 7 jours.<\/p>\n<\/li>\n<li data-start=\"159\" data-end=\"274\">\n<p data-start=\"161\" data-end=\"274\"><strong data-start=\"161\" data-end=\"182\">Emballage personnalis\u00e9 :<\/strong> Possibilit\u00e9 de logo personnalis\u00e9 et de diff\u00e9rentes options d'emballage telles que bo\u00eete en PET, bo\u00eete en PVC ou bo\u00eete cadeau.<\/p>\n<\/li>\n<\/ul>","protected":false},"featured_media":474,"comment_status":"closed","ping_status":"closed","template":"","meta":{"_acf_changed":false},"product_brand":[],"product_cat":[20,23],"product_tag":[],"class_list":{"0":"post-473","1":"product","2":"type-product","3":"status-publish","4":"has-post-thumbnail","6":"product_cat-wholesale-kitchen-utensils","7":"product_cat-wholesale-stainless-steel-flour-sifter","9":"first","10":"instock","11":"shipping-taxable","12":"product-type-simple"},"acf":[],"_links":{"self":[{"href":"https:\/\/www.huashunware.com\/fr\/wp-json\/wp\/v2\/product\/473","targetHints":{"allow":["GET"]}}],"collection":[{"href":"https:\/\/www.huashunware.com\/fr\/wp-json\/wp\/v2\/product"}],"about":[{"href":"https:\/\/www.huashunware.com\/fr\/wp-json\/wp\/v2\/types\/product"}],"replies":[{"embeddable":true,"href":"https:\/\/www.huashunware.com\/fr\/wp-json\/wp\/v2\/comments?post=473"}],"wp:featuredmedia":[{"embeddable":true,"href":"https:\/\/www.huashunware.com\/fr\/wp-json\/wp\/v2\/media\/474"}],"wp:attachment":[{"href":"https:\/\/www.huashunware.com\/fr\/wp-json\/wp\/v2\/media?parent=473"}],"wp:term":[{"taxonomy":"product_brand","embeddable":true,"href":"https:\/\/www.huashunware.com\/fr\/wp-json\/wp\/v2\/product_brand?post=473"},{"taxonomy":"product_cat","embeddable":true,"href":"https:\/\/www.huashunware.com\/fr\/wp-json\/wp\/v2\/product_cat?post=473"},{"taxonomy":"product_tag","embeddable":true,"href":"https:\/\/www.huashunware.com\/fr\/wp-json\/wp\/v2\/product_tag?post=473"}],"curies":[{"name":"wp","href":"https:\/\/api.w.org\/{rel}","templated":true}]}}