{"id":477,"date":"2025-09-18T07:59:37","date_gmt":"2025-09-18T07:59:37","guid":{"rendered":"https:\/\/www.huashunware.com\/?post_type=product&#038;p=477"},"modified":"2025-09-18T08:05:35","modified_gmt":"2025-09-18T08:05:35","slug":"custom-flour-sifter-cup-middle-size-flour-sieve","status":"publish","type":"product","link":"https:\/\/www.huashunware.com\/fr\/produit\/custom-flour-sifter-cup-middle-size-flour-sieve\/","title":{"rendered":"Tamis \u00e0 farine sur mesure Coupe de farine de taille moyenne"},"content":{"rendered":"<div class=\"wp-block-columns is-layout-flex wp-container-core-columns-is-layout-9d6595d7 wp-block-columns-is-layout-flex\">\n<div class=\"wp-block-column is-layout-flow wp-block-column-is-layout-flow\">\n<h2 class=\"wp-block-heading\">Tasse \u00e0 tamiser la farine Caract\u00e9ristiques :<\/h2>\n\n\n\n<p><strong>M\u00e9tal \u00e9paissi pour une durabilit\u00e9 accrue\uff1a<\/strong>Sp\u00e9cialement con\u00e7u pour r\u00e9sister aux bosses, aux d\u00e9formations et aux manipulations brutales, ce tamis ne perdra ni sa forme ni sa fonction au fil du temps. Il est parfait pour les p\u00e2tisseries domestiques et les utilisations commerciales l\u00e9g\u00e8res.<\/p>\n\n\n\n<p><strong>Acier inoxydable alimentaire s\u00fbr\uff1a<\/strong>Chaque partie du tamis est fabriqu\u00e9e en acier inoxydable alimentaire pour que vos ingr\u00e9dients soient exempts de germes et de contaminants.<\/p>\n\n\n\n<p><strong>Surface brillante polie comme un miroir\uff1a<\/strong> Non seulement la finition lisse offre un aspect professionnel et brillant, mais elle est \u00e9galement facile et rapide \u00e0 nettoyer et \u00e0 entretenir.<\/p>\n\n\n\n<p><strong>Taille moyenne pour une cuisson pratique\uff1a<\/strong>La taille id\u00e9ale pour tous vos besoins de cuisson, des g\u00e2teaux et p\u00e2tisseries aux muffins et au pain, avec l'\u00e9quilibre parfait entre efficacit\u00e9 et pr\u00e9cision.<\/p>\n\n\n\n<p><strong>Un tamisage doux et r\u00e9gulier pour des r\u00e9sultats fiables\uff1a<\/strong>Sa maille soigneusement construite laisse passer la farine en toute fiabilit\u00e9, sans grumeaux, et cr\u00e9e la texture id\u00e9ale pour toutes vos recettes.<\/p>\n<\/div>\n\n\n\n<div class=\"wp-block-column is-layout-flow wp-block-column-is-layout-flow\">\n<figure class=\"wp-block-image size-full\"><img decoding=\"async\" width=\"951\" height=\"951\" src=\"https:\/\/www.huashunware.com\/wp-content\/uploads\/2025\/09\/Custom-Flour-Sifter-Cup-Middle-Size-Flour-Sieve2.webp\" alt=\"Tamis \u00e0 farine sur mesure Coupe de farine de taille moyenne2\" class=\"wp-image-479\" srcset=\"https:\/\/www.huashunware.com\/wp-content\/uploads\/2025\/09\/Custom-Flour-Sifter-Cup-Middle-Size-Flour-Sieve2.webp 951w, https:\/\/www.huashunware.com\/wp-content\/uploads\/2025\/09\/Custom-Flour-Sifter-Cup-Middle-Size-Flour-Sieve2-300x300.webp 300w, https:\/\/www.huashunware.com\/wp-content\/uploads\/2025\/09\/Custom-Flour-Sifter-Cup-Middle-Size-Flour-Sieve2-150x150.webp 150w, https:\/\/www.huashunware.com\/wp-content\/uploads\/2025\/09\/Custom-Flour-Sifter-Cup-Middle-Size-Flour-Sieve2-768x768.webp 768w, https:\/\/www.huashunware.com\/wp-content\/uploads\/2025\/09\/Custom-Flour-Sifter-Cup-Middle-Size-Flour-Sieve2-600x600.webp 600w, https:\/\/www.huashunware.com\/wp-content\/uploads\/2025\/09\/Custom-Flour-Sifter-Cup-Middle-Size-Flour-Sieve2-100x100.webp 100w\" sizes=\"(max-width: 951px) 100vw, 951px\" \/><\/figure>\n<\/div>\n<\/div>","protected":false},"excerpt":{"rendered":"<p data-start=\"2747\" data-end=\"3047\">Le tamis \u00e0 farine Custom flour sifter cup de taille moyenne allie durabilit\u00e9, hygi\u00e8ne et \u00e9l\u00e9gance. Sa taille moyenne est parfaite pour les t\u00e2ches de p\u00e2tisserie quotidiennes, et permet d'obtenir une farine lisse et homog\u00e8ne \u00e0 chaque fois. L'acier inoxydable \u00e9paissi garantit des performances durables avec un minimum d'entretien.<\/p>\n<h2 class=\"brxe-product-title\">Coupe de tamisage de farine en gros Attributs :<\/h2>\n<table>\n<thead>\n<tr>\n<th style=\"text-align: center;\">Attribut<\/th>\n<th style=\"text-align: center;\">Sp\u00e9cifications<\/th>\n<\/tr>\n<\/thead>\n<tbody>\n<tr>\n<td>Poids<\/td>\n<td>208 g<\/td>\n<\/tr>\n<tr>\n<td>Taille<\/td>\n<td>\u00d89,4 \u00d7 12,8 cm (H)<\/td>\n<\/tr>\n<\/tbody>\n<\/table>\n<p><strong>MOQ : 72 pi\u00e8ces<\/strong><\/p>\n<h2 class=\"brxe-product-title\">Coupe de tamisage de farine sur mesure :<\/h2>\n<ul>\n<li data-start=\"36\" data-end=\"91\">\n<p data-start=\"38\" data-end=\"91\"><strong data-start=\"38\" data-end=\"49\">\u00c9chantillon :<\/strong> \u00c9chantillon gratuit disponible avant la commande en gros<\/p>\n<\/li>\n<li data-start=\"92\" data-end=\"158\">\n<p data-start=\"94\" data-end=\"158\"><strong data-start=\"94\" data-end=\"112\">Livraison rapide :<\/strong> Les articles en stock peuvent \u00eatre exp\u00e9di\u00e9s dans les 7 jours.<\/p>\n<\/li>\n<li data-start=\"159\" data-end=\"274\">\n<p data-start=\"161\" data-end=\"274\"><strong data-start=\"161\" data-end=\"182\">Emballage personnalis\u00e9 :<\/strong> Possibilit\u00e9 de logo personnalis\u00e9 et de diff\u00e9rentes options d'emballage telles que bo\u00eete en PET, bo\u00eete en PVC ou bo\u00eete cadeau.<\/p>\n<\/li>\n<\/ul>","protected":false},"featured_media":478,"comment_status":"closed","ping_status":"closed","template":"","meta":{"_acf_changed":false},"product_brand":[],"product_cat":[20,23],"product_tag":[],"class_list":{"0":"post-477","1":"product","2":"type-product","3":"status-publish","4":"has-post-thumbnail","6":"product_cat-wholesale-kitchen-utensils","7":"product_cat-wholesale-stainless-steel-flour-sifter","9":"first","10":"instock","11":"shipping-taxable","12":"product-type-simple"},"acf":[],"_links":{"self":[{"href":"https:\/\/www.huashunware.com\/fr\/wp-json\/wp\/v2\/product\/477","targetHints":{"allow":["GET"]}}],"collection":[{"href":"https:\/\/www.huashunware.com\/fr\/wp-json\/wp\/v2\/product"}],"about":[{"href":"https:\/\/www.huashunware.com\/fr\/wp-json\/wp\/v2\/types\/product"}],"replies":[{"embeddable":true,"href":"https:\/\/www.huashunware.com\/fr\/wp-json\/wp\/v2\/comments?post=477"}],"wp:featuredmedia":[{"embeddable":true,"href":"https:\/\/www.huashunware.com\/fr\/wp-json\/wp\/v2\/media\/478"}],"wp:attachment":[{"href":"https:\/\/www.huashunware.com\/fr\/wp-json\/wp\/v2\/media?parent=477"}],"wp:term":[{"taxonomy":"product_brand","embeddable":true,"href":"https:\/\/www.huashunware.com\/fr\/wp-json\/wp\/v2\/product_brand?post=477"},{"taxonomy":"product_cat","embeddable":true,"href":"https:\/\/www.huashunware.com\/fr\/wp-json\/wp\/v2\/product_cat?post=477"},{"taxonomy":"product_tag","embeddable":true,"href":"https:\/\/www.huashunware.com\/fr\/wp-json\/wp\/v2\/product_tag?post=477"}],"curies":[{"name":"wp","href":"https:\/\/api.w.org\/{rel}","templated":true}]}}