{"id":481,"date":"2025-09-18T08:06:12","date_gmt":"2025-09-18T08:06:12","guid":{"rendered":"https:\/\/www.huashunware.com\/?post_type=product&#038;p=481"},"modified":"2025-09-18T08:15:40","modified_gmt":"2025-09-18T08:15:40","slug":"bulk-flour-sieve-cup-large-size-flour-sieve","status":"publish","type":"product","link":"https:\/\/www.huashunware.com\/fr\/produit\/bulk-flour-sieve-cup-large-size-flour-sieve\/","title":{"rendered":"Tamis \u00e0 farine en vrac Tamis \u00e0 farine de grande taille"},"content":{"rendered":"<div class=\"wp-block-columns is-layout-flex wp-container-core-columns-is-layout-9d6595d7 wp-block-columns-is-layout-flex\">\n<div class=\"wp-block-column is-layout-flow wp-block-column-is-layout-flow\">\n<h2 class=\"wp-block-heading\">Tasse \u00e0 farine Caract\u00e9ristiques :<\/h2>\n\n\n\n<p><strong>M\u00e9tal tr\u00e8s \u00e9pais pour une utilisation intensive :<\/strong>Construit en m\u00e9tal \u00e9pais et renforc\u00e9, ce tamis peut r\u00e9sister \u00e0 d'\u00e9normes quantit\u00e9s de farine et \u00e0 une utilisation intensive sans se d\u00e9former ni se casser. C'est l'option id\u00e9ale pour une utilisation commerciale et pour les boulangers amateurs s\u00e9rieux.<\/p>\n\n\n\n<p><strong>Acier inoxydable de qualit\u00e9 alimentaire sup\u00e9rieure :<\/strong>Fabriqu\u00e9 en acier inoxydable de premi\u00e8re qualit\u00e9, il est sain, durable et r\u00e9sistant \u00e0 la rouille et \u00e0 la corrosion, ce qui permet de garder vos ingr\u00e9dients propres et sains.<\/p>\n\n\n\n<p><strong>Finition professionnelle polie miroir :<\/strong>La surface lisse et facile \u00e0 essuyer apporte de l'\u00e9l\u00e9gance \u00e0 la cuisine et permet un nettoyage facile en un rien de temps, ce qui est une aubaine pendant les p\u00e9riodes de cuisson chaotiques.<\/p>\n\n\n\n<p><strong>Beaucoup d'espace pour la cuisson en vrac :<\/strong>Sa grande capacit\u00e9 permet de tamiser sans effort des quantit\u00e9s gigantesques de farine, ce qui est parfait pour les boulangeries, les restaurants ou les repas familiaux. Permet d'\u00e9conomiser des efforts et du temps de pr\u00e9paration.<\/p>\n\n\n\n<p><strong>Peu d'entretien et longue dur\u00e9e de vie\uff1a<\/strong>Durable, il r\u00e9siste \u00e0 l'usure et \u00e0 l'usage intensifs et reste poli ann\u00e9e apr\u00e8s ann\u00e9e. Un bon choix de tous les jours pour les cuissons intensives.<\/p>\n<\/div>\n\n\n\n<div class=\"wp-block-column is-layout-flow wp-block-column-is-layout-flow\">\n<figure class=\"wp-block-image size-full\"><img decoding=\"async\" width=\"816\" height=\"816\" src=\"https:\/\/www.huashunware.com\/wp-content\/uploads\/2025\/09\/Bulk-Flour-Sieve-Cup-Large-Size-Flour-Sieve1-1.webp\" alt=\"Tamis \u00e0 farine en vrac Tamis \u00e0 farine de grande taille1\" class=\"wp-image-484\" srcset=\"https:\/\/www.huashunware.com\/wp-content\/uploads\/2025\/09\/Bulk-Flour-Sieve-Cup-Large-Size-Flour-Sieve1-1.webp 816w, https:\/\/www.huashunware.com\/wp-content\/uploads\/2025\/09\/Bulk-Flour-Sieve-Cup-Large-Size-Flour-Sieve1-1-300x300.webp 300w, https:\/\/www.huashunware.com\/wp-content\/uploads\/2025\/09\/Bulk-Flour-Sieve-Cup-Large-Size-Flour-Sieve1-1-150x150.webp 150w, https:\/\/www.huashunware.com\/wp-content\/uploads\/2025\/09\/Bulk-Flour-Sieve-Cup-Large-Size-Flour-Sieve1-1-768x768.webp 768w, https:\/\/www.huashunware.com\/wp-content\/uploads\/2025\/09\/Bulk-Flour-Sieve-Cup-Large-Size-Flour-Sieve1-1-600x600.webp 600w, https:\/\/www.huashunware.com\/wp-content\/uploads\/2025\/09\/Bulk-Flour-Sieve-Cup-Large-Size-Flour-Sieve1-1-100x100.webp 100w\" sizes=\"(max-width: 816px) 100vw, 816px\" \/><\/figure>\n<\/div>\n<\/div>","protected":false},"excerpt":{"rendered":"<p data-start=\"2747\" data-end=\"3047\">Le tamis \u00e0 farine en vrac est un outil de cuisine durable et de grande capacit\u00e9, fabriqu\u00e9 en acier inoxydable extra-\u00e9pais de qualit\u00e9 alimentaire. Sa finition polie miroir facilite le nettoyage et lui conf\u00e8re un aspect professionnel. Il est donc id\u00e9al pour tamiser la farine en vrac et obtenir des r\u00e9sultats de cuisson homog\u00e8nes.<\/p>\n<h2 class=\"brxe-product-title\">Tasse \u00e0 tamiser la farine en vrac Attributs :<\/h2>\n<table>\n<thead>\n<tr>\n<th style=\"text-align: center;\">Attribut<\/th>\n<th style=\"text-align: center;\">Sp\u00e9cifications<\/th>\n<\/tr>\n<\/thead>\n<tbody>\n<tr>\n<td>Poids<\/td>\n<td>263.5 g<\/td>\n<\/tr>\n<tr>\n<td>Taille<\/td>\n<td>\u00d811,8 \u00d7 12,8 cm (H)<\/td>\n<\/tr>\n<\/tbody>\n<\/table>\n<p><strong>MOQ:36pcs<\/strong><\/p>\n<h2 class=\"brxe-product-title\">Tasse \u00e0 farine sur mesure :<\/h2>\n<ul>\n<li data-start=\"36\" data-end=\"91\">\n<p data-start=\"38\" data-end=\"91\"><strong data-start=\"38\" data-end=\"49\">\u00c9chantillon :<\/strong> \u00c9chantillon gratuit disponible avant la commande en gros<\/p>\n<\/li>\n<li data-start=\"92\" data-end=\"158\">\n<p data-start=\"94\" data-end=\"158\"><strong data-start=\"94\" data-end=\"112\">Livraison rapide :<\/strong> Les articles en stock peuvent \u00eatre exp\u00e9di\u00e9s dans les 7 jours.<\/p>\n<\/li>\n<li data-start=\"159\" data-end=\"274\">\n<p data-start=\"161\" data-end=\"274\"><strong data-start=\"161\" data-end=\"182\">Emballage personnalis\u00e9 :<\/strong> Possibilit\u00e9 de logo personnalis\u00e9 et de diff\u00e9rentes options d'emballage telles que bo\u00eete en PET, bo\u00eete en PVC ou bo\u00eete cadeau.<\/p>\n<\/li>\n<\/ul>","protected":false},"featured_media":485,"comment_status":"closed","ping_status":"closed","template":"","meta":{"_acf_changed":false},"product_brand":[],"product_cat":[20,23],"product_tag":[],"class_list":{"0":"post-481","1":"product","2":"type-product","3":"status-publish","4":"has-post-thumbnail","6":"product_cat-wholesale-kitchen-utensils","7":"product_cat-wholesale-stainless-steel-flour-sifter","9":"first","10":"instock","11":"shipping-taxable","12":"product-type-simple"},"acf":[],"_links":{"self":[{"href":"https:\/\/www.huashunware.com\/fr\/wp-json\/wp\/v2\/product\/481","targetHints":{"allow":["GET"]}}],"collection":[{"href":"https:\/\/www.huashunware.com\/fr\/wp-json\/wp\/v2\/product"}],"about":[{"href":"https:\/\/www.huashunware.com\/fr\/wp-json\/wp\/v2\/types\/product"}],"replies":[{"embeddable":true,"href":"https:\/\/www.huashunware.com\/fr\/wp-json\/wp\/v2\/comments?post=481"}],"wp:featuredmedia":[{"embeddable":true,"href":"https:\/\/www.huashunware.com\/fr\/wp-json\/wp\/v2\/media\/485"}],"wp:attachment":[{"href":"https:\/\/www.huashunware.com\/fr\/wp-json\/wp\/v2\/media?parent=481"}],"wp:term":[{"taxonomy":"product_brand","embeddable":true,"href":"https:\/\/www.huashunware.com\/fr\/wp-json\/wp\/v2\/product_brand?post=481"},{"taxonomy":"product_cat","embeddable":true,"href":"https:\/\/www.huashunware.com\/fr\/wp-json\/wp\/v2\/product_cat?post=481"},{"taxonomy":"product_tag","embeddable":true,"href":"https:\/\/www.huashunware.com\/fr\/wp-json\/wp\/v2\/product_tag?post=481"}],"curies":[{"name":"wp","href":"https:\/\/api.w.org\/{rel}","templated":true}]}}